{"id":3602,"date":"2017-01-18T17:41:28","date_gmt":"2017-01-18T17:41:28","guid":{"rendered":"http:\/\/birlacarbon.com\/noticias-y-eventos\/"},"modified":"2019-04-17T07:38:25","modified_gmt":"2019-04-17T07:38:25","slug":"noticias-y-eventos","status":"publish","type":"page","link":"https:\/\/www.birlacarbon.com\/es\/noticias-y-eventos\/","title":{"rendered":"NOTICIAS Y EVENTOS"},"content":{"rendered":"<p><div class=\"fusion-fullwidth fullwidth-box fusion-builder-row-1 fusion-parallax-none nonhundred-percent-fullwidth non-hundred-percent-height-scrolling cb-interior-main\" style=\"--awb-border-radius-top-left:0px;--awb-border-radius-top-right:0px;--awb-border-radius-bottom-right:0px;--awb-border-radius-bottom-left:0px;--awb-padding-top:5%;--awb-padding-right:5%;--awb-padding-bottom:2%;--awb-padding-left:5%;--awb-background-image:url(&quot;https:\/\/www.birlacarbon.com\/wp-content\/uploads\/2017\/02\/news-1024x338.jpg&quot;);--awb-background-size:cover;--awb-border-sizes-top:0px;--awb-border-sizes-bottom:0px;--awb-flex-wrap:wrap;\" ><div class=\"fusion-builder-row fusion-row\"><div class=\"fusion-layout-column fusion_builder_column fusion-builder-column-0 fusion_builder_column_2_3 2_3 fusion-two-third fusion-column-first\" style=\"--awb-padding-top:20px;--awb-padding-right:20px;--awb-padding-bottom:40px;--awb-padding-left:40px;--awb-bg-color:rgba(38,163,0,0.66);--awb-bg-color-hover:rgba(38,163,0,0.66);--awb-bg-size:cover;width:65.3333%; margin-right: 4%;\"><div class=\"fusion-column-wrapper fusion-flex-column-wrapper-legacy\"><div class=\"fusion-title title fusion-title-1 fusion-sep-none fusion-title-text fusion-title-size-one\" style=\"--awb-margin-bottom:20px;--awb-margin-top-small:0px;--awb-margin-right-small:0px;--awb-margin-bottom-small:20px;--awb-margin-left-small:0px;\"><h1 class=\"fusion-title-heading title-heading-left fusion-responsive-typography-calculated\" style=\"margin:0;--fontSize:60;line-height:1.25;\"><h1><span style=\"color: #ffffff;\"><strong>NOTICIAS Y EVENTOS<\/strong><\/span><\/h1><\/h1><\/div><div class=\"fusion-text fusion-text-1\"><div class=\"cb-main-text\">OUR NUESTRO CENTRO DE MEDIOS<\/div>\n<\/div><div class=\"fusion-clearfix\"><\/div><\/div><\/div><\/div><\/div><div class=\"fusion-fullwidth fullwidth-box fusion-builder-row-2 nonhundred-percent-fullwidth non-hundred-percent-height-scrolling\" style=\"--awb-background-position:left top;--awb-border-radius-top-left:0px;--awb-border-radius-top-right:0px;--awb-border-radius-bottom-right:0px;--awb-border-radius-bottom-left:0px;--awb-padding-top:60px;--awb-margin-bottom:0px;--awb-border-sizes-top:0px;--awb-border-sizes-bottom:0px;--awb-flex-wrap:wrap;\" ><div class=\"fusion-builder-row fusion-row\"><div class=\"fusion-layout-column fusion_builder_column fusion-builder-column-1 fusion_builder_column_1_1 1_1 fusion-one-full fusion-column-first fusion-column-last\" style=\"--awb-bg-size:cover;--awb-margin-bottom:0px;\"><div class=\"fusion-column-wrapper fusion-flex-column-wrapper-legacy\"><div class=\"fusion-text fusion-text-2\"><p>No importa si est\u00e1 siendo galardonado, avanzando en la sostenibilidad o expandiendo el negocio, Birla Carbon siempre est\u00e1 en las noticias. Aqu\u00ed puede encontrar nuestras notas de prensa, art\u00edculos e informaci\u00f3n sobre pr\u00f3ximos eventos.<\/p>\n<\/div><div class=\"fusion-clearfix\"><\/div><\/div><\/div><\/div><\/div><div class=\"fusion-fullwidth fullwidth-box fusion-builder-row-3 nonhundred-percent-fullwidth non-hundred-percent-height-scrolling\" style=\"--awb-background-position:left top;--awb-border-radius-top-left:0px;--awb-border-radius-top-right:0px;--awb-border-radius-bottom-right:0px;--awb-border-radius-bottom-left:0px;--awb-padding-top:40px;--awb-padding-bottom:0px;--awb-border-sizes-top:0px;--awb-border-sizes-bottom:0px;--awb-flex-wrap:wrap;\" ><div class=\"fusion-builder-row fusion-row\"><div class=\"fusion-layout-column fusion_builder_column fusion-builder-column-2 fusion_builder_column_1_3 1_3 fusion-one-third fusion-column-first col3-holder-small-es\" style=\"--awb-bg-size:cover;width:30.6666%; margin-right: 4%;\"><div class=\"fusion-column-wrapper fusion-flex-column-wrapper-legacy\"><div class=\"fusion-builder-row fusion-builder-row-inner fusion-row\"><div class=\"fusion-layout-column fusion_builder_column_inner fusion-builder-nested-column-0 fusion_builder_column_inner_1_1 1_1 fusion-one-full fusion-column-first fusion-column-last fusion-column-inner-bg-wrapper cb-learn-thumbs\" style=\"--awb-padding-top:200px;--awb-padding-bottom:150px;--awb-inner-bg-image:url(&#039;https:\/\/www.birlacarbon.com\/wp-content\/uploads\/2017\/01\/news-1.jpg&#039;);--awb-inner-bg-position:center center;--awb-inner-bg-size:cover;\"><span class=\"fusion-column-inner-bg hover-type-none\"><a class=\"fusion-column-anchor\" href=\"https:\/\/www.birlacarbon.com\/es\/notas-de-prensa\/\"><span class=\"fusion-column-inner-bg-image\"><\/span><\/a><\/span><div class=\"fusion-column-wrapper fusion-flex-column-wrapper-legacy fusion-column-has-bg-image\" data-bg-url=\"https:\/\/www.birlacarbon.com\/wp-content\/uploads\/2017\/01\/news-1.jpg\"><div class=\"fusion-column-content-centered\"><div class=\"fusion-column-content\"><div class=\"fusion-text fusion-text-3\"><div class=\"cb-hm-text\">\n<h3 style=\"text-align: center;\"><span style=\"color: #ffffff;\">NOTAS DE PRENSA<\/span><\/h3>\n<\/div>\n<\/div><\/div><\/div><div class=\"fusion-clearfix\"><\/div><\/div><\/div><\/div><div class=\"fusion-text fusion-text-4\"><p>Conozca m\u00e1s sobre Birla Carbon, incluyendo nuestros \u00faltimos anuncios.<\/p>\n<\/div><div class=\"fusion-clearfix\"><\/div><\/div><\/div><div class=\"fusion-layout-column fusion_builder_column fusion-builder-column-3 fusion_builder_column_1_3 1_3 fusion-one-third col3-holder-small-es\" style=\"--awb-bg-size:cover;width:30.6666%; margin-right: 4%;\"><div class=\"fusion-column-wrapper fusion-flex-column-wrapper-legacy\"><div class=\"fusion-builder-row fusion-builder-row-inner fusion-row\"><div class=\"fusion-layout-column fusion_builder_column_inner fusion-builder-nested-column-1 fusion_builder_column_inner_1_1 1_1 fusion-one-full fusion-column-first fusion-column-last fusion-column-inner-bg-wrapper cb-learn-thumbs\" style=\"--awb-padding-top:200px;--awb-padding-bottom:150px;--awb-inner-bg-image:url(&#039;https:\/\/www.birlacarbon.com\/wp-content\/uploads\/2017\/01\/news-2.jpg&#039;);--awb-inner-bg-position:center center;--awb-inner-bg-size:cover;\"><span class=\"fusion-column-inner-bg hover-type-none\"><a class=\"fusion-column-anchor\" href=\"https:\/\/www.birlacarbon.com\/es\/articulos\/\"><span class=\"fusion-column-inner-bg-image\"><\/span><\/a><\/span><div class=\"fusion-column-wrapper fusion-flex-column-wrapper-legacy fusion-column-has-bg-image\" data-bg-url=\"https:\/\/www.birlacarbon.com\/wp-content\/uploads\/2017\/01\/news-2.jpg\"><div class=\"fusion-column-content-centered\"><div class=\"fusion-column-content\"><div class=\"fusion-text fusion-text-5\"><div class=\"cb-hm-text\">\n<h3 style=\"text-align: center;\"><span style=\"color: #ffffff;\">NOTICIAS ART\u00cdCULOS<\/span><\/h3>\n<\/div>\n<\/div><\/div><\/div><div class=\"fusion-clearfix\"><\/div><\/div><\/div><\/div><div class=\"fusion-text fusion-text-6\"><p>Lea historias sobre nuestra empresa, nuestros l\u00edderes y nuestras comunidades.<\/p>\n<\/div><div class=\"fusion-clearfix\"><\/div><\/div><\/div><div class=\"fusion-layout-column fusion_builder_column fusion-builder-column-4 fusion_builder_column_1_3 1_3 fusion-one-third fusion-column-last col3-holder-small-es\" style=\"--awb-bg-size:cover;width:30.6666%;\"><div class=\"fusion-column-wrapper fusion-flex-column-wrapper-legacy\"><div class=\"fusion-builder-row fusion-builder-row-inner fusion-row\"><div class=\"fusion-layout-column fusion_builder_column_inner fusion-builder-nested-column-2 fusion_builder_column_inner_1_1 1_1 fusion-one-full fusion-column-first fusion-column-last fusion-column-inner-bg-wrapper cb-learn-thumbs\" style=\"--awb-padding-top:200px;--awb-padding-bottom:150px;--awb-inner-bg-image:url(&#039;https:\/\/www.birlacarbon.com\/wp-content\/uploads\/2017\/01\/news-3.jpg&#039;);--awb-inner-bg-position:center center;--awb-inner-bg-size:cover;\"><span class=\"fusion-column-inner-bg hover-type-none\"><a class=\"fusion-column-anchor\" href=\"https:\/\/www.birlacarbon.com\/es\/eventos\/\"><span class=\"fusion-column-inner-bg-image\"><\/span><\/a><\/span><div class=\"fusion-column-wrapper fusion-flex-column-wrapper-legacy fusion-column-has-bg-image\" data-bg-url=\"https:\/\/www.birlacarbon.com\/wp-content\/uploads\/2017\/01\/news-3.jpg\"><div class=\"fusion-column-content-centered\"><div class=\"fusion-column-content\"><div class=\"fusion-text fusion-text-7\"><div class=\"cb-hm-text\">\n<h3 style=\"text-align: center;\"><span style=\"color: #ffffff;\">EVENTOS<\/span><\/h3>\n<\/div>\n<\/div><\/div><\/div><div class=\"fusion-clearfix\"><\/div><\/div><\/div><\/div><div class=\"fusion-text fusion-text-8\"><p>Aprenda m\u00e1s sobre ferias comerciales y conferencias donde estamos participando.<\/p>\n<\/div><div class=\"fusion-clearfix\"><\/div><\/div><\/div><\/div><\/div><div class=\"fusion-fullwidth fullwidth-box fusion-builder-row-4 nonhundred-percent-fullwidth non-hundred-percent-height-scrolling news-articles\" style=\"--awb-border-radius-top-left:0px;--awb-border-radius-top-right:0px;--awb-border-radius-bottom-right:0px;--awb-border-radius-bottom-left:0px;--awb-padding-top:20px;--awb-padding-bottom:20px;--awb-flex-wrap:wrap;\" ><div class=\"fusion-builder-row fusion-row\"><div class=\"fusion-layout-column fusion_builder_column fusion-builder-column-5 fusion_builder_column_1_2 1_2 fusion-one-half fusion-column-first\" style=\"--awb-bg-size:cover;width:50%;width:calc(50% - ( ( 4% ) * 0.5 ) );margin-right: 4%;\"><div class=\"fusion-column-wrapper fusion-flex-column-wrapper-legacy\"><div class=\"fusion-title title fusion-title-2 fusion-sep-none fusion-title-text fusion-title-size-one\" style=\"--awb-margin-top-small:0px;--awb-margin-right-small:0px;--awb-margin-bottom-small:20px;--awb-margin-left-small:0px;\"><h1 class=\"fusion-title-heading title-heading-left fusion-responsive-typography-calculated\" style=\"margin:0;--fontSize:60;line-height:1.25;\"><h4><span style=\"color: #cede45;\"><strong>NOTICIAS<\/strong><\/span><\/h4><\/h1><\/div><div class=\"fusion-sep-clear\"><\/div><div class=\"fusion-separator fusion-full-width-sep\" style=\"margin-left: auto;margin-right: auto;margin-bottom:20px;width:100%;\"><div class=\"fusion-separator-border sep-single sep-solid\" style=\"--awb-height:20px;--awb-amount:20px;--awb-sep-color:#cede45;border-color:#cede45;border-top-width:3px;\"><\/div><\/div><div class=\"fusion-sep-clear\"><\/div><div class=\"fusion-recent-posts fusion-recent-posts-1 avada-container layout-date-on-side layout-columns-1 cb-recent-news\"><section class=\"fusion-columns columns fusion-columns-1 columns-1\"><article class=\"post fusion-column column col col-lg-12 col-md-12 col-sm-12\"><div class=\"fusion-date-and-formats\"><div class=\"fusion-date-box updated\"><span class=\"fusion-date\">5<\/span><span class=\"fusion-month-year\">Sep 2025<\/span><\/div><div class=\"fusion-format-box\"><i class=\"awb-icon-pen\" aria-hidden=\"true\"><\/i><\/div><\/div><div class=\"recent-posts-content\"><span class=\"vcard\" style=\"display: none;\"><span class=\"fn\"><a href=\"https:\/\/www.birlacarbon.com\/es\/author\/mwaghmare\/\" title=\"Entradas de Mrunalini Waghmare\" rel=\"author\">Mrunalini Waghmare<\/a><\/span><\/span><span class=\"updated\" style=\"display:none;\">2025-10-03T11:59:27+00:00<\/span><h4 class=\"entry-title\"><a href=\"https:\/\/www.birlacarbon.com\/es\/birla-carbon-presentara-negro-de-carbono-de-alto-rendimiento-y-soluciones-sostenibles-en-la-cumbre-global-de-polimeros-2025\/\">Birla Carbon presentar\u00e1 negro de carbono de alto rendimiento y soluciones sostenibles en la Cumbre Global de Pol\u00edmeros 2025<\/a><\/h4><\/div><\/article><article class=\"post fusion-column column col col-lg-12 col-md-12 col-sm-12\"><div class=\"fusion-date-and-formats\"><div class=\"fusion-date-box updated\"><span class=\"fusion-date\">1<\/span><span class=\"fusion-month-year\">Sep 2025<\/span><\/div><div class=\"fusion-format-box\"><i class=\"awb-icon-pen\" aria-hidden=\"true\"><\/i><\/div><\/div><div class=\"recent-posts-content\"><span class=\"vcard\" style=\"display: none;\"><span class=\"fn\"><a href=\"https:\/\/www.birlacarbon.com\/es\/author\/mwaghmare\/\" title=\"Entradas de Mrunalini Waghmare\" rel=\"author\">Mrunalini Waghmare<\/a><\/span><\/span><span class=\"updated\" style=\"display:none;\">2025-09-25T06:34:44+00:00<\/span><h4 class=\"entry-title\"><a href=\"https:\/\/www.birlacarbon.com\/es\/birla-carbon-presentara-soluciones-especializadas-de-nueva-generacion-en-la-asia-pacific-coatings-show-2025\/\">Birla Carbon presentar\u00e1 soluciones especializadas de nueva generaci\u00f3n en la Asia Pacific Coatings Show 2025<\/a><\/h4><\/div><\/article><article class=\"post fusion-column column col col-lg-12 col-md-12 col-sm-12\"><div class=\"fusion-date-and-formats\"><div class=\"fusion-date-box updated\"><span class=\"fusion-date\">11<\/span><span class=\"fusion-month-year\">Abr 2025<\/span><\/div><div class=\"fusion-format-box\"><i class=\"awb-icon-pen\" aria-hidden=\"true\"><\/i><\/div><\/div><div class=\"recent-posts-content\"><span class=\"vcard\" style=\"display: none;\"><span class=\"fn\"><a href=\"https:\/\/www.birlacarbon.com\/es\/author\/mwaghmare\/\" title=\"Entradas de Mrunalini Waghmare\" rel=\"author\">Mrunalini Waghmare<\/a><\/span><\/span><span class=\"updated\" style=\"display:none;\">2025-09-25T06:24:52+00:00<\/span><h4 class=\"entry-title\"><a href=\"https:\/\/www.birlacarbon.com\/es\/birla-carbon-presentara-soluciones-de-carbono-de-ultima-generacion-en-chinaplas-2025\/\">Birla Carbon presentar\u00e1 soluciones de carbono de \u00faltima generaci\u00f3n en Chinaplas 2025<\/a><\/h4><\/div><\/article><article class=\"post fusion-column column col col-lg-12 col-md-12 col-sm-12\"><div class=\"fusion-date-and-formats\"><div class=\"fusion-date-box updated\"><span class=\"fusion-date\">10<\/span><span class=\"fusion-month-year\">Dic 2024<\/span><\/div><div class=\"fusion-format-box\"><i class=\"awb-icon-pen\" aria-hidden=\"true\"><\/i><\/div><\/div><div class=\"recent-posts-content\"><span class=\"vcard\" style=\"display: none;\"><span class=\"fn\"><a href=\"https:\/\/www.birlacarbon.com\/es\/author\/mwaghmare\/\" title=\"Entradas de Mrunalini Waghmare\" rel=\"author\">Mrunalini Waghmare<\/a><\/span><\/span><span class=\"updated\" style=\"display:none;\">2024-12-18T06:24:38+00:00<\/span><h4 class=\"entry-title\"><a href=\"https:\/\/www.birlacarbon.com\/es\/birla-carbon-anuncia-aumentos-de-precios-para-su-gama-de-productos-specialty-black\/\">Birla Carbon anuncia aumentos de precios para su gama de Productos Specialty Black<\/a><\/h4><\/div><\/article><\/section><\/div><div class=\"fusion-clearfix\"><\/div><\/div><\/div><div class=\"fusion-layout-column fusion_builder_column fusion-builder-column-6 fusion_builder_column_1_2 1_2 fusion-one-half fusion-column-last\" style=\"--awb-bg-size:cover;width:50%;width:calc(50% - ( ( 4% ) * 0.5 ) );\"><div class=\"fusion-column-wrapper fusion-flex-column-wrapper-legacy\"><div class=\"fusion-title title fusion-title-3 fusion-sep-none fusion-title-text fusion-title-size-one\" style=\"--awb-margin-top-small:0px;--awb-margin-right-small:0px;--awb-margin-bottom-small:20px;--awb-margin-left-small:0px;\"><h1 class=\"fusion-title-heading title-heading-left fusion-responsive-typography-calculated\" style=\"margin:0;--fontSize:60;line-height:1.25;\"><h4><span style=\"color: #68bd49;\"><strong>ART\u00cdCULOS<\/strong><\/span><\/h4><\/h1><\/div><div class=\"fusion-sep-clear\"><\/div><div class=\"fusion-separator fusion-full-width-sep\" style=\"margin-left: auto;margin-right: auto;margin-bottom:20px;width:100%;\"><div class=\"fusion-separator-border sep-single sep-solid\" style=\"--awb-height:20px;--awb-amount:20px;--awb-sep-color:#68bd49;border-color:#68bd49;border-top-width:3px;\"><\/div><\/div><div class=\"fusion-sep-clear\"><\/div><div class=\"fusion-recent-posts fusion-recent-posts-2 avada-container layout-thumbnails-on-side layout-columns-1 cb-recent-post\"><section class=\"fusion-columns columns fusion-columns-1 columns-1\"><article class=\"post fusion-column column col col-lg-12 col-md-12 col-sm-12\"><div class=\"recent-posts-content\"><span class=\"vcard\" style=\"display: none;\"><span class=\"fn\"><a href=\"https:\/\/www.birlacarbon.com\/es\/author\/manoj\/\" title=\"Entradas de Manoj Nair\" rel=\"author\">Manoj Nair<\/a><\/span><\/span><span class=\"updated\" style=\"display:none;\">2024-11-22T17:00:00+00:00<\/span><h4 class=\"entry-title\"><a href=\"https:\/\/www.birlacarbon.com\/es\/un-panorama-brillante-para-el-negro-de-carbono\/\">\u00bfUn panorama brillante para el negro de carbono?<\/a><\/h4><p>\u00bfPueden seguir los principales fabricantes con el fuerte ritmo de crecimiento de mercado e inversiones observado durante el \u00faltimo a\u00f1o?<\/p><\/div><\/article><article class=\"post fusion-column column col col-lg-12 col-md-12 col-sm-12\"><div class=\"recent-posts-content\"><span class=\"vcard\" style=\"display: none;\"><span class=\"fn\"><a href=\"https:\/\/www.birlacarbon.com\/es\/author\/manoj\/\" title=\"Entradas de Manoj Nair\" rel=\"author\">Manoj Nair<\/a><\/span><\/span><span class=\"updated\" style=\"display:none;\">2019-02-27T11:28:26+00:00<\/span><h4 class=\"entry-title\"><a href=\"https:\/\/www.birlacarbon.com\/es\/charles-r-herd-gana-el-premio-fernley-h-banbury\/\">Charles R. Herd gana el premio Fernley H. Banbury<\/a><\/h4><p> Charles R. Herd gana el premio Fernley H. Banbury  9 de enero de 2019 Charles R. [...]<\/p><\/div><\/article><article class=\"post fusion-column column col col-lg-12 col-md-12 col-sm-12\"><div class=\"recent-posts-content\"><span class=\"vcard\" style=\"display: none;\"><span class=\"fn\"><a href=\"https:\/\/www.birlacarbon.com\/es\/author\/manoj\/\" title=\"Entradas de Manoj Nair\" rel=\"author\">Manoj Nair<\/a><\/span><\/span><span class=\"updated\" style=\"display:none;\">2019-02-27T11:29:26+00:00<\/span><h4 class=\"entry-title\"><a href=\"https:\/\/www.birlacarbon.com\/es\/birla-carbon-gana-su-tercer-oro-eco-vadis\/\">Birla Carbon gana su tercer oro Eco Vadis<\/a><\/h4><p>Birla Carbon gana su tercer oro Eco Vadis  3 de enero de 2019 EcoVadis concedi\u00f3 a Birla [...]<\/p><\/div><\/article><\/section><\/div><div class=\"fusion-clearfix\"><\/div><\/div><\/div><\/div><\/div><\/p>\n","protected":false},"excerpt":{"rendered":"","protected":false},"author":16,"featured_media":0,"parent":0,"menu_order":9,"comment_status":"closed","ping_status":"closed","template":"100-width.php","meta":{"_acf_changed":false,"_monsterinsights_skip_tracking":false,"_monsterinsights_sitenote_active":false,"_monsterinsights_sitenote_note":"","_monsterinsights_sitenote_category":0,"footnotes":""},"class_list":["post-3602","page","type-page","status-publish","hentry"],"acf":false,"yoast_head":"<!-- This site is optimized with the Yoast SEO plugin v27.3 - https:\/\/yoast.com\/product\/yoast-seo-wordpress\/ -->\n<title>NOTICIAS Y EVENTOS - Birla Carbon<\/title>\n<meta name=\"robots\" content=\"index, follow, max-snippet:-1, max-image-preview:large, max-video-preview:-1\" \/>\n<link rel=\"canonical\" href=\"https:\/\/www.birlacarbon.com\/es\/noticias-y-eventos\/\" \/>\n<meta property=\"og:locale\" content=\"es_ES\" \/>\n<meta property=\"og:type\" content=\"article\" \/>\n<meta property=\"og:title\" content=\"NOTICIAS Y EVENTOS - Birla Carbon\" \/>\n<meta property=\"og:url\" content=\"https:\/\/www.birlacarbon.com\/es\/noticias-y-eventos\/\" \/>\n<meta property=\"og:site_name\" content=\"Birla Carbon\" \/>\n<meta property=\"article:modified_time\" content=\"2019-04-17T07:38:25+00:00\" \/>\n<meta name=\"twitter:card\" content=\"summary_large_image\" \/>\n<meta name=\"twitter:label1\" content=\"Tiempo de lectura\" \/>\n\t<meta name=\"twitter:data1\" content=\"7 minutos\" \/>\n<!-- \/ Yoast SEO plugin. -->","yoast_head_json":{"title":"NOTICIAS Y EVENTOS - Birla Carbon","robots":{"index":"index","follow":"follow","max-snippet":"max-snippet:-1","max-image-preview":"max-image-preview:large","max-video-preview":"max-video-preview:-1"},"canonical":"https:\/\/www.birlacarbon.com\/es\/noticias-y-eventos\/","og_locale":"es_ES","og_type":"article","og_title":"NOTICIAS Y EVENTOS - Birla Carbon","og_url":"https:\/\/www.birlacarbon.com\/es\/noticias-y-eventos\/","og_site_name":"Birla Carbon","article_modified_time":"2019-04-17T07:38:25+00:00","twitter_card":"summary_large_image","twitter_misc":{"Tiempo de lectura":"7 minutos"},"schema":{"@context":"https:\/\/schema.org","@graph":[{"@type":"WebPage","@id":"https:\/\/www.birlacarbon.com\/es\/noticias-y-eventos\/","url":"https:\/\/www.birlacarbon.com\/es\/noticias-y-eventos\/","name":"NOTICIAS Y EVENTOS - Birla Carbon","isPartOf":{"@id":"https:\/\/www.birlacarbon.com\/es\/#website"},"datePublished":"2017-01-18T17:41:28+00:00","dateModified":"2019-04-17T07:38:25+00:00","breadcrumb":{"@id":"https:\/\/www.birlacarbon.com\/es\/noticias-y-eventos\/#breadcrumb"},"inLanguage":"es","potentialAction":[{"@type":"ReadAction","target":["https:\/\/www.birlacarbon.com\/es\/noticias-y-eventos\/"]}]},{"@type":"BreadcrumbList","@id":"https:\/\/www.birlacarbon.com\/es\/noticias-y-eventos\/#breadcrumb","itemListElement":[{"@type":"ListItem","position":1,"name":"Home","item":"https:\/\/www.birlacarbon.com\/es\/"},{"@type":"ListItem","position":2,"name":"NOTICIAS Y EVENTOS"}]},{"@type":"WebSite","@id":"https:\/\/www.birlacarbon.com\/es\/#website","url":"https:\/\/www.birlacarbon.com\/es\/","name":"Birla Carbon","description":"Birla Carbon","publisher":{"@id":"https:\/\/www.birlacarbon.com\/es\/#organization"},"potentialAction":[{"@type":"SearchAction","target":{"@type":"EntryPoint","urlTemplate":"https:\/\/www.birlacarbon.com\/es\/?s={search_term_string}"},"query-input":{"@type":"PropertyValueSpecification","valueRequired":true,"valueName":"search_term_string"}}],"inLanguage":"es"},{"@type":"Organization","@id":"https:\/\/www.birlacarbon.com\/es\/#organization","name":"Birla Carbon","url":"https:\/\/www.birlacarbon.com\/es\/","logo":{"@type":"ImageObject","inLanguage":"es","@id":"https:\/\/www.birlacarbon.com\/es\/#\/schema\/logo\/image\/","url":"https:\/\/www.birlacarbon.com\/wp-content\/uploads\/2017\/01\/aditya-birla-logo-retina.png","contentUrl":"https:\/\/www.birlacarbon.com\/wp-content\/uploads\/2017\/01\/aditya-birla-logo-retina.png","width":190,"height":182,"caption":"Birla Carbon"},"image":{"@id":"https:\/\/www.birlacarbon.com\/es\/#\/schema\/logo\/image\/"}}]}},"_links":{"self":[{"href":"https:\/\/www.birlacarbon.com\/es\/wp-json\/wp\/v2\/pages\/3602","targetHints":{"allow":["GET"]}}],"collection":[{"href":"https:\/\/www.birlacarbon.com\/es\/wp-json\/wp\/v2\/pages"}],"about":[{"href":"https:\/\/www.birlacarbon.com\/es\/wp-json\/wp\/v2\/types\/page"}],"author":[{"embeddable":true,"href":"https:\/\/www.birlacarbon.com\/es\/wp-json\/wp\/v2\/users\/16"}],"replies":[{"embeddable":true,"href":"https:\/\/www.birlacarbon.com\/es\/wp-json\/wp\/v2\/comments?post=3602"}],"version-history":[{"count":0,"href":"https:\/\/www.birlacarbon.com\/es\/wp-json\/wp\/v2\/pages\/3602\/revisions"}],"wp:attachment":[{"href":"https:\/\/www.birlacarbon.com\/es\/wp-json\/wp\/v2\/media?parent=3602"}],"curies":[{"name":"wp","href":"https:\/\/api.w.org\/{rel}","templated":true}]}}