{"id":3634,"date":"2017-01-19T18:30:15","date_gmt":"2017-01-19T18:30:15","guid":{"rendered":"http:\/\/birlacarbon.com\/john-loudermilk\/"},"modified":"2022-12-29T18:20:23","modified_gmt":"2022-12-29T18:20:23","slug":"john-loudermilk","status":"publish","type":"page","link":"https:\/\/www.birlacarbon.com\/es\/sobre-nosotros\/john-loudermilk\/","title":{"rendered":"JOHN LOUDERMILK"},"content":{"rendered":"<div class=\"fusion-fullwidth fullwidth-box fusion-builder-row-1 nonhundred-percent-fullwidth non-hundred-percent-height-scrolling cb-interior-main\" style=\"--awb-border-sizes-top:0px;--awb-border-sizes-bottom:0px;--awb-border-sizes-left:0px;--awb-border-sizes-right:0px;--awb-border-radius-top-left:0px;--awb-border-radius-top-right:0px;--awb-border-radius-bottom-right:0px;--awb-border-radius-bottom-left:0px;--awb-padding-top:5%;--awb-padding-right:5%;--awb-padding-bottom:2%;--awb-padding-left:5%;--awb-flex-wrap:wrap;\" ><div class=\"fusion-builder-row fusion-row\"><div class=\"fusion-layout-column fusion_builder_column fusion-builder-column-0 fusion_builder_column_2_3 2_3 fusion-two-third fusion-column-first\" style=\"--awb-padding-top:100px;--awb-padding-right:20px;--awb-padding-bottom:40px;--awb-padding-left:0px;--awb-bg-size:cover;width:65.3333%; margin-right: 4%;\"><div class=\"fusion-column-wrapper fusion-flex-column-wrapper-legacy\"><div class=\"fusion-title title fusion-title-1 fusion-sep-none fusion-title-text fusion-title-size-one\" style=\"--awb-margin-bottom:20px;--awb-margin-top-small:0px;--awb-margin-right-small:0px;--awb-margin-bottom-small:20px;--awb-margin-left-small:0px;\"><h1 class=\"fusion-title-heading title-heading-left fusion-responsive-typography-calculated\" style=\"margin:0;--fontSize:60;line-height:1.25;\"><h1>SOBRE NOSOTROS<\/h1><\/h1><\/div><div class=\"fusion-text fusion-text-1\"><div class=\"cb-super-text\">LIDERAZGO<\/div>\n<p>&nbsp;<\/p>\n<\/div><div class=\"fusion-clearfix\"><\/div><\/div><\/div><div class=\"fusion-layout-column fusion_builder_column fusion-builder-column-1 fusion_builder_column_1_1 1_1 fusion-one-full fusion-column-last\" style=\"--awb-bg-size:cover;\"><div class=\"fusion-column-wrapper fusion-flex-column-wrapper-legacy\"><div class=\"fusion-image-element in-legacy-container\" style=\"--awb-caption-title-font-family:var(--h2_typography-font-family);--awb-caption-title-font-weight:var(--h2_typography-font-weight);--awb-caption-title-font-style:var(--h2_typography-font-style);--awb-caption-title-size:var(--h2_typography-font-size);--awb-caption-title-transform:var(--h2_typography-text-transform);--awb-caption-title-line-height:var(--h2_typography-line-height);--awb-caption-title-letter-spacing:var(--h2_typography-letter-spacing);\"><span class=\" fusion-imageframe imageframe-none imageframe-1 hover-type-none\"><img decoding=\"async\" width=\"286\" height=\"301\" title=\"john-loudermilk-v1\" src=\"https:\/\/www.birlacarbon.com\/wp-content\/uploads\/2021\/08\/john-loudermilk-v1.jpg\" alt class=\"img-responsive wp-image-9871\" srcset=\"https:\/\/www.birlacarbon.com\/wp-content\/uploads\/2021\/08\/john-loudermilk-v1-200x210.jpg 200w, https:\/\/www.birlacarbon.com\/wp-content\/uploads\/2021\/08\/john-loudermilk-v1.jpg 286w\" sizes=\"(max-width: 800px) 100vw, 286px\" \/><\/span><\/div><div class=\"fusion-sep-clear\"><\/div><div class=\"fusion-separator fusion-full-width-sep\" style=\"margin-left: auto;margin-right: auto;margin-top:50px;width:100%;\"><\/div><div class=\"fusion-sep-clear\"><\/div><div class=\"fusion-title title fusion-title-2 fusion-sep-none fusion-title-text fusion-title-size-one\" style=\"--awb-margin-bottom:30px;--awb-margin-top-small:0px;--awb-margin-right-small:0px;--awb-margin-bottom-small:20px;--awb-margin-left-small:0px;\"><h1 class=\"fusion-title-heading title-heading-left fusion-responsive-typography-calculated\" style=\"margin:0;--fontSize:60;line-height:1.25;\"><h2>JOHN LOUDERMILK<\/h2><\/h1><\/div><div class=\"fusion-text fusion-text-2\" style=\"--awb-text-transform:none;\"><p><em>Director General (CEO)<\/em><\/p>\n<p>John Loudermilk es el Director General de Birla Carbon, y trabaja en la sede de la empresa en Atlanta, Georgia, EE. UU. El Sr. Loudermilk tambi\u00e9n supervisa las unidades canadienses de pulpa AV Cell Inc., AV Nackawic Inc. y AV Terrace Bay Inc., que son parte del negocio de fibra y pulpa de Aditya Birla Group.<\/p>\n<p>El Sr. Loudermilk se incorpor\u00f3 al negocio de Negro de Carbono en 2005 como Director de Operaciones Globales. En 2008, fue nombrado Vicepresidente de Operaciones Globales, con la responsabilidad de las instalaciones de fabricaci\u00f3n globales, la ingenier\u00eda corporativa, la calidad y seis sigma. Posteriormente, asumi\u00f3 la responsabilidad del negocio de Am\u00e9rica del Norte y ha dirigido los esfuerzos de Tecnolog\u00eda y Estrategia de la Empresa durante su mandato. En enero de 2016, asumi\u00f3 la responsabilidad adicional de la regi\u00f3n de Europa y \u00c1frica de Birla Carbon. Fue nombrado Director de Operaciones en septiembre de 2017 y fue responsable de todos los aspectos de las operaciones de la empresa a nivel mundial hasta que fue nombrado Director General en agosto de 2021. En 2021, el Sr. Loudermilk tambi\u00e9n asumi\u00f3 la responsabilidad del negocio de la pulpa en Canad\u00e1 para el Grupo.<\/p>\n<p>A lo largo de sus casi 30 a\u00f1os de experiencia en la industria qu\u00edmica, tambi\u00e9n ha ocupado diversos puestos de liderazgo en Monsanto y Solutia Inc. con responsabilidades en la gesti\u00f3n empresarial, fabricaci\u00f3n, adquisiciones, ventas y cadena de suministro.<\/p>\n<p>El Sr. Loudermilk tiene una licenciatura en Ingenier\u00eda Qu\u00edmica de la Universidad de Tennessee en Chattanooga.<\/p>\n<\/div><div class=\"fusion-widget-area awb-widget-area-element fusion-widget-area-1 fusion-content-widget-area\" style=\"--awb-title-size:22px;--awb-title-color:#000000;--awb-padding:0px 0px 0px 0px;\"><div id=\"text-36\" class=\"widget widget_text\">\t\t\t<div class=\"textwidget\"> <p><a href=\"https:\/\/www.birlacarbon.com\/es\/sobre-nosotros\/#leadership\" class=\"leader-back\">\t&laquo;  Volver a Liderazgo <\/a><\/p><\/div>\n\t\t<\/div><div class=\"fusion-additional-widget-content\"><\/div><\/div><div class=\"fusion-clearfix\"><\/div><\/div><\/div><\/div><\/div>\n","protected":false},"excerpt":{"rendered":"","protected":false},"author":16,"featured_media":0,"parent":3646,"menu_order":0,"comment_status":"closed","ping_status":"closed","template":"100-width.php","meta":{"_acf_changed":false,"_monsterinsights_skip_tracking":false,"_monsterinsights_sitenote_active":false,"_monsterinsights_sitenote_note":"","_monsterinsights_sitenote_category":0,"footnotes":""},"class_list":["post-3634","page","type-page","status-publish","hentry"],"acf":false,"yoast_head":"<!-- This site is optimized with the Yoast SEO plugin v27.3 - https:\/\/yoast.com\/product\/yoast-seo-wordpress\/ -->\n<title>JOHN LOUDERMILK - Birla Carbon - Spanish<\/title>\n<meta name=\"robots\" content=\"index, follow, max-snippet:-1, max-image-preview:large, max-video-preview:-1\" \/>\n<link rel=\"canonical\" href=\"https:\/\/www.birlacarbon.com\/es\/sobre-nosotros\/john-loudermilk\/\" \/>\n<meta property=\"og:locale\" content=\"es_ES\" \/>\n<meta property=\"og:type\" content=\"article\" \/>\n<meta property=\"og:title\" content=\"JOHN LOUDERMILK - Birla Carbon - Spanish\" \/>\n<meta property=\"og:url\" content=\"https:\/\/www.birlacarbon.com\/es\/sobre-nosotros\/john-loudermilk\/\" \/>\n<meta property=\"og:site_name\" content=\"Birla Carbon\" \/>\n<meta property=\"article:modified_time\" content=\"2022-12-29T18:20:23+00:00\" \/>\n<meta name=\"twitter:card\" content=\"summary_large_image\" \/>\n<meta name=\"twitter:label1\" content=\"Tiempo de lectura\" \/>\n\t<meta name=\"twitter:data1\" content=\"3 minutos\" \/>\n<!-- \/ Yoast SEO plugin. -->","yoast_head_json":{"title":"JOHN LOUDERMILK - Birla Carbon - Spanish","robots":{"index":"index","follow":"follow","max-snippet":"max-snippet:-1","max-image-preview":"max-image-preview:large","max-video-preview":"max-video-preview:-1"},"canonical":"https:\/\/www.birlacarbon.com\/es\/sobre-nosotros\/john-loudermilk\/","og_locale":"es_ES","og_type":"article","og_title":"JOHN LOUDERMILK - Birla Carbon - Spanish","og_url":"https:\/\/www.birlacarbon.com\/es\/sobre-nosotros\/john-loudermilk\/","og_site_name":"Birla Carbon","article_modified_time":"2022-12-29T18:20:23+00:00","twitter_card":"summary_large_image","twitter_misc":{"Tiempo de lectura":"3 minutos"},"schema":{"@context":"https:\/\/schema.org","@graph":[{"@type":"WebPage","@id":"https:\/\/www.birlacarbon.com\/es\/sobre-nosotros\/john-loudermilk\/","url":"https:\/\/www.birlacarbon.com\/es\/sobre-nosotros\/john-loudermilk\/","name":"JOHN LOUDERMILK - Birla Carbon - Spanish","isPartOf":{"@id":"https:\/\/www.birlacarbon.com\/es\/#website"},"datePublished":"2017-01-19T18:30:15+00:00","dateModified":"2022-12-29T18:20:23+00:00","breadcrumb":{"@id":"https:\/\/www.birlacarbon.com\/es\/sobre-nosotros\/john-loudermilk\/#breadcrumb"},"inLanguage":"es","potentialAction":[{"@type":"ReadAction","target":["https:\/\/www.birlacarbon.com\/es\/sobre-nosotros\/john-loudermilk\/"]}]},{"@type":"BreadcrumbList","@id":"https:\/\/www.birlacarbon.com\/es\/sobre-nosotros\/john-loudermilk\/#breadcrumb","itemListElement":[{"@type":"ListItem","position":1,"name":"Home","item":"https:\/\/www.birlacarbon.com\/es\/"},{"@type":"ListItem","position":2,"name":"SOBRE NOSOTROS","item":"https:\/\/www.birlacarbon.com\/es\/sobre-nosotros\/"},{"@type":"ListItem","position":3,"name":"JOHN LOUDERMILK"}]},{"@type":"WebSite","@id":"https:\/\/www.birlacarbon.com\/es\/#website","url":"https:\/\/www.birlacarbon.com\/es\/","name":"Birla Carbon","description":"Birla Carbon","publisher":{"@id":"https:\/\/www.birlacarbon.com\/es\/#organization"},"potentialAction":[{"@type":"SearchAction","target":{"@type":"EntryPoint","urlTemplate":"https:\/\/www.birlacarbon.com\/es\/?s={search_term_string}"},"query-input":{"@type":"PropertyValueSpecification","valueRequired":true,"valueName":"search_term_string"}}],"inLanguage":"es"},{"@type":"Organization","@id":"https:\/\/www.birlacarbon.com\/es\/#organization","name":"Birla Carbon","url":"https:\/\/www.birlacarbon.com\/es\/","logo":{"@type":"ImageObject","inLanguage":"es","@id":"https:\/\/www.birlacarbon.com\/es\/#\/schema\/logo\/image\/","url":"https:\/\/www.birlacarbon.com\/wp-content\/uploads\/2017\/01\/aditya-birla-logo-retina.png","contentUrl":"https:\/\/www.birlacarbon.com\/wp-content\/uploads\/2017\/01\/aditya-birla-logo-retina.png","width":190,"height":182,"caption":"Birla Carbon"},"image":{"@id":"https:\/\/www.birlacarbon.com\/es\/#\/schema\/logo\/image\/"}}]}},"_links":{"self":[{"href":"https:\/\/www.birlacarbon.com\/es\/wp-json\/wp\/v2\/pages\/3634","targetHints":{"allow":["GET"]}}],"collection":[{"href":"https:\/\/www.birlacarbon.com\/es\/wp-json\/wp\/v2\/pages"}],"about":[{"href":"https:\/\/www.birlacarbon.com\/es\/wp-json\/wp\/v2\/types\/page"}],"author":[{"embeddable":true,"href":"https:\/\/www.birlacarbon.com\/es\/wp-json\/wp\/v2\/users\/16"}],"replies":[{"embeddable":true,"href":"https:\/\/www.birlacarbon.com\/es\/wp-json\/wp\/v2\/comments?post=3634"}],"version-history":[{"count":0,"href":"https:\/\/www.birlacarbon.com\/es\/wp-json\/wp\/v2\/pages\/3634\/revisions"}],"up":[{"embeddable":true,"href":"https:\/\/www.birlacarbon.com\/es\/wp-json\/wp\/v2\/pages\/3646"}],"wp:attachment":[{"href":"https:\/\/www.birlacarbon.com\/es\/wp-json\/wp\/v2\/media?parent=3634"}],"curies":[{"name":"wp","href":"https:\/\/api.w.org\/{rel}","templated":true}]}}