{"id":3729,"date":"2017-06-12T16:15:52","date_gmt":"2017-06-12T16:15:52","guid":{"rendered":"http:\/\/birlacarbon.com\/sustentabilidad-actualizaciones\/"},"modified":"2021-02-01T16:00:28","modified_gmt":"2021-02-01T16:00:28","slug":"sustentabilidad-actualizaciones","status":"publish","type":"page","link":"https:\/\/www.birlacarbon.com\/es\/sustentabilidad-actualizaciones\/","title":{"rendered":"SOSTENIBILIDAD ACTUALIZACIONES"},"content":{"rendered":"<div class=\"fusion-fullwidth fullwidth-box fusion-builder-row-1 nonhundred-percent-fullwidth non-hundred-percent-height-scrolling cb-interior-main\" style=\"--awb-border-sizes-top:0px;--awb-border-sizes-bottom:0px;--awb-border-sizes-left:0px;--awb-border-sizes-right:0px;--awb-border-radius-top-left:0px;--awb-border-radius-top-right:0px;--awb-border-radius-bottom-right:0px;--awb-border-radius-bottom-left:0px;--awb-padding-top:5%;--awb-padding-right:5%;--awb-padding-bottom:2%;--awb-padding-left:5%;--awb-flex-wrap:wrap;\" ><div class=\"fusion-builder-row fusion-row\"><div class=\"fusion-layout-column fusion_builder_column fusion-builder-column-0 fusion_builder_column_2_3 2_3 fusion-two-third fusion-column-first\" style=\"--awb-padding-top:100px;--awb-padding-right:20px;--awb-padding-bottom:40px;--awb-padding-left:0px;--awb-bg-size:cover;width:65.3333%; margin-right: 4%;\"><div class=\"fusion-column-wrapper fusion-flex-column-wrapper-legacy\"><div class=\"fusion-title title fusion-title-1 fusion-sep-none fusion-title-text fusion-title-size-one\" style=\"--awb-margin-bottom:20px;--awb-margin-top-small:0px;--awb-margin-right-small:0px;--awb-margin-bottom-small:20px;--awb-margin-left-small:0px;\"><h1 class=\"fusion-title-heading title-heading-left fusion-responsive-typography-calculated\" style=\"margin:0;--fontSize:60;line-height:1.25;\"><h1>SOSTENIBILIDAD<\/h1><\/h1><\/div><div class=\"fusion-text fusion-text-1\"><div class=\"cb-super-text\">ACTUALIZACIONES<\/div>\n<\/div><div class=\"fusion-clearfix\"><\/div><\/div><\/div><div class=\"fusion-layout-column fusion_builder_column fusion-builder-column-1 fusion_builder_column_1_1 1_1 fusion-one-full fusion-column-last press-col\" style=\"--awb-bg-size:cover;\"><div class=\"fusion-column-wrapper fusion-flex-column-wrapper-legacy\"><div class=\"fusion-blog-shortcode fusion-blog-shortcode-1 fusion-blog-archive fusion-blog-layout-medium-alternate fusion-blog-infinite sustain-blog-feed\"><div class=\"fusion-posts-container fusion-posts-container-infinite fusion-posts-container-load-more\" data-pages=\"4\"><article id=\"blog-1-post-6302\" class=\"fusion-post-medium-alternate post-6302 post type-post status-publish format-standard has-post-thumbnail hentry category-sustainability-updates-es\">\n<div class=\"fusion-date-and-formats\"><div class=\"fusion-date-box updated\"><span class=\"fusion-date\">13<\/span><span class=\"fusion-month-year\">Feb 2020<\/span><\/div><div class=\"fusion-format-box\"><i class=\"awb-icon-pen\" aria-hidden=\"true\"><\/i><\/div><\/div>\t<style type=\"text\/css\">\n\t\t\n\t\t\n\t\t\n\t\t\n\t\t\t<\/style>\n\n\n\t\t\t<div class=\"fusion-flexslider flexslider fusion-flexslider-loading fusion-post-slideshow\" style=\"\">\n\t\t<ul class=\"slides\">\n\t\t\t\n\t\t\t\t\t\t\t\t\t\t\t\t\t\t<li><div  class=\"fusion-image-wrapper fusion-image-size-fixed\" aria-haspopup=\"true\">\n\t\t\t\t\t\t\t<a href=\"https:\/\/www.birlacarbon.com\/es\/ecovadis-otorga-la-valoracion-gold-por-cuarta-vez-consecutiva-a-birla-carbon-por-sus-practicas-sostenibles-2\/\" aria-label=\"EcoVadis otorga la valoraci\u00f3n \u2018Gold\u2019 por cuarta vez consecutiva a Birla Carbon por sus pr\u00e1cticas sostenibles\">\n\t\t\t\t\t\t\t<img decoding=\"async\" width=\"320\" height=\"202\" src=\"https:\/\/www.birlacarbon.com\/wp-content\/uploads\/2020\/02\/birla-carbon-sustainability-award-2019-featured-medium-320x202.png\" class=\"attachment-blog-medium size-blog-medium wp-post-image\" alt=\"Birla Carbon Ecovadis Award 2019\" srcset=\"https:\/\/www.birlacarbon.com\/wp-content\/uploads\/2020\/02\/birla-carbon-sustainability-award-2019-featured-medium-200x126.png 200w, https:\/\/www.birlacarbon.com\/wp-content\/uploads\/2020\/02\/birla-carbon-sustainability-award-2019-featured-medium-300x189.png 300w, https:\/\/www.birlacarbon.com\/wp-content\/uploads\/2020\/02\/birla-carbon-sustainability-award-2019-featured-medium-320x202.png 320w, https:\/\/www.birlacarbon.com\/wp-content\/uploads\/2020\/02\/birla-carbon-sustainability-award-2019-featured-medium-400x252.png 400w, https:\/\/www.birlacarbon.com\/wp-content\/uploads\/2020\/02\/birla-carbon-sustainability-award-2019-featured-medium-600x378.png 600w, https:\/\/www.birlacarbon.com\/wp-content\/uploads\/2020\/02\/birla-carbon-sustainability-award-2019-featured-medium-700x441.png 700w, https:\/\/www.birlacarbon.com\/wp-content\/uploads\/2020\/02\/birla-carbon-sustainability-award-2019-featured-medium.png 750w\" sizes=\"(max-width: 320px) 100vw, 320px\" \/>\t\t\t<\/a>\n\t\t\t\t\t\t\t<\/div>\n<\/li>\n\t\t\t\n\t\t\t\n\t\t\t\t\t\t\t\t\t\t\t\t\t\t\t\t\t\t\t\t\t\t\t\t\t\t\t\t\t\t\t\t\t\t\t\t\t\t\t\t\t\t\t\t\t\t\t\t\t\t\t\t\t\t\t\t\t\t\t\t\t\t\t\t\t\t\t\t<\/ul>\n\t<\/div>\n\t<div class=\"fusion-post-content post-content\"><h2 class=\"blog-shortcode-post-title entry-title\"><a href=\"https:\/\/www.birlacarbon.com\/es\/ecovadis-otorga-la-valoracion-gold-por-cuarta-vez-consecutiva-a-birla-carbon-por-sus-practicas-sostenibles-2\/\">EcoVadis otorga la valoraci\u00f3n \u2018Gold\u2019 por cuarta vez consecutiva a Birla Carbon por sus pr\u00e1cticas sostenibles<\/a><\/h2><span class=\"vcard\" style=\"display: none;\"><span class=\"fn\"><a href=\"https:\/\/www.birlacarbon.com\/es\/author\/manoj\/\" title=\"Entradas de Manoj Nair\" rel=\"author\">Manoj Nair<\/a><\/span><\/span><span class=\"updated\" style=\"display:none;\">2023-05-24T17:38:46+00:00<\/span><div class=\"fusion-post-content-container\"><p>Birla Carbon ha sido galardonada por EcoVadis con la valoraci\u00f3n Gold por sus pr\u00e1cticas sostenibles por cuarto a\u00f1o consecutivo. Reconocida como un promotor avanzado de sostenibilidad. [\u2026]<\/p><\/div><\/div><div class=\"fusion-clearfix\"><\/div><\/article>\n<article id=\"blog-1-post-5960\" class=\"fusion-post-medium-alternate post-5960 post type-post status-publish format-standard has-post-thumbnail hentry category-comunidades category-sustainability-updates-es\">\n<div class=\"fusion-date-and-formats\"><div class=\"fusion-date-box updated\"><span class=\"fusion-date\">23<\/span><span class=\"fusion-month-year\">Oct 2019<\/span><\/div><div class=\"fusion-format-box\"><i class=\"awb-icon-pen\" aria-hidden=\"true\"><\/i><\/div><\/div>\t<style type=\"text\/css\">\n\t\t\n\t\t\n\t\t\n\t\t\n\t\t\t<\/style>\n\n\n\t\t\t<div class=\"fusion-flexslider flexslider fusion-flexslider-loading fusion-post-slideshow\" style=\"\">\n\t\t<ul class=\"slides\">\n\t\t\t\n\t\t\t\t\t\t\t\t\t\t\t\t\t\t<li><div  class=\"fusion-image-wrapper fusion-image-size-fixed\" aria-haspopup=\"true\">\n\t\t\t\t\t\t\t<a href=\"https:\/\/www.birlacarbon.com\/es\/birla-carbon-espana-inauguro-una-biblioteca-escolar\/\" aria-label=\"Birla Carbon Espa\u00f1a inaugur\u00f3 una biblioteca escolar\">\n\t\t\t\t\t\t\t<img decoding=\"async\" width=\"320\" height=\"202\" src=\"https:\/\/www.birlacarbon.com\/wp-content\/uploads\/2019\/10\/Picture1-2-320x202.png\" class=\"attachment-blog-medium size-blog-medium wp-post-image\" alt=\"Birla Carbon Spain inaugurated a school library\" srcset=\"https:\/\/www.birlacarbon.com\/wp-content\/uploads\/2019\/10\/Picture1-2-200x125.png 200w, https:\/\/www.birlacarbon.com\/wp-content\/uploads\/2019\/10\/Picture1-2-320x202.png 320w, https:\/\/www.birlacarbon.com\/wp-content\/uploads\/2019\/10\/Picture1-2-700x441.png 700w\" sizes=\"(max-width: 320px) 100vw, 320px\" \/>\t\t\t<\/a>\n\t\t\t\t\t\t\t<\/div>\n<\/li>\n\t\t\t\n\t\t\t\n\t\t\t\t\t\t\t\t\t\t\t\t\t\t\t\t\t\t\t\t\t\t\t\t\t\t\t\t\t\t\t\t\t\t\t\t\t\t\t\t\t\t\t\t\t\t\t\t\t\t\t\t\t\t\t\t\t\t\t\t\t\t\t\t\t\t\t\t<\/ul>\n\t<\/div>\n\t<div class=\"fusion-post-content post-content\"><h2 class=\"blog-shortcode-post-title entry-title\"><a href=\"https:\/\/www.birlacarbon.com\/es\/birla-carbon-espana-inauguro-una-biblioteca-escolar\/\">Birla Carbon Espa\u00f1a inaugur\u00f3 una biblioteca escolar<\/a><\/h2><span class=\"vcard\" style=\"display: none;\"><span class=\"fn\"><a href=\"https:\/\/www.birlacarbon.com\/es\/author\/manoj\/\" title=\"Entradas de Manoj Nair\" rel=\"author\">Manoj Nair<\/a><\/span><\/span><span class=\"updated\" style=\"display:none;\">2021-02-06T18:28:02+00:00<\/span><div class=\"fusion-post-content-container\"><p>Para fomentar la educaci\u00f3n y el aprendizaje, Birla Carbon Espa\u00f1a (BCS) patrocin\u00f3 e inaugur\u00f3 el 19 de junio de 2019 una biblioteca especial en Marina de Cudeyo, Cantabria. [\u2026]<\/p><\/div><\/div><div class=\"fusion-clearfix\"><\/div><\/article>\n<article id=\"blog-1-post-5962\" class=\"fusion-post-medium-alternate post-5962 post type-post status-publish format-standard has-post-thumbnail hentry category-comunidades category-sustainability-updates-es\">\n<div class=\"fusion-date-and-formats\"><div class=\"fusion-date-box updated\"><span class=\"fusion-date\">23<\/span><span class=\"fusion-month-year\">Oct 2019<\/span><\/div><div class=\"fusion-format-box\"><i class=\"awb-icon-pen\" aria-hidden=\"true\"><\/i><\/div><\/div>\t<style type=\"text\/css\">\n\t\t\n\t\t\n\t\t\n\t\t\n\t\t\t<\/style>\n\n\n\t\t\t<div class=\"fusion-flexslider flexslider fusion-flexslider-loading fusion-post-slideshow\" style=\"\">\n\t\t<ul class=\"slides\">\n\t\t\t\n\t\t\t\t\t\t\t\t\t\t\t\t\t\t<li><div  class=\"fusion-image-wrapper fusion-image-size-fixed\" aria-haspopup=\"true\">\n\t\t\t\t\t\t\t<a href=\"https:\/\/www.birlacarbon.com\/es\/birla-carbon-egipto-concluyo-el-programa-educativo-de-verano-learn-por-segundo-ano-consecutivo\/\" aria-label=\"Birla Carbon Egipto concluy\u00f3 el programa educativo de verano \u2018LEARN\u2019 por segundo a\u00f1o consecutivo\">\n\t\t\t\t\t\t\t<img decoding=\"async\" width=\"320\" height=\"202\" src=\"https:\/\/www.birlacarbon.com\/wp-content\/uploads\/2019\/10\/Picture2-1-320x202.png\" class=\"attachment-blog-medium size-blog-medium wp-post-image\" alt=\"Birla Carbon Egypt concluded \u2018LEARN\u2019 summer educational program for the second consecutive year\" srcset=\"https:\/\/www.birlacarbon.com\/wp-content\/uploads\/2019\/10\/Picture2-1-320x202.png 320w, https:\/\/www.birlacarbon.com\/wp-content\/uploads\/2019\/10\/Picture2-1-700x441.png 700w\" sizes=\"(max-width: 320px) 100vw, 320px\" \/>\t\t\t<\/a>\n\t\t\t\t\t\t\t<\/div>\n<\/li>\n\t\t\t\n\t\t\t\n\t\t\t\t\t\t\t\t\t\t\t\t\t\t\t\t\t\t\t\t\t\t\t\t\t\t\t\t\t\t\t\t\t\t\t\t\t\t\t\t\t\t\t\t\t\t\t\t\t\t\t\t\t\t\t\t\t\t\t\t\t\t\t\t\t\t\t\t<\/ul>\n\t<\/div>\n\t<div class=\"fusion-post-content post-content\"><h2 class=\"blog-shortcode-post-title entry-title\"><a href=\"https:\/\/www.birlacarbon.com\/es\/birla-carbon-egipto-concluyo-el-programa-educativo-de-verano-learn-por-segundo-ano-consecutivo\/\">Birla Carbon Egipto concluy\u00f3 el programa educativo de verano \u2018LEARN\u2019 por segundo a\u00f1o consecutivo<\/a><\/h2><span class=\"vcard\" style=\"display: none;\"><span class=\"fn\"><a href=\"https:\/\/www.birlacarbon.com\/es\/author\/manoj\/\" title=\"Entradas de Manoj Nair\" rel=\"author\">Manoj Nair<\/a><\/span><\/span><span class=\"updated\" style=\"display:none;\">2021-02-06T18:28:03+00:00<\/span><div class=\"fusion-post-content-container\"><p>Birla Carbon Egipto (BCE) celebr\u00f3 la clausura del programa educativo 'LEARN' por segundo a\u00f1o consecutivo, el 14 de septiembre de 2019.  [\u2026]<\/p><\/div><\/div><div class=\"fusion-clearfix\"><\/div><\/article>\n<article id=\"blog-1-post-5963\" class=\"fusion-post-medium-alternate post-5963 post type-post status-publish format-standard has-post-thumbnail hentry category-comunidades category-sustainability-updates-es\">\n<div class=\"fusion-date-and-formats\"><div class=\"fusion-date-box updated\"><span class=\"fusion-date\">23<\/span><span class=\"fusion-month-year\">Oct 2019<\/span><\/div><div class=\"fusion-format-box\"><i class=\"awb-icon-pen\" aria-hidden=\"true\"><\/i><\/div><\/div>\t<style type=\"text\/css\">\n\t\t\n\t\t\n\t\t\n\t\t\n\t\t\t<\/style>\n\n\n\t\t\t<div class=\"fusion-flexslider flexslider fusion-flexslider-loading fusion-post-slideshow\" style=\"\">\n\t\t<ul class=\"slides\">\n\t\t\t\n\t\t\t\t\t\t\t\t\t\t\t\t\t\t<li><div  class=\"fusion-image-wrapper fusion-image-size-fixed\" aria-haspopup=\"true\">\n\t\t\t\t\t\t\t<a href=\"https:\/\/www.birlacarbon.com\/es\/birla-carbon-italia-inauguro-archilab-en-la-escuela-de-rodari-trecate\/\" aria-label=\"Birla Carbon Italia inaugur\u00f3 ArchiLab en la escuela de Rodari, Trecate\">\n\t\t\t\t\t\t\t<img decoding=\"async\" width=\"320\" height=\"202\" src=\"https:\/\/www.birlacarbon.com\/wp-content\/uploads\/2019\/10\/Picture1-320x202.png\" class=\"attachment-blog-medium size-blog-medium wp-post-image\" alt=\"Birla Carbon Italy inaugurated ArchiLab at Rodari School, Trecate\" \/>\t\t\t<\/a>\n\t\t\t\t\t\t\t<\/div>\n<\/li>\n\t\t\t\n\t\t\t\n\t\t\t\t\t\t\t\t\t\t\t\t\t\t\t\t\t\t\t\t\t\t\t\t\t\t\t\t\t\t\t\t\t\t\t\t\t\t\t\t\t\t\t\t\t\t\t\t\t\t\t\t\t\t\t\t\t\t\t\t\t\t\t\t\t\t\t\t<\/ul>\n\t<\/div>\n\t<div class=\"fusion-post-content post-content\"><h2 class=\"blog-shortcode-post-title entry-title\"><a href=\"https:\/\/www.birlacarbon.com\/es\/birla-carbon-italia-inauguro-archilab-en-la-escuela-de-rodari-trecate\/\">Birla Carbon Italia inaugur\u00f3 ArchiLab en la escuela de Rodari, Trecate<\/a><\/h2><span class=\"vcard\" style=\"display: none;\"><span class=\"fn\"><a href=\"https:\/\/www.birlacarbon.com\/es\/author\/manoj\/\" title=\"Entradas de Manoj Nair\" rel=\"author\">Manoj Nair<\/a><\/span><\/span><span class=\"updated\" style=\"display:none;\">2021-02-06T18:28:04+00:00<\/span><div class=\"fusion-post-content-container\"><p>A mediados de noviembre de 2018, el equipo de la alta direcci\u00f3n de Birla Carbon visit\u00f3 Italia para la reuni\u00f3n trimestral donde, adem\u00e1s de la visita a la planta en Trecate, tambi\u00e9n visitaron la escuela local de Rodari. [\u2026]<\/p><\/div><\/div><div class=\"fusion-clearfix\"><\/div><\/article>\n<article id=\"blog-1-post-5807\" class=\"fusion-post-medium-alternate post-5807 post type-post status-publish format-standard has-post-thumbnail hentry category-sin-categorizar category-sustainability-updates-es\">\n<div class=\"fusion-date-and-formats\"><div class=\"fusion-date-box updated\"><span class=\"fusion-date\">19<\/span><span class=\"fusion-month-year\">Mar 2019<\/span><\/div><div class=\"fusion-format-box\"><i class=\"awb-icon-pen\" aria-hidden=\"true\"><\/i><\/div><\/div>\t<style type=\"text\/css\">\n\t\t\n\t\t\n\t\t\n\t\t\n\t\t\t<\/style>\n\n\n\t\t\t<div class=\"fusion-flexslider flexslider fusion-flexslider-loading fusion-post-slideshow\" style=\"\">\n\t\t<ul class=\"slides\">\n\t\t\t\n\t\t\t\t\t\t\t\t\t\t\t\t\t\t<li><div  class=\"fusion-image-wrapper fusion-image-size-fixed\" aria-haspopup=\"true\">\n\t\t\t\t\t\t\t<a href=\"https:\/\/www.birlacarbon.com\/es\/primera-conferencia-de-compras-mundial-de-birla-carbon\/\" aria-label=\"Primera Conferencia de Compras Mundial de Birla Carbon\">\n\t\t\t\t\t\t\t<img decoding=\"async\" width=\"320\" height=\"202\" src=\"https:\/\/www.birlacarbon.com\/wp-content\/uploads\/2019\/03\/birla-carbon-first-global-purchasing-symposium-320x202.jpg\" class=\"attachment-blog-medium size-blog-medium wp-post-image\" alt=\"Birla Carbon First Purchasing Symposium\" \/>\t\t\t<\/a>\n\t\t\t\t\t\t\t<\/div>\n<\/li>\n\t\t\t\n\t\t\t\n\t\t\t\t\t\t\t\t\t\t\t\t\t\t\t\t\t\t\t\t\t\t\t\t\t\t\t\t\t\t\t\t\t\t\t\t\t\t\t\t\t\t\t\t\t\t\t\t\t\t\t\t\t\t\t\t\t\t\t\t\t\t\t\t\t\t\t\t<\/ul>\n\t<\/div>\n\t<div class=\"fusion-post-content post-content\"><h2 class=\"blog-shortcode-post-title entry-title\"><a href=\"https:\/\/www.birlacarbon.com\/es\/primera-conferencia-de-compras-mundial-de-birla-carbon\/\">Primera Conferencia de Compras Mundial de Birla Carbon<\/a><\/h2><span class=\"vcard\" style=\"display: none;\"><span class=\"fn\"><a href=\"https:\/\/www.birlacarbon.com\/es\/author\/manoj\/\" title=\"Entradas de Manoj Nair\" rel=\"author\">Manoj Nair<\/a><\/span><\/span><span class=\"updated\" style=\"display:none;\">2023-05-24T17:53:02+00:00<\/span><div class=\"fusion-post-content-container\"><p>Con el objetivo de alinear globalmente los procesos de compras de Birla Carbon, se celebr\u00f3 la Primera Conferencia Mundial de Compras de Birla Carbon del 26 al 28 de febrero de 2019 en la sede de Birla Carbon en Marietta, Atlanta. [\u2026]<\/p><\/div><\/div><div class=\"fusion-clearfix\"><\/div><\/article>\n<article id=\"blog-1-post-5808\" class=\"fusion-post-medium-alternate post-5808 post type-post status-publish format-standard has-post-thumbnail hentry category-sin-categorizar category-sustainability-updates-es\">\n<div class=\"fusion-date-and-formats\"><div class=\"fusion-date-box updated\"><span class=\"fusion-date\">15<\/span><span class=\"fusion-month-year\">Ene 2019<\/span><\/div><div class=\"fusion-format-box\"><i class=\"awb-icon-pen\" aria-hidden=\"true\"><\/i><\/div><\/div>\t<style type=\"text\/css\">\n\t\t\n\t\t\n\t\t\n\t\t\n\t\t\t<\/style>\n\n\n\t\t\t<div class=\"fusion-flexslider flexslider fusion-flexslider-loading fusion-post-slideshow\" style=\"\">\n\t\t<ul class=\"slides\">\n\t\t\t\n\t\t\t\t\t\t\t\t\t\t\t\t\t\t<li><div  class=\"fusion-image-wrapper fusion-image-size-fixed\" aria-haspopup=\"true\">\n\t\t\t\t\t\t\t<a href=\"https:\/\/www.birlacarbon.com\/es\/birla-carbon-egipto-gana-el-premio-empresa-pionera-en-desarrollo-sostenible-2018\/\" aria-label=\"Birla Carbon Egipto gana el premio \u2018Empresa pionera en desarrollo sostenible 2018\u2019\">\n\t\t\t\t\t\t\t<img decoding=\"async\" width=\"320\" height=\"202\" src=\"https:\/\/www.birlacarbon.com\/wp-content\/uploads\/2019\/01\/Birla_Carbon_New-Logo_LRa675x439-320x202.png\" class=\"attachment-blog-medium size-blog-medium wp-post-image\" alt=\"Birla Carbon Logo\" \/>\t\t\t<\/a>\n\t\t\t\t\t\t\t<\/div>\n<\/li>\n\t\t\t\n\t\t\t\n\t\t\t\t\t\t\t\t\t\t\t\t\t\t\t\t\t\t\t\t\t\t\t\t\t\t\t\t\t\t\t\t\t\t\t\t\t\t\t\t\t\t\t\t\t\t\t\t\t\t\t\t\t\t\t\t\t\t\t\t\t\t\t\t\t\t\t\t<\/ul>\n\t<\/div>\n\t<div class=\"fusion-post-content post-content\"><h2 class=\"blog-shortcode-post-title entry-title\"><a href=\"https:\/\/www.birlacarbon.com\/es\/birla-carbon-egipto-gana-el-premio-empresa-pionera-en-desarrollo-sostenible-2018\/\">Birla Carbon Egipto gana el premio \u2018Empresa pionera en desarrollo sostenible 2018\u2019<\/a><\/h2><span class=\"vcard\" style=\"display: none;\"><span class=\"fn\"><a href=\"https:\/\/www.birlacarbon.com\/es\/author\/manoj\/\" title=\"Entradas de Manoj Nair\" rel=\"author\">Manoj Nair<\/a><\/span><\/span><span class=\"updated\" style=\"display:none;\">2019-09-18T13:22:49+00:00<\/span><div class=\"fusion-post-content-container\"><p>Birla Carbon Egipto gan\u00f3 el premio \u2018Empresa pionera en desarrollo sostenible 2018\u2019 en la conferencia de Objetivos de Desarrollo Sostenible y Oportunidades de Negocio para el Sector Privado de las Naciones Unidas, celebrada el 15 y 16 de enero de 2019 en El Cairo, Egipto [\u2026]<\/p><\/div><\/div><div class=\"fusion-clearfix\"><\/div><\/article>\n<\/div><div class=\"fusion-infinite-scroll-trigger\"><\/div><div class=\"pagination infinite-scroll clearfix\" style=\"display:none;\"><span class=\"current\">1<\/span><a href=\"https:\/\/www.birlacarbon.com\/es\/wp-json\/wp\/v2\/pages\/3729\/page\/2\/\" class=\"inactive\">2<\/a><a class=\"pagination-next\" rel=\"next\" href=\"https:\/\/www.birlacarbon.com\/es\/wp-json\/wp\/v2\/pages\/3729\/page\/2\/\"><span class=\"page-text\">Next<\/span><span class=\"page-next\"><\/span><\/a><\/div><div class=\"fusion-clearfix\"><\/div><button class=\"fusion-load-more-button fusion-blog-button fusion-clearfix\">Cargar m\u00e1s post<\/button><\/div><div class=\"fusion-clearfix\"><\/div><\/div><\/div><\/div><\/div>\n","protected":false},"excerpt":{"rendered":"","protected":false},"author":16,"featured_media":0,"parent":0,"menu_order":2,"comment_status":"closed","ping_status":"closed","template":"","meta":{"_acf_changed":false,"_monsterinsights_skip_tracking":false,"_monsterinsights_sitenote_active":false,"_monsterinsights_sitenote_note":"","_monsterinsights_sitenote_category":0,"footnotes":""},"class_list":["post-3729","page","type-page","status-publish","hentry"],"acf":false,"yoast_head":"<!-- This site is optimized with the Yoast SEO plugin v27.3 - https:\/\/yoast.com\/product\/yoast-seo-wordpress\/ -->\n<title>SOSTENIBILIDAD ACTUALIZACIONES - Birla Carbon<\/title>\n<meta name=\"robots\" content=\"index, follow, max-snippet:-1, max-image-preview:large, max-video-preview:-1\" \/>\n<link rel=\"canonical\" href=\"https:\/\/www.birlacarbon.com\/es\/sustentabilidad-actualizaciones\/\" \/>\n<meta property=\"og:locale\" content=\"es_ES\" \/>\n<meta property=\"og:type\" content=\"article\" \/>\n<meta property=\"og:title\" content=\"SOSTENIBILIDAD ACTUALIZACIONES - Birla Carbon\" \/>\n<meta property=\"og:url\" content=\"https:\/\/www.birlacarbon.com\/es\/sustentabilidad-actualizaciones\/\" \/>\n<meta property=\"og:site_name\" content=\"Birla Carbon\" \/>\n<meta property=\"article:modified_time\" content=\"2021-02-01T16:00:28+00:00\" \/>\n<meta name=\"twitter:card\" content=\"summary_large_image\" \/>\n<meta name=\"twitter:label1\" content=\"Tiempo de lectura\" \/>\n\t<meta name=\"twitter:data1\" content=\"2 minutos\" \/>\n<!-- \/ Yoast SEO plugin. -->","yoast_head_json":{"title":"SOSTENIBILIDAD ACTUALIZACIONES - Birla Carbon","robots":{"index":"index","follow":"follow","max-snippet":"max-snippet:-1","max-image-preview":"max-image-preview:large","max-video-preview":"max-video-preview:-1"},"canonical":"https:\/\/www.birlacarbon.com\/es\/sustentabilidad-actualizaciones\/","og_locale":"es_ES","og_type":"article","og_title":"SOSTENIBILIDAD ACTUALIZACIONES - Birla Carbon","og_url":"https:\/\/www.birlacarbon.com\/es\/sustentabilidad-actualizaciones\/","og_site_name":"Birla Carbon","article_modified_time":"2021-02-01T16:00:28+00:00","twitter_card":"summary_large_image","twitter_misc":{"Tiempo de lectura":"2 minutos"},"schema":{"@context":"https:\/\/schema.org","@graph":[{"@type":"WebPage","@id":"https:\/\/www.birlacarbon.com\/es\/sustentabilidad-actualizaciones\/","url":"https:\/\/www.birlacarbon.com\/es\/sustentabilidad-actualizaciones\/","name":"SOSTENIBILIDAD ACTUALIZACIONES - Birla Carbon","isPartOf":{"@id":"https:\/\/www.birlacarbon.com\/es\/#website"},"datePublished":"2017-06-12T16:15:52+00:00","dateModified":"2021-02-01T16:00:28+00:00","breadcrumb":{"@id":"https:\/\/www.birlacarbon.com\/es\/sustentabilidad-actualizaciones\/#breadcrumb"},"inLanguage":"es","potentialAction":[{"@type":"ReadAction","target":["https:\/\/www.birlacarbon.com\/es\/sustentabilidad-actualizaciones\/"]}]},{"@type":"BreadcrumbList","@id":"https:\/\/www.birlacarbon.com\/es\/sustentabilidad-actualizaciones\/#breadcrumb","itemListElement":[{"@type":"ListItem","position":1,"name":"Home","item":"https:\/\/www.birlacarbon.com\/es\/"},{"@type":"ListItem","position":2,"name":"SOSTENIBILIDAD ACTUALIZACIONES"}]},{"@type":"WebSite","@id":"https:\/\/www.birlacarbon.com\/es\/#website","url":"https:\/\/www.birlacarbon.com\/es\/","name":"Birla Carbon","description":"Birla Carbon","publisher":{"@id":"https:\/\/www.birlacarbon.com\/es\/#organization"},"potentialAction":[{"@type":"SearchAction","target":{"@type":"EntryPoint","urlTemplate":"https:\/\/www.birlacarbon.com\/es\/?s={search_term_string}"},"query-input":{"@type":"PropertyValueSpecification","valueRequired":true,"valueName":"search_term_string"}}],"inLanguage":"es"},{"@type":"Organization","@id":"https:\/\/www.birlacarbon.com\/es\/#organization","name":"Birla Carbon","url":"https:\/\/www.birlacarbon.com\/es\/","logo":{"@type":"ImageObject","inLanguage":"es","@id":"https:\/\/www.birlacarbon.com\/es\/#\/schema\/logo\/image\/","url":"https:\/\/www.birlacarbon.com\/wp-content\/uploads\/2017\/01\/aditya-birla-logo-retina.png","contentUrl":"https:\/\/www.birlacarbon.com\/wp-content\/uploads\/2017\/01\/aditya-birla-logo-retina.png","width":190,"height":182,"caption":"Birla Carbon"},"image":{"@id":"https:\/\/www.birlacarbon.com\/es\/#\/schema\/logo\/image\/"}}]}},"_links":{"self":[{"href":"https:\/\/www.birlacarbon.com\/es\/wp-json\/wp\/v2\/pages\/3729","targetHints":{"allow":["GET"]}}],"collection":[{"href":"https:\/\/www.birlacarbon.com\/es\/wp-json\/wp\/v2\/pages"}],"about":[{"href":"https:\/\/www.birlacarbon.com\/es\/wp-json\/wp\/v2\/types\/page"}],"author":[{"embeddable":true,"href":"https:\/\/www.birlacarbon.com\/es\/wp-json\/wp\/v2\/users\/16"}],"replies":[{"embeddable":true,"href":"https:\/\/www.birlacarbon.com\/es\/wp-json\/wp\/v2\/comments?post=3729"}],"version-history":[{"count":0,"href":"https:\/\/www.birlacarbon.com\/es\/wp-json\/wp\/v2\/pages\/3729\/revisions"}],"wp:attachment":[{"href":"https:\/\/www.birlacarbon.com\/es\/wp-json\/wp\/v2\/media?parent=3729"}],"curies":[{"name":"wp","href":"https:\/\/api.w.org\/{rel}","templated":true}]}}