{"id":3975,"date":"2017-11-17T17:21:13","date_gmt":"2017-11-17T17:21:13","guid":{"rendered":"http:\/\/birlacarbon.com\/birla-carbon-jining-un-caso-exitoso-en-ciernes\/"},"modified":"2019-04-17T06:30:25","modified_gmt":"2019-04-17T06:30:25","slug":"birla-carbon-jining-un-caso-exitoso-en-ciernes","status":"publish","type":"page","link":"https:\/\/www.birlacarbon.com\/es\/birla-carbon-jining-un-caso-exitoso-en-ciernes\/","title":{"rendered":"Birla Carbon Jining: Un caso exitoso en ciernes"},"content":{"rendered":"<p><div class=\"fusion-fullwidth fullwidth-box fusion-builder-row-1 nonhundred-percent-fullwidth non-hundred-percent-height-scrolling\" style=\"--awb-border-radius-top-left:0px;--awb-border-radius-top-right:0px;--awb-border-radius-bottom-right:0px;--awb-border-radius-bottom-left:0px;--awb-padding-left:2%;--awb-flex-wrap:wrap;\" ><div class=\"fusion-builder-row fusion-row\"><div class=\"fusion-layout-column fusion_builder_column fusion-builder-column-0 fusion_builder_column_1_1 1_1 fusion-one-full fusion-column-first fusion-column-last\" style=\"--awb-padding-top:160px;--awb-padding-right:20px;--awb-padding-bottom:0px;--awb-padding-left:0px;--awb-bg-size:cover;--awb-margin-bottom:0px;\"><div class=\"fusion-column-wrapper fusion-flex-column-wrapper-legacy\"><div class=\"fusion-title title fusion-title-1 fusion-sep-none fusion-title-text fusion-title-size-one\" style=\"--awb-margin-top-small:0px;--awb-margin-right-small:0px;--awb-margin-bottom-small:20px;--awb-margin-left-small:0px;\"><h1 class=\"fusion-title-heading title-heading-left fusion-responsive-typography-calculated\" style=\"margin:0;--fontSize:60;line-height:1.25;\"><h1 class=\"title\">Birla Carbon Jining: Un caso exitoso en ciernes<\/h1>\n<h1><strong>\u00a0<\/strong><\/h1>\n<h1><\/h1><\/h1><\/div><div class=\"fusion-clearfix\"><\/div><\/div><\/div><div class=\"fusion-layout-column fusion_builder_column fusion-builder-column-1 fusion_builder_column_1_1 1_1 fusion-one-full fusion-column-first fusion-column-last\" style=\"--awb-bg-size:cover;\"><div class=\"fusion-column-wrapper fusion-flex-column-wrapper-legacy\"><div class=\"fusion-text fusion-text-1\"><p class=\"subtitle\"><img decoding=\"async\" class=\"alignleft size-medium wp-image-3904\" src=\"https:\/\/www.birlacarbon.com\/wp-content\/uploads\/2017\/11\/1-300x169.jpg\" alt=\"\" width=\"300\" height=\"169\" srcset=\"https:\/\/www.birlacarbon.com\/wp-content\/uploads\/2017\/11\/1-200x112.jpg 200w, https:\/\/www.birlacarbon.com\/wp-content\/uploads\/2017\/11\/1-300x169.jpg 300w, https:\/\/www.birlacarbon.com\/wp-content\/uploads\/2017\/11\/1-400x225.jpg 400w, https:\/\/www.birlacarbon.com\/wp-content\/uploads\/2017\/11\/1-600x337.jpg 600w, https:\/\/www.birlacarbon.com\/wp-content\/uploads\/2017\/11\/1.jpg 753w\" sizes=\"(max-width: 300px) 100vw, 300px\" \/>Birla Carbon Jining, una planta completamente nueva construida en un tiempo r\u00e9cord de 30 meses, es la planta de negro de carbono tecnol\u00f3gicamente m\u00e1s avanzada y nueva de Birla Carbon.<\/p>\n<p>La planta Jining fue construida para proporcionar negro de carbono de alta calidad a uno de los mercados con el crecimiento m\u00e1s r\u00e1pido del mundo \u2013 China. La planta, que en la actualidad tiene una capacidad instalada de 120.000 toneladas m\u00e9tricas, se expandir\u00e1 a 240.000 toneladas m\u00e9tricas en la fase 2.<\/p>\n<p>Esta nueva instalaci\u00f3n de producci\u00f3n, la inversi\u00f3n m\u00e1s grande del Grupo Aditya Birla en China, suministrar\u00e1 a clientes con sede en China adapt\u00e1ndose a la creciente demanda de calidad superior, soluciones t\u00e9cnicas y de rendimiento.<\/p>\n<p>Kumar Mangalam Birla, Presidente del Grupo Aditya Birla, coment\u00f3, \u201cJining es una planta adelantada a su tiempo, tanto en los procesos productivos involucrados como a los est\u00e1ndares medioambientales que sigue. Todo lo que hemos aprendido durante los m\u00e1s de 150 a\u00f1os que hemos estado produciendo negro de carbono alrededor del mundo ha sido incorporado en estas instalaciones. Es, por as\u00ed decirlo; nuestra obra maestra\u201d<\/p>\n<p>Jining producir\u00e1 grados tradicionales ASTM (Sociedad Americana para Ensayos y Materiales) y grados espec\u00edficos de Birla Carbon para sus cliente. Los grados ASTM estar\u00e1n enfocados a la industria del neum\u00e1tico, mientras que muchos grados de Birla Carbon ser\u00e1n compatibles con art\u00edculos de caucho mec\u00e1nico y otros requisitos de clientes.<\/p>\n<p>Birla Carbon Jining es una planta \u2018energ\u00e9ticamente positiva\u2019 con su exclusivo sistema de gesti\u00f3n energ\u00e9tica. Las instalaciones de cogeneraci\u00f3n generar\u00e1n vapor a alta presi\u00f3n y electricidad que primero abastecer\u00e1 el consumo interno y tendr\u00e1 un excedente de electricidad a exportar a la red estatal. Sus sistemas De-SOx y De-NOx de \u00faltima generaci\u00f3n son sistemas de control de emisiones ultra modernos alineados con las normas medioambientales chinas aplicables en 2021.<\/p>\n<p>Conozca m\u00e1s de Jining, o escr\u00edbanos a \u2013<\/p>\n<p><a href=\"mailto:birlacarbon.communications@adityabirla.com\" class=\"word-break\">birlacarbon.communications@adityabirla.com<\/a><\/p>\n<\/div><div class=\"fusion-clearfix\"><\/div><\/div><\/div><div class=\"fusion-layout-column fusion_builder_column fusion-builder-column-2 fusion_builder_column_1_2 1_2 fusion-one-half fusion-column-first\" style=\"--awb-bg-size:cover;width:50%;width:calc(50% - ( ( 4% ) * 0.5 ) );margin-right: 4%;\"><div class=\"fusion-column-wrapper fusion-flex-column-wrapper-legacy\"><div class=\"fusion-image-element in-legacy-container\" style=\"--awb-caption-title-font-family:var(--h2_typography-font-family);--awb-caption-title-font-weight:var(--h2_typography-font-weight);--awb-caption-title-font-style:var(--h2_typography-font-style);--awb-caption-title-size:var(--h2_typography-font-size);--awb-caption-title-transform:var(--h2_typography-text-transform);--awb-caption-title-line-height:var(--h2_typography-line-height);--awb-caption-title-letter-spacing:var(--h2_typography-letter-spacing);\"><span class=\" fusion-imageframe imageframe-none imageframe-1 hover-type-none\"><img decoding=\"async\" width=\"742\" height=\"396\" title=\"2\" src=\"https:\/\/www.birlacarbon.com\/wp-content\/uploads\/2017\/11\/2.jpg\" alt class=\"img-responsive wp-image-3909\" srcset=\"https:\/\/www.birlacarbon.com\/wp-content\/uploads\/2017\/11\/2-200x107.jpg 200w, https:\/\/www.birlacarbon.com\/wp-content\/uploads\/2017\/11\/2-400x213.jpg 400w, https:\/\/www.birlacarbon.com\/wp-content\/uploads\/2017\/11\/2-600x320.jpg 600w, https:\/\/www.birlacarbon.com\/wp-content\/uploads\/2017\/11\/2.jpg 742w\" sizes=\"(max-width: 800px) 100vw, 600px\" \/><\/span><\/div><div class=\"fusion-sep-clear\"><\/div><div class=\"fusion-separator fusion-full-width-sep\" style=\"margin-left: auto;margin-right: auto;margin-top:20px;width:100%;\"><\/div><div class=\"fusion-sep-clear\"><\/div><div class=\"fusion-text fusion-text-2\"><p>La planta Jining de Birla Carbon produce grados tradicionales ASTM (Sociedad Americana para Ensayos y Materiales) y grados  espec\u00edficos de Birla Carbon para sus clientes. <\/p>\n<p>La capacidad productiva de la planta es de 120.000 MT\/a\u00f1o con la capacidad de expansi\u00f3n hasta 240.000 MT\/a\u00f1o como parte de sus planes de fase 2.<\/p>\n<\/div><div class=\"fusion-clearfix\"><\/div><\/div><\/div><div class=\"fusion-layout-column fusion_builder_column fusion-builder-column-3 fusion_builder_column_1_2 1_2 fusion-one-half fusion-column-last\" style=\"--awb-bg-size:cover;width:50%;width:calc(50% - ( ( 4% ) * 0.5 ) );\"><div class=\"fusion-column-wrapper fusion-flex-column-wrapper-legacy\"><div class=\"fusion-image-element in-legacy-container\" style=\"--awb-caption-title-font-family:var(--h2_typography-font-family);--awb-caption-title-font-weight:var(--h2_typography-font-weight);--awb-caption-title-font-style:var(--h2_typography-font-style);--awb-caption-title-size:var(--h2_typography-font-size);--awb-caption-title-transform:var(--h2_typography-text-transform);--awb-caption-title-line-height:var(--h2_typography-line-height);--awb-caption-title-letter-spacing:var(--h2_typography-letter-spacing);\"><span class=\" fusion-imageframe imageframe-none imageframe-2 hover-type-none\"><img decoding=\"async\" width=\"746\" height=\"400\" title=\"3\" src=\"https:\/\/www.birlacarbon.com\/wp-content\/uploads\/2017\/11\/3.jpg\" alt class=\"img-responsive wp-image-3912\" srcset=\"https:\/\/www.birlacarbon.com\/wp-content\/uploads\/2017\/11\/3-200x107.jpg 200w, https:\/\/www.birlacarbon.com\/wp-content\/uploads\/2017\/11\/3-400x214.jpg 400w, https:\/\/www.birlacarbon.com\/wp-content\/uploads\/2017\/11\/3-600x322.jpg 600w, https:\/\/www.birlacarbon.com\/wp-content\/uploads\/2017\/11\/3.jpg 746w\" sizes=\"(max-width: 800px) 100vw, 600px\" \/><\/span><\/div><div class=\"fusion-sep-clear\"><\/div><div class=\"fusion-separator fusion-full-width-sep\" style=\"margin-left: auto;margin-right: auto;margin-top:20px;width:100%;\"><\/div><div class=\"fusion-sep-clear\"><\/div><div class=\"fusion-text fusion-text-3\"><p>Birla Carbon Jining es una f\u00e1brica de \u2018energ\u00eda positiva\u2019 ya que tiene su propio sistema de gesti\u00f3n energ\u00e9tica. Las instalaciones de cogeneraci\u00f3n generan vapor a alta presi\u00f3n, y electricidad que primero satisface las necesidades del consumo cautivo para luego exportar el excedente a la red estatal.<\/p>\n<p>La inversi\u00f3n total para la planta es de 300 millones de d\u00f3lares.<\/p>\n<\/div><div class=\"fusion-clearfix\"><\/div><\/div><\/div><div class=\"fusion-layout-column fusion_builder_column fusion-builder-column-4 fusion_builder_column_1_2 1_2 fusion-one-half fusion-column-first\" style=\"--awb-bg-size:cover;width:50%;width:calc(50% - ( ( 4% ) * 0.5 ) );margin-right: 4%;\"><div class=\"fusion-column-wrapper fusion-flex-column-wrapper-legacy\"><div class=\"fusion-image-element in-legacy-container\" style=\"--awb-caption-title-font-family:var(--h2_typography-font-family);--awb-caption-title-font-weight:var(--h2_typography-font-weight);--awb-caption-title-font-style:var(--h2_typography-font-style);--awb-caption-title-size:var(--h2_typography-font-size);--awb-caption-title-transform:var(--h2_typography-text-transform);--awb-caption-title-line-height:var(--h2_typography-line-height);--awb-caption-title-letter-spacing:var(--h2_typography-letter-spacing);\"><span class=\" fusion-imageframe imageframe-none imageframe-3 hover-type-none\"><img decoding=\"async\" width=\"569\" height=\"379\" title=\"4\" src=\"https:\/\/www.birlacarbon.com\/wp-content\/uploads\/2017\/11\/4.jpg\" alt class=\"img-responsive wp-image-3915\" srcset=\"https:\/\/www.birlacarbon.com\/wp-content\/uploads\/2017\/11\/4-200x133.jpg 200w, https:\/\/www.birlacarbon.com\/wp-content\/uploads\/2017\/11\/4-400x266.jpg 400w, https:\/\/www.birlacarbon.com\/wp-content\/uploads\/2017\/11\/4.jpg 569w\" sizes=\"(max-width: 800px) 100vw, 569px\" \/><\/span><\/div><div class=\"fusion-sep-clear\"><\/div><div class=\"fusion-separator fusion-full-width-sep\" style=\"margin-left: auto;margin-right: auto;margin-top:20px;width:100%;\"><\/div><div class=\"fusion-sep-clear\"><\/div><div class=\"fusion-text fusion-text-4\"><p>Siempre manteniendo la sostenibilidad como parte de sus prioridades globales, la planta de Jining fue dise\u00f1ada en base al enfoque de Excelencia Operacional Sostenible (SOE por sus siglas en ingl\u00e9s) de Birla Carbon.<\/p>\n<p>La tecnolog\u00eda ha sido usada para asegurar que las emisiones directas de CO<sub>2<\/sub> por tonelada de negro de humo producido sean m\u00e1s bajas que el referente industrial.<\/p>\n<\/div><div class=\"fusion-clearfix\"><\/div><\/div><\/div><div class=\"fusion-layout-column fusion_builder_column fusion-builder-column-5 fusion_builder_column_1_2 1_2 fusion-one-half fusion-column-last\" style=\"--awb-bg-size:cover;width:50%;width:calc(50% - ( ( 4% ) * 0.5 ) );\"><div class=\"fusion-column-wrapper fusion-flex-column-wrapper-legacy\"><div class=\"fusion-image-element in-legacy-container\" style=\"--awb-caption-title-font-family:var(--h2_typography-font-family);--awb-caption-title-font-weight:var(--h2_typography-font-weight);--awb-caption-title-font-style:var(--h2_typography-font-style);--awb-caption-title-size:var(--h2_typography-font-size);--awb-caption-title-transform:var(--h2_typography-text-transform);--awb-caption-title-line-height:var(--h2_typography-line-height);--awb-caption-title-letter-spacing:var(--h2_typography-letter-spacing);\"><span class=\" fusion-imageframe imageframe-none imageframe-4 hover-type-none\"><img decoding=\"async\" width=\"566\" height=\"378\" title=\"5\" src=\"https:\/\/www.birlacarbon.com\/wp-content\/uploads\/2017\/11\/5.jpg\" alt class=\"img-responsive wp-image-3918\" srcset=\"https:\/\/www.birlacarbon.com\/wp-content\/uploads\/2017\/11\/5-200x134.jpg 200w, https:\/\/www.birlacarbon.com\/wp-content\/uploads\/2017\/11\/5-400x267.jpg 400w, https:\/\/www.birlacarbon.com\/wp-content\/uploads\/2017\/11\/5.jpg 566w\" sizes=\"(max-width: 800px) 100vw, 566px\" \/><\/span><\/div><div class=\"fusion-sep-clear\"><\/div><div class=\"fusion-separator fusion-full-width-sep\" style=\"margin-left: auto;margin-right: auto;margin-top:20px;width:100%;\"><\/div><div class=\"fusion-sep-clear\"><\/div><div class=\"fusion-text fusion-text-5\"><p>Las instalaciones de Jining usan sistemas De-Sox y De-NOx de \u00faltima generaci\u00f3n. Estos sistemas de control de emisiones ultra-modernas est\u00e1n alineadas con las normas ambientales chinas que ser\u00e1n adoptadas antes de 2021.<\/p>\n<p>El suministro de electricidad a la red estatal por parte de la planta contribuye a la reducci\u00f3n en el uso de combustibles f\u00f3siles y, por lo tanto, de las emisiones.<\/p>\n<\/div><div class=\"fusion-clearfix\"><\/div><\/div><\/div><div class=\"fusion-layout-column fusion_builder_column fusion-builder-column-6 fusion_builder_column_1_2 1_2 fusion-one-half fusion-column-first\" style=\"--awb-bg-size:cover;width:50%;width:calc(50% - ( ( 4% ) * 0.5 ) );margin-right: 4%;\"><div class=\"fusion-column-wrapper fusion-flex-column-wrapper-legacy\"><div class=\"fusion-image-element in-legacy-container\" style=\"--awb-caption-title-font-family:var(--h2_typography-font-family);--awb-caption-title-font-weight:var(--h2_typography-font-weight);--awb-caption-title-font-style:var(--h2_typography-font-style);--awb-caption-title-size:var(--h2_typography-font-size);--awb-caption-title-transform:var(--h2_typography-text-transform);--awb-caption-title-line-height:var(--h2_typography-line-height);--awb-caption-title-letter-spacing:var(--h2_typography-letter-spacing);\"><span class=\" fusion-imageframe imageframe-none imageframe-5 hover-type-none\"><img decoding=\"async\" width=\"569\" height=\"379\" title=\"6\" src=\"https:\/\/www.birlacarbon.com\/wp-content\/uploads\/2017\/11\/6.jpg\" alt class=\"img-responsive wp-image-3921\" srcset=\"https:\/\/www.birlacarbon.com\/wp-content\/uploads\/2017\/11\/6-200x133.jpg 200w, https:\/\/www.birlacarbon.com\/wp-content\/uploads\/2017\/11\/6-400x266.jpg 400w, https:\/\/www.birlacarbon.com\/wp-content\/uploads\/2017\/11\/6.jpg 569w\" sizes=\"(max-width: 800px) 100vw, 569px\" \/><\/span><\/div><div class=\"fusion-sep-clear\"><\/div><div class=\"fusion-separator fusion-full-width-sep\" style=\"margin-left: auto;margin-right: auto;margin-top:20px;width:100%;\"><\/div><div class=\"fusion-sep-clear\"><\/div><div class=\"fusion-text fusion-text-6\"><p>Como parte de su programa de gesti\u00f3n de residuos, el Tratamiento de Agua y Aguas Residuales (WWT por sus siglas en ingl\u00e9s) y la Cero Descarga de L\u00edquidos (ZLD por sus siglas en ingl\u00e9s) se utilizan como parte de su proceso.<\/p>\n<p>Un total de 2,3 millones de horas hombre sin ning\u00fan incidente de seguridad para completar la construcci\u00f3n de la planta, destaca el compromiso de Birla Carbon con la seguridad de sus empleados.<\/p>\n<\/div><div class=\"fusion-clearfix\"><\/div><\/div><\/div><div class=\"fusion-layout-column fusion_builder_column fusion-builder-column-7 fusion_builder_column_1_2 1_2 fusion-one-half fusion-column-last\" style=\"--awb-bg-size:cover;width:50%;width:calc(50% - ( ( 4% ) * 0.5 ) );\"><div class=\"fusion-column-wrapper fusion-flex-column-wrapper-legacy\"><div class=\"fusion-image-element in-legacy-container\" style=\"--awb-caption-title-font-family:var(--h2_typography-font-family);--awb-caption-title-font-weight:var(--h2_typography-font-weight);--awb-caption-title-font-style:var(--h2_typography-font-style);--awb-caption-title-size:var(--h2_typography-font-size);--awb-caption-title-transform:var(--h2_typography-text-transform);--awb-caption-title-line-height:var(--h2_typography-line-height);--awb-caption-title-letter-spacing:var(--h2_typography-letter-spacing);\"><span class=\" fusion-imageframe imageframe-none imageframe-6 hover-type-none\"><img decoding=\"async\" width=\"578\" height=\"385\" title=\"7\" src=\"https:\/\/www.birlacarbon.com\/wp-content\/uploads\/2017\/11\/7.jpg\" alt class=\"img-responsive wp-image-3924\" srcset=\"https:\/\/www.birlacarbon.com\/wp-content\/uploads\/2017\/11\/7-200x133.jpg 200w, https:\/\/www.birlacarbon.com\/wp-content\/uploads\/2017\/11\/7-400x266.jpg 400w, https:\/\/www.birlacarbon.com\/wp-content\/uploads\/2017\/11\/7.jpg 578w\" sizes=\"(max-width: 800px) 100vw, 578px\" \/><\/span><\/div><div class=\"fusion-sep-clear\"><\/div><div class=\"fusion-separator fusion-full-width-sep\" style=\"margin-left: auto;margin-right: auto;margin-top:20px;width:100%;\"><\/div><div class=\"fusion-sep-clear\"><\/div><div class=\"fusion-text fusion-text-7\"><p>Al adoptar procedimientos de An\u00e1lisis de Seguridad Laboral (JSA por sus siglas en ingl\u00e9s), la planta ayuda a integrar principios y pr\u00e1cticas aceptadas de seguridad y salud dentro de sus operaciones.<\/p>\n<p>M\u00faltiples grados de negro de carbono son fabricados, atendiendo las necesidades de clientes chinos y multinacionales de la industria del caucho y aliados.<\/p>\n<\/div><div class=\"fusion-clearfix\"><\/div><\/div><\/div><\/div><\/div><div class=\"fusion-fullwidth fullwidth-box fusion-builder-row-2 nonhundred-percent-fullwidth non-hundred-percent-height-scrolling\" style=\"--awb-border-radius-top-left:0px;--awb-border-radius-top-right:0px;--awb-border-radius-bottom-right:0px;--awb-border-radius-bottom-left:0px;--awb-flex-wrap:wrap;\" ><div class=\"fusion-builder-row fusion-row\"><div class=\"fusion-layout-column fusion_builder_column fusion-builder-column-8 fusion_builder_column_1_1 1_1 fusion-one-full fusion-column-first fusion-column-last\" style=\"--awb-bg-size:cover;\"><div class=\"fusion-column-wrapper fusion-flex-column-wrapper-legacy\"><div class=\"fusion-video fusion-youtube video\" style=\"--awb-max-width:600px;--awb-max-height:360px;\"><div class=\"video-shortcode\"><div class=\"fluid-width-video-wrapper\" style=\"padding-top:60%;\" ><iframe title=\"YouTube video player 1\" src=\"https:\/\/www.youtube.com\/embed\/3VTz7X7eu94?wmode=transparent&autoplay=0\" width=\"600\" height=\"360\" allowfullscreen allow=\"autoplay; clipboard-write; encrypted-media; gyroscope; picture-in-picture;\"><\/iframe><\/div><\/div><\/div><div class=\"fusion-clearfix\"><\/div><\/div><\/div><\/div><\/div><\/p>\n","protected":false},"excerpt":{"rendered":"","protected":false},"author":16,"featured_media":0,"parent":0,"menu_order":4,"comment_status":"closed","ping_status":"closed","template":"","meta":{"_acf_changed":false,"_monsterinsights_skip_tracking":false,"_monsterinsights_sitenote_active":false,"_monsterinsights_sitenote_note":"","_monsterinsights_sitenote_category":0,"footnotes":""},"class_list":["post-3975","page","type-page","status-publish","hentry"],"acf":false,"yoast_head":"<!-- This site is optimized with the Yoast SEO plugin v27.3 - https:\/\/yoast.com\/product\/yoast-seo-wordpress\/ -->\n<title>Birla Carbon Jining: Un caso exitoso en ciernes - Birla Carbon<\/title>\n<meta name=\"robots\" content=\"index, follow, max-snippet:-1, max-image-preview:large, max-video-preview:-1\" \/>\n<link rel=\"canonical\" href=\"https:\/\/www.birlacarbon.com\/es\/birla-carbon-jining-un-caso-exitoso-en-ciernes\/\" \/>\n<meta property=\"og:locale\" content=\"es_ES\" \/>\n<meta property=\"og:type\" content=\"article\" \/>\n<meta property=\"og:title\" content=\"Birla Carbon Jining: Un caso exitoso en ciernes - Birla Carbon\" \/>\n<meta property=\"og:url\" content=\"https:\/\/www.birlacarbon.com\/es\/birla-carbon-jining-un-caso-exitoso-en-ciernes\/\" \/>\n<meta property=\"og:site_name\" content=\"Birla Carbon\" \/>\n<meta property=\"article:modified_time\" content=\"2019-04-17T06:30:25+00:00\" \/>\n<meta property=\"og:image\" content=\"https:\/\/www.birlacarbon.com\/wp-content\/uploads\/2017\/11\/1-300x169.jpg\" \/>\n<meta name=\"twitter:card\" content=\"summary_large_image\" \/>\n<meta name=\"twitter:label1\" content=\"Tiempo de lectura\" \/>\n\t<meta name=\"twitter:data1\" content=\"11 minutos\" \/>\n<!-- \/ Yoast SEO plugin. -->","yoast_head_json":{"title":"Birla Carbon Jining: Un caso exitoso en ciernes - Birla Carbon","robots":{"index":"index","follow":"follow","max-snippet":"max-snippet:-1","max-image-preview":"max-image-preview:large","max-video-preview":"max-video-preview:-1"},"canonical":"https:\/\/www.birlacarbon.com\/es\/birla-carbon-jining-un-caso-exitoso-en-ciernes\/","og_locale":"es_ES","og_type":"article","og_title":"Birla Carbon Jining: Un caso exitoso en ciernes - Birla Carbon","og_url":"https:\/\/www.birlacarbon.com\/es\/birla-carbon-jining-un-caso-exitoso-en-ciernes\/","og_site_name":"Birla Carbon","article_modified_time":"2019-04-17T06:30:25+00:00","og_image":[{"url":"https:\/\/www.birlacarbon.com\/wp-content\/uploads\/2017\/11\/1-300x169.jpg","type":"","width":"","height":""}],"twitter_card":"summary_large_image","twitter_misc":{"Tiempo de lectura":"11 minutos"},"schema":{"@context":"https:\/\/schema.org","@graph":[{"@type":"WebPage","@id":"https:\/\/www.birlacarbon.com\/es\/birla-carbon-jining-un-caso-exitoso-en-ciernes\/","url":"https:\/\/www.birlacarbon.com\/es\/birla-carbon-jining-un-caso-exitoso-en-ciernes\/","name":"Birla Carbon Jining: Un caso exitoso en ciernes - Birla Carbon","isPartOf":{"@id":"https:\/\/www.birlacarbon.com\/es\/#website"},"primaryImageOfPage":{"@id":"https:\/\/www.birlacarbon.com\/es\/birla-carbon-jining-un-caso-exitoso-en-ciernes\/#primaryimage"},"image":{"@id":"https:\/\/www.birlacarbon.com\/es\/birla-carbon-jining-un-caso-exitoso-en-ciernes\/#primaryimage"},"thumbnailUrl":"https:\/\/www.birlacarbon.com\/wp-content\/uploads\/2017\/11\/1-300x169.jpg","datePublished":"2017-11-17T17:21:13+00:00","dateModified":"2019-04-17T06:30:25+00:00","breadcrumb":{"@id":"https:\/\/www.birlacarbon.com\/es\/birla-carbon-jining-un-caso-exitoso-en-ciernes\/#breadcrumb"},"inLanguage":"es","potentialAction":[{"@type":"ReadAction","target":["https:\/\/www.birlacarbon.com\/es\/birla-carbon-jining-un-caso-exitoso-en-ciernes\/"]}]},{"@type":"ImageObject","inLanguage":"es","@id":"https:\/\/www.birlacarbon.com\/es\/birla-carbon-jining-un-caso-exitoso-en-ciernes\/#primaryimage","url":"https:\/\/www.birlacarbon.com\/wp-content\/uploads\/2017\/11\/1-300x169.jpg","contentUrl":"https:\/\/www.birlacarbon.com\/wp-content\/uploads\/2017\/11\/1-300x169.jpg"},{"@type":"BreadcrumbList","@id":"https:\/\/www.birlacarbon.com\/es\/birla-carbon-jining-un-caso-exitoso-en-ciernes\/#breadcrumb","itemListElement":[{"@type":"ListItem","position":1,"name":"Home","item":"https:\/\/www.birlacarbon.com\/es\/"},{"@type":"ListItem","position":2,"name":"Birla Carbon Jining: Un caso exitoso en ciernes"}]},{"@type":"WebSite","@id":"https:\/\/www.birlacarbon.com\/es\/#website","url":"https:\/\/www.birlacarbon.com\/es\/","name":"Birla Carbon","description":"Birla Carbon","publisher":{"@id":"https:\/\/www.birlacarbon.com\/es\/#organization"},"potentialAction":[{"@type":"SearchAction","target":{"@type":"EntryPoint","urlTemplate":"https:\/\/www.birlacarbon.com\/es\/?s={search_term_string}"},"query-input":{"@type":"PropertyValueSpecification","valueRequired":true,"valueName":"search_term_string"}}],"inLanguage":"es"},{"@type":"Organization","@id":"https:\/\/www.birlacarbon.com\/es\/#organization","name":"Birla Carbon","url":"https:\/\/www.birlacarbon.com\/es\/","logo":{"@type":"ImageObject","inLanguage":"es","@id":"https:\/\/www.birlacarbon.com\/es\/#\/schema\/logo\/image\/","url":"https:\/\/www.birlacarbon.com\/wp-content\/uploads\/2017\/01\/aditya-birla-logo-retina.png","contentUrl":"https:\/\/www.birlacarbon.com\/wp-content\/uploads\/2017\/01\/aditya-birla-logo-retina.png","width":190,"height":182,"caption":"Birla Carbon"},"image":{"@id":"https:\/\/www.birlacarbon.com\/es\/#\/schema\/logo\/image\/"}}]}},"_links":{"self":[{"href":"https:\/\/www.birlacarbon.com\/es\/wp-json\/wp\/v2\/pages\/3975","targetHints":{"allow":["GET"]}}],"collection":[{"href":"https:\/\/www.birlacarbon.com\/es\/wp-json\/wp\/v2\/pages"}],"about":[{"href":"https:\/\/www.birlacarbon.com\/es\/wp-json\/wp\/v2\/types\/page"}],"author":[{"embeddable":true,"href":"https:\/\/www.birlacarbon.com\/es\/wp-json\/wp\/v2\/users\/16"}],"replies":[{"embeddable":true,"href":"https:\/\/www.birlacarbon.com\/es\/wp-json\/wp\/v2\/comments?post=3975"}],"version-history":[{"count":0,"href":"https:\/\/www.birlacarbon.com\/es\/wp-json\/wp\/v2\/pages\/3975\/revisions"}],"wp:attachment":[{"href":"https:\/\/www.birlacarbon.com\/es\/wp-json\/wp\/v2\/media?parent=3975"}],"curies":[{"name":"wp","href":"https:\/\/api.w.org\/{rel}","templated":true}]}}