{"id":3983,"date":"2017-12-13T10:48:50","date_gmt":"2017-12-13T10:48:50","guid":{"rendered":"http:\/\/birlacarbon.com\/?page_id=3983\/"},"modified":"2019-06-07T11:26:17","modified_gmt":"2019-06-07T11:26:17","slug":"todd-cottrell","status":"publish","type":"page","link":"https:\/\/www.birlacarbon.com\/es\/sobre-nosotros\/todd-cottrell\/","title":{"rendered":"Todd Cottrell"},"content":{"rendered":"<div class=\"fusion-fullwidth fullwidth-box fusion-builder-row-1 nonhundred-percent-fullwidth non-hundred-percent-height-scrolling cb-interior-main\" style=\"--awb-border-radius-top-left:0px;--awb-border-radius-top-right:0px;--awb-border-radius-bottom-right:0px;--awb-border-radius-bottom-left:0px;--awb-padding-top:5%;--awb-padding-right:5%;--awb-padding-bottom:2%;--awb-padding-left:5%;--awb-border-sizes-top:0px;--awb-border-sizes-bottom:0px;--awb-flex-wrap:wrap;\" ><div class=\"fusion-builder-row fusion-row\"><div class=\"fusion-layout-column fusion_builder_column fusion-builder-column-0 fusion_builder_column_2_3 2_3 fusion-two-third fusion-column-first\" style=\"--awb-padding-top:100px;--awb-padding-right:20px;--awb-padding-bottom:40px;--awb-padding-left:0px;--awb-bg-size:cover;width:65.3333%; margin-right: 4%;\"><div class=\"fusion-column-wrapper fusion-flex-column-wrapper-legacy\"><div class=\"fusion-title title fusion-title-1 fusion-sep-none fusion-title-text fusion-title-size-one\" style=\"--awb-margin-bottom:20px;--awb-margin-top-small:0px;--awb-margin-right-small:0px;--awb-margin-bottom-small:20px;--awb-margin-left-small:0px;\"><h1 class=\"fusion-title-heading title-heading-left fusion-responsive-typography-calculated\" style=\"margin:0;--fontSize:60;line-height:1.25;\"><h1>SOBRE NOSOTROS<\/h1><\/h1><\/div><div class=\"fusion-text fusion-text-1\"><div class=\"cb-super-text\">LIDERAZGO<\/div>\n<\/div><div class=\"fusion-clearfix\"><\/div><\/div><\/div><div class=\"fusion-layout-column fusion_builder_column fusion-builder-column-1 fusion_builder_column_1_1 1_1 fusion-one-full fusion-column-last\" style=\"--awb-bg-size:cover;\"><div class=\"fusion-column-wrapper fusion-flex-column-wrapper-legacy\"><div class=\"fusion-image-element in-legacy-container\" style=\"--awb-caption-title-font-family:var(--h2_typography-font-family);--awb-caption-title-font-weight:var(--h2_typography-font-weight);--awb-caption-title-font-style:var(--h2_typography-font-style);--awb-caption-title-size:var(--h2_typography-font-size);--awb-caption-title-transform:var(--h2_typography-text-transform);--awb-caption-title-line-height:var(--h2_typography-line-height);--awb-caption-title-letter-spacing:var(--h2_typography-letter-spacing);\"><span class=\" fusion-imageframe imageframe-none imageframe-1 hover-type-none\"><img decoding=\"async\" width=\"286\" height=\"302\" title=\"todd-cottrell\" src=\"https:\/\/www.birlacarbon.com\/wp-content\/uploads\/2017\/12\/todd-cottrell.jpg\" alt class=\"img-responsive wp-image-3984\" srcset=\"https:\/\/www.birlacarbon.com\/wp-content\/uploads\/2017\/12\/todd-cottrell-200x211.jpg 200w, https:\/\/www.birlacarbon.com\/wp-content\/uploads\/2017\/12\/todd-cottrell.jpg 286w\" sizes=\"(max-width: 800px) 100vw, 286px\" \/><\/span><\/div><div class=\"fusion-sep-clear\"><\/div><div class=\"fusion-separator fusion-full-width-sep\" style=\"margin-left: auto;margin-right: auto;margin-top:50px;width:100%;\"><\/div><div class=\"fusion-sep-clear\"><\/div><div class=\"fusion-title title fusion-title-2 fusion-sep-none fusion-title-text fusion-title-size-one\" style=\"--awb-margin-bottom:30px;--awb-margin-top-small:0px;--awb-margin-right-small:0px;--awb-margin-bottom-small:20px;--awb-margin-left-small:0px;\"><h1 class=\"fusion-title-heading title-heading-left fusion-responsive-typography-calculated\" style=\"margin:0;--fontSize:60;line-height:1.25;\"><h2>TODD COTTRELL<\/h2><\/h1><\/div><div class=\"fusion-text fusion-text-2\"><p><em>Presidente<br \/>\nNegocio del Norte de Asia y Negros de especialidad<\/em><\/p>\n<p>Todd Cottrell es el Presidente  Negocio del Norte de Asia y Negros de especialidad (SBB) Birla Carbon.En este cargo, el Sr. Cottrell proporciona liderazgo al negocio de Negros de especialidad de Birla Carbon en todo el mundo y liderazgo operativo para la regi\u00f3n del norte de Asia. Operara desde la sede de la Empresa en Atlanta, Georgia, EE. UU. y desde la sede en el norte de Asia en Shangh\u00e1i, China.<\/p>\n<p>El Sr. Cottrell es un l\u00edder reconocido en qu\u00edmicos de especialidad con m\u00e1s de 22 a\u00f1os de experiencia en  creaci\u00f3n de valor para clientes, comercializaci\u00f3n e integraci\u00f3n y mejoras operativas. se uni\u00f3 a Birla Carbon en diciembre 2017.<\/p>\n<p>En este papel, el Sr. Cottrell lidera de manera global el Negocio de Negro de Carbono de Especialidad de Birla Carbon.<\/p>\n<p>Antes de Birla Carbon, el Sr. Cottrell trabaj\u00f3 en la Huntsman Corporation como jefe del negocio de Pigmentos de Color como Director Comercial Global. Previamente, fue Director Global de Recubrimientos, Adhesivos y Sellantes en Kraton Performance Polymers Inc. Durante varios a\u00f1os tambi\u00e9n trabaj\u00f3 en PPG Industries como Director Regional Europeo, Medio Oriente y \u00c1frica, y en Aerospace Chemicals como Presidente Mundial de Recubrimientos Aeroespaciales.<\/p>\n<p>El Sr. Cottrell es titulado en Ingenier\u00eda Qu\u00edmica y Seguridad de Procesos de la Universidad Tecnol\u00f3gica de Michigan y posee un MBA de la Universidad de Duke.<\/p>\n<\/div><div class=\"fusion-widget-area awb-widget-area-element fusion-widget-area-1 fusion-content-widget-area\" style=\"--awb-title-size:22px;--awb-title-color:#000000;--awb-padding:0px 0px 0px 0px;\"><div id=\"text-36\" class=\"widget widget_text\">\t\t\t<div class=\"textwidget\"> <p><a href=\"https:\/\/www.birlacarbon.com\/es\/sobre-nosotros\/#leadership\" class=\"leader-back\">\t&laquo;  Volver a Liderazgo <\/a><\/p><\/div>\n\t\t<\/div><div class=\"fusion-additional-widget-content\"><\/div><\/div><div class=\"fusion-clearfix\"><\/div><\/div><\/div><\/div><\/div>\n","protected":false},"excerpt":{"rendered":"","protected":false},"author":10,"featured_media":0,"parent":3646,"menu_order":0,"comment_status":"closed","ping_status":"closed","template":"100-width.php","meta":{"_acf_changed":false,"_monsterinsights_skip_tracking":false,"_monsterinsights_sitenote_active":false,"_monsterinsights_sitenote_note":"","_monsterinsights_sitenote_category":0,"footnotes":""},"class_list":["post-3983","page","type-page","status-publish","hentry"],"acf":false,"yoast_head":"<!-- This site is optimized with the Yoast SEO plugin v27.3 - https:\/\/yoast.com\/product\/yoast-seo-wordpress\/ -->\n<title>Todd Cottrell - Birla Carbon<\/title>\n<meta name=\"robots\" content=\"index, follow, max-snippet:-1, max-image-preview:large, max-video-preview:-1\" \/>\n<link rel=\"canonical\" href=\"https:\/\/www.birlacarbon.com\/es\/sobre-nosotros\/todd-cottrell\/\" \/>\n<meta property=\"og:locale\" content=\"es_ES\" \/>\n<meta property=\"og:type\" content=\"article\" \/>\n<meta property=\"og:title\" content=\"Todd Cottrell - Birla Carbon\" \/>\n<meta property=\"og:url\" content=\"https:\/\/www.birlacarbon.com\/es\/sobre-nosotros\/todd-cottrell\/\" \/>\n<meta property=\"og:site_name\" content=\"Birla Carbon\" \/>\n<meta property=\"article:modified_time\" content=\"2019-06-07T11:26:17+00:00\" \/>\n<meta name=\"twitter:card\" content=\"summary_large_image\" \/>\n<meta name=\"twitter:label1\" content=\"Tiempo de lectura\" \/>\n\t<meta name=\"twitter:data1\" content=\"3 minutos\" \/>\n<!-- \/ Yoast SEO plugin. -->","yoast_head_json":{"title":"Todd Cottrell - Birla Carbon","robots":{"index":"index","follow":"follow","max-snippet":"max-snippet:-1","max-image-preview":"max-image-preview:large","max-video-preview":"max-video-preview:-1"},"canonical":"https:\/\/www.birlacarbon.com\/es\/sobre-nosotros\/todd-cottrell\/","og_locale":"es_ES","og_type":"article","og_title":"Todd Cottrell - Birla Carbon","og_url":"https:\/\/www.birlacarbon.com\/es\/sobre-nosotros\/todd-cottrell\/","og_site_name":"Birla Carbon","article_modified_time":"2019-06-07T11:26:17+00:00","twitter_card":"summary_large_image","twitter_misc":{"Tiempo de lectura":"3 minutos"},"schema":{"@context":"https:\/\/schema.org","@graph":[{"@type":"WebPage","@id":"https:\/\/www.birlacarbon.com\/es\/sobre-nosotros\/todd-cottrell\/","url":"https:\/\/www.birlacarbon.com\/es\/sobre-nosotros\/todd-cottrell\/","name":"Todd Cottrell - Birla Carbon","isPartOf":{"@id":"https:\/\/www.birlacarbon.com\/es\/#website"},"datePublished":"2017-12-13T10:48:50+00:00","dateModified":"2019-06-07T11:26:17+00:00","breadcrumb":{"@id":"https:\/\/www.birlacarbon.com\/es\/sobre-nosotros\/todd-cottrell\/#breadcrumb"},"inLanguage":"es","potentialAction":[{"@type":"ReadAction","target":["https:\/\/www.birlacarbon.com\/es\/sobre-nosotros\/todd-cottrell\/"]}]},{"@type":"BreadcrumbList","@id":"https:\/\/www.birlacarbon.com\/es\/sobre-nosotros\/todd-cottrell\/#breadcrumb","itemListElement":[{"@type":"ListItem","position":1,"name":"Home","item":"https:\/\/www.birlacarbon.com\/es\/"},{"@type":"ListItem","position":2,"name":"SOBRE NOSOTROS","item":"https:\/\/www.birlacarbon.com\/es\/sobre-nosotros\/"},{"@type":"ListItem","position":3,"name":"Todd Cottrell"}]},{"@type":"WebSite","@id":"https:\/\/www.birlacarbon.com\/es\/#website","url":"https:\/\/www.birlacarbon.com\/es\/","name":"Birla Carbon","description":"Birla Carbon","publisher":{"@id":"https:\/\/www.birlacarbon.com\/es\/#organization"},"potentialAction":[{"@type":"SearchAction","target":{"@type":"EntryPoint","urlTemplate":"https:\/\/www.birlacarbon.com\/es\/?s={search_term_string}"},"query-input":{"@type":"PropertyValueSpecification","valueRequired":true,"valueName":"search_term_string"}}],"inLanguage":"es"},{"@type":"Organization","@id":"https:\/\/www.birlacarbon.com\/es\/#organization","name":"Birla Carbon","url":"https:\/\/www.birlacarbon.com\/es\/","logo":{"@type":"ImageObject","inLanguage":"es","@id":"https:\/\/www.birlacarbon.com\/es\/#\/schema\/logo\/image\/","url":"https:\/\/www.birlacarbon.com\/wp-content\/uploads\/2017\/01\/aditya-birla-logo-retina.png","contentUrl":"https:\/\/www.birlacarbon.com\/wp-content\/uploads\/2017\/01\/aditya-birla-logo-retina.png","width":190,"height":182,"caption":"Birla Carbon"},"image":{"@id":"https:\/\/www.birlacarbon.com\/es\/#\/schema\/logo\/image\/"}}]}},"_links":{"self":[{"href":"https:\/\/www.birlacarbon.com\/es\/wp-json\/wp\/v2\/pages\/3983","targetHints":{"allow":["GET"]}}],"collection":[{"href":"https:\/\/www.birlacarbon.com\/es\/wp-json\/wp\/v2\/pages"}],"about":[{"href":"https:\/\/www.birlacarbon.com\/es\/wp-json\/wp\/v2\/types\/page"}],"author":[{"embeddable":true,"href":"https:\/\/www.birlacarbon.com\/es\/wp-json\/wp\/v2\/users\/10"}],"replies":[{"embeddable":true,"href":"https:\/\/www.birlacarbon.com\/es\/wp-json\/wp\/v2\/comments?post=3983"}],"version-history":[{"count":0,"href":"https:\/\/www.birlacarbon.com\/es\/wp-json\/wp\/v2\/pages\/3983\/revisions"}],"up":[{"embeddable":true,"href":"https:\/\/www.birlacarbon.com\/es\/wp-json\/wp\/v2\/pages\/3646"}],"wp:attachment":[{"href":"https:\/\/www.birlacarbon.com\/es\/wp-json\/wp\/v2\/media?parent=3983"}],"curies":[{"name":"wp","href":"https:\/\/api.w.org\/{rel}","templated":true}]}}