{"id":4692,"date":"2017-10-11T12:47:00","date_gmt":"2017-10-11T12:47:00","guid":{"rendered":"http:\/\/specialtyblack.staging.wpengine.com\/terminos-y-condiciones\/"},"modified":"2017-10-11T12:47:00","modified_gmt":"2017-10-11T12:47:00","slug":"terminos-y-condiciones-2","status":"publish","type":"page","link":"https:\/\/www.birlacarbon.com\/es\/terminos-y-condiciones-2\/","title":{"rendered":"T\u00c9RMINOS Y CONDICIONES"},"content":{"rendered":"<div class=\"fusion-fullwidth fullwidth-box fusion-builder-row-1 nonhundred-percent-fullwidth non-hundred-percent-height-scrolling cb-interior-main\" style=\"--awb-border-radius-top-left:0px;--awb-border-radius-top-right:0px;--awb-border-radius-bottom-right:0px;--awb-border-radius-bottom-left:0px;--awb-padding-top:5%;--awb-padding-right:5%;--awb-padding-bottom:2%;--awb-padding-left:5%;--awb-border-sizes-top:0px;--awb-border-sizes-bottom:0px;--awb-flex-wrap:wrap;\" ><div class=\"fusion-builder-row fusion-row\"><div class=\"fusion-layout-column fusion_builder_column fusion-builder-column-0 fusion_builder_column_2_3 2_3 fusion-two-third fusion-column-first\" style=\"--awb-padding-top:100px;--awb-padding-right:20px;--awb-padding-bottom:0px;--awb-padding-left:40px;--awb-bg-size:cover;--awb-margin-bottom:0px;width:65.3333%; margin-right: 4%;\"><div class=\"fusion-column-wrapper fusion-flex-column-wrapper-legacy\"><div class=\"fusion-title title fusion-title-1 fusion-sep-none fusion-title-text fusion-title-size-one\" style=\"--awb-margin-bottom:20px;--awb-margin-top-small:0px;--awb-margin-right-small:0px;--awb-margin-bottom-small:20px;--awb-margin-left-small:0px;\"><h1 class=\"fusion-title-heading title-heading-left fusion-responsive-typography-calculated\" style=\"margin:0;--fontSize:60;line-height:1.25;\"><h2><strong>T\u00c9RMINOS Y CONDICIONES DE USO DEL SITIO WEB DE BIRLA CARBON <\/strong><\/h2>\n<h2 class=\"p1\"><\/h2><\/h1><\/div><div class=\"fusion-clearfix\"><\/div><\/div><\/div><div class=\"fusion-layout-column fusion_builder_column fusion-builder-column-1 fusion_builder_column_1_1 1_1 fusion-one-full fusion-column-last\" style=\"--awb-padding-top:40px;--awb-padding-right:40px;--awb-padding-bottom:70px;--awb-padding-left:40px;--awb-bg-size:cover;\"><div class=\"fusion-column-wrapper fusion-flex-column-wrapper-legacy\"><div class=\"fusion-text fusion-text-1\"><h2><span class=\"s1\">COPYRIGHT Y AVISO LEGAL<br \/>\n<\/span><\/h2>\n<p>\u00a9 Copyright 2004, 2017, Columbian Chemicals Company d\/b\/a Birla Carbon. Todos los derechos reservados.<\/p>\n<p>Las empresas Birla Carbon son de propiedad deAditya Birla Group. El sitio web de Birla Carbon puede proporcionar informaci\u00f3n detallada sobre el negocio de Birla Carbon, y sus programas e iniciativas clave. Hemos incluido informaci\u00f3n sobre la historia de la empresa, nuestros productos y su distribuci\u00f3n, nuestras iniciativas para proteger el medio ambiente, y nuestro compromiso con la comunidad y con nuestra gente.<\/p>\n<p>&nbsp;<\/p>\n<h2 class=\"gray\">T\u00c9RMINOS Y CONDICIONES DE USO DEL SITIO WEB<\/h2>\n<p>T\u00e9rminos y Condiciones de Uso del Sitio Web de Birla Carbon<\/p>\n<h2 class=\"gray\">ACEPTACI\u00d3N DE T\u00c9RMINOS<\/h2>\n<p>Estos t\u00e9rminos y condiciones regir\u00e1n el uso de nuestro sitio web. Al navegar, visualizar, utilizar o acceder a este sitio web usted est\u00e1 de acuerdo y acepta que ha le\u00eddo, comprendido, y que acepta que cumplir\u00e1 con estos t\u00e9rminos y condiciones por completo. Tambi\u00e9n acepta cumplir con todas las leyes y regulaciones aplicables, incluyendo cualquier ley y regulaci\u00f3n de control de exportaci\u00f3n y reexportaci\u00f3n aplicable de los Estados Unidos. Este sitio web no debe ser utilizado si no acepta cumplir con estos t\u00e9rminos. Birla Carbon podr\u00e1 revisar estos T\u00e9rminos y Condiciones de Uso unilateralmente de tiempo en tiempo, y mediante el presente usted renuncia a cualquier derecho que podr\u00eda de otra manera tener para ser notificado, o consentir con, revisiones de estos T\u00e9rminos y Condiciones de Uso. Por lo tanto, por favor revise estos T\u00e9rminos y Condiciones de Uso regularmente para asegurar que usted est\u00e1 familiarizado con la \u00faltima versi\u00f3n.<\/p>\n<h2 class=\"gray\">LICENCIA DE COPIA \u00daNICA <\/h2>\n<p>El contenido de este sitio web tiene protecci\u00f3n de derecho de autor bajo las leyes de los Estados Unidos y est\u00e1 protegido por leyes mundiales de derecho de autor y disposiciones de tratado. Columbian Chemicals Company d\/b\/a Birla Carbon es el propietario de los derechos de propiedad intelectual en este sitio web y del material en el mismo. No se puede modificar, copiar, distribuir, transmitir, visualizar, realizar, reproducir, publicar, licenciar, crear trabajos derivados de, transferir, o vender, o de cualquier otra manera explotar para un prop\u00f3sito comercial cualquier informaci\u00f3n, software, producto o servicio obtenido de este sitio web sin el permiso escrito de Birla Carbon. Solo se puede descargar una copia de los materiales en este sitio a un solo computador y s\u00f3lo para su uso personal, interno y no-comercial. Esta es una licencia de una sola copia y de un solo uso, no una transferencia de t\u00edtulo, y esta licencia est\u00e1 sujeta a las restricciones indicadas dentro de los T\u00e9rminos y Condiciones de Uso. Adem\u00e1s de las anteriormente indicadas restricciones, no se pueden modificar los materiales, utilizarlos para cualquier prop\u00f3sito comercial, mostrarlos p\u00fablicamente, o remover cualquier derecho de autor u otra notificaci\u00f3n de propiedad de ellos. No se puede perturbar, modificar o interferir con este sitio web o su software, hardware o servidores asociados, ni impedir o interferir con el uso que otros hagan del sitio web. Adem\u00e1s, no se puede alterar o manipular la informaci\u00f3n o materiales en, o asociados con, el sitio web. Tampoco se puede intentar copiar, adaptar, decodificar, descompilar o realizar ingenier\u00eda inversa al software contenido en este sitio web, o el c\u00f3digo HTML, o cualquier otro c\u00f3digo utilizado para generar este sitio web, o tomar cualquier acci\u00f3n que cause, o podr\u00eda causar, da\u00f1o al sitio web o perjudicar el rendimiento, la disponibilidad o accesibilidad del mismo. Todo el material en este sitio web es exclusivamente proporcionado para prop\u00f3sitos legales y no se puede utilizar este sitio web en ninguna manera ilegal, fuera de la ley, fraudulenta o maliciosa, o en conexi\u00f3n con cualquier actividad ilegal, fuera de la ley, fraudulenta o maliciosa.  No se debe utilizar este sitio web para copiar, almacenar, hospedar, transmitir, enviar, utilizar, publicar o distribuir cualquier material que consiste de (o est\u00e1 relacionado con) cualquier spyware, virus computacional, caballo de Troya, gusano, registro de pulsaciones de tecleado, rootkit u otro software malicioso. No se deben utilizar los datos recolectados del sitio web para ninguna actividad de marketing directo (incluyendo, pero no limitado a, marketing por correo electr\u00f3nico, marketing por SMS, telemarketing y correo directo).  El incumplimiento de cualquiera de los T\u00e9rminos y Condiciones de Uso har\u00e1 que esta licencia termine autom\u00e1ticamente y que Birla Carbon busque obtener compensaci\u00f3n. Birla Carbon podr\u00e1 terminar esta licencia en cualquier momento y sin notificaci\u00f3n por cualquier raz\u00f3n. Este acuerdo puede ser terminado mediante la destrucci\u00f3n del material obtenido de este sitio web. Todo el material descargado u obtenido de este sitio web debe ser destruido inmediatamente una vez que esta licencia haya terminado por cualquier raz\u00f3n. El uso no autorizado de materiales de este sitio podr\u00eda violar leyes de derecho de autor, derechos de marcas, las leyes de privacidad y publicidad, regulaciones o estatutos de comunicaciones, u otras leyes, reglas o regulaciones aplicables, y exponerlo a penalidades criminales y\/o responsabilidad civil.<\/p>\n<h2 class=\"gray\">SITIOS ESPEJO<\/h2>\n<p>No se pueden crear espejos de cualquier parte de este sitio web, o cualquier material contenido en este sitio web o en cualquier servidor o computador sin el permiso escrito de Birla Carbon.<\/p>\n<h2 class=\"gray\">DERECHOS RESTRINGIDOS DEL GOBIERNO DE LOS ESTADOS UNIDOS<\/h2>\n<p>El material en este sitio web cuenta con \u201cDERECHOS RESTRINGIDOS\u201d. El uso, duplicado o divulgaci\u00f3n por el Gobierno est\u00e1 sujeto a restricciones seg\u00fan lo indicado dentro de estos T\u00e9rminos y Condiciones de Uso y en leyes y regulaciones aplicables, incluyendo FAR 52.227-14 Y DFAR 252.227-7013, et seq. El uso de este sitio web por el Gobierno constituye el reconocimiento y la aceptaci\u00f3n de los derechos de propiedad de Birla Carbon del material en este sitio web<\/p>\n<h2 class=\"gray\">MARCAS REGISTRADAS<\/h2>\n<p>Las marcas registradas, marcas de servicio y logos utilizados y mostrados en este sitio son marcas registradas y no registradas del Birla Carbon y otros. El logo de Aditya Birla \u2013 Birla Carbon es una marca registrada de Aditya Birla Management Corporation Pvt. Ltd. de la India. Las siguientes son marcas registradas de una de las empresas afiliadas de Birla Carbon: Conductex, Furnex, Statex, Raven, y Ultra est\u00e1n registradas en los Estados Unidos y diferentes pa\u00edses extranjeros. Columbian Chemicals Canada Ltd., Columbian Tiszai Carbon Limited; Columbian Carbon Europa S.r.L.; Columbian Chemicals Korea Co., Ltd., Columbian Chemicals Company, Alexandria Carbon Black Company S.A.E., Thai Carbon Black Public Co. Ltd., e Indigold Carbon (los Pa\u00edses Bajos) B.V., han cada uno registrado sus nombres y logos en sus respectivos pa\u00edses de operaci\u00f3n. Otras marcas registradas referenciadas en este sitio web son marcas registradas en uno o m\u00e1s pa\u00edses extranjeros. Sin el permiso escrito expl\u00edcito de Birla Carbon usted no cuenta ni expresamente ni por implicancia, impedimento o de otra manera, ninguna licencia o derecho de utilizar cualquier marca registrada, marca de servicio o logo mostrado en este sitio. Usted acepta indemnizar, defender y liberar de toda responsabilidad a Birla Carbon y todos sus oficiales, directores, due\u00f1os, empleados, agentes, proveedores de informaci\u00f3n, afiliados, socios y licenciantes de, y contra, cualquier responsabilidad, p\u00e9rdida, costo y gasto (incluyendo honorarios de abogados y cualquier monto pagado por empresas Birla Carbon a terceros en acuerdos de reclamaciones o disputas seg\u00fan el consejo de los asesores legales de Birla Carbon) que hayan sido incurridos por cualquier parte en conexi\u00f3n con cualquier reclamaci\u00f3n incluyendo reclamaciones de infracci\u00f3n de derechos de autor relacionados con el uso de este sitio web, relacionados con cualquier incumplimiento o reclamaci\u00f3n de incumplimiento por usted de cualquier disposici\u00f3n de estos T\u00e9rminos y Condiciones de Uso, o su violaci\u00f3n de los derechos de cualquier persona o entidad. Birla Carbon se reserva el derecho, a sus propios costos, de asumir la defensa y control exclusivo de cualquier tema para el cu\u00e1l usted debe indemnizarnos, y usted acepta cooperar con nuestra defensa de estas reclamaciones.<\/p>\n<p>Toda otra marca registrada es la propiedad de sus respectivos due\u00f1os.<\/p>\n<h2 class=\"gray\">PRESENTACIONES A BIRLA CARBON<\/h2>\n<p>Toda informaci\u00f3n comunicada a Birla Carbon a trav\u00e9s de este u otro sitio web se convierte en propiedad exclusiva de Birla Carbon, adquiriendo el derecho de utilizar toda informaci\u00f3n por cualquier motivo sin restricci\u00f3n o compensaci\u00f3n a persona alguna.  Usted otorga a Birla Carbon una licencia irrevocable, no-exclusiva y sin regal\u00edas para utilizar, reproducir, adaptar, publicar, traducir y distribuir su contenido de usuario en cualquier medio existente o futuro.  Usted tambi\u00e9n le otorga a Birla Carbon el derecho de sub-licenciar estos derechos, y el derecho de entablar cualquier acci\u00f3n por incumplimiento de estos derechos. Su \u201ccontenido de usuario\u201d se refiere a material (incluyendo, pero no limitado a, texto, im\u00e1genes, material de audio, material visual, y material audiovisual) que usted presenta en este sitio web por cualquier prop\u00f3sito.<\/p>\n<h2 class=\"gray\">RENUNCIA DE GARANT\u00cdA<\/h2>\n<p>Este sitio web y el material en este sitio web es proporcionado \u201cas is\u201d sin ninguna representaci\u00f3n ni garant\u00eda de ning\u00fan tipo, sea expl\u00edcita o impl\u00edcita. En la medida de lo posible, y bajo toda ley aplicable, Birla Carbon rechaza toda garant\u00eda, expresada, implicada o estatutaria, incluyendo garant\u00edas de comerciabilidad y adecuaci\u00f3n implicada para un prop\u00f3sito espec\u00edfico, y la no-infracci\u00f3n u otra violaci\u00f3n de derechos. Birla Carbon no garantiza ni hace ninguna representaci\u00f3n relacionada con el uso, la validez, precisi\u00f3n o confiabilidad de los materiales en sitio web. Sin limitaci\u00f3n de lo anterior, Birla Carbon no garantiza que: este sitio web estar\u00e1 constantemente disponible o simplemente disponible; ni que la informaci\u00f3n en este sitio web sea completa, ver\u00eddica, precisa o no enga\u00f1osa. Nada en este sitio web constituye, o pretende ser constitutivo de, consejo de ning\u00fan tipo. La intenci\u00f3n de declaraciones relacionadas con el posible uso de productos Birla Carbon no es de ser recomendaciones para usar aquellos productos en la violaci\u00f3n de cualquier patente.<\/p>\n<h2 class=\"gray\">LIMITACI\u00d3N DE RESPONSABILIDAD<\/h2>\n<p>Under no circumstances will Birla Carbon be liable for any direct, indirect, special, incidental, consequential, or other damages, including loss of programs, loss of data, loss of use of computer or other systems, or lost profits, in relation or arising from the contents of, your use or your inability to use, or otherwise in connection with,  this website. Some states do not allow the exclusion or limitation of incidental or consequential damages, so the above limitation or exclusion may not apply to you.<\/p>\n<p>Al usar este sitio web usted acepta que las exclusiones y limitaciones de responsabilidad establecidas en estos T\u00e9rminos y Condiciones de Uso son razonables. Este sitio web no debe ser utilizado si no piensa que son razonables.<\/p>\n<h2 class=\"gray\">ERRORES<\/h2>\n<p>El material en este sitio web podr\u00eda contener errores t\u00e9cnicos y otras inexactitudes, omisiones, o errores tipogr\u00e1ficos, y Birla Carbon no asume ninguna responsabilidad sobre estos. Use este sitio web bajo su propio riesgo. El material podr\u00eda ser cambiado o actualizado sin previo aviso.<\/p>\n<h2 class=\"gray\">OTROS SITIOS<\/h2>\n<p>Birla Carbon no realiza ninguna representaci\u00f3n sobre ning\u00fan otro sitio web que usted pueda acceder a trav\u00e9s de este sitio web. Al acceder a un sitio web diferente al de Birla Carbon, usted est\u00e1 accediendo a un sitio web independiente sobre el cu\u00e1l Birla Carbon no tiene control ni responsabilidad, y lo hace bajo su propio riesgo. La presencia de enlaces a sitios web diferentes al del Birla Carbon en este sitio web no significa que Birla Carbon aprueba o acepta cualquier responsabilidad para el contenido o uso de esos sitios web. Birla Carbon est\u00e1 proporcionando estos enlaces exclusivamente para su conveniencia y la inclusi\u00f3n de cualquier enlace no implica la aprobaci\u00f3n del sitio web enlazado.<\/p>\n<h2 class=\"gray\">UBICACI\u00d3N DE OPERACI\u00d3N<\/h2>\n<p>Este sitio web es operado desde el Estado de Georgia, Estados Unidos de Am\u00e9rica, y Birla Carbon no hace ninguna representaci\u00f3n de que el contenido proporcionado es aplicable o apropiado para ser utilizado en otras ubicaciones. El uso de este sitio web no responsabiliza a Birla Carbon ante ning\u00fan proceso judicial ni a la jurisdicci\u00f3n de ninguna corta ni ning\u00fan tribunal en su jurisdicci\u00f3n o ubicaci\u00f3n. <\/p>\n<h2 class=\"gray\">CUMPLIMIENTO DE LOS T\u00c9RMINOS DE USO<\/h2>\n<p>Estos t\u00e9rminos y condiciones son regidos por, y deben ser interpretados seg\u00fan, las leyes del Estado de Georgia, Estados Unidos de Am\u00e9rica, no obstante, cualquier principio relacionado con conflictos legales. El hecho que Birla Carbon no aplique cualquier derecho otorgado por estos T\u00e9rminos y Condiciones de Uso o por las leyes no debe ser considerado como una renuncia a su derecho de aplicar cualquier otro derecho o de tomar alguna acci\u00f3n en respuesta a un futuro incumplimiento de estos T\u00e9rminos y Condiciones de Uso o su violaci\u00f3n de la ley. Ninguna renuncia de cualquier derecho entregado a Birla Carbon bajo estos T\u00e9rminos y Condiciones de Uso es efectiva a menos que sea indicado por escrito y firmado por un representante autorizado de Birla Carbon. Si una disposici\u00f3n de estos T\u00e9rminos y Condiciones de Uso es considerado inaplicable, entonces dicha disposici\u00f3n podr\u00e1 ser aplicada el m\u00e1ximo permitido por la ley, o podr\u00e1 ser considerada excluida. Cualquier disposici\u00f3n inaplicable no invalida cualquier otra disposici\u00f3n de estos T\u00e9rminos y Condiciones de Uso.<\/p>\n<h2 class=\"gray\">SEPARABILIDAD<\/h2>\n<p>Si una disposici\u00f3n de estos t\u00e9rminos y condiciones es determinada por cualquier corte u otra autoridad competente ilegal y\/o inaplicable, las otras disposiciones continuar\u00e1n en efecto.  Si cualquier disposici\u00f3n ilegal y\/o inaplicable es considerada legal o aplicable si parte de dicha disposici\u00f3n fuera eliminada, dicha parte ser\u00e1 considerada como eliminada y el resto de la disposici\u00f3n continuar\u00e1 en efecto.<\/p>\n<\/div><div class=\"fusion-clearfix\"><\/div><\/div><\/div><\/div><\/div>\n","protected":false},"excerpt":{"rendered":"","protected":false},"author":17,"featured_media":0,"parent":0,"menu_order":4,"comment_status":"closed","ping_status":"closed","template":"100-width.php","meta":{"_acf_changed":false,"_monsterinsights_skip_tracking":false,"_monsterinsights_sitenote_active":false,"_monsterinsights_sitenote_note":"","_monsterinsights_sitenote_category":0,"footnotes":""},"class_list":["post-4692","page","type-page","status-publish","hentry"],"acf":false,"yoast_head":"<!-- This site is optimized with the Yoast SEO plugin v27.3 - https:\/\/yoast.com\/product\/yoast-seo-wordpress\/ -->\n<title>T\u00c9RMINOS Y CONDICIONES - Birla Carbon<\/title>\n<meta name=\"robots\" content=\"index, follow, max-snippet:-1, max-image-preview:large, max-video-preview:-1\" \/>\n<link rel=\"canonical\" href=\"https:\/\/www.birlacarbon.com\/es\/terminos-y-condiciones-2\/\" \/>\n<meta property=\"og:locale\" content=\"es_ES\" \/>\n<meta property=\"og:type\" content=\"article\" \/>\n<meta property=\"og:title\" content=\"T\u00c9RMINOS Y CONDICIONES - Birla Carbon\" \/>\n<meta property=\"og:url\" content=\"https:\/\/www.birlacarbon.com\/es\/terminos-y-condiciones-2\/\" \/>\n<meta property=\"og:site_name\" content=\"Birla Carbon\" \/>\n<meta name=\"twitter:card\" content=\"summary_large_image\" \/>\n<meta name=\"twitter:label1\" content=\"Tiempo de lectura\" \/>\n\t<meta name=\"twitter:data1\" content=\"13 minutos\" \/>\n<!-- \/ Yoast SEO plugin. -->","yoast_head_json":{"title":"T\u00c9RMINOS Y CONDICIONES - Birla Carbon","robots":{"index":"index","follow":"follow","max-snippet":"max-snippet:-1","max-image-preview":"max-image-preview:large","max-video-preview":"max-video-preview:-1"},"canonical":"https:\/\/www.birlacarbon.com\/es\/terminos-y-condiciones-2\/","og_locale":"es_ES","og_type":"article","og_title":"T\u00c9RMINOS Y CONDICIONES - Birla Carbon","og_url":"https:\/\/www.birlacarbon.com\/es\/terminos-y-condiciones-2\/","og_site_name":"Birla Carbon","twitter_card":"summary_large_image","twitter_misc":{"Tiempo de lectura":"13 minutos"},"schema":{"@context":"https:\/\/schema.org","@graph":[{"@type":"WebPage","@id":"https:\/\/www.birlacarbon.com\/es\/terminos-y-condiciones-2\/","url":"https:\/\/www.birlacarbon.com\/es\/terminos-y-condiciones-2\/","name":"T\u00c9RMINOS Y CONDICIONES - Birla Carbon","isPartOf":{"@id":"https:\/\/www.birlacarbon.com\/es\/#website"},"datePublished":"2017-10-11T12:47:00+00:00","breadcrumb":{"@id":"https:\/\/www.birlacarbon.com\/es\/terminos-y-condiciones-2\/#breadcrumb"},"inLanguage":"es","potentialAction":[{"@type":"ReadAction","target":["https:\/\/www.birlacarbon.com\/es\/terminos-y-condiciones-2\/"]}]},{"@type":"BreadcrumbList","@id":"https:\/\/www.birlacarbon.com\/es\/terminos-y-condiciones-2\/#breadcrumb","itemListElement":[{"@type":"ListItem","position":1,"name":"Home","item":"https:\/\/www.birlacarbon.com\/es\/"},{"@type":"ListItem","position":2,"name":"T\u00c9RMINOS Y CONDICIONES"}]},{"@type":"WebSite","@id":"https:\/\/www.birlacarbon.com\/es\/#website","url":"https:\/\/www.birlacarbon.com\/es\/","name":"Birla Carbon","description":"Birla Carbon","publisher":{"@id":"https:\/\/www.birlacarbon.com\/es\/#organization"},"potentialAction":[{"@type":"SearchAction","target":{"@type":"EntryPoint","urlTemplate":"https:\/\/www.birlacarbon.com\/es\/?s={search_term_string}"},"query-input":{"@type":"PropertyValueSpecification","valueRequired":true,"valueName":"search_term_string"}}],"inLanguage":"es"},{"@type":"Organization","@id":"https:\/\/www.birlacarbon.com\/es\/#organization","name":"Birla Carbon","url":"https:\/\/www.birlacarbon.com\/es\/","logo":{"@type":"ImageObject","inLanguage":"es","@id":"https:\/\/www.birlacarbon.com\/es\/#\/schema\/logo\/image\/","url":"https:\/\/www.birlacarbon.com\/wp-content\/uploads\/2017\/01\/aditya-birla-logo-retina.png","contentUrl":"https:\/\/www.birlacarbon.com\/wp-content\/uploads\/2017\/01\/aditya-birla-logo-retina.png","width":190,"height":182,"caption":"Birla Carbon"},"image":{"@id":"https:\/\/www.birlacarbon.com\/es\/#\/schema\/logo\/image\/"}}]}},"_links":{"self":[{"href":"https:\/\/www.birlacarbon.com\/es\/wp-json\/wp\/v2\/pages\/4692","targetHints":{"allow":["GET"]}}],"collection":[{"href":"https:\/\/www.birlacarbon.com\/es\/wp-json\/wp\/v2\/pages"}],"about":[{"href":"https:\/\/www.birlacarbon.com\/es\/wp-json\/wp\/v2\/types\/page"}],"author":[{"embeddable":true,"href":"https:\/\/www.birlacarbon.com\/es\/wp-json\/wp\/v2\/users\/17"}],"replies":[{"embeddable":true,"href":"https:\/\/www.birlacarbon.com\/es\/wp-json\/wp\/v2\/comments?post=4692"}],"version-history":[{"count":0,"href":"https:\/\/www.birlacarbon.com\/es\/wp-json\/wp\/v2\/pages\/4692\/revisions"}],"wp:attachment":[{"href":"https:\/\/www.birlacarbon.com\/es\/wp-json\/wp\/v2\/media?parent=4692"}],"curies":[{"name":"wp","href":"https:\/\/api.w.org\/{rel}","templated":true}]}}