{"id":7255,"date":"2020-05-13T20:22:50","date_gmt":"2020-05-13T20:22:50","guid":{"rendered":"https:\/\/birlastaging.wpengine.com\/raven-blog\/"},"modified":"2024-05-23T14:53:35","modified_gmt":"2024-05-23T14:53:35","slug":"birla-carbon-blog","status":"publish","type":"page","link":"https:\/\/www.birlacarbon.com\/es\/birla-carbon-blog\/","title":{"rendered":"Birla Carbon Blog"},"content":{"rendered":"<p><div class=\"fusion-fullwidth fullwidth-box fusion-builder-row-1 nonhundred-percent-fullwidth non-hundred-percent-height-scrolling\" style=\"--awb-background-position:left top;--awb-border-sizes-top:0px;--awb-border-sizes-bottom:0px;--awb-border-sizes-left:0px;--awb-border-sizes-right:0px;--awb-border-radius-top-left:0px;--awb-border-radius-top-right:0px;--awb-border-radius-bottom-right:0px;--awb-border-radius-bottom-left:0px;--awb-padding-top:30px;--awb-padding-bottom:30px;--awb-flex-wrap:wrap;\" ><div class=\"fusion-builder-row fusion-row\"><div class=\"fusion-layout-column fusion_builder_column fusion-builder-column-0 fusion_builder_column_1_1 1_1 fusion-one-full fusion-column-first fusion-column-last\" style=\"--awb-bg-size:cover;--awb-margin-bottom:0px;\"><div class=\"fusion-column-wrapper fusion-flex-column-wrapper-legacy\"><div style=\"margin-top:60px;\">\n\u00a0\n<\/div><div class=\"fusion-clearfix\"><\/div><\/div><\/div><\/div><\/div><div class=\"fusion-fullwidth fullwidth-box fusion-builder-row-2 fusion-parallax-none nonhundred-percent-fullwidth non-hundred-percent-height-scrolling blog-archive-container\" style=\"--awb-background-position:center bottom;--awb-background-blend-mode:lighten;--awb-border-sizes-top:0px;--awb-border-sizes-bottom:0px;--awb-border-sizes-left:0px;--awb-border-sizes-right:0px;--awb-border-radius-top-left:0px;--awb-border-radius-top-right:0px;--awb-border-radius-bottom-right:0px;--awb-border-radius-bottom-left:0px;--awb-padding-top:5%;--awb-padding-right:5%;--awb-padding-bottom:2%;--awb-padding-left:5%;--awb-background-image:url(&quot;https:\/\/www.birlacarbon.com\/wp-content\/uploads\/2020\/05\/hero_blog.jpg&quot;);--awb-background-size:cover;--awb-flex-wrap:wrap;\" ><div class=\"fusion-builder-row fusion-row\"><div class=\"fusion-layout-column fusion_builder_column fusion-builder-column-1 fusion_builder_column_1_2 1_2 fusion-one-half fusion-column-first m-t-30\" style=\"--awb-padding-top:20px;--awb-padding-right:20px;--awb-padding-bottom:40px;--awb-padding-left:40px;--awb-bg-color:rgba(0,144,180,0.66);--awb-bg-color-hover:rgba(0,144,180,0.66);--awb-bg-size:cover;width:48%; margin-right: 4%;\"><div class=\"fusion-column-wrapper fusion-column-has-shadow fusion-flex-column-wrapper-legacy\"><div class=\"fusion-title title fusion-title-1 fusion-sep-none fusion-title-text fusion-title-size-one\" style=\"--awb-margin-bottom:20px;--awb-margin-top-small:0px;--awb-margin-right-small:0px;--awb-margin-bottom-small:20px;--awb-margin-left-small:0px;\"><h1 class=\"fusion-title-heading title-heading-left fusion-responsive-typography-calculated\" style=\"margin:0;--fontSize:60;line-height:1.25;\"><span style=\"color: #ffffff;\"><strong>BIRLA CARBON BLOG<\/strong><\/span><\/h1><\/div><div class=\"fusion-text fusion-text-1\"><div class=\"cb-main-text\">\n<p>DE TODO LO RELACIONADO<br \/>\nCON EL NEGRO DE HUMO<\/p>\n<\/div>\n<\/div><div class=\"fusion-clearfix\"><\/div><\/div><\/div><\/div><\/div><div class=\"fusion-fullwidth fullwidth-box fusion-builder-row-3 nonhundred-percent-fullwidth non-hundred-percent-height-scrolling\" style=\"--awb-border-radius-top-left:0px;--awb-border-radius-top-right:0px;--awb-border-radius-bottom-right:0px;--awb-border-radius-bottom-left:0px;--awb-padding-top:0px;--awb-padding-bottom:0px;--awb-margin-top:25px;--awb-margin-bottom:25px;--awb-flex-wrap:wrap;\" ><div class=\"fusion-builder-row fusion-row\"><div class=\"fusion-layout-column fusion_builder_column fusion-builder-column-2 fusion_builder_column_1_1 1_1 fusion-one-full fusion-column-first fusion-column-last\" style=\"--awb-bg-size:cover;--awb-margin-bottom:0px;\"><div class=\"fusion-column-wrapper fusion-flex-column-wrapper-legacy\"><div class=\"fusion-title title fusion-title-2 fusion-sep-none fusion-title-text fusion-title-size-two\" style=\"--awb-margin-bottom:10px;--awb-margin-top-small:0px;--awb-margin-right-small:0px;--awb-margin-bottom-small:20px;--awb-margin-left-small:0px;\"><h2 class=\"fusion-title-heading title-heading-left fusion-responsive-typography-calculated\" style=\"margin:0;--fontSize:46;line-height:1.25;\">PUBLICACI\u00d3N DESTACADA<\/h2><\/div><div class=\"fusion-clearfix\"><\/div><\/div><\/div><\/div><\/div><div class=\"fusion-fullwidth fullwidth-box fusion-builder-row-4 fusion-parallax-none nonhundred-percent-fullwidth non-hundred-percent-height-scrolling\" style=\"--awb-border-radius-top-left:0px;--awb-border-radius-top-right:0px;--awb-border-radius-bottom-right:0px;--awb-border-radius-bottom-left:0px;--awb-padding-top:20px;--awb-padding-bottom:60px;--awb-margin-top:0px;--awb-margin-bottom:0px;--awb-background-image:url(&quot;https:\/\/www.birlacarbon.com\/wp-content\/uploads\/2018\/09\/Ensure-Your-Compound-Comes-Out-Right-Seven-Common-Mistakes-to-Avoid-1024x683.jpg&quot;);--awb-background-size:cover;--awb-flex-wrap:wrap;\" ><div class=\"fusion-builder-row fusion-row\"><div class=\"fusion-layout-column fusion_builder_column fusion-builder-column-3 fusion_builder_column_1_1 1_1 fusion-one-full fusion-column-first fusion-column-last\" style=\"--awb-bg-size:cover;--awb-margin-bottom:0px;\"><div class=\"fusion-column-wrapper fusion-column-has-shadow fusion-flex-column-wrapper-legacy\"><div class=\"fusion-blog-shortcode fusion-blog-shortcode-1 fusion-blog-archive fusion-blog-layout-grid-wrapper fusion-blog-no fusion-blog-no-images\"><style type=\"text\/css\">.fusion-blog-shortcode-1 .fusion-blog-layout-grid .fusion-post-grid{padding:20px;}.fusion-blog-shortcode-1 .fusion-posts-container{margin-left: -20px !important; margin-right:-20px !important;}<\/style><div class=\"fusion-posts-container fusion-posts-container-no fusion-no-meta-info fusion-blog-layout-grid fusion-blog-layout-grid-1 isotope\" data-pages=\"15\" data-grid-col-space=\"40\" style=\"margin: -20px -20px 0;min-height:500px;\"><article id=\"blog-1-post-10239\" class=\"fusion-post-grid post-10239 post type-post status-publish format-standard has-post-thumbnail hentry category-raven-blog-plastics-es\">\n<div class=\"fusion-post-wrapper\" style=\"background-color:rgba(255,255,255,1);border:1px solid #ebeaea;border-bottom-width:3px;\"><div class=\"fusion-post-content-wrapper\" style=\"padding:30px 25px 20px 25px;\"><div class=\"fusion-post-content post-content\"><h2 class=\"blog-shortcode-post-title entry-title\"><a href=\"https:\/\/www.birlacarbon.com\/es\/mejora-del-rendimiento-de-las-baterias-de-iones-de-litio-con-carbones-conductores\/\">Mejora del rendimiento de las bater\u00edas de iones de litio con carbones conductores<\/a><\/h2><div class=\"fusion-post-content-container\"><p>Comercializadas por primera vez a principios de la d\u00e9cada de 1990, las bater\u00edas de iones de litio se han convertido desde entonces en una parte integral de la vida moderna. Los dispositivos electr\u00f3nicos port\u00e1tiles, como tel\u00e9fonos m\u00f3viles, computadoras port\u00e1tiles y herramientas el\u00e9ctricas, fueron los primeros en utilizar esta tecnolog\u00eda. <\/p><\/div><\/div><\/div><div class=\"fusion-clearfix\"><\/div><\/div>\n<\/article>\n<div class=\"fusion-clearfix\"><\/div><\/div><\/div><div class=\"fusion-clearfix\"><\/div><\/div><\/div><\/div><\/div><div class=\"fusion-fullwidth fullwidth-box fusion-builder-row-5 nonhundred-percent-fullwidth non-hundred-percent-height-scrolling\" style=\"--awb-border-radius-top-left:0px;--awb-border-radius-top-right:0px;--awb-border-radius-bottom-right:0px;--awb-border-radius-bottom-left:0px;--awb-padding-top:0px;--awb-padding-bottom:0px;--awb-margin-top:15px;--awb-margin-bottom:40px;--awb-flex-wrap:wrap;\" ><div class=\"fusion-builder-row fusion-row\"><div class=\"fusion-layout-column fusion_builder_column fusion-builder-column-4 fusion_builder_column_1_1 1_1 fusion-one-full fusion-column-first fusion-column-last\" style=\"--awb-padding-top:40px;--awb-bg-size:cover;--awb-margin-bottom:0px;\"><div class=\"fusion-column-wrapper fusion-column-has-shadow fusion-flex-column-wrapper-legacy\"><div class=\"fusion-title title fusion-title-3 fusion-sep-none fusion-title-text fusion-title-size-two\" style=\"--awb-margin-top-small:0px;--awb-margin-right-small:0px;--awb-margin-bottom-small:20px;--awb-margin-left-small:0px;\"><h2 class=\"fusion-title-heading title-heading-left fusion-responsive-typography-calculated\" style=\"margin:0;--fontSize:46;line-height:1.25;\">\u00daLTIMAS PUBLICACIONES<\/h2><\/div><div class=\"fusion-blog-shortcode fusion-blog-shortcode-2 fusion-blog-archive fusion-blog-layout-grid-wrapper fusion-blog-no fusion-blog-no-images\"><style type=\"text\/css\">.fusion-blog-shortcode-2 .fusion-blog-layout-grid .fusion-post-grid{padding:20px;}.fusion-blog-shortcode-2 .fusion-posts-container{margin-left: -20px !important; margin-right:-20px !important;}<\/style><div class=\"fusion-posts-container fusion-posts-container-no fusion-no-meta-info fusion-blog-layout-grid fusion-blog-layout-grid-1 isotope\" data-pages=\"2\" data-grid-col-space=\"40\" style=\"margin: -20px -20px 0;min-height:500px;\"><article id=\"blog-2-post-10239\" class=\"fusion-post-grid post-10239 post type-post status-publish format-standard has-post-thumbnail hentry category-raven-blog-plastics-es\">\n<div class=\"fusion-post-wrapper\" style=\"background-color:rgba(255,255,255,1);border:1px solid #ebeaea;border-bottom-width:3px;\"><div class=\"fusion-post-content-wrapper\" style=\"padding:30px 25px 20px 25px;\"><div class=\"fusion-post-content post-content\"><h2 class=\"blog-shortcode-post-title entry-title\"><a href=\"https:\/\/www.birlacarbon.com\/es\/mejora-del-rendimiento-de-las-baterias-de-iones-de-litio-con-carbones-conductores\/\">Mejora del rendimiento de las bater\u00edas de iones de litio con carbones conductores<\/a><\/h2><div class=\"fusion-post-content-container\"><p>Comercializadas por primera vez a principios de la d\u00e9cada de 1990, las bater\u00edas de iones de litio se han convertido desde entonces en una parte integral de la vida moderna. Los dispositivos electr\u00f3nicos port\u00e1tiles, como tel\u00e9fonos m\u00f3viles, computadoras port\u00e1tiles y herramientas el\u00e9ctricas, fueron los primeros en utilizar esta tecnolog\u00eda. <\/p><\/div><\/div><\/div><div class=\"fusion-clearfix\"><\/div><\/div>\n<\/article>\n<article id=\"blog-2-post-10126\" class=\"fusion-post-grid post-10126 post type-post status-publish format-standard has-post-thumbnail hentry category-raven-blog-plastics-es\">\n<div class=\"fusion-post-wrapper\" style=\"background-color:rgba(255,255,255,1);border:1px solid #ebeaea;border-bottom-width:3px;\"><div class=\"fusion-post-content-wrapper\" style=\"padding:30px 25px 20px 25px;\"><div class=\"fusion-post-content post-content\"><h2 class=\"blog-shortcode-post-title entry-title\"><a href=\"https:\/\/www.birlacarbon.com\/es\/6-precauciones-para-disenar-formulaciones-de-colorantes-termoplasticos-pvc-y-poliuretano\/\">6 precauciones para dise\u00f1ar formulaciones de colorantes termopl\u00e1sticos, PVC y poliuretano<\/a><\/h2><div class=\"fusion-post-content-container\"><p>Hay muchas maneras de a\u00f1adir color y funcionalidad a su material pl\u00e1stico. Los m\u00e9todos de impresi\u00f3n, revestimiento y enchapado se utilizan para implementar el color y la funcionalidad en la superficie de los pl\u00e1sticos. <\/p><\/div><\/div><\/div><div class=\"fusion-clearfix\"><\/div><\/div>\n<\/article>\n<article id=\"blog-2-post-9838\" class=\"fusion-post-grid post-9838 post type-post status-publish format-standard has-post-thumbnail hentry category-raven-blog-plastics-es\">\n<div class=\"fusion-post-wrapper\" style=\"background-color:rgba(255,255,255,1);border:1px solid #ebeaea;border-bottom-width:3px;\"><div class=\"fusion-post-content-wrapper\" style=\"padding:30px 25px 20px 25px;\"><div class=\"fusion-post-content post-content\"><h2 class=\"blog-shortcode-post-title entry-title\"><a href=\"https:\/\/www.birlacarbon.com\/es\/las-funciones-del-negro-de-carbono-en-aplicaciones-de-conductores-de-cables-y-alambres-aislamiento-y-revestimiento\/\">Las funciones del negro de carbono en aplicaciones de conductores de cables y alambres, aislamiento y revestimiento<\/a><\/h2><div class=\"fusion-post-content-container\"><p>Los compuestos pl\u00e1sticos conductores tienen una variedad de aplicaciones que incluyen blindaje conductor y aislante para alambres y cables, blindaje antiest\u00e1tico, de disipaci\u00f3n electrost\u00e1tica (ESD, por sus siglas en ingl\u00e9s), blindaje de interferencia electromagn\u00e9tica (EMI, por sus siglas en ingl\u00e9s) y reemplazos de metal. <\/p><\/div><\/div><\/div><div class=\"fusion-clearfix\"><\/div><\/div>\n<\/article>\n<article id=\"blog-2-post-9628\" class=\"fusion-post-grid post-9628 post type-post status-publish format-standard has-post-thumbnail hentry category-raven-blog-plastics-es\">\n<div class=\"fusion-post-wrapper\" style=\"background-color:rgba(255,255,255,1);border:1px solid #ebeaea;border-bottom-width:3px;\"><div class=\"fusion-post-content-wrapper\" style=\"padding:30px 25px 20px 25px;\"><div class=\"fusion-post-content post-content\"><h2 class=\"blog-shortcode-post-title entry-title\"><a href=\"https:\/\/www.birlacarbon.com\/es\/compuesto-de-dispersion-de-nanocelulosa-ndc-una-nueva-alternativa-sostenible-para-la-industria-del-caucho\/\">Compuesto de dispersi\u00f3n de nanocelulosa (NDC\u2122): Una nueva alternativa sostenible para la industria del caucho<\/a><\/h2><div class=\"fusion-post-content-container\"><p>Aumentar el uso de materias primas recicladas y renovables en la b\u00fasqueda de una movilidad m\u00e1s sostenible es una clara ambici\u00f3n de la industria del neum\u00e1tico y el caucho. <\/p><\/div><\/div><\/div><div class=\"fusion-clearfix\"><\/div><\/div>\n<\/article>\n<article id=\"blog-2-post-9572\" class=\"fusion-post-grid post-9572 post type-post status-publish format-standard has-post-thumbnail hentry category-raven-blog-plastics-es\">\n<div class=\"fusion-post-wrapper\" style=\"background-color:rgba(255,255,255,1);border:1px solid #ebeaea;border-bottom-width:3px;\"><div class=\"fusion-post-content-wrapper\" style=\"padding:30px 25px 20px 25px;\"><div class=\"fusion-post-content post-content\"><h2 class=\"blog-shortcode-post-title entry-title\"><a href=\"https:\/\/www.birlacarbon.com\/es\/formulacion-de-negro-de-carbono-en-adhesivos-y-selladores\/\">Formulaci\u00f3n de negro de carbono en adhesivos y selladores<\/a><\/h2><div class=\"fusion-post-content-container\"><p>El negro de carbono es habitualmente un ingrediente clave en adhesivos y selladores en todos los segmentos qu\u00edmicos que abarcan poliuretanos, acr\u00edlicos, epoxis, polisulfuros, butilos, siliconas e h\u00edbridos.<\/p><\/div><\/div><\/div><div class=\"fusion-clearfix\"><\/div><\/div>\n<\/article>\n<article id=\"blog-2-post-9515\" class=\"fusion-post-grid post-9515 post type-post status-publish format-standard has-post-thumbnail hentry category-raven-blog-plastics-es\">\n<div class=\"fusion-post-wrapper\" style=\"background-color:rgba(255,255,255,1);border:1px solid #ebeaea;border-bottom-width:3px;\"><div class=\"fusion-post-content-wrapper\" style=\"padding:30px 25px 20px 25px;\"><div class=\"fusion-post-content post-content\"><h2 class=\"blog-shortcode-post-title entry-title\"><a href=\"https:\/\/www.birlacarbon.com\/es\/rendimiento-de-la-tinta-para-huecograbado-de-publicaciones-y-el-papel-del-negro-de-carbono\/\">Rendimiento de la tinta para huecograbado de publicaciones y el papel del negro de carbono<\/a><\/h2><div class=\"fusion-post-content-container\"><p>El huecograbado de publicaciones es la principal aplicaci\u00f3n para producir medios impresos como revistas y revistas con un volumen de impresi\u00f3n de m\u00e1s de 300.000 copias.<\/p><\/div><\/div><\/div><div class=\"fusion-clearfix\"><\/div><\/div>\n<\/article>\n<article id=\"blog-2-post-8801\" class=\"fusion-post-grid post-8801 post type-post status-publish format-standard has-post-thumbnail hentry category-raven-blog-plastics-es\">\n<div class=\"fusion-post-wrapper\" style=\"background-color:rgba(255,255,255,1);border:1px solid #ebeaea;border-bottom-width:3px;\"><div class=\"fusion-post-content-wrapper\" style=\"padding:30px 25px 20px 25px;\"><div class=\"fusion-post-content post-content\"><h2 class=\"blog-shortcode-post-title entry-title\"><a href=\"https:\/\/www.birlacarbon.com\/es\/maximizacion-del-rendimiento-de-fatiga-de-los-componentes-de-caucho\/\">Maximizaci\u00f3n del rendimiento de fatiga de los componentes de caucho<\/a><\/h2><div class=\"fusion-post-content-container\"><p>En una amplia diversidad de industrias, los componentes de caucho desempe\u00f1an un papel fundamental para la seguridad en las actividades del d\u00eda a d\u00eda. Como tal, los componentes de caucho deben ser resistentes y duraderos. <\/p><\/div><\/div><\/div><div class=\"fusion-clearfix\"><\/div><\/div>\n<\/article>\n<article id=\"blog-2-post-8758\" class=\"fusion-post-grid post-8758 post type-post status-publish format-standard has-post-thumbnail hentry category-raven-blog-plastics-es\">\n<div class=\"fusion-post-wrapper\" style=\"background-color:rgba(255,255,255,1);border:1px solid #ebeaea;border-bottom-width:3px;\"><div class=\"fusion-post-content-wrapper\" style=\"padding:30px 25px 20px 25px;\"><div class=\"fusion-post-content post-content\"><h2 class=\"blog-shortcode-post-title entry-title\"><a href=\"https:\/\/www.birlacarbon.com\/es\/tintas-de-baja-migracion-para-envases-sensibles-negros-de-especialidad-de-birla-carbon\/\">Tintas de baja migraci\u00f3n para envases sensibles &#8211; Negros de especialidad de Birla Carbon<\/a><\/h2><div class=\"fusion-post-content-container\"><p>La misma tinta que crea envases atractivos con dise\u00f1os vistosos puede tambi\u00e9n empapar y por lo tanto hacer que los alimentos que contiene sean inseguros. &gt; El 97 % de todos los productos alimenticios vendidos en los mercados americano y europeo est\u00e1n envasados. En los \u00faltimos a\u00f1os, ha aumentado la proporci\u00f3n de envases directos (sin bolsa interior).<\/p><\/div><\/div><\/div><div class=\"fusion-clearfix\"><\/div><\/div>\n<\/article>\n<article id=\"blog-2-post-8700\" class=\"fusion-post-grid post-8700 post type-post status-publish format-standard has-post-thumbnail hentry category-raven-blog-plastics-es\">\n<div class=\"fusion-post-wrapper\" style=\"background-color:rgba(255,255,255,1);border:1px solid #ebeaea;border-bottom-width:3px;\"><div class=\"fusion-post-content-wrapper\" style=\"padding:30px 25px 20px 25px;\"><div class=\"fusion-post-content post-content\"><h2 class=\"blog-shortcode-post-title entry-title\"><a href=\"https:\/\/www.birlacarbon.com\/es\/negro-de-carbono-y-plasticos-de-ingenieria-de-alta-negrura-tres-parametros-a-considerar\/\">Negro de carbono y pl\u00e1sticos de ingenier\u00eda de alta negrura: tres par\u00e1metros a considerar<\/a><\/h2><div class=\"fusion-post-content-container\"><p>Las aplicaciones de uso final para pl\u00e1sticos de ingenier\u00eda incluyen interior y exterior de autom\u00f3viles, electrodom\u00e9sticos y electr\u00f3nica de consumo. Las previsiones del mercado muestran un aumento anual de la demanda de m\u00e1s del 4 % para estos sistemas de pl\u00e1sticos en los pr\u00f3ximos a\u00f1os.<\/p><\/div><\/div><\/div><div class=\"fusion-clearfix\"><\/div><\/div>\n<\/article>\n<article id=\"blog-2-post-8410\" class=\"fusion-post-grid post-8410 post type-post status-publish format-standard has-post-thumbnail hentry category-raven-blog-plastics-es\">\n<div class=\"fusion-post-wrapper\" style=\"background-color:rgba(255,255,255,1);border:1px solid #ebeaea;border-bottom-width:3px;\"><div class=\"fusion-post-content-wrapper\" style=\"padding:30px 25px 20px 25px;\"><div class=\"fusion-post-content post-content\"><h2 class=\"blog-shortcode-post-title entry-title\"><a href=\"https:\/\/www.birlacarbon.com\/es\/definicion-de-espacio-de-color-para-revestimientos-automotores-de-alta-profundidad\/\">Definici\u00f3n de espacio de color para revestimientos automotores de alta profundidad<\/a><\/h2><div class=\"fusion-post-content-container\"><p>Definir el espacio de color pretendido es un primer paso importante para tener un debate significativo sobre los cambios en las formulaciones de revestimientos que lograr\u00e1n el resultado final deseado. <\/p><\/div><\/div><\/div><div class=\"fusion-clearfix\"><\/div><\/div>\n<\/article>\n<div class=\"fusion-clearfix\"><\/div><\/div><\/div><div class=\"fusion-clearfix\"><\/div><\/div><\/div><\/div><\/div><\/p>\n","protected":false},"excerpt":{"rendered":"","protected":false},"author":16,"featured_media":0,"parent":0,"menu_order":9,"comment_status":"closed","ping_status":"closed","template":"100-width.php","meta":{"_acf_changed":false,"_monsterinsights_skip_tracking":false,"_monsterinsights_sitenote_active":false,"_monsterinsights_sitenote_note":"","_monsterinsights_sitenote_category":0,"footnotes":""},"class_list":["post-7255","page","type-page","status-publish","hentry"],"acf":false,"yoast_head":"<!-- This site is optimized with the Yoast SEO plugin v27.3 - https:\/\/yoast.com\/product\/yoast-seo-wordpress\/ -->\n<title>Birla Carbon Blog | Birla Carbon - Spanish<\/title>\n<meta name=\"description\" content=\"Explore industry insights, innovation stories, and expert opinions on carbon black technology in the Birla Carbon blog. Stay informed!\" \/>\n<meta name=\"robots\" content=\"index, follow, max-snippet:-1, max-image-preview:large, max-video-preview:-1\" \/>\n<link rel=\"canonical\" href=\"https:\/\/www.birlacarbon.com\/es\/birla-carbon-blog\/\" \/>\n<meta property=\"og:locale\" content=\"es_ES\" \/>\n<meta property=\"og:type\" content=\"article\" \/>\n<meta property=\"og:title\" content=\"Birla Carbon Blog | Birla Carbon - Spanish\" \/>\n<meta property=\"og:description\" content=\"Explore industry insights, innovation stories, and expert opinions on carbon black technology in the Birla Carbon blog. Stay informed!\" \/>\n<meta property=\"og:url\" content=\"https:\/\/www.birlacarbon.com\/es\/birla-carbon-blog\/\" \/>\n<meta property=\"og:site_name\" content=\"Birla Carbon\" \/>\n<meta property=\"article:modified_time\" content=\"2024-05-23T14:53:35+00:00\" \/>\n<meta name=\"twitter:card\" content=\"summary_large_image\" \/>\n<meta name=\"twitter:label1\" content=\"Tiempo de lectura\" \/>\n\t<meta name=\"twitter:data1\" content=\"3 minutos\" \/>\n<!-- \/ Yoast SEO plugin. -->","yoast_head_json":{"title":"Birla Carbon Blog | Birla Carbon - Spanish","description":"Explore industry insights, innovation stories, and expert opinions on carbon black technology in the Birla Carbon blog. Stay informed!","robots":{"index":"index","follow":"follow","max-snippet":"max-snippet:-1","max-image-preview":"max-image-preview:large","max-video-preview":"max-video-preview:-1"},"canonical":"https:\/\/www.birlacarbon.com\/es\/birla-carbon-blog\/","og_locale":"es_ES","og_type":"article","og_title":"Birla Carbon Blog | Birla Carbon - Spanish","og_description":"Explore industry insights, innovation stories, and expert opinions on carbon black technology in the Birla Carbon blog. Stay informed!","og_url":"https:\/\/www.birlacarbon.com\/es\/birla-carbon-blog\/","og_site_name":"Birla Carbon","article_modified_time":"2024-05-23T14:53:35+00:00","twitter_card":"summary_large_image","twitter_misc":{"Tiempo de lectura":"3 minutos"},"schema":{"@context":"https:\/\/schema.org","@graph":[{"@type":"WebPage","@id":"https:\/\/www.birlacarbon.com\/es\/birla-carbon-blog\/","url":"https:\/\/www.birlacarbon.com\/es\/birla-carbon-blog\/","name":"Birla Carbon Blog | Birla Carbon - Spanish","isPartOf":{"@id":"https:\/\/www.birlacarbon.com\/es\/#website"},"datePublished":"2020-05-13T20:22:50+00:00","dateModified":"2024-05-23T14:53:35+00:00","description":"Explore industry insights, innovation stories, and expert opinions on carbon black technology in the Birla Carbon blog. Stay informed!","breadcrumb":{"@id":"https:\/\/www.birlacarbon.com\/es\/birla-carbon-blog\/#breadcrumb"},"inLanguage":"es","potentialAction":[{"@type":"ReadAction","target":["https:\/\/www.birlacarbon.com\/es\/birla-carbon-blog\/"]}]},{"@type":"BreadcrumbList","@id":"https:\/\/www.birlacarbon.com\/es\/birla-carbon-blog\/#breadcrumb","itemListElement":[{"@type":"ListItem","position":1,"name":"Home","item":"https:\/\/www.birlacarbon.com\/es\/"},{"@type":"ListItem","position":2,"name":"Birla Carbon Blog"}]},{"@type":"WebSite","@id":"https:\/\/www.birlacarbon.com\/es\/#website","url":"https:\/\/www.birlacarbon.com\/es\/","name":"Birla Carbon","description":"Birla Carbon","publisher":{"@id":"https:\/\/www.birlacarbon.com\/es\/#organization"},"potentialAction":[{"@type":"SearchAction","target":{"@type":"EntryPoint","urlTemplate":"https:\/\/www.birlacarbon.com\/es\/?s={search_term_string}"},"query-input":{"@type":"PropertyValueSpecification","valueRequired":true,"valueName":"search_term_string"}}],"inLanguage":"es"},{"@type":"Organization","@id":"https:\/\/www.birlacarbon.com\/es\/#organization","name":"Birla Carbon","url":"https:\/\/www.birlacarbon.com\/es\/","logo":{"@type":"ImageObject","inLanguage":"es","@id":"https:\/\/www.birlacarbon.com\/es\/#\/schema\/logo\/image\/","url":"https:\/\/www.birlacarbon.com\/wp-content\/uploads\/2017\/01\/aditya-birla-logo-retina.png","contentUrl":"https:\/\/www.birlacarbon.com\/wp-content\/uploads\/2017\/01\/aditya-birla-logo-retina.png","width":190,"height":182,"caption":"Birla Carbon"},"image":{"@id":"https:\/\/www.birlacarbon.com\/es\/#\/schema\/logo\/image\/"}}]}},"_links":{"self":[{"href":"https:\/\/www.birlacarbon.com\/es\/wp-json\/wp\/v2\/pages\/7255","targetHints":{"allow":["GET"]}}],"collection":[{"href":"https:\/\/www.birlacarbon.com\/es\/wp-json\/wp\/v2\/pages"}],"about":[{"href":"https:\/\/www.birlacarbon.com\/es\/wp-json\/wp\/v2\/types\/page"}],"author":[{"embeddable":true,"href":"https:\/\/www.birlacarbon.com\/es\/wp-json\/wp\/v2\/users\/16"}],"replies":[{"embeddable":true,"href":"https:\/\/www.birlacarbon.com\/es\/wp-json\/wp\/v2\/comments?post=7255"}],"version-history":[{"count":0,"href":"https:\/\/www.birlacarbon.com\/es\/wp-json\/wp\/v2\/pages\/7255\/revisions"}],"wp:attachment":[{"href":"https:\/\/www.birlacarbon.com\/es\/wp-json\/wp\/v2\/media?parent=7255"}],"curies":[{"name":"wp","href":"https:\/\/api.w.org\/{rel}","templated":true}]}}