{"id":22815,"date":"2023-09-28T18:48:19","date_gmt":"2023-09-28T18:48:19","guid":{"rendered":"https:\/\/birlastaging.wpengine.com\/?page_id=22815"},"modified":"2023-10-06T11:23:37","modified_gmt":"2023-10-06T11:23:37","slug":"venkatachalam-h-kadayam","status":"publish","type":"page","link":"https:\/\/www.birlacarbon.com\/pt-br\/sobre\/venkatachalam-h-kadayam\/","title":{"rendered":"Venkatachalam H. Kadayam"},"content":{"rendered":"<div class=\"fusion-fullwidth fullwidth-box fusion-builder-row-1 nonhundred-percent-fullwidth non-hundred-percent-height-scrolling cb-interior-main\" style=\"--awb-border-sizes-top:0px;--awb-border-sizes-bottom:0px;--awb-border-sizes-left:0px;--awb-border-sizes-right:0px;--awb-border-radius-top-left:0px;--awb-border-radius-top-right:0px;--awb-border-radius-bottom-right:0px;--awb-border-radius-bottom-left:0px;--awb-padding-top:5%;--awb-padding-right:5%;--awb-padding-bottom:2%;--awb-padding-left:5%;--awb-flex-wrap:wrap;\" ><div class=\"fusion-builder-row fusion-row\"><div class=\"fusion-layout-column fusion_builder_column fusion-builder-column-0 fusion_builder_column_2_3 2_3 fusion-two-third fusion-column-first\" style=\"--awb-padding-top:100px;--awb-padding-right:20px;--awb-padding-bottom:40px;--awb-padding-left:0px;--awb-bg-size:cover;width:65.3333%; margin-right: 4%;\"><div class=\"fusion-column-wrapper fusion-flex-column-wrapper-legacy\"><div class=\"fusion-title title fusion-title-1 fusion-sep-none fusion-title-text fusion-title-size-one\" style=\"--awb-margin-bottom:20px;--awb-margin-top-small:0px;--awb-margin-right-small:0px;--awb-margin-bottom-small:20px;--awb-margin-left-small:0px;\"><h1 class=\"fusion-title-heading title-heading-left fusion-responsive-typography-calculated\" style=\"margin:0;--fontSize:60;line-height:1.25;\"><h1>A BIRLA CARBON<\/h1><\/h1><\/div><div class=\"fusion-text fusion-text-1\"><div class=\"cb-super-text\">LIDERAN\u00c7A<\/div>\n<\/div><div class=\"fusion-clearfix\"><\/div><\/div><\/div><div class=\"fusion-layout-column fusion_builder_column fusion-builder-column-1 fusion_builder_column_1_1 1_1 fusion-one-full fusion-column-last\" style=\"--awb-bg-size:cover;\"><div class=\"fusion-column-wrapper fusion-flex-column-wrapper-legacy\"><div class=\"fusion-image-element in-legacy-container\" style=\"--awb-caption-title-font-family:var(--h2_typography-font-family);--awb-caption-title-font-weight:var(--h2_typography-font-weight);--awb-caption-title-font-style:var(--h2_typography-font-style);--awb-caption-title-size:var(--h2_typography-font-size);--awb-caption-title-transform:var(--h2_typography-text-transform);--awb-caption-title-line-height:var(--h2_typography-line-height);--awb-caption-title-letter-spacing:var(--h2_typography-letter-spacing);\"><span class=\" fusion-imageframe imageframe-none imageframe-1 hover-type-none\"><img decoding=\"async\" width=\"303\" height=\"310\" alt=\"Venkatachalam H. Kadayam\" title=\"venkatachalam-h-kadayam\" src=\"https:\/\/www.birlacarbon.com\/wp-content\/uploads\/2023\/09\/venkatachalam-h-kadayam.jpg\" class=\"img-responsive wp-image-22780\" srcset=\"https:\/\/www.birlacarbon.com\/wp-content\/uploads\/2023\/09\/venkatachalam-h-kadayam-200x205.jpg 200w, https:\/\/www.birlacarbon.com\/wp-content\/uploads\/2023\/09\/venkatachalam-h-kadayam.jpg 303w\" sizes=\"(max-width: 800px) 100vw, 303px\" \/><\/span><\/div><div class=\"fusion-sep-clear\"><\/div><div class=\"fusion-separator fusion-full-width-sep\" style=\"margin-left: auto;margin-right: auto;margin-top:50px;width:100%;\"><\/div><div class=\"fusion-sep-clear\"><\/div><div class=\"fusion-title title fusion-title-2 fusion-sep-none fusion-title-text fusion-title-size-one\" style=\"--awb-margin-bottom:30px;--awb-margin-top-small:0px;--awb-margin-right-small:0px;--awb-margin-bottom-small:20px;--awb-margin-left-small:0px;\"><h1 class=\"fusion-title-heading title-heading-left fusion-responsive-typography-calculated\" style=\"margin:0;--fontSize:60;line-height:1.25;\"><h2>VENKATACHALAM H. KADAYAM<\/h2><\/h1><\/div><div class=\"fusion-text fusion-text-2\" style=\"--awb-text-transform:none;\"><p><em>Diretor de Recursos Humanos<\/em><\/p>\n<p>Venkatachalam H. Kadayam (Venkat) \u00e9 o Diretor de Recursos Humanos da Birla Carbon e trabalha na sede da empresa em Atlanta, Ge\u00f3rgia. EUA. Ventak \u00e9 respons\u00e1vel por liderar a estrat\u00e9gia global de Recursos Humanos e conduzir a implementa\u00e7\u00e3o de iniciativas de Recursos Humanos para a Birla Carbon a n\u00edvel mundial.<\/p>\n<p>Ventak \u00e9 um veterano do grupo Aditya Birla com mais de 32 anos de experi\u00eancia em m\u00faltiplas fun\u00e7\u00f5es dentro do Grupo. Ele possui vasta experi\u00eancia em diferentes \u00e1reas de Recursos Humanos. Ventak ingressou no Grupo em 1991 na Rajashree Cement Works. Ao longo dos anos, ele desempenhou fun\u00e7\u00f5es com crescentes responsabilidades em Cimento, RH do Grupo, Servi\u00e7os Financeiros, Metais, Commodities e Com\u00e9rcio, Energia, Com\u00e9rcio Eletr\u00f4nico, T\u00eaxteis, Tensoativos, Portos e Infraestrutura. Antes de assumir a atual posi\u00e7\u00e3o, Ventak foi Diretor de RH para os neg\u00f3cios de T\u00eaxteis Dom\u00e9sticos, Fibras Acr\u00edlicas e Neg\u00f3cios Internacionais de Fia\u00e7\u00e3o.<\/p>\n<p>A experi\u00eancia \u00fanica de Ventak em RH abrange as \u00e1reas de aquisi\u00e7\u00e3o, reestrutura\u00e7\u00e3o e desinvestimentos. Ele fez parte da equipe de integra\u00e7\u00e3o da ABG (<em>Adytia Birla Group<\/em>) para a <em>Noveli<\/em>s, um membro essencial das equipes de aquisi\u00e7\u00e3o para integrar a <em>Soktas<\/em>, da Turquia e a <em>Spinnerei Lampersmuhle<\/em>, da Alemanha. \u00c9 parte dos membros fundadores da <em>Birla Sun Life of Canada JV<\/em> para o neg\u00f3cio de seguros de vida, como l\u00edder de RH.<\/p>\n<p>Ventak possui diploma de Bacharel pela Mumbai University e Mestrado em Gest\u00e3o de Pessoas e Rela\u00e7\u00f5es Industriais pela Nagpur University. Ele possui certifica\u00e7\u00f5es da <em>The Indian Society<\/em> em Treinameanto e Desenvolvimento e Sociedade de Gest\u00e3o de Recursos Humanos (Certificado Professional S\u00eanior). Ventak tamb\u00e9m possui certifica\u00e7\u00f5es relacionadas a RH da <em>Michigan University, Case Western Reserve <\/em>e<em> Northwestern. <\/em><\/p>\n<p>Ventak \u00e9 um membro ativo da <em>National HRD Network, Indian Human Resources Connection e da Society For Human Resources Management<\/em>.<\/p>\n<\/div><div class=\"fusion-widget-area awb-widget-area-element fusion-widget-area-1 fusion-content-widget-area\" style=\"--awb-title-size:22px;--awb-title-color:#000000;--awb-padding:0px 0px 0px 0px;\"><div id=\"text-50\" class=\"widget widget_text\">\t\t\t<div class=\"textwidget\"> <p><a href=\"https:\/\/www.birlacarbon.com\/pt-br\/sobre\/#leadership\" class=\"leader-back\">\t&laquo;  Voltar para Lideran\u00e7a<\/a><\/p><\/div>\n\t\t<\/div><div class=\"fusion-additional-widget-content\"><\/div><\/div><div class=\"fusion-clearfix\"><\/div><\/div><\/div><\/div><\/div>\n","protected":false},"excerpt":{"rendered":"","protected":false},"author":24,"featured_media":0,"parent":6032,"menu_order":0,"comment_status":"closed","ping_status":"closed","template":"100-width.php","meta":{"_acf_changed":false,"_monsterinsights_skip_tracking":false,"_monsterinsights_sitenote_active":false,"_monsterinsights_sitenote_note":"","_monsterinsights_sitenote_category":0,"footnotes":""},"class_list":["post-22815","page","type-page","status-publish","hentry"],"acf":false,"yoast_head":"<!-- This site is optimized with the Yoast SEO plugin v27.4 - https:\/\/yoast.com\/product\/yoast-seo-wordpress\/ -->\n<title>Venkatachalam H. Kadayam - Birla Carbon<\/title>\n<meta name=\"robots\" content=\"index, follow, max-snippet:-1, max-image-preview:large, max-video-preview:-1\" \/>\n<link rel=\"canonical\" href=\"https:\/\/www.birlacarbon.com\/pt-br\/sobre\/venkatachalam-h-kadayam\/\" \/>\n<meta property=\"og:locale\" content=\"pt_BR\" \/>\n<meta property=\"og:type\" content=\"article\" \/>\n<meta property=\"og:title\" content=\"Venkatachalam H. Kadayam - Birla Carbon\" \/>\n<meta property=\"og:url\" content=\"https:\/\/www.birlacarbon.com\/pt-br\/sobre\/venkatachalam-h-kadayam\/\" \/>\n<meta property=\"og:site_name\" content=\"Birla Carbon\" \/>\n<meta property=\"article:modified_time\" content=\"2023-10-06T11:23:37+00:00\" \/>\n<meta name=\"twitter:card\" content=\"summary_large_image\" \/>\n<meta name=\"twitter:label1\" content=\"Est. tempo de leitura\" \/>\n\t<meta name=\"twitter:data1\" content=\"4 minutos\" \/>\n<!-- \/ Yoast SEO plugin. -->","yoast_head_json":{"title":"Venkatachalam H. Kadayam - Birla Carbon","robots":{"index":"index","follow":"follow","max-snippet":"max-snippet:-1","max-image-preview":"max-image-preview:large","max-video-preview":"max-video-preview:-1"},"canonical":"https:\/\/www.birlacarbon.com\/pt-br\/sobre\/venkatachalam-h-kadayam\/","og_locale":"pt_BR","og_type":"article","og_title":"Venkatachalam H. Kadayam - Birla Carbon","og_url":"https:\/\/www.birlacarbon.com\/pt-br\/sobre\/venkatachalam-h-kadayam\/","og_site_name":"Birla Carbon","article_modified_time":"2023-10-06T11:23:37+00:00","twitter_card":"summary_large_image","twitter_misc":{"Est. tempo de leitura":"4 minutos"},"schema":{"@context":"https:\/\/schema.org","@graph":[{"@type":"WebPage","@id":"https:\/\/www.birlacarbon.com\/pt-br\/sobre\/venkatachalam-h-kadayam\/","url":"https:\/\/www.birlacarbon.com\/pt-br\/sobre\/venkatachalam-h-kadayam\/","name":"Venkatachalam H. Kadayam - Birla Carbon","isPartOf":{"@id":"https:\/\/www.birlacarbon.com\/pt-br\/#website"},"datePublished":"2023-09-28T18:48:19+00:00","dateModified":"2023-10-06T11:23:37+00:00","breadcrumb":{"@id":"https:\/\/www.birlacarbon.com\/pt-br\/sobre\/venkatachalam-h-kadayam\/#breadcrumb"},"inLanguage":"pt-BR","potentialAction":[{"@type":"ReadAction","target":["https:\/\/www.birlacarbon.com\/pt-br\/sobre\/venkatachalam-h-kadayam\/"]}]},{"@type":"BreadcrumbList","@id":"https:\/\/www.birlacarbon.com\/pt-br\/sobre\/venkatachalam-h-kadayam\/#breadcrumb","itemListElement":[{"@type":"ListItem","position":1,"name":"Home","item":"https:\/\/www.birlacarbon.com\/pt-br\/"},{"@type":"ListItem","position":2,"name":"SOBRE","item":"https:\/\/www.birlacarbon.com\/pt-br\/sobre\/"},{"@type":"ListItem","position":3,"name":"Venkatachalam H. Kadayam"}]},{"@type":"WebSite","@id":"https:\/\/www.birlacarbon.com\/pt-br\/#website","url":"https:\/\/www.birlacarbon.com\/pt-br\/","name":"Birla Carbon","description":"Birla Carbon","publisher":{"@id":"https:\/\/www.birlacarbon.com\/pt-br\/#organization"},"potentialAction":[{"@type":"SearchAction","target":{"@type":"EntryPoint","urlTemplate":"https:\/\/www.birlacarbon.com\/pt-br\/?s={search_term_string}"},"query-input":{"@type":"PropertyValueSpecification","valueRequired":true,"valueName":"search_term_string"}}],"inLanguage":"pt-BR"},{"@type":"Organization","@id":"https:\/\/www.birlacarbon.com\/pt-br\/#organization","name":"Birla Carbon","url":"https:\/\/www.birlacarbon.com\/pt-br\/","logo":{"@type":"ImageObject","inLanguage":"pt-BR","@id":"https:\/\/www.birlacarbon.com\/pt-br\/#\/schema\/logo\/image\/","url":"https:\/\/www.birlacarbon.com\/wp-content\/uploads\/2017\/01\/aditya-birla-logo-retina.png","contentUrl":"https:\/\/www.birlacarbon.com\/wp-content\/uploads\/2017\/01\/aditya-birla-logo-retina.png","width":190,"height":182,"caption":"Birla Carbon"},"image":{"@id":"https:\/\/www.birlacarbon.com\/pt-br\/#\/schema\/logo\/image\/"}}]}},"_links":{"self":[{"href":"https:\/\/www.birlacarbon.com\/pt-br\/wp-json\/wp\/v2\/pages\/22815","targetHints":{"allow":["GET"]}}],"collection":[{"href":"https:\/\/www.birlacarbon.com\/pt-br\/wp-json\/wp\/v2\/pages"}],"about":[{"href":"https:\/\/www.birlacarbon.com\/pt-br\/wp-json\/wp\/v2\/types\/page"}],"author":[{"embeddable":true,"href":"https:\/\/www.birlacarbon.com\/pt-br\/wp-json\/wp\/v2\/users\/24"}],"replies":[{"embeddable":true,"href":"https:\/\/www.birlacarbon.com\/pt-br\/wp-json\/wp\/v2\/comments?post=22815"}],"version-history":[{"count":0,"href":"https:\/\/www.birlacarbon.com\/pt-br\/wp-json\/wp\/v2\/pages\/22815\/revisions"}],"up":[{"embeddable":true,"href":"https:\/\/www.birlacarbon.com\/pt-br\/wp-json\/wp\/v2\/pages\/6032"}],"wp:attachment":[{"href":"https:\/\/www.birlacarbon.com\/pt-br\/wp-json\/wp\/v2\/media?parent=22815"}],"curies":[{"name":"wp","href":"https:\/\/api.w.org\/{rel}","templated":true}]}}