{"id":23921,"date":"2024-03-29T14:14:03","date_gmt":"2024-03-29T14:14:03","guid":{"rendered":"https:\/\/birlastaging.wpengine.com\/?page_id=23921"},"modified":"2024-04-08T13:47:39","modified_gmt":"2024-04-08T13:47:39","slug":"amit-kumar","status":"publish","type":"page","link":"https:\/\/www.birlacarbon.com\/pt-br\/sobre\/amit-kumar\/","title":{"rendered":"AMIT KUMAR"},"content":{"rendered":"<div class=\"fusion-fullwidth fullwidth-box fusion-builder-row-1 nonhundred-percent-fullwidth non-hundred-percent-height-scrolling cb-interior-main\" style=\"--awb-border-sizes-top:0px;--awb-border-sizes-bottom:0px;--awb-border-sizes-left:0px;--awb-border-sizes-right:0px;--awb-border-radius-top-left:0px;--awb-border-radius-top-right:0px;--awb-border-radius-bottom-right:0px;--awb-border-radius-bottom-left:0px;--awb-padding-top:5%;--awb-padding-right:5%;--awb-padding-bottom:2%;--awb-padding-left:5%;--awb-flex-wrap:wrap;\" ><div class=\"fusion-builder-row fusion-row\"><div class=\"fusion-layout-column fusion_builder_column fusion-builder-column-0 fusion_builder_column_2_3 2_3 fusion-two-third fusion-column-first\" style=\"--awb-padding-top:100px;--awb-padding-right:20px;--awb-padding-bottom:40px;--awb-padding-left:0px;--awb-bg-size:cover;width:65.3333%; margin-right: 4%;\"><div class=\"fusion-column-wrapper fusion-flex-column-wrapper-legacy\"><div class=\"fusion-title title fusion-title-1 fusion-sep-none fusion-title-text fusion-title-size-one\" style=\"--awb-margin-bottom:20px;--awb-margin-top-small:0px;--awb-margin-right-small:0px;--awb-margin-bottom-small:20px;--awb-margin-left-small:0px;\"><h1 class=\"fusion-title-heading title-heading-left fusion-responsive-typography-calculated\" style=\"margin:0;--fontSize:60;line-height:1.25;\"><h1>A BIRLA CARBON<\/h1><\/h1><\/div><div class=\"fusion-text fusion-text-1\"><div class=\"cb-super-text\">LIDERAN\u00c7A<\/div>\n<\/div><div class=\"fusion-clearfix\"><\/div><\/div><\/div><div class=\"fusion-layout-column fusion_builder_column fusion-builder-column-1 fusion_builder_column_1_1 1_1 fusion-one-full fusion-column-last\" style=\"--awb-bg-size:cover;\"><div class=\"fusion-column-wrapper fusion-flex-column-wrapper-legacy\"><div class=\"fusion-image-element in-legacy-container\" style=\"--awb-caption-title-font-family:var(--h2_typography-font-family);--awb-caption-title-font-weight:var(--h2_typography-font-weight);--awb-caption-title-font-style:var(--h2_typography-font-style);--awb-caption-title-size:var(--h2_typography-font-size);--awb-caption-title-transform:var(--h2_typography-text-transform);--awb-caption-title-line-height:var(--h2_typography-line-height);--awb-caption-title-letter-spacing:var(--h2_typography-letter-spacing);\"><span class=\" fusion-imageframe imageframe-none imageframe-1 hover-type-none\"><img decoding=\"async\" width=\"150\" height=\"150\" alt=\"Birla Carbon - Amit Kumar\" title=\"birla-carbon-amit-kumar\" src=\"https:\/\/www.birlacarbon.com\/wp-content\/uploads\/2024\/03\/birla-carbon-amit-kumar-150x150.jpg\" class=\"img-responsive wp-image-23783\" srcset=\"https:\/\/www.birlacarbon.com\/wp-content\/uploads\/2024\/03\/birla-carbon-amit-kumar-66x66.jpg 66w, https:\/\/www.birlacarbon.com\/wp-content\/uploads\/2024\/03\/birla-carbon-amit-kumar-150x150.jpg 150w\" sizes=\"(max-width: 150px) 100vw, 150px\" \/><\/span><\/div><div class=\"fusion-sep-clear\"><\/div><div class=\"fusion-separator fusion-full-width-sep\" style=\"margin-left: auto;margin-right: auto;margin-top:50px;width:100%;\"><\/div><div class=\"fusion-sep-clear\"><\/div><div class=\"fusion-title title fusion-title-2 fusion-sep-none fusion-title-text fusion-title-size-one\" style=\"--awb-margin-bottom:30px;--awb-margin-top-small:0px;--awb-margin-right-small:0px;--awb-margin-bottom-small:20px;--awb-margin-left-small:0px;\"><h1 class=\"fusion-title-heading title-heading-left fusion-responsive-typography-calculated\" style=\"margin:0;--fontSize:60;line-height:1.25;\"><h2>AMIT KUMAR<\/h2><\/h1><\/div><div class=\"fusion-text fusion-text-2\"><p><em>Diretor de Produ\u00e7\u00e3o &#8211; \u00c1sia<\/em><\/p>\n<p>Amit Kumar \u00e9 Diretor de Produ\u00e7\u00e3o na Birla Carbon, na regi\u00e3o da \u00c1sia. O Sr. Kumar trabalha no escrit\u00f3rio corporativo da empresa em Mumbai, na \u00cdndia. Nessas fun\u00e7\u00f5es, o Sr. Kumar lidera todas as vertentes da fun\u00e7\u00e3o de Opera\u00e7\u00f5es de produ\u00e7\u00e3o em toda a \u00c1sia, abrangendo todas as unidades da Birla Carbon na \u00cdndia, China, Tail\u00e2ndia e Coreia.<\/p>\n<p>O Sr. Kumar ingressou no Grupo Aditya Birla em 2018 como Presidente, Diretor de Cadeia de Suprimentos e Diretor Digital para os neg\u00f3cios de Produtos Qu\u00edmicos, Isolantes e Fios do Setor da Moda.<\/p>\n<p>Antes disso, o Sr. Kumar ocupou cargos de lideran\u00e7a global s\u00eanior de responsabilidade crescente em setores como Produ\u00e7\u00e3o, Transfer\u00eancias de Programas, Aquisi\u00e7\u00f5es Globais, Cadeia de Suprimentos e Projetos na General Electric (GE) como diretor corporativo e Vice-Presidente Global de Produ\u00e7\u00e3o e Cadeia de Suprimentos na regi\u00e3o da \u00c1sia. O Sr. Kumar Amit tamb\u00e9m foi fundamental na cria\u00e7\u00e3o da 1.\u00aa Brilliant Factory multimodal e multineg\u00f3cios da GE. O Sr. Kumar Amit tamb\u00e9m trabalhou na Honeywell India e na Timken como Diretor Nacional e nos setores de Aprovisionamento Global, Opera\u00e7\u00f5es e Cadeia de Suprimentos.\u00a0<\/p>\n<p>Suas tr\u00eas d\u00e9cadas de experi\u00eancia incluem as \u00e1reas de produ\u00e7\u00e3o, transfer\u00eancia de projetos, instala\u00e7\u00e3o de f\u00e1bricas (greenfield), recursos, Sa\u00fade, Seguran\u00e7a e Meio Ambiente, assuntos governamentais, recrutamento de talentos e cadeia de suprimentos. Possui gradua\u00e7\u00e3o em Engenharia Mec\u00e2nica pela Universidade de Karnataka, na \u00cdndia, e completou v\u00e1rios cursos de Desenvolvimento Executivo e Gest\u00e3o.\u00a0<\/p>\n<p>Seus reconhecimentos profissionais incluem premiado como melhor l\u00edder global funcional em Produ\u00e7\u00e3o e Crescimento de Resultados (P&amp;L) pelo CEO Global da GE Energy (2015), e premiado como o melhor l\u00edder em Desempenho e Transforma\u00e7\u00e3o Cultural pelo Conselho de Administra\u00e7\u00e3o Global da GE e pelo Presidente da GE (2016).<\/p>\n<\/div><div class=\"fusion-widget-area awb-widget-area-element fusion-widget-area-1 fusion-content-widget-area\" style=\"--awb-title-size:22px;--awb-title-color:#000000;--awb-padding:0px 0px 0px 0px;\"><div id=\"text-50\" class=\"widget widget_text\">\t\t\t<div class=\"textwidget\"> <p><a href=\"https:\/\/www.birlacarbon.com\/pt-br\/sobre\/#leadership\" class=\"leader-back\">\t&laquo;  Voltar para Lideran\u00e7a<\/a><\/p><\/div>\n\t\t<\/div><div class=\"fusion-additional-widget-content\"><\/div><\/div><div class=\"fusion-clearfix\"><\/div><\/div><\/div><\/div><\/div>\n","protected":false},"excerpt":{"rendered":"","protected":false},"author":24,"featured_media":0,"parent":6032,"menu_order":0,"comment_status":"closed","ping_status":"closed","template":"100-width.php","meta":{"_acf_changed":false,"_monsterinsights_skip_tracking":false,"_monsterinsights_sitenote_active":false,"_monsterinsights_sitenote_note":"","_monsterinsights_sitenote_category":0,"footnotes":""},"class_list":["post-23921","page","type-page","status-publish","hentry"],"acf":false,"yoast_head":"<!-- This site is optimized with the Yoast SEO plugin v27.3 - https:\/\/yoast.com\/product\/yoast-seo-wordpress\/ -->\n<title>AMIT KUMAR - Birla Carbon<\/title>\n<meta name=\"robots\" content=\"index, follow, max-snippet:-1, max-image-preview:large, max-video-preview:-1\" \/>\n<link rel=\"canonical\" href=\"https:\/\/www.birlacarbon.com\/pt-br\/sobre\/amit-kumar\/\" \/>\n<meta property=\"og:locale\" content=\"pt_BR\" \/>\n<meta property=\"og:type\" content=\"article\" \/>\n<meta property=\"og:title\" content=\"AMIT KUMAR - Birla Carbon\" \/>\n<meta property=\"og:url\" content=\"https:\/\/www.birlacarbon.com\/pt-br\/sobre\/amit-kumar\/\" \/>\n<meta property=\"og:site_name\" content=\"Birla Carbon\" \/>\n<meta property=\"article:modified_time\" content=\"2024-04-08T13:47:39+00:00\" \/>\n<meta name=\"twitter:card\" content=\"summary_large_image\" \/>\n<meta name=\"twitter:label1\" content=\"Est. tempo de leitura\" \/>\n\t<meta name=\"twitter:data1\" content=\"2 minutos\" \/>\n<!-- \/ Yoast SEO plugin. -->","yoast_head_json":{"title":"AMIT KUMAR - Birla Carbon","robots":{"index":"index","follow":"follow","max-snippet":"max-snippet:-1","max-image-preview":"max-image-preview:large","max-video-preview":"max-video-preview:-1"},"canonical":"https:\/\/www.birlacarbon.com\/pt-br\/sobre\/amit-kumar\/","og_locale":"pt_BR","og_type":"article","og_title":"AMIT KUMAR - Birla Carbon","og_url":"https:\/\/www.birlacarbon.com\/pt-br\/sobre\/amit-kumar\/","og_site_name":"Birla Carbon","article_modified_time":"2024-04-08T13:47:39+00:00","twitter_card":"summary_large_image","twitter_misc":{"Est. tempo de leitura":"2 minutos"},"schema":{"@context":"https:\/\/schema.org","@graph":[{"@type":"WebPage","@id":"https:\/\/www.birlacarbon.com\/pt-br\/sobre\/amit-kumar\/","url":"https:\/\/www.birlacarbon.com\/pt-br\/sobre\/amit-kumar\/","name":"AMIT KUMAR - Birla Carbon","isPartOf":{"@id":"https:\/\/www.birlacarbon.com\/pt-br\/#website"},"datePublished":"2024-03-29T14:14:03+00:00","dateModified":"2024-04-08T13:47:39+00:00","breadcrumb":{"@id":"https:\/\/www.birlacarbon.com\/pt-br\/sobre\/amit-kumar\/#breadcrumb"},"inLanguage":"pt-BR","potentialAction":[{"@type":"ReadAction","target":["https:\/\/www.birlacarbon.com\/pt-br\/sobre\/amit-kumar\/"]}]},{"@type":"BreadcrumbList","@id":"https:\/\/www.birlacarbon.com\/pt-br\/sobre\/amit-kumar\/#breadcrumb","itemListElement":[{"@type":"ListItem","position":1,"name":"Home","item":"https:\/\/www.birlacarbon.com\/pt-br\/"},{"@type":"ListItem","position":2,"name":"SOBRE","item":"https:\/\/www.birlacarbon.com\/pt-br\/sobre\/"},{"@type":"ListItem","position":3,"name":"AMIT KUMAR"}]},{"@type":"WebSite","@id":"https:\/\/www.birlacarbon.com\/pt-br\/#website","url":"https:\/\/www.birlacarbon.com\/pt-br\/","name":"Birla Carbon","description":"Birla Carbon","publisher":{"@id":"https:\/\/www.birlacarbon.com\/pt-br\/#organization"},"potentialAction":[{"@type":"SearchAction","target":{"@type":"EntryPoint","urlTemplate":"https:\/\/www.birlacarbon.com\/pt-br\/?s={search_term_string}"},"query-input":{"@type":"PropertyValueSpecification","valueRequired":true,"valueName":"search_term_string"}}],"inLanguage":"pt-BR"},{"@type":"Organization","@id":"https:\/\/www.birlacarbon.com\/pt-br\/#organization","name":"Birla Carbon","url":"https:\/\/www.birlacarbon.com\/pt-br\/","logo":{"@type":"ImageObject","inLanguage":"pt-BR","@id":"https:\/\/www.birlacarbon.com\/pt-br\/#\/schema\/logo\/image\/","url":"https:\/\/www.birlacarbon.com\/wp-content\/uploads\/2017\/01\/aditya-birla-logo-retina.png","contentUrl":"https:\/\/www.birlacarbon.com\/wp-content\/uploads\/2017\/01\/aditya-birla-logo-retina.png","width":190,"height":182,"caption":"Birla Carbon"},"image":{"@id":"https:\/\/www.birlacarbon.com\/pt-br\/#\/schema\/logo\/image\/"}}]}},"_links":{"self":[{"href":"https:\/\/www.birlacarbon.com\/pt-br\/wp-json\/wp\/v2\/pages\/23921","targetHints":{"allow":["GET"]}}],"collection":[{"href":"https:\/\/www.birlacarbon.com\/pt-br\/wp-json\/wp\/v2\/pages"}],"about":[{"href":"https:\/\/www.birlacarbon.com\/pt-br\/wp-json\/wp\/v2\/types\/page"}],"author":[{"embeddable":true,"href":"https:\/\/www.birlacarbon.com\/pt-br\/wp-json\/wp\/v2\/users\/24"}],"replies":[{"embeddable":true,"href":"https:\/\/www.birlacarbon.com\/pt-br\/wp-json\/wp\/v2\/comments?post=23921"}],"version-history":[{"count":0,"href":"https:\/\/www.birlacarbon.com\/pt-br\/wp-json\/wp\/v2\/pages\/23921\/revisions"}],"up":[{"embeddable":true,"href":"https:\/\/www.birlacarbon.com\/pt-br\/wp-json\/wp\/v2\/pages\/6032"}],"wp:attachment":[{"href":"https:\/\/www.birlacarbon.com\/pt-br\/wp-json\/wp\/v2\/media?parent=23921"}],"curies":[{"name":"wp","href":"https:\/\/api.w.org\/{rel}","templated":true}]}}