{"id":6063,"date":"2017-01-19T18:40:30","date_gmt":"2017-01-19T18:40:30","guid":{"rendered":"https:\/\/birlastaging.wpengine.com\/?page_id=6063"},"modified":"2020-05-14T17:16:55","modified_gmt":"2020-05-14T17:16:55","slug":"todd-cottrell","status":"publish","type":"page","link":"https:\/\/www.birlacarbon.com\/pt-br\/sobre\/todd-cottrell\/","title":{"rendered":"TODD COTTRELL"},"content":{"rendered":"<div class=\"fusion-fullwidth fullwidth-box fusion-builder-row-1 nonhundred-percent-fullwidth non-hundred-percent-height-scrolling cb-interior-main\" style=\"--awb-border-radius-top-left:0px;--awb-border-radius-top-right:0px;--awb-border-radius-bottom-right:0px;--awb-border-radius-bottom-left:0px;--awb-padding-top:5%;--awb-padding-right:5%;--awb-padding-bottom:2%;--awb-padding-left:5%;--awb-border-sizes-top:0px;--awb-border-sizes-bottom:0px;--awb-flex-wrap:wrap;\" ><div class=\"fusion-builder-row fusion-row\"><div class=\"fusion-layout-column fusion_builder_column fusion-builder-column-0 fusion_builder_column_2_3 2_3 fusion-two-third fusion-column-first\" style=\"--awb-padding-top:100px;--awb-padding-right:20px;--awb-padding-bottom:40px;--awb-padding-left:0px;--awb-bg-size:cover;width:65.3333%; margin-right: 4%;\"><div class=\"fusion-column-wrapper fusion-flex-column-wrapper-legacy\"><div class=\"fusion-title title fusion-title-1 fusion-sep-none fusion-title-text fusion-title-size-one\" style=\"--awb-margin-bottom:20px;--awb-margin-top-small:0px;--awb-margin-right-small:0px;--awb-margin-bottom-small:20px;--awb-margin-left-small:0px;\"><h1 class=\"fusion-title-heading title-heading-left fusion-responsive-typography-calculated\" style=\"margin:0;--fontSize:60;line-height:1.25;\"><h1>A BIRLA CARBON<br \/>\n<\/h1><\/h1><\/div><div class=\"fusion-text fusion-text-1\"><div class=\"cb-super-text\">LIDERAN\u00c7A<\/div>\n<p>&nbsp;<\/p>\n<\/div><div class=\"fusion-clearfix\"><\/div><\/div><\/div><div class=\"fusion-layout-column fusion_builder_column fusion-builder-column-1 fusion_builder_column_1_1 1_1 fusion-one-full fusion-column-last\" style=\"--awb-bg-size:cover;\"><div class=\"fusion-column-wrapper fusion-flex-column-wrapper-legacy\"><div class=\"fusion-image-element in-legacy-container\" style=\"--awb-caption-title-font-family:var(--h2_typography-font-family);--awb-caption-title-font-weight:var(--h2_typography-font-weight);--awb-caption-title-font-style:var(--h2_typography-font-style);--awb-caption-title-size:var(--h2_typography-font-size);--awb-caption-title-transform:var(--h2_typography-text-transform);--awb-caption-title-line-height:var(--h2_typography-line-height);--awb-caption-title-letter-spacing:var(--h2_typography-letter-spacing);\"><span class=\" fusion-imageframe imageframe-none imageframe-1 hover-type-none\"><img decoding=\"async\" width=\"285\" height=\"301\" title=\"todd-cottrell\" src=\"https:\/\/www.birlacarbon.com\/wp-content\/uploads\/2017\/12\/todd-cottrell-1.jpg\" alt class=\"img-responsive wp-image-6052\" srcset=\"https:\/\/www.birlacarbon.com\/wp-content\/uploads\/2017\/12\/todd-cottrell-1-200x211.jpg 200w, https:\/\/www.birlacarbon.com\/wp-content\/uploads\/2017\/12\/todd-cottrell-1.jpg 285w\" sizes=\"(max-width: 800px) 100vw, 285px\" \/><\/span><\/div><div class=\"fusion-sep-clear\"><\/div><div class=\"fusion-separator fusion-full-width-sep\" style=\"margin-left: auto;margin-right: auto;margin-top:50px;width:100%;\"><\/div><div class=\"fusion-sep-clear\"><\/div><div class=\"fusion-title title fusion-title-2 fusion-sep-none fusion-title-text fusion-title-size-one\" style=\"--awb-margin-bottom:30px;--awb-margin-top-small:0px;--awb-margin-right-small:0px;--awb-margin-bottom-small:20px;--awb-margin-left-small:0px;\"><h1 class=\"fusion-title-heading title-heading-left fusion-responsive-typography-calculated\" style=\"margin:0;--fontSize:60;line-height:1.25;\"><h2>TODD COTTRELL<\/h2><\/h1><\/div><div class=\"fusion-text fusion-text-2\"><p><em>Presidente, regi\u00e3o Norte da \u00c1sia e Neg\u00f3cio de Negros Especializados<br \/>\n<\/em><\/p>\n<p>Todd Cottrell \u00e9 Presidente para a regi\u00e3o do Norte da \u00c1sia e Neg\u00f3cio de Negros de Fumo Especializados (SBB) na Birla Carbon. Nesta posi\u00e7\u00e3o, o Sr. Cottrell lidera a \u00e1rea de SBB da Birla Carbon a n\u00edvel global, bem como a lideran\u00e7a operacional para a regi\u00e3o do Norte da \u00c1sia. Trabalhar\u00e1 da sede da companhia em Atlanta, Ge\u00f3rgia, EUA e da sede do Norte da \u00c1sia, em Xangai, China.<\/p>\n<p>O Sr. Cottrell \u00e9 um l\u00edder reconhecido na \u00e1rea de qu\u00edmicos especializados com mais de 22 anos de experi\u00eancia em cria\u00e7\u00e3o de valor para os clientes, comercializa\u00e7\u00e3o e integra\u00e7\u00e3o e melhorias operacionais. Se juntou \u00e0 Birla Carbon em dezembro de 2017.<\/p>\n<p>Em junho de 2019, o Sr. Cottrell assumiu o cargo adicional de lideran\u00e7a da regi\u00e3o do Norte da \u00c1sia.<\/p>\n<p>Antes da Birla Carbon, o Sr. Cottrell atuou na Huntsman Corporation onde liderou o neg\u00f3cio de Pigmentos de Cor, na fun\u00e7\u00e3o de Diretor Comercial Global. Antes da Huntsman, foi Diretor Global de Revestimentos, Adesivos e Selantes na Kraton Performance Polymers Inc. Passou v\u00e1rios anos na PPG Industries como Diretor Regional para a Europa, Oriente M\u00e9dio e \u00c1frica, Revestimentos Aeroespaciais e Diretor de Neg\u00f3cios Global para a Aerospace Chemicals.<\/p>\n<p>O Sr. Cottrell \u00e9 uma graduado em Engenharia Qu\u00edmica e Seguran\u00e7a de Processos pela Universidade Tecnol\u00f3gica de Michigan e um MBA pela Universidade Duke.<\/p>\n<\/div><div class=\"fusion-widget-area awb-widget-area-element fusion-widget-area-1 fusion-content-widget-area\" style=\"--awb-title-size:22px;--awb-title-color:#000000;--awb-padding:0px 0px 0px 0px;\"><div id=\"text-50\" class=\"widget widget_text\">\t\t\t<div class=\"textwidget\"> <p><a href=\"https:\/\/www.birlacarbon.com\/pt-br\/sobre\/#leadership\" class=\"leader-back\">\t&laquo;  Voltar para Lideran\u00e7a<\/a><\/p><\/div>\n\t\t<\/div><div class=\"fusion-additional-widget-content\"><\/div><\/div><div class=\"fusion-clearfix\"><\/div><\/div><\/div><\/div><\/div>\n","protected":false},"excerpt":{"rendered":"","protected":false},"author":10,"featured_media":0,"parent":6032,"menu_order":0,"comment_status":"closed","ping_status":"closed","template":"100-width.php","meta":{"_acf_changed":false,"_monsterinsights_skip_tracking":false,"_monsterinsights_sitenote_active":false,"_monsterinsights_sitenote_note":"","_monsterinsights_sitenote_category":0,"footnotes":""},"class_list":["post-6063","page","type-page","status-publish","hentry"],"acf":false,"yoast_head":"<!-- This site is optimized with the Yoast SEO plugin v27.3 - https:\/\/yoast.com\/product\/yoast-seo-wordpress\/ -->\n<title>TODD COTTRELL - Birla Carbon<\/title>\n<meta name=\"robots\" content=\"index, follow, max-snippet:-1, max-image-preview:large, max-video-preview:-1\" \/>\n<link rel=\"canonical\" href=\"https:\/\/www.birlacarbon.com\/pt-br\/sobre\/todd-cottrell\/\" \/>\n<meta property=\"og:locale\" content=\"pt_BR\" \/>\n<meta property=\"og:type\" content=\"article\" \/>\n<meta property=\"og:title\" content=\"TODD COTTRELL - Birla Carbon\" \/>\n<meta property=\"og:url\" content=\"https:\/\/www.birlacarbon.com\/pt-br\/sobre\/todd-cottrell\/\" \/>\n<meta property=\"og:site_name\" content=\"Birla Carbon\" \/>\n<meta property=\"article:modified_time\" content=\"2020-05-14T17:16:55+00:00\" \/>\n<meta name=\"twitter:card\" content=\"summary_large_image\" \/>\n<meta name=\"twitter:label1\" content=\"Est. tempo de leitura\" \/>\n\t<meta name=\"twitter:data1\" content=\"4 minutos\" \/>\n<!-- \/ Yoast SEO plugin. -->","yoast_head_json":{"title":"TODD COTTRELL - Birla Carbon","robots":{"index":"index","follow":"follow","max-snippet":"max-snippet:-1","max-image-preview":"max-image-preview:large","max-video-preview":"max-video-preview:-1"},"canonical":"https:\/\/www.birlacarbon.com\/pt-br\/sobre\/todd-cottrell\/","og_locale":"pt_BR","og_type":"article","og_title":"TODD COTTRELL - Birla Carbon","og_url":"https:\/\/www.birlacarbon.com\/pt-br\/sobre\/todd-cottrell\/","og_site_name":"Birla Carbon","article_modified_time":"2020-05-14T17:16:55+00:00","twitter_card":"summary_large_image","twitter_misc":{"Est. tempo de leitura":"4 minutos"},"schema":{"@context":"https:\/\/schema.org","@graph":[{"@type":"WebPage","@id":"https:\/\/www.birlacarbon.com\/pt-br\/sobre\/todd-cottrell\/","url":"https:\/\/www.birlacarbon.com\/pt-br\/sobre\/todd-cottrell\/","name":"TODD COTTRELL - Birla Carbon","isPartOf":{"@id":"https:\/\/www.birlacarbon.com\/pt-br\/#website"},"datePublished":"2017-01-19T18:40:30+00:00","dateModified":"2020-05-14T17:16:55+00:00","breadcrumb":{"@id":"https:\/\/www.birlacarbon.com\/pt-br\/sobre\/todd-cottrell\/#breadcrumb"},"inLanguage":"pt-BR","potentialAction":[{"@type":"ReadAction","target":["https:\/\/www.birlacarbon.com\/pt-br\/sobre\/todd-cottrell\/"]}]},{"@type":"BreadcrumbList","@id":"https:\/\/www.birlacarbon.com\/pt-br\/sobre\/todd-cottrell\/#breadcrumb","itemListElement":[{"@type":"ListItem","position":1,"name":"Home","item":"https:\/\/www.birlacarbon.com\/pt-br\/"},{"@type":"ListItem","position":2,"name":"SOBRE","item":"https:\/\/www.birlacarbon.com\/pt-br\/sobre\/"},{"@type":"ListItem","position":3,"name":"TODD COTTRELL"}]},{"@type":"WebSite","@id":"https:\/\/www.birlacarbon.com\/pt-br\/#website","url":"https:\/\/www.birlacarbon.com\/pt-br\/","name":"Birla Carbon","description":"Birla Carbon","publisher":{"@id":"https:\/\/www.birlacarbon.com\/pt-br\/#organization"},"potentialAction":[{"@type":"SearchAction","target":{"@type":"EntryPoint","urlTemplate":"https:\/\/www.birlacarbon.com\/pt-br\/?s={search_term_string}"},"query-input":{"@type":"PropertyValueSpecification","valueRequired":true,"valueName":"search_term_string"}}],"inLanguage":"pt-BR"},{"@type":"Organization","@id":"https:\/\/www.birlacarbon.com\/pt-br\/#organization","name":"Birla Carbon","url":"https:\/\/www.birlacarbon.com\/pt-br\/","logo":{"@type":"ImageObject","inLanguage":"pt-BR","@id":"https:\/\/www.birlacarbon.com\/pt-br\/#\/schema\/logo\/image\/","url":"https:\/\/www.birlacarbon.com\/wp-content\/uploads\/2017\/01\/aditya-birla-logo-retina.png","contentUrl":"https:\/\/www.birlacarbon.com\/wp-content\/uploads\/2017\/01\/aditya-birla-logo-retina.png","width":190,"height":182,"caption":"Birla Carbon"},"image":{"@id":"https:\/\/www.birlacarbon.com\/pt-br\/#\/schema\/logo\/image\/"}}]}},"_links":{"self":[{"href":"https:\/\/www.birlacarbon.com\/pt-br\/wp-json\/wp\/v2\/pages\/6063","targetHints":{"allow":["GET"]}}],"collection":[{"href":"https:\/\/www.birlacarbon.com\/pt-br\/wp-json\/wp\/v2\/pages"}],"about":[{"href":"https:\/\/www.birlacarbon.com\/pt-br\/wp-json\/wp\/v2\/types\/page"}],"author":[{"embeddable":true,"href":"https:\/\/www.birlacarbon.com\/pt-br\/wp-json\/wp\/v2\/users\/10"}],"replies":[{"embeddable":true,"href":"https:\/\/www.birlacarbon.com\/pt-br\/wp-json\/wp\/v2\/comments?post=6063"}],"version-history":[{"count":0,"href":"https:\/\/www.birlacarbon.com\/pt-br\/wp-json\/wp\/v2\/pages\/6063\/revisions"}],"up":[{"embeddable":true,"href":"https:\/\/www.birlacarbon.com\/pt-br\/wp-json\/wp\/v2\/pages\/6032"}],"wp:attachment":[{"href":"https:\/\/www.birlacarbon.com\/pt-br\/wp-json\/wp\/v2\/media?parent=6063"}],"curies":[{"name":"wp","href":"https:\/\/api.w.org\/{rel}","templated":true}]}}