{"id":6065,"date":"2017-01-19T18:26:24","date_gmt":"2017-01-19T18:26:24","guid":{"rendered":"https:\/\/birlastaging.wpengine.com\/?page_id=6065"},"modified":"2024-04-15T12:22:47","modified_gmt":"2024-04-15T12:22:47","slug":"sanjeev-sood","status":"publish","type":"page","link":"https:\/\/www.birlacarbon.com\/pt-br\/sobre\/sanjeev-sood\/","title":{"rendered":"SANJEEV SOOD"},"content":{"rendered":"<div class=\"fusion-fullwidth fullwidth-box fusion-builder-row-1 nonhundred-percent-fullwidth non-hundred-percent-height-scrolling cb-interior-main\" style=\"--awb-border-sizes-top:0px;--awb-border-sizes-bottom:0px;--awb-border-sizes-left:0px;--awb-border-sizes-right:0px;--awb-border-radius-top-left:0px;--awb-border-radius-top-right:0px;--awb-border-radius-bottom-right:0px;--awb-border-radius-bottom-left:0px;--awb-padding-top:5%;--awb-padding-right:5%;--awb-padding-bottom:2%;--awb-padding-left:5%;--awb-flex-wrap:wrap;\" ><div class=\"fusion-builder-row fusion-row\"><div class=\"fusion-layout-column fusion_builder_column fusion-builder-column-0 fusion_builder_column_2_3 2_3 fusion-two-third fusion-column-first\" style=\"--awb-padding-top:100px;--awb-padding-right:20px;--awb-padding-bottom:40px;--awb-padding-left:0px;--awb-bg-size:cover;width:65.3333%; margin-right: 4%;\"><div class=\"fusion-column-wrapper fusion-flex-column-wrapper-legacy\"><div class=\"fusion-title title fusion-title-1 fusion-sep-none fusion-title-text fusion-title-size-one\" style=\"--awb-margin-bottom:20px;--awb-margin-top-small:0px;--awb-margin-right-small:0px;--awb-margin-bottom-small:20px;--awb-margin-left-small:0px;\"><h1 class=\"fusion-title-heading title-heading-left fusion-responsive-typography-calculated\" style=\"margin:0;--fontSize:60;line-height:1.25;\"><h1>A BIRLA CARBON<\/h1><\/h1><\/div><div class=\"fusion-text fusion-text-1\"><div class=\"cb-super-text\">LIDERAN\u00c7A<\/div>\n<\/div><div class=\"fusion-clearfix\"><\/div><\/div><\/div><div class=\"fusion-layout-column fusion_builder_column fusion-builder-column-1 fusion_builder_column_1_1 1_1 fusion-one-full fusion-column-last\" style=\"--awb-bg-size:cover;\"><div class=\"fusion-column-wrapper fusion-flex-column-wrapper-legacy\"><div class=\"fusion-image-element in-legacy-container\" style=\"--awb-caption-title-font-family:var(--h2_typography-font-family);--awb-caption-title-font-weight:var(--h2_typography-font-weight);--awb-caption-title-font-style:var(--h2_typography-font-style);--awb-caption-title-size:var(--h2_typography-font-size);--awb-caption-title-transform:var(--h2_typography-text-transform);--awb-caption-title-line-height:var(--h2_typography-line-height);--awb-caption-title-letter-spacing:var(--h2_typography-letter-spacing);\"><span class=\" fusion-imageframe imageframe-none imageframe-1 hover-type-none\"><img decoding=\"async\" width=\"288\" height=\"301\" title=\"Site_Pages_010917_11\" src=\"https:\/\/www.birlacarbon.com\/wp-content\/uploads\/2017\/01\/Site_Pages_010917_11.jpg\" alt class=\"img-responsive wp-image-6036\" srcset=\"https:\/\/www.birlacarbon.com\/wp-content\/uploads\/2017\/01\/Site_Pages_010917_11-200x209.jpg 200w, https:\/\/www.birlacarbon.com\/wp-content\/uploads\/2017\/01\/Site_Pages_010917_11.jpg 288w\" sizes=\"(max-width: 800px) 100vw, 288px\" \/><\/span><\/div><div class=\"fusion-sep-clear\"><\/div><div class=\"fusion-separator fusion-full-width-sep\" style=\"margin-left: auto;margin-right: auto;margin-top:50px;width:100%;\"><\/div><div class=\"fusion-sep-clear\"><\/div><div class=\"fusion-title title fusion-title-2 fusion-sep-none fusion-title-text fusion-title-size-one\" style=\"--awb-margin-bottom:30px;--awb-margin-top-small:0px;--awb-margin-right-small:0px;--awb-margin-bottom-small:20px;--awb-margin-left-small:0px;\"><h1 class=\"fusion-title-heading title-heading-left fusion-responsive-typography-calculated\" style=\"margin:0;--fontSize:60;line-height:1.25;\"><h2>SANJEEV SOOD<\/h2><\/h1><\/div><div class=\"fusion-text fusion-text-2\"><p><em>Projetos de expans\u00e3o,<br \/>\n\u00c1sia<br \/>\n <\/em><\/p>\n<p>Sanjeev Sood \u00e9 respons\u00e1vel pelos projetos de expans\u00e3o (greenfield) da Birla Carbon na \u00c1sia, juntamente com as responsabilidades nacionais do Grupo na Tail\u00e2ndia, como Diretor Nacional do Grupo. O Sr. Sood trabalha em Bangkok, na Tail\u00e2ndia. Nessas fun\u00e7\u00f5es, ser\u00e1 respons\u00e1vel por liderar a constru\u00e7\u00e3o das duas novas f\u00e1bricas de negro de fumo em Naidupeta, Andhra Pradesh, na \u00cdndia, e em Rayong, na Tail\u00e2ndia.<\/p>\n<p>O Sr. Sood \u00e9 Diretor nos Conselhos de Administra\u00e7\u00e3o da Birla Carbon (Thailand) Public Co. Ltd., da Birla Carbon India Pvt. Ltd. e da Birla Carbon Korea. Atua tamb\u00e9m como Diretor da Aditya Birla Chemicals na Tail\u00e2ndia e Diretor Nacional do Grupo Aditya Birla na Tail\u00e2ndia, al\u00e9m de manter outros cargos independentes no Conselho de Administra\u00e7\u00e3o de outras empresas. O Sr. Sood \u00e9 tamb\u00e9m um membro ativo do conselho administrativo do &#8220;Central Manufacturing Technology Institute&#8221; (Instituto de Tecnologia Central de Produ\u00e7\u00e3o), uma institui\u00e7\u00e3o do governo da \u00cdndia.<\/p>\n<p>O Sr. Sood se juntou ao neg\u00f3cio de Negro de Fumo em 2006, como Chefe de Unidade e Diretor Nacional para a China. Depois disso, assumiu uma posi\u00e7\u00e3o de lideran\u00e7a em 2009, como Presidente e Diretor do Conselho de Administra\u00e7\u00e3o P\u00fablica da Birla Carbon Tail\u00e2ndia. Ltd. Foi Diretor de Produ\u00e7\u00e3o no exterior nos anos de 2010 e 2011 e, em 2012, tornou-se Presidente Regional para a regi\u00e3o do Extremo Oriente e Sudeste Asi\u00e1tico. Em 2019, assumiu a responsabilidade como Presidente Regional do Sul da \u00c1sia, at\u00e9 come\u00e7ar a exercer fun\u00e7\u00f5es de Diretor de Produ\u00e7\u00e3o na regi\u00e3o da \u00c1sia, em julho de 2020.<\/p>\n<p>O Sr. Sood tem mais de 41 anos de experi\u00eancia na ind\u00fastria de pneus e de negro de fumo em companhias como a Goodyear Tire &amp; Rubber Co., Continental Tire e opera\u00e7\u00f5es em pa\u00edses como a \u00cdndia, China, Egito, Brasil, Coreia, Tail\u00e2ndia, etc.<\/p>\n<p>O Sr. Sood \u00e9 Engenheiro Mec\u00e2nico de forma\u00e7\u00e3o. Seu perfil acad\u00eamico inclui programas avan\u00e7ados em Economia e Finan\u00e7a Internacionais pela Universidade do Tennessee, o programa de Estrat\u00e9gia de Manufatura e Tecnologia da Universidade Penn State, bem como um Programa de Lideran\u00e7a Avan\u00e7ada da Universidade da Virginia.<\/p>\n<\/div><div class=\"fusion-widget-area awb-widget-area-element fusion-widget-area-1 fusion-content-widget-area\" style=\"--awb-title-size:22px;--awb-title-color:#000000;--awb-padding:0px 0px 0px 0px;\"><div id=\"text-50\" class=\"widget widget_text\">\t\t\t<div class=\"textwidget\"> <p><a href=\"https:\/\/www.birlacarbon.com\/pt-br\/sobre\/#leadership\" class=\"leader-back\">\t&laquo;  Voltar para Lideran\u00e7a<\/a><\/p><\/div>\n\t\t<\/div><div class=\"fusion-additional-widget-content\"><\/div><\/div><div class=\"fusion-clearfix\"><\/div><\/div><\/div><\/div><\/div>\n","protected":false},"excerpt":{"rendered":"","protected":false},"author":10,"featured_media":0,"parent":6032,"menu_order":0,"comment_status":"closed","ping_status":"closed","template":"100-width.php","meta":{"_acf_changed":false,"_monsterinsights_skip_tracking":false,"_monsterinsights_sitenote_active":false,"_monsterinsights_sitenote_note":"","_monsterinsights_sitenote_category":0,"footnotes":""},"class_list":["post-6065","page","type-page","status-publish","hentry"],"acf":false,"yoast_head":"<!-- This site is optimized with the Yoast SEO plugin v27.3 - https:\/\/yoast.com\/product\/yoast-seo-wordpress\/ -->\n<title>SANJEEV SOOD - Birla Carbon - Portuguese<\/title>\n<meta name=\"robots\" content=\"index, follow, max-snippet:-1, max-image-preview:large, max-video-preview:-1\" \/>\n<link rel=\"canonical\" href=\"https:\/\/www.birlacarbon.com\/pt-br\/sobre\/sanjeev-sood\/\" \/>\n<meta property=\"og:locale\" content=\"pt_BR\" \/>\n<meta property=\"og:type\" content=\"article\" \/>\n<meta property=\"og:title\" content=\"SANJEEV SOOD - Birla Carbon - Portuguese\" \/>\n<meta property=\"og:url\" content=\"https:\/\/www.birlacarbon.com\/pt-br\/sobre\/sanjeev-sood\/\" \/>\n<meta property=\"og:site_name\" content=\"Birla Carbon\" \/>\n<meta property=\"article:modified_time\" content=\"2024-04-15T12:22:47+00:00\" \/>\n<meta name=\"twitter:card\" content=\"summary_large_image\" \/>\n<meta name=\"twitter:label1\" content=\"Est. tempo de leitura\" \/>\n\t<meta name=\"twitter:data1\" content=\"2 minutos\" \/>\n<!-- \/ Yoast SEO plugin. -->","yoast_head_json":{"title":"SANJEEV SOOD - Birla Carbon - Portuguese","robots":{"index":"index","follow":"follow","max-snippet":"max-snippet:-1","max-image-preview":"max-image-preview:large","max-video-preview":"max-video-preview:-1"},"canonical":"https:\/\/www.birlacarbon.com\/pt-br\/sobre\/sanjeev-sood\/","og_locale":"pt_BR","og_type":"article","og_title":"SANJEEV SOOD - Birla Carbon - Portuguese","og_url":"https:\/\/www.birlacarbon.com\/pt-br\/sobre\/sanjeev-sood\/","og_site_name":"Birla Carbon","article_modified_time":"2024-04-15T12:22:47+00:00","twitter_card":"summary_large_image","twitter_misc":{"Est. tempo de leitura":"2 minutos"},"schema":{"@context":"https:\/\/schema.org","@graph":[{"@type":"WebPage","@id":"https:\/\/www.birlacarbon.com\/pt-br\/sobre\/sanjeev-sood\/","url":"https:\/\/www.birlacarbon.com\/pt-br\/sobre\/sanjeev-sood\/","name":"SANJEEV SOOD - Birla Carbon - Portuguese","isPartOf":{"@id":"https:\/\/www.birlacarbon.com\/pt-br\/#website"},"datePublished":"2017-01-19T18:26:24+00:00","dateModified":"2024-04-15T12:22:47+00:00","breadcrumb":{"@id":"https:\/\/www.birlacarbon.com\/pt-br\/sobre\/sanjeev-sood\/#breadcrumb"},"inLanguage":"pt-BR","potentialAction":[{"@type":"ReadAction","target":["https:\/\/www.birlacarbon.com\/pt-br\/sobre\/sanjeev-sood\/"]}]},{"@type":"BreadcrumbList","@id":"https:\/\/www.birlacarbon.com\/pt-br\/sobre\/sanjeev-sood\/#breadcrumb","itemListElement":[{"@type":"ListItem","position":1,"name":"Home","item":"https:\/\/www.birlacarbon.com\/pt-br\/"},{"@type":"ListItem","position":2,"name":"SOBRE","item":"https:\/\/www.birlacarbon.com\/pt-br\/sobre\/"},{"@type":"ListItem","position":3,"name":"SANJEEV SOOD"}]},{"@type":"WebSite","@id":"https:\/\/www.birlacarbon.com\/pt-br\/#website","url":"https:\/\/www.birlacarbon.com\/pt-br\/","name":"Birla Carbon","description":"Birla Carbon","publisher":{"@id":"https:\/\/www.birlacarbon.com\/pt-br\/#organization"},"potentialAction":[{"@type":"SearchAction","target":{"@type":"EntryPoint","urlTemplate":"https:\/\/www.birlacarbon.com\/pt-br\/?s={search_term_string}"},"query-input":{"@type":"PropertyValueSpecification","valueRequired":true,"valueName":"search_term_string"}}],"inLanguage":"pt-BR"},{"@type":"Organization","@id":"https:\/\/www.birlacarbon.com\/pt-br\/#organization","name":"Birla Carbon","url":"https:\/\/www.birlacarbon.com\/pt-br\/","logo":{"@type":"ImageObject","inLanguage":"pt-BR","@id":"https:\/\/www.birlacarbon.com\/pt-br\/#\/schema\/logo\/image\/","url":"https:\/\/www.birlacarbon.com\/wp-content\/uploads\/2017\/01\/aditya-birla-logo-retina.png","contentUrl":"https:\/\/www.birlacarbon.com\/wp-content\/uploads\/2017\/01\/aditya-birla-logo-retina.png","width":190,"height":182,"caption":"Birla Carbon"},"image":{"@id":"https:\/\/www.birlacarbon.com\/pt-br\/#\/schema\/logo\/image\/"}}]}},"_links":{"self":[{"href":"https:\/\/www.birlacarbon.com\/pt-br\/wp-json\/wp\/v2\/pages\/6065","targetHints":{"allow":["GET"]}}],"collection":[{"href":"https:\/\/www.birlacarbon.com\/pt-br\/wp-json\/wp\/v2\/pages"}],"about":[{"href":"https:\/\/www.birlacarbon.com\/pt-br\/wp-json\/wp\/v2\/types\/page"}],"author":[{"embeddable":true,"href":"https:\/\/www.birlacarbon.com\/pt-br\/wp-json\/wp\/v2\/users\/10"}],"replies":[{"embeddable":true,"href":"https:\/\/www.birlacarbon.com\/pt-br\/wp-json\/wp\/v2\/comments?post=6065"}],"version-history":[{"count":0,"href":"https:\/\/www.birlacarbon.com\/pt-br\/wp-json\/wp\/v2\/pages\/6065\/revisions"}],"up":[{"embeddable":true,"href":"https:\/\/www.birlacarbon.com\/pt-br\/wp-json\/wp\/v2\/pages\/6032"}],"wp:attachment":[{"href":"https:\/\/www.birlacarbon.com\/pt-br\/wp-json\/wp\/v2\/media?parent=6065"}],"curies":[{"name":"wp","href":"https:\/\/api.w.org\/{rel}","templated":true}]}}