{"id":6145,"date":"2017-11-17T17:21:13","date_gmt":"2017-11-17T17:21:13","guid":{"rendered":"https:\/\/birlastaging.wpengine.com\/?page_id=6145"},"modified":"2020-05-08T12:57:54","modified_gmt":"2020-05-08T12:57:54","slug":"birla-carbon-jining-uma-historia-de-sucesso-acontecendo","status":"publish","type":"page","link":"https:\/\/www.birlacarbon.com\/pt-br\/birla-carbon-jining-uma-historia-de-sucesso-acontecendo\/","title":{"rendered":"Birla Carbon Jining: Uma hist\u00f3ria de sucesso acontecendo"},"content":{"rendered":"<p><div class=\"fusion-fullwidth fullwidth-box fusion-builder-row-1 nonhundred-percent-fullwidth non-hundred-percent-height-scrolling\" style=\"--awb-border-radius-top-left:0px;--awb-border-radius-top-right:0px;--awb-border-radius-bottom-right:0px;--awb-border-radius-bottom-left:0px;--awb-padding-left:2%;--awb-flex-wrap:wrap;\" ><div class=\"fusion-builder-row fusion-row\"><div class=\"fusion-layout-column fusion_builder_column fusion-builder-column-0 fusion_builder_column_1_1 1_1 fusion-one-full fusion-column-first fusion-column-last\" style=\"--awb-padding-top:160px;--awb-padding-right:20px;--awb-padding-bottom:0px;--awb-padding-left:0px;--awb-bg-size:cover;--awb-margin-bottom:0px;\"><div class=\"fusion-column-wrapper fusion-flex-column-wrapper-legacy\"><div class=\"fusion-title title fusion-title-1 fusion-sep-none fusion-title-text fusion-title-size-one\" style=\"--awb-margin-top-small:0px;--awb-margin-right-small:0px;--awb-margin-bottom-small:20px;--awb-margin-left-small:0px;\"><h1 class=\"fusion-title-heading title-heading-left fusion-responsive-typography-calculated\" style=\"margin:0;--fontSize:60;line-height:1.25;\">Birla Carbon Jining: Uma hist\u00f3ria de sucesso acontecendo<\/h1><\/div><div class=\"fusion-clearfix\"><\/div><\/div><\/div><div class=\"fusion-layout-column fusion_builder_column fusion-builder-column-1 fusion_builder_column_1_1 1_1 fusion-one-full fusion-column-first fusion-column-last\" style=\"--awb-bg-size:cover;\"><div class=\"fusion-column-wrapper fusion-flex-column-wrapper-legacy\"><div class=\"fusion-text fusion-text-1\"><p class=\"subtitle\"><img decoding=\"async\" class=\"alignleft size-medium wp-image-3904\" src=\"https:\/\/www.birlacarbon.com\/wp-content\/uploads\/2017\/11\/1-300x169.jpg\" alt=\"\" width=\"300\" height=\"169\" srcset=\"https:\/\/www.birlacarbon.com\/wp-content\/uploads\/2017\/11\/1-200x112.jpg 200w, https:\/\/www.birlacarbon.com\/wp-content\/uploads\/2017\/11\/1-300x169.jpg 300w, https:\/\/www.birlacarbon.com\/wp-content\/uploads\/2017\/11\/1-400x225.jpg 400w, https:\/\/www.birlacarbon.com\/wp-content\/uploads\/2017\/11\/1-600x337.jpg 600w, https:\/\/www.birlacarbon.com\/wp-content\/uploads\/2017\/11\/1.jpg 753w\" sizes=\"(max-width: 300px) 100vw, 300px\" \/>A Birla Carbon Jining, uma f\u00e1brica constru\u00edda da funda\u00e7\u00e3o \u00e0 produ\u00e7\u00e3o em um tempo recorde de 30 meses, \u00e9 a planta de negro de fumo mais recente e mais avan\u00e7ada em termos tecnol\u00f3gicos da Birla Carbon. <\/p>\n<p>A f\u00e1brica de Jining foi constru\u00edda para proporcionar negro de fumo de alta qualidade a um dos mercados com mais r\u00e1pida expans\u00e3o do mundo &#8211; a China. A planta, que atualmente tem uma capacidade instalada de 120 mil toneladas (MT), ser\u00e1 expandida para 240 mil toneladas (MT) na fase 2. <\/p>\n<p>A nova instala\u00e7\u00e3o de produ\u00e7\u00e3o, o maior investimento do Grupo Aditya Birla na China, fornecer\u00e1 atender\u00e1 ao mercado chin\u00eas e acomodar\u00e1 as exig\u00eancias crescentes de qualidade superior, solu\u00e7\u00f5es t\u00e9cnicas e desempenho. <\/p>\n<p>Kumar Mangalam Birla, Presidente do Grupo Aditya Birla, compartilha conosco: \u201cA planta de Jining est\u00e1 muito \u00e0 frente de seu tempo, quer seja nos processos de fabrica\u00e7\u00e3o envolvidos, quer nas normas ambientais que segue. Tudo o que aprendemos ao longo dos nossos mais de 150 anos de fabrica\u00e7\u00e3o de negro de fumo em todo o mundo foi considerado nessa instala\u00e7\u00e3o. \u00c9, por assim dizer, nossa obra-prima.\u201d<\/p>\n<p>Jining produzir\u00e1 para os clientes os tradicionais grades (tipos de negro de fumo) ASTM (Sociedade American para Testes e Materiais) e grades espec\u00edficos da Birla Carbon. Os grades ASTM s\u00e3o direcionados principalmente para a ind\u00fastria de pneus, enquanto muitos dos grades exclusivos da Birla Carbon atender\u00e3o ao mercado de artefatos de borracha para atender aos diversos requisitos do cliente.<\/p>\n<p>A Birla Carbon Jining \u00e9 uma planta de \u2018energia positiva\u2019, com seu sistema de gerenciamento energ\u00e9tico \u00fanico. A unidade de cogera\u00e7\u00e3o gerar\u00e1 vapor de alta press\u00e3o e eletricidade que, em primeiro lugar, atender\u00e3o o consumo interno, com o excedente de eletricidade para exporta\u00e7\u00e3o para a rede estadual. Seus sistemas De-SOx e De-NOx de ponta s\u00e3o sistemas de controle de emiss\u00f5es ultramodernos alinhados com as normas ambientais chinesas a serem adaptadas at\u00e9 2021.<\/p>\n<p>Leia mais sobre Jining ou nos escreva para  \u2013<\/p>\n<p><a class=\"word-break\" href=\"mailto:birlacarbon.communications@adityabirla.com\">birlacarbon.communications@adityabirla.com<\/a><\/p>\n<\/div><div class=\"fusion-clearfix\"><\/div><\/div><\/div><div class=\"fusion-layout-column fusion_builder_column fusion-builder-column-2 fusion_builder_column_1_2 1_2 fusion-one-half fusion-column-first\" style=\"--awb-bg-size:cover;width:50%;width:calc(50% - ( ( 4% ) * 0.5 ) );margin-right: 4%;\"><div class=\"fusion-column-wrapper fusion-flex-column-wrapper-legacy\"><div class=\"fusion-image-element in-legacy-container\" style=\"--awb-caption-title-font-family:var(--h2_typography-font-family);--awb-caption-title-font-weight:var(--h2_typography-font-weight);--awb-caption-title-font-style:var(--h2_typography-font-style);--awb-caption-title-size:var(--h2_typography-font-size);--awb-caption-title-transform:var(--h2_typography-text-transform);--awb-caption-title-line-height:var(--h2_typography-line-height);--awb-caption-title-letter-spacing:var(--h2_typography-letter-spacing);\"><span class=\" fusion-imageframe imageframe-none imageframe-1 hover-type-none\"><img decoding=\"async\" width=\"742\" height=\"396\" title=\"2\" src=\"https:\/\/www.birlacarbon.com\/wp-content\/uploads\/2017\/11\/2.jpg\" alt class=\"img-responsive wp-image-6147\" srcset=\"https:\/\/www.birlacarbon.com\/wp-content\/uploads\/2017\/11\/2-200x107.jpg 200w, https:\/\/www.birlacarbon.com\/wp-content\/uploads\/2017\/11\/2-400x213.jpg 400w, https:\/\/www.birlacarbon.com\/wp-content\/uploads\/2017\/11\/2-600x320.jpg 600w, https:\/\/www.birlacarbon.com\/wp-content\/uploads\/2017\/11\/2.jpg 742w\" sizes=\"(max-width: 800px) 100vw, 600px\" \/><\/span><\/div><div class=\"fusion-sep-clear\"><\/div><div class=\"fusion-separator fusion-full-width-sep\" style=\"margin-left: auto;margin-right: auto;margin-top:20px;width:100%;\"><\/div><div class=\"fusion-sep-clear\"><\/div><div class=\"fusion-text fusion-text-2\"><p>A f\u00e1brica de Jining da Birla Carbon produz para seus clientes os tradicionais grades ASTM e grades espec\u00edficos da Birla Carbon.<\/p>\n<p>A capacidade de produ\u00e7\u00e3o da planta \u00e9 de 120 mil MT\/ano, com a capacidade de expans\u00e3o para  240 mil MT\/ano como parte de seus planos da 2\u00aa fase.<\/p>\n<\/div><div class=\"fusion-clearfix\"><\/div><\/div><\/div><div class=\"fusion-layout-column fusion_builder_column fusion-builder-column-3 fusion_builder_column_1_2 1_2 fusion-one-half fusion-column-last\" style=\"--awb-bg-size:cover;width:50%;width:calc(50% - ( ( 4% ) * 0.5 ) );\"><div class=\"fusion-column-wrapper fusion-flex-column-wrapper-legacy\"><div class=\"fusion-image-element in-legacy-container\" style=\"--awb-caption-title-font-family:var(--h2_typography-font-family);--awb-caption-title-font-weight:var(--h2_typography-font-weight);--awb-caption-title-font-style:var(--h2_typography-font-style);--awb-caption-title-size:var(--h2_typography-font-size);--awb-caption-title-transform:var(--h2_typography-text-transform);--awb-caption-title-line-height:var(--h2_typography-line-height);--awb-caption-title-letter-spacing:var(--h2_typography-letter-spacing);\"><span class=\" fusion-imageframe imageframe-none imageframe-2 hover-type-none\"><img decoding=\"async\" width=\"746\" height=\"400\" title=\"3\" src=\"https:\/\/www.birlacarbon.com\/wp-content\/uploads\/2017\/11\/3.jpg\" alt class=\"img-responsive wp-image-6148\" srcset=\"https:\/\/www.birlacarbon.com\/wp-content\/uploads\/2017\/11\/3-200x107.jpg 200w, https:\/\/www.birlacarbon.com\/wp-content\/uploads\/2017\/11\/3-400x214.jpg 400w, https:\/\/www.birlacarbon.com\/wp-content\/uploads\/2017\/11\/3-600x322.jpg 600w, https:\/\/www.birlacarbon.com\/wp-content\/uploads\/2017\/11\/3.jpg 746w\" sizes=\"(max-width: 800px) 100vw, 600px\" \/><\/span><\/div><div class=\"fusion-sep-clear\"><\/div><div class=\"fusion-separator fusion-full-width-sep\" style=\"margin-left: auto;margin-right: auto;margin-top:20px;width:100%;\"><\/div><div class=\"fusion-sep-clear\"><\/div><div class=\"fusion-text fusion-text-3\"><p>A Birla Carbon Jining \u00e9 uma planta de \u2018energia positiva\u2019, pois tem o seu pr\u00f3prio sistema de gerenciamento energ\u00e9tico. A unidade de cogera\u00e7\u00e3o gera vapor de alta press\u00e3o e a eletricidade que, em primeiro lugar, serve o consumo interno, com o excedente de eletricidade sendo exportado para a rede estadual.<\/p>\n<p>O investimento total para a f\u00e1brica \u00e9 de 300 milh\u00f5es de d\u00f3lares.<\/p>\n<\/div><div class=\"fusion-clearfix\"><\/div><\/div><\/div><div class=\"fusion-layout-column fusion_builder_column fusion-builder-column-4 fusion_builder_column_1_2 1_2 fusion-one-half fusion-column-first\" style=\"--awb-bg-size:cover;width:50%;width:calc(50% - ( ( 4% ) * 0.5 ) );margin-right: 4%;\"><div class=\"fusion-column-wrapper fusion-flex-column-wrapper-legacy\"><div class=\"fusion-image-element in-legacy-container\" style=\"--awb-caption-title-font-family:var(--h2_typography-font-family);--awb-caption-title-font-weight:var(--h2_typography-font-weight);--awb-caption-title-font-style:var(--h2_typography-font-style);--awb-caption-title-size:var(--h2_typography-font-size);--awb-caption-title-transform:var(--h2_typography-text-transform);--awb-caption-title-line-height:var(--h2_typography-line-height);--awb-caption-title-letter-spacing:var(--h2_typography-letter-spacing);\"><span class=\" fusion-imageframe imageframe-none imageframe-3 hover-type-none\"><img decoding=\"async\" width=\"569\" height=\"379\" title=\"4\" src=\"https:\/\/www.birlacarbon.com\/wp-content\/uploads\/2017\/11\/4.jpg\" alt class=\"img-responsive wp-image-6149\" srcset=\"https:\/\/www.birlacarbon.com\/wp-content\/uploads\/2017\/11\/4-200x133.jpg 200w, https:\/\/www.birlacarbon.com\/wp-content\/uploads\/2017\/11\/4-400x266.jpg 400w, https:\/\/www.birlacarbon.com\/wp-content\/uploads\/2017\/11\/4.jpg 569w\" sizes=\"(max-width: 800px) 100vw, 569px\" \/><\/span><\/div><div class=\"fusion-sep-clear\"><\/div><div class=\"fusion-separator fusion-full-width-sep\" style=\"margin-left: auto;margin-right: auto;margin-top:20px;width:100%;\"><\/div><div class=\"fusion-sep-clear\"><\/div><div class=\"fusion-text fusion-text-4\"><p>Mantendo a sustentabilidade como parte de suas prioridades globais, a planta de Jining foi desenhada com base na abordagem de Excel\u00eancia Operacional Sustent\u00e1vel (SOE) da Birla Carbon.<\/p>\n<p>Foi usada tecnologia para assegurar que as emiss\u00f5es de CO<sub>2<\/sub> diretas por tonelada de negro de fumo produzido s\u00e3o mais baixas do que a refer\u00eancia da ind\u00fastria.<\/p>\n<\/div><div class=\"fusion-clearfix\"><\/div><\/div><\/div><div class=\"fusion-layout-column fusion_builder_column fusion-builder-column-5 fusion_builder_column_1_2 1_2 fusion-one-half fusion-column-last\" style=\"--awb-bg-size:cover;width:50%;width:calc(50% - ( ( 4% ) * 0.5 ) );\"><div class=\"fusion-column-wrapper fusion-flex-column-wrapper-legacy\"><div class=\"fusion-image-element in-legacy-container\" style=\"--awb-caption-title-font-family:var(--h2_typography-font-family);--awb-caption-title-font-weight:var(--h2_typography-font-weight);--awb-caption-title-font-style:var(--h2_typography-font-style);--awb-caption-title-size:var(--h2_typography-font-size);--awb-caption-title-transform:var(--h2_typography-text-transform);--awb-caption-title-line-height:var(--h2_typography-line-height);--awb-caption-title-letter-spacing:var(--h2_typography-letter-spacing);\"><span class=\" fusion-imageframe imageframe-none imageframe-4 hover-type-none\"><img decoding=\"async\" width=\"566\" height=\"378\" title=\"5\" src=\"https:\/\/www.birlacarbon.com\/wp-content\/uploads\/2017\/11\/5.jpg\" alt class=\"img-responsive wp-image-6150\" srcset=\"https:\/\/www.birlacarbon.com\/wp-content\/uploads\/2017\/11\/5-200x134.jpg 200w, https:\/\/www.birlacarbon.com\/wp-content\/uploads\/2017\/11\/5-400x267.jpg 400w, https:\/\/www.birlacarbon.com\/wp-content\/uploads\/2017\/11\/5.jpg 566w\" sizes=\"(max-width: 800px) 100vw, 566px\" \/><\/span><\/div><div class=\"fusion-sep-clear\"><\/div><div class=\"fusion-separator fusion-full-width-sep\" style=\"margin-left: auto;margin-right: auto;margin-top:20px;width:100%;\"><\/div><div class=\"fusion-sep-clear\"><\/div><div class=\"fusion-text fusion-text-5\"><p>A f\u00e1brica de Jining usa sistemas De-SOx e De-NOx de ponta. Seus sistemas de controle de emiss\u00f5es ultramodernos est\u00e3o alinhados com as normas ambientais chinesas a serem adaptadas at\u00e9 2021.<\/p>\n<p>A substitui\u00e7\u00e3o da energia produzida plea unidade de cogera\u00e7\u00e3o pela da rede estadual contribui para reduzir o uso de combust\u00edveis f\u00f3sseis e, subsequentemente, as emiss\u00f5es.<\/p>\n<\/div><div class=\"fusion-clearfix\"><\/div><\/div><\/div><div class=\"fusion-layout-column fusion_builder_column fusion-builder-column-6 fusion_builder_column_1_2 1_2 fusion-one-half fusion-column-first\" style=\"--awb-bg-size:cover;width:50%;width:calc(50% - ( ( 4% ) * 0.5 ) );margin-right: 4%;\"><div class=\"fusion-column-wrapper fusion-flex-column-wrapper-legacy\"><div class=\"fusion-image-element in-legacy-container\" style=\"--awb-caption-title-font-family:var(--h2_typography-font-family);--awb-caption-title-font-weight:var(--h2_typography-font-weight);--awb-caption-title-font-style:var(--h2_typography-font-style);--awb-caption-title-size:var(--h2_typography-font-size);--awb-caption-title-transform:var(--h2_typography-text-transform);--awb-caption-title-line-height:var(--h2_typography-line-height);--awb-caption-title-letter-spacing:var(--h2_typography-letter-spacing);\"><span class=\" fusion-imageframe imageframe-none imageframe-5 hover-type-none\"><img decoding=\"async\" width=\"569\" height=\"379\" title=\"6\" src=\"https:\/\/www.birlacarbon.com\/wp-content\/uploads\/2017\/11\/6.jpg\" alt class=\"img-responsive wp-image-6151\" srcset=\"https:\/\/www.birlacarbon.com\/wp-content\/uploads\/2017\/11\/6-200x133.jpg 200w, https:\/\/www.birlacarbon.com\/wp-content\/uploads\/2017\/11\/6-400x266.jpg 400w, https:\/\/www.birlacarbon.com\/wp-content\/uploads\/2017\/11\/6.jpg 569w\" sizes=\"(max-width: 800px) 100vw, 569px\" \/><\/span><\/div><div class=\"fusion-sep-clear\"><\/div><div class=\"fusion-separator fusion-full-width-sep\" style=\"margin-left: auto;margin-right: auto;margin-top:20px;width:100%;\"><\/div><div class=\"fusion-sep-clear\"><\/div><div class=\"fusion-text fusion-text-6\"><p>Como parte de seu programa de tratamento de res\u00edduos, s\u00e3o usados Tratamento de \u00c1gua e \u00c1guas Residuais (WWR) e Descargas de L\u00edquidos Zero (ZLD) como parte de seu processo.<\/p>\n<p>Foi necess\u00e1rio um total de 2,3 milh\u00f5es de horas de m\u00e3o-de-obra sem qualquer incidente de seguran\u00e7a para completar a constru\u00e7\u00e3o dessa instala\u00e7\u00e3o, o que real\u00e7a o compromisso da Birla Carbon para com a seguran\u00e7a dos empregados.<\/p>\n<\/div><div class=\"fusion-clearfix\"><\/div><\/div><\/div><div class=\"fusion-layout-column fusion_builder_column fusion-builder-column-7 fusion_builder_column_1_2 1_2 fusion-one-half fusion-column-last\" style=\"--awb-bg-size:cover;width:50%;width:calc(50% - ( ( 4% ) * 0.5 ) );\"><div class=\"fusion-column-wrapper fusion-flex-column-wrapper-legacy\"><div class=\"fusion-image-element in-legacy-container\" style=\"--awb-caption-title-font-family:var(--h2_typography-font-family);--awb-caption-title-font-weight:var(--h2_typography-font-weight);--awb-caption-title-font-style:var(--h2_typography-font-style);--awb-caption-title-size:var(--h2_typography-font-size);--awb-caption-title-transform:var(--h2_typography-text-transform);--awb-caption-title-line-height:var(--h2_typography-line-height);--awb-caption-title-letter-spacing:var(--h2_typography-letter-spacing);\"><span class=\" fusion-imageframe imageframe-none imageframe-6 hover-type-none\"><img decoding=\"async\" width=\"578\" height=\"385\" title=\"7\" src=\"https:\/\/www.birlacarbon.com\/wp-content\/uploads\/2017\/11\/7.jpg\" alt class=\"img-responsive wp-image-6152\" srcset=\"https:\/\/www.birlacarbon.com\/wp-content\/uploads\/2017\/11\/7-200x133.jpg 200w, https:\/\/www.birlacarbon.com\/wp-content\/uploads\/2017\/11\/7-400x266.jpg 400w, https:\/\/www.birlacarbon.com\/wp-content\/uploads\/2017\/11\/7.jpg 578w\" sizes=\"(max-width: 800px) 100vw, 578px\" \/><\/span><\/div><div class=\"fusion-sep-clear\"><\/div><div class=\"fusion-separator fusion-full-width-sep\" style=\"margin-left: auto;margin-right: auto;margin-top:20px;width:100%;\"><\/div><div class=\"fusion-sep-clear\"><\/div><div class=\"fusion-text fusion-text-7\"><p>Adotando procedimentos de An\u00e1lise de Seguran\u00e7a do Trabalho (JSA), a planta ajuda a integrar princ\u00edpios e pr\u00e1ticas de sa\u00fade e seguran\u00e7a em suas opera\u00e7\u00f5es.<\/p>\n<p>S\u00e3o produzidos v\u00e1rios grades de negro de fumo, suprindo as necessidades dos principais clientes chineses e da ind\u00fastria de pneus, e artefatos de borracha.<\/p>\n<\/div><div class=\"fusion-clearfix\"><\/div><\/div><\/div><\/div><\/div><div class=\"fusion-fullwidth fullwidth-box fusion-builder-row-2 nonhundred-percent-fullwidth non-hundred-percent-height-scrolling\" style=\"--awb-border-radius-top-left:0px;--awb-border-radius-top-right:0px;--awb-border-radius-bottom-right:0px;--awb-border-radius-bottom-left:0px;--awb-flex-wrap:wrap;\" ><div class=\"fusion-builder-row fusion-row\"><div class=\"fusion-layout-column fusion_builder_column fusion-builder-column-8 fusion_builder_column_1_1 1_1 fusion-one-full fusion-column-first fusion-column-last\" style=\"--awb-bg-size:cover;\"><div class=\"fusion-column-wrapper fusion-flex-column-wrapper-legacy\"><div class=\"fusion-video fusion-youtube video\" style=\"--awb-max-width:600px;--awb-max-height:360px;\"><div class=\"video-shortcode\"><div class=\"fluid-width-video-wrapper\" style=\"padding-top:60%;\" ><iframe title=\"YouTube video player 1\" src=\"https:\/\/www.youtube.com\/embed\/3VTz7X7eu94?wmode=transparent&autoplay=0\" width=\"600\" height=\"360\" allowfullscreen allow=\"autoplay; clipboard-write; encrypted-media; gyroscope; picture-in-picture;\"><\/iframe><\/div><\/div><\/div><div class=\"fusion-clearfix\"><\/div><\/div><\/div><\/div><\/div><\/p>\n","protected":false},"excerpt":{"rendered":"","protected":false},"author":10,"featured_media":0,"parent":0,"menu_order":4,"comment_status":"closed","ping_status":"closed","template":"","meta":{"_acf_changed":false,"_monsterinsights_skip_tracking":false,"_monsterinsights_sitenote_active":false,"_monsterinsights_sitenote_note":"","_monsterinsights_sitenote_category":0,"footnotes":""},"class_list":["post-6145","page","type-page","status-publish","hentry"],"acf":false,"yoast_head":"<!-- This site is optimized with the Yoast SEO plugin v27.4 - https:\/\/yoast.com\/product\/yoast-seo-wordpress\/ -->\n<title>Birla Carbon Jining: Uma hist\u00f3ria de sucesso acontecendo - Birla Carbon<\/title>\n<meta name=\"robots\" content=\"index, follow, max-snippet:-1, max-image-preview:large, max-video-preview:-1\" \/>\n<link rel=\"canonical\" href=\"https:\/\/www.birlacarbon.com\/pt-br\/birla-carbon-jining-uma-historia-de-sucesso-acontecendo\/\" \/>\n<meta property=\"og:locale\" content=\"pt_BR\" \/>\n<meta property=\"og:type\" content=\"article\" \/>\n<meta property=\"og:title\" content=\"Birla Carbon Jining: Uma hist\u00f3ria de sucesso acontecendo - Birla Carbon\" \/>\n<meta property=\"og:url\" content=\"https:\/\/www.birlacarbon.com\/pt-br\/birla-carbon-jining-uma-historia-de-sucesso-acontecendo\/\" \/>\n<meta property=\"og:site_name\" content=\"Birla Carbon\" \/>\n<meta property=\"article:modified_time\" content=\"2020-05-08T12:57:54+00:00\" \/>\n<meta property=\"og:image\" content=\"https:\/\/www.birlacarbon.com\/wp-content\/uploads\/2017\/11\/1-300x169.jpg\" \/>\n<meta name=\"twitter:card\" content=\"summary_large_image\" \/>\n<meta name=\"twitter:label1\" content=\"Est. tempo de leitura\" \/>\n\t<meta name=\"twitter:data1\" content=\"12 minutos\" \/>\n<!-- \/ Yoast SEO plugin. -->","yoast_head_json":{"title":"Birla Carbon Jining: Uma hist\u00f3ria de sucesso acontecendo - Birla Carbon","robots":{"index":"index","follow":"follow","max-snippet":"max-snippet:-1","max-image-preview":"max-image-preview:large","max-video-preview":"max-video-preview:-1"},"canonical":"https:\/\/www.birlacarbon.com\/pt-br\/birla-carbon-jining-uma-historia-de-sucesso-acontecendo\/","og_locale":"pt_BR","og_type":"article","og_title":"Birla Carbon Jining: Uma hist\u00f3ria de sucesso acontecendo - Birla Carbon","og_url":"https:\/\/www.birlacarbon.com\/pt-br\/birla-carbon-jining-uma-historia-de-sucesso-acontecendo\/","og_site_name":"Birla Carbon","article_modified_time":"2020-05-08T12:57:54+00:00","og_image":[{"url":"https:\/\/www.birlacarbon.com\/wp-content\/uploads\/2017\/11\/1-300x169.jpg","type":"","width":"","height":""}],"twitter_card":"summary_large_image","twitter_misc":{"Est. tempo de leitura":"12 minutos"},"schema":{"@context":"https:\/\/schema.org","@graph":[{"@type":"WebPage","@id":"https:\/\/www.birlacarbon.com\/pt-br\/birla-carbon-jining-uma-historia-de-sucesso-acontecendo\/","url":"https:\/\/www.birlacarbon.com\/pt-br\/birla-carbon-jining-uma-historia-de-sucesso-acontecendo\/","name":"Birla Carbon Jining: Uma hist\u00f3ria de sucesso acontecendo - Birla Carbon","isPartOf":{"@id":"https:\/\/www.birlacarbon.com\/pt-br\/#website"},"primaryImageOfPage":{"@id":"https:\/\/www.birlacarbon.com\/pt-br\/birla-carbon-jining-uma-historia-de-sucesso-acontecendo\/#primaryimage"},"image":{"@id":"https:\/\/www.birlacarbon.com\/pt-br\/birla-carbon-jining-uma-historia-de-sucesso-acontecendo\/#primaryimage"},"thumbnailUrl":"https:\/\/www.birlacarbon.com\/wp-content\/uploads\/2017\/11\/1-300x169.jpg","datePublished":"2017-11-17T17:21:13+00:00","dateModified":"2020-05-08T12:57:54+00:00","breadcrumb":{"@id":"https:\/\/www.birlacarbon.com\/pt-br\/birla-carbon-jining-uma-historia-de-sucesso-acontecendo\/#breadcrumb"},"inLanguage":"pt-BR","potentialAction":[{"@type":"ReadAction","target":["https:\/\/www.birlacarbon.com\/pt-br\/birla-carbon-jining-uma-historia-de-sucesso-acontecendo\/"]}]},{"@type":"ImageObject","inLanguage":"pt-BR","@id":"https:\/\/www.birlacarbon.com\/pt-br\/birla-carbon-jining-uma-historia-de-sucesso-acontecendo\/#primaryimage","url":"https:\/\/www.birlacarbon.com\/wp-content\/uploads\/2017\/11\/1-300x169.jpg","contentUrl":"https:\/\/www.birlacarbon.com\/wp-content\/uploads\/2017\/11\/1-300x169.jpg"},{"@type":"BreadcrumbList","@id":"https:\/\/www.birlacarbon.com\/pt-br\/birla-carbon-jining-uma-historia-de-sucesso-acontecendo\/#breadcrumb","itemListElement":[{"@type":"ListItem","position":1,"name":"Home","item":"https:\/\/www.birlacarbon.com\/pt-br\/"},{"@type":"ListItem","position":2,"name":"Birla Carbon Jining: Uma hist\u00f3ria de sucesso acontecendo"}]},{"@type":"WebSite","@id":"https:\/\/www.birlacarbon.com\/pt-br\/#website","url":"https:\/\/www.birlacarbon.com\/pt-br\/","name":"Birla Carbon","description":"Birla Carbon","publisher":{"@id":"https:\/\/www.birlacarbon.com\/pt-br\/#organization"},"potentialAction":[{"@type":"SearchAction","target":{"@type":"EntryPoint","urlTemplate":"https:\/\/www.birlacarbon.com\/pt-br\/?s={search_term_string}"},"query-input":{"@type":"PropertyValueSpecification","valueRequired":true,"valueName":"search_term_string"}}],"inLanguage":"pt-BR"},{"@type":"Organization","@id":"https:\/\/www.birlacarbon.com\/pt-br\/#organization","name":"Birla Carbon","url":"https:\/\/www.birlacarbon.com\/pt-br\/","logo":{"@type":"ImageObject","inLanguage":"pt-BR","@id":"https:\/\/www.birlacarbon.com\/pt-br\/#\/schema\/logo\/image\/","url":"https:\/\/www.birlacarbon.com\/wp-content\/uploads\/2017\/01\/aditya-birla-logo-retina.png","contentUrl":"https:\/\/www.birlacarbon.com\/wp-content\/uploads\/2017\/01\/aditya-birla-logo-retina.png","width":190,"height":182,"caption":"Birla Carbon"},"image":{"@id":"https:\/\/www.birlacarbon.com\/pt-br\/#\/schema\/logo\/image\/"}}]}},"_links":{"self":[{"href":"https:\/\/www.birlacarbon.com\/pt-br\/wp-json\/wp\/v2\/pages\/6145","targetHints":{"allow":["GET"]}}],"collection":[{"href":"https:\/\/www.birlacarbon.com\/pt-br\/wp-json\/wp\/v2\/pages"}],"about":[{"href":"https:\/\/www.birlacarbon.com\/pt-br\/wp-json\/wp\/v2\/types\/page"}],"author":[{"embeddable":true,"href":"https:\/\/www.birlacarbon.com\/pt-br\/wp-json\/wp\/v2\/users\/10"}],"replies":[{"embeddable":true,"href":"https:\/\/www.birlacarbon.com\/pt-br\/wp-json\/wp\/v2\/comments?post=6145"}],"version-history":[{"count":0,"href":"https:\/\/www.birlacarbon.com\/pt-br\/wp-json\/wp\/v2\/pages\/6145\/revisions"}],"wp:attachment":[{"href":"https:\/\/www.birlacarbon.com\/pt-br\/wp-json\/wp\/v2\/media?parent=6145"}],"curies":[{"name":"wp","href":"https:\/\/api.w.org\/{rel}","templated":true}]}}