{"id":6256,"date":"2017-01-18T17:41:28","date_gmt":"2017-01-18T17:41:28","guid":{"rendered":"https:\/\/birlastaging.wpengine.com\/?page_id=6256"},"modified":"2020-05-14T17:17:00","modified_gmt":"2020-05-14T17:17:00","slug":"noticias-e-eventos","status":"publish","type":"page","link":"https:\/\/www.birlacarbon.com\/pt-br\/noticias-e-eventos\/","title":{"rendered":"NOT\u00cdCIAS E EVENTOS"},"content":{"rendered":"<p><div class=\"fusion-fullwidth fullwidth-box fusion-builder-row-1 fusion-parallax-none nonhundred-percent-fullwidth non-hundred-percent-height-scrolling cb-interior-main\" style=\"--awb-border-radius-top-left:0px;--awb-border-radius-top-right:0px;--awb-border-radius-bottom-right:0px;--awb-border-radius-bottom-left:0px;--awb-padding-top:5%;--awb-padding-right:5%;--awb-padding-bottom:2%;--awb-padding-left:5%;--awb-background-image:url(&quot;https:\/\/www.birlacarbon.com\/wp-content\/uploads\/2017\/02\/news-1024x338.jpg&quot;);--awb-background-size:cover;--awb-border-sizes-top:0px;--awb-border-sizes-bottom:0px;--awb-flex-wrap:wrap;\" ><div class=\"fusion-builder-row fusion-row\"><div class=\"fusion-layout-column fusion_builder_column fusion-builder-column-0 fusion_builder_column_2_3 2_3 fusion-two-third fusion-column-first\" style=\"--awb-padding-top:20px;--awb-padding-right:20px;--awb-padding-bottom:40px;--awb-padding-left:40px;--awb-bg-color:rgba(38,163,0,0.66);--awb-bg-color-hover:rgba(38,163,0,0.66);--awb-bg-size:cover;width:65.3333%; margin-right: 4%;\"><div class=\"fusion-column-wrapper fusion-flex-column-wrapper-legacy\"><div class=\"fusion-title title fusion-title-1 fusion-sep-none fusion-title-text fusion-title-size-one\" style=\"--awb-margin-bottom:20px;--awb-margin-top-small:0px;--awb-margin-right-small:0px;--awb-margin-bottom-small:20px;--awb-margin-left-small:0px;\"><h1 class=\"fusion-title-heading title-heading-left fusion-responsive-typography-calculated\" style=\"margin:0;--fontSize:60;line-height:1.25;\"><span style=\"color: #ffffff;\"><strong>NOT\u00cdCIAS E EVENTOS<\/strong><\/span><\/h1><\/div><div class=\"fusion-text fusion-text-1\"><div class=\"cb-main-text\">NOSSO CENTRO DE M\u00cdDIA<\/div>\n<\/div><div class=\"fusion-clearfix\"><\/div><\/div><\/div><\/div><\/div><div class=\"fusion-fullwidth fullwidth-box fusion-builder-row-2 nonhundred-percent-fullwidth non-hundred-percent-height-scrolling\" style=\"--awb-background-position:left top;--awb-border-radius-top-left:0px;--awb-border-radius-top-right:0px;--awb-border-radius-bottom-right:0px;--awb-border-radius-bottom-left:0px;--awb-padding-top:60px;--awb-margin-bottom:0px;--awb-border-sizes-top:0px;--awb-border-sizes-bottom:0px;--awb-flex-wrap:wrap;\" ><div class=\"fusion-builder-row fusion-row\"><div class=\"fusion-layout-column fusion_builder_column fusion-builder-column-1 fusion_builder_column_1_1 1_1 fusion-one-full fusion-column-first fusion-column-last\" style=\"--awb-bg-size:cover;--awb-margin-bottom:0px;\"><div class=\"fusion-column-wrapper fusion-flex-column-wrapper-legacy\"><div class=\"fusion-text fusion-text-2\"><p>Quer seja ganhando pr\u00eamios, aprofundando a sustentabilidade ou expandindo o neg\u00f3cio, a Birla Carbon est\u00e1 sendo not\u00edcia. Aqui voc\u00ea pode encontrar nossos releases para a imprensa, artigos com not\u00edcias, bem como informa\u00e7\u00f5es sobre eventos futuros.<\/p>\n<\/div><div class=\"fusion-clearfix\"><\/div><\/div><\/div><\/div><\/div><div class=\"fusion-fullwidth fullwidth-box fusion-builder-row-3 nonhundred-percent-fullwidth non-hundred-percent-height-scrolling\" style=\"--awb-background-position:left top;--awb-border-radius-top-left:0px;--awb-border-radius-top-right:0px;--awb-border-radius-bottom-right:0px;--awb-border-radius-bottom-left:0px;--awb-padding-top:40px;--awb-padding-bottom:0px;--awb-border-sizes-top:0px;--awb-border-sizes-bottom:0px;--awb-flex-wrap:wrap;\" ><div class=\"fusion-builder-row fusion-row\"><div class=\"fusion-layout-column fusion_builder_column fusion-builder-column-2 fusion_builder_column_1_3 1_3 fusion-one-third fusion-column-first col3-holder-small\" style=\"--awb-bg-size:cover;width:30.6666%; margin-right: 4%;\"><div class=\"fusion-column-wrapper fusion-flex-column-wrapper-legacy\"><div class=\"fusion-builder-row fusion-builder-row-inner fusion-row\"><div class=\"fusion-layout-column fusion_builder_column_inner fusion-builder-nested-column-0 fusion_builder_column_inner_1_1 1_1 fusion-one-full fusion-column-first fusion-column-last fusion-column-inner-bg-wrapper cb-learn-thumbs\" style=\"--awb-padding-top:30px;--awb-padding-bottom:150px;--awb-inner-bg-image:url(&#039;https:\/\/www.birlacarbon.com\/wp-content\/uploads\/2017\/01\/news-1.jpg&#039;);--awb-inner-bg-position:center center;--awb-inner-bg-size:cover;\"><span class=\"fusion-column-inner-bg hover-type-none\"><a class=\"fusion-column-anchor\" href=\"https:\/\/www.birlacarbon.com\/press-releases\/\"><span class=\"fusion-column-inner-bg-image\"><\/span><\/a><\/span><div class=\"fusion-column-wrapper fusion-flex-column-wrapper-legacy fusion-column-has-bg-image\" data-bg-url=\"https:\/\/www.birlacarbon.com\/wp-content\/uploads\/2017\/01\/news-1.jpg\"><div class=\"fusion-column-content-centered\"><div class=\"fusion-column-content\"><div class=\"fusion-text fusion-text-3\"><div class=\"cb-hm-text\">\n<h3 style=\"text-align: center;\"><span style=\"color: #ffffff;\">RELEASES PARA A IMPRENSA<\/span><\/h3>\n<\/div>\n<\/div><\/div><\/div><div class=\"fusion-clearfix\"><\/div><\/div><\/div><\/div><div class=\"fusion-text fusion-text-4\"><p>Saiba mais sobre a Birla Carbon, incluindo nossas \u00faltimas comunica\u00e7\u00f5es.<\/p>\n<\/div><div class=\"fusion-clearfix\"><\/div><\/div><\/div><div class=\"fusion-layout-column fusion_builder_column fusion-builder-column-3 fusion_builder_column_1_3 1_3 fusion-one-third col3-holder-small\" style=\"--awb-bg-size:cover;width:30.6666%; margin-right: 4%;\"><div class=\"fusion-column-wrapper fusion-flex-column-wrapper-legacy\"><div class=\"fusion-builder-row fusion-builder-row-inner fusion-row\"><div class=\"fusion-layout-column fusion_builder_column_inner fusion-builder-nested-column-1 fusion_builder_column_inner_1_1 1_1 fusion-one-full fusion-column-first fusion-column-last fusion-column-inner-bg-wrapper cb-learn-thumbs\" style=\"--awb-padding-top:30px;--awb-padding-bottom:150px;--awb-inner-bg-image:url(&#039;https:\/\/www.birlacarbon.com\/wp-content\/uploads\/2017\/01\/news-2.jpg&#039;);--awb-inner-bg-position:center center;--awb-inner-bg-size:cover;\"><span class=\"fusion-column-inner-bg hover-type-none\"><a class=\"fusion-column-anchor\" href=\"https:\/\/www.birlacarbon.com\/articles\/\"><span class=\"fusion-column-inner-bg-image\"><\/span><\/a><\/span><div class=\"fusion-column-wrapper fusion-flex-column-wrapper-legacy fusion-column-has-bg-image\" data-bg-url=\"https:\/\/www.birlacarbon.com\/wp-content\/uploads\/2017\/01\/news-2.jpg\"><div class=\"fusion-column-content-centered\"><div class=\"fusion-column-content\"><div class=\"fusion-text fusion-text-5\"><div class=\"cb-hm-text\">\n<h3 style=\"text-align: center;\"><span style=\"color: #ffffff;\">ARTIGOS COM NOT\u00cdCIAS<\/span><\/h3>\n<\/div>\n<\/div><\/div><\/div><div class=\"fusion-clearfix\"><\/div><\/div><\/div><\/div><div class=\"fusion-text fusion-text-6\"><p>Leia hist\u00f3rias sobre nosso neg\u00f3cio, nossos l\u00edderes e nossas comunidades.<\/p>\n<\/div><div class=\"fusion-clearfix\"><\/div><\/div><\/div><div class=\"fusion-layout-column fusion_builder_column fusion-builder-column-4 fusion_builder_column_1_3 1_3 fusion-one-third fusion-column-last col3-holder-small\" style=\"--awb-bg-size:cover;width:30.6666%;\"><div class=\"fusion-column-wrapper fusion-flex-column-wrapper-legacy\"><div class=\"fusion-builder-row fusion-builder-row-inner fusion-row\"><div class=\"fusion-layout-column fusion_builder_column_inner fusion-builder-nested-column-2 fusion_builder_column_inner_1_1 1_1 fusion-one-full fusion-column-first fusion-column-last fusion-column-inner-bg-wrapper cb-learn-thumbs\" style=\"--awb-padding-top:30px;--awb-padding-bottom:150px;--awb-inner-bg-image:url(&#039;https:\/\/www.birlacarbon.com\/wp-content\/uploads\/2017\/01\/news-3.jpg&#039;);--awb-inner-bg-position:center center;--awb-inner-bg-size:cover;\"><span class=\"fusion-column-inner-bg hover-type-none\"><a class=\"fusion-column-anchor\" href=\"https:\/\/www.birlacarbon.com\/events\/\"><span class=\"fusion-column-inner-bg-image\"><\/span><\/a><\/span><div class=\"fusion-column-wrapper fusion-flex-column-wrapper-legacy fusion-column-has-bg-image\" data-bg-url=\"https:\/\/www.birlacarbon.com\/wp-content\/uploads\/2017\/01\/news-3.jpg\"><div class=\"fusion-column-content-centered\"><div class=\"fusion-column-content\"><div class=\"fusion-text fusion-text-7\"><div class=\"cb-hm-text\">\n<h3 style=\"text-align: center;\"><span style=\"color: #ffffff;\">EVENTOS<\/span><\/h3>\n<\/div>\n<\/div><\/div><\/div><div class=\"fusion-clearfix\"><\/div><\/div><\/div><\/div><div class=\"fusion-text fusion-text-8\"><p>Saiba mais sobre feiras e confer\u00eancias que participamos.<\/p>\n<\/div><div class=\"fusion-clearfix\"><\/div><\/div><\/div><\/div><\/div><div class=\"fusion-fullwidth fullwidth-box fusion-builder-row-4 nonhundred-percent-fullwidth non-hundred-percent-height-scrolling news-articles\" style=\"--awb-border-radius-top-left:0px;--awb-border-radius-top-right:0px;--awb-border-radius-bottom-right:0px;--awb-border-radius-bottom-left:0px;--awb-padding-top:20px;--awb-padding-bottom:20px;--awb-flex-wrap:wrap;\" ><div class=\"fusion-builder-row fusion-row\"><div class=\"fusion-layout-column fusion_builder_column fusion-builder-column-5 fusion_builder_column_1_2 1_2 fusion-one-half fusion-column-first\" style=\"--awb-bg-size:cover;width:50%;width:calc(50% - ( ( 4% ) * 0.5 ) );margin-right: 4%;\"><div class=\"fusion-column-wrapper fusion-flex-column-wrapper-legacy\"><div class=\"fusion-title title fusion-title-2 fusion-sep-none fusion-title-text fusion-title-size-four\" style=\"--awb-margin-top-small:0px;--awb-margin-right-small:0px;--awb-margin-bottom-small:20px;--awb-margin-left-small:0px;\"><h4 class=\"fusion-title-heading title-heading-left fusion-responsive-typography-calculated\" style=\"margin:0;--fontSize:22;--minFontSize:22;line-height:1.25;\"><span style=\"color: #cede45;\"><strong>NOT\u00cdCIAS <\/strong><\/span><\/h4><\/div><div class=\"fusion-sep-clear\"><\/div><div class=\"fusion-separator fusion-full-width-sep\" style=\"margin-left: auto;margin-right: auto;margin-bottom:20px;width:100%;\"><div class=\"fusion-separator-border sep-single sep-solid\" style=\"--awb-height:20px;--awb-amount:20px;--awb-sep-color:#cede45;border-color:#cede45;border-top-width:3px;\"><\/div><\/div><div class=\"fusion-sep-clear\"><\/div><div class=\"fusion-recent-posts fusion-recent-posts-1 avada-container layout-date-on-side layout-columns-1 cb-recent-news\"><section class=\"fusion-columns columns fusion-columns-1 columns-1\"><article class=\"post fusion-column column col col-lg-12 col-md-12 col-sm-12\"><div class=\"fusion-date-and-formats\"><div class=\"fusion-date-box updated\"><span class=\"fusion-date\">5<\/span><span class=\"fusion-month-year\">set 2025<\/span><\/div><div class=\"fusion-format-box\"><i class=\"awb-icon-pen\" aria-hidden=\"true\"><\/i><\/div><\/div><div class=\"recent-posts-content\"><span class=\"vcard\" style=\"display: none;\"><span class=\"fn\"><a href=\"https:\/\/www.birlacarbon.com\/pt-br\/author\/mwaghmare\/\" title=\"Posts de Mrunalini Waghmare\" rel=\"author\">Mrunalini Waghmare<\/a><\/span><\/span><span class=\"updated\" style=\"display:none;\">2025-09-25T06:51:26+00:00<\/span><h4 class=\"entry-title\"><a href=\"https:\/\/www.birlacarbon.com\/pt-br\/a-birla-carbon-apresentara-negro-de-fumo-de-alto-desempenho-e-solucoes-sustentaveis-na-global-polymer-summit-2025\/\">A Birla Carbon apresentar\u00e1 negro de fumo de alto desempenho e solu\u00e7\u00f5es sustent\u00e1veis na Global Polymer Summit 2025<\/a><\/h4><\/div><\/article><article class=\"post fusion-column column col col-lg-12 col-md-12 col-sm-12\"><div class=\"fusion-date-and-formats\"><div class=\"fusion-date-box updated\"><span class=\"fusion-date\">1<\/span><span class=\"fusion-month-year\">set 2025<\/span><\/div><div class=\"fusion-format-box\"><i class=\"awb-icon-pen\" aria-hidden=\"true\"><\/i><\/div><\/div><div class=\"recent-posts-content\"><span class=\"vcard\" style=\"display: none;\"><span class=\"fn\"><a href=\"https:\/\/www.birlacarbon.com\/pt-br\/author\/mwaghmare\/\" title=\"Posts de Mrunalini Waghmare\" rel=\"author\">Mrunalini Waghmare<\/a><\/span><\/span><span class=\"updated\" style=\"display:none;\">2025-09-25T06:32:31+00:00<\/span><h4 class=\"entry-title\"><a href=\"https:\/\/www.birlacarbon.com\/pt-br\/birla-carbon-apresentara-solucoes-especiais-de-ultima-geracao-no-asia-pacific-coatings-show-2025\/\">Birla Carbon apresentar\u00e1 solu\u00e7\u00f5es especiais de \u00faltima gera\u00e7\u00e3o no Asia Pacific Coatings Show 2025<\/a><\/h4><\/div><\/article><article class=\"post fusion-column column col col-lg-12 col-md-12 col-sm-12\"><div class=\"fusion-date-and-formats\"><div class=\"fusion-date-box updated\"><span class=\"fusion-date\">11<\/span><span class=\"fusion-month-year\">abr 2025<\/span><\/div><div class=\"fusion-format-box\"><i class=\"awb-icon-pen\" aria-hidden=\"true\"><\/i><\/div><\/div><div class=\"recent-posts-content\"><span class=\"vcard\" style=\"display: none;\"><span class=\"fn\"><a href=\"https:\/\/www.birlacarbon.com\/pt-br\/author\/mwaghmare\/\" title=\"Posts de Mrunalini Waghmare\" rel=\"author\">Mrunalini Waghmare<\/a><\/span><\/span><span class=\"updated\" style=\"display:none;\">2025-05-07T11:40:29+00:00<\/span><h4 class=\"entry-title\"><a href=\"https:\/\/www.birlacarbon.com\/pt-br\/birla-carbon-apresenta-solucoes-de-ultima-geracao-a-base-de-carbono-na-chinaplas-2025\/\">Birla Carbon apresenta solu\u00e7\u00f5es de \u00faltima gera\u00e7\u00e3o \u00e0 base de carbono na Chinaplas 2025<\/a><\/h4><\/div><\/article><article class=\"post fusion-column column col col-lg-12 col-md-12 col-sm-12\"><div class=\"fusion-date-and-formats\"><div class=\"fusion-date-box updated\"><span class=\"fusion-date\">26<\/span><span class=\"fusion-month-year\">fev 2025<\/span><\/div><div class=\"fusion-format-box\"><i class=\"awb-icon-pen\" aria-hidden=\"true\"><\/i><\/div><\/div><div class=\"recent-posts-content\"><span class=\"vcard\" style=\"display: none;\"><span class=\"fn\"><a href=\"https:\/\/www.birlacarbon.com\/pt-br\/author\/mwaghmare\/\" title=\"Posts de Mrunalini Waghmare\" rel=\"author\">Mrunalini Waghmare<\/a><\/span><\/span><span class=\"updated\" style=\"display:none;\">2025-03-06T06:19:38+00:00<\/span><h4 class=\"entry-title\"><a href=\"https:\/\/www.birlacarbon.com\/pt-br\/birla-carbon-participara-da-tire-technology-expo-2025\/\">Birla Carbon participar\u00e1 da Tire Technology Expo 2025<\/a><\/h4><\/div><\/article><\/section><\/div><div class=\"fusion-clearfix\"><\/div><\/div><\/div><div class=\"fusion-layout-column fusion_builder_column fusion-builder-column-6 fusion_builder_column_1_2 1_2 fusion-one-half fusion-column-last\" style=\"--awb-bg-size:cover;width:50%;width:calc(50% - ( ( 4% ) * 0.5 ) );\"><div class=\"fusion-column-wrapper fusion-flex-column-wrapper-legacy\"><div class=\"fusion-title title fusion-title-3 fusion-sep-none fusion-title-text fusion-title-size-four\" style=\"--awb-margin-top-small:0px;--awb-margin-right-small:0px;--awb-margin-bottom-small:20px;--awb-margin-left-small:0px;\"><h4 class=\"fusion-title-heading title-heading-left fusion-responsive-typography-calculated\" style=\"margin:0;--fontSize:22;--minFontSize:22;line-height:1.25;\"><span style=\"color: #68bd49;\"><strong>Artigos<\/strong><\/span><\/h4><\/div><div class=\"fusion-sep-clear\"><\/div><div class=\"fusion-separator fusion-full-width-sep\" style=\"margin-left: auto;margin-right: auto;margin-bottom:20px;width:100%;\"><div class=\"fusion-separator-border sep-single sep-solid\" style=\"--awb-height:20px;--awb-amount:20px;--awb-sep-color:#68bd49;border-color:#68bd49;border-top-width:3px;\"><\/div><\/div><div class=\"fusion-sep-clear\"><\/div><div class=\"fusion-recent-posts fusion-recent-posts-2 avada-container layout-thumbnails-on-side layout-columns-1 cb-recent-post\"><section class=\"fusion-columns columns fusion-columns-1 columns-1\"><article class=\"post fusion-column column col col-lg-12 col-md-12 col-sm-12\"><div class=\"recent-posts-content\"><span class=\"vcard\" style=\"display: none;\"><span class=\"fn\"><a href=\"https:\/\/www.birlacarbon.com\/pt-br\/author\/manoj\/\" title=\"Posts de Manoj Nair\" rel=\"author\">Manoj Nair<\/a><\/span><\/span><span class=\"updated\" style=\"display:none;\">2021-05-28T17:58:37+00:00<\/span><h4 class=\"entry-title\"><a href=\"https:\/\/www.birlacarbon.com\/pt-br\/perspectiva-brilhante-para-o-negro-de-fumo\/\">Perspectiva Brilhante para o Negro de Fumo?<\/a><\/h4><p>Os grandes fabricantes podem continuar no caminho do grande crescimento do mercado e investimento visto no ano passado?<\/p><\/div><\/article><article class=\"post fusion-column column col col-lg-12 col-md-12 col-sm-12\"><div class=\"recent-posts-content\"><span class=\"vcard\" style=\"display: none;\"><span class=\"fn\"><a href=\"https:\/\/www.birlacarbon.com\/pt-br\/author\/manoj\/\" title=\"Posts de Manoj Nair\" rel=\"author\">Manoj Nair<\/a><\/span><\/span><span class=\"updated\" style=\"display:none;\">2025-08-06T21:49:55+00:00<\/span><h4 class=\"entry-title\"><a href=\"https:\/\/www.birlacarbon.com\/pt-br\/charles-r-herd-vence-o-premio-fernley-h-banbury\/\">Charles R. Herd vence o Pr\u00eamio Fernley H. Banbury<\/a><\/h4><p>Charles R. Herd, Diretor de Tecnologia de Negro de Fumo para Borracha na Birla Carbon \u00e9 o vencedor de 2019 do Pr\u00eamio Fernley H. Banbury, que reconhece as contribui\u00e7\u00f5es de cientistas e engenheiros no <\/p><\/div><\/article><article class=\"post fusion-column column col col-lg-12 col-md-12 col-sm-12\"><div class=\"recent-posts-content\"><span class=\"vcard\" style=\"display: none;\"><span class=\"fn\"><a href=\"https:\/\/www.birlacarbon.com\/pt-br\/author\/manoj\/\" title=\"Posts de Manoj Nair\" rel=\"author\">Manoj Nair<\/a><\/span><\/span><span class=\"updated\" style=\"display:none;\">2021-05-28T18:04:49+00:00<\/span><h4 class=\"entry-title\"><a href=\"https:\/\/www.birlacarbon.com\/pt-br\/a-birla-carbon-recebe-o-terceiro-eco-vadis-ouro\/\">A Birla Carbon recebe o terceiro Eco Vadis Ouro<\/a><\/h4><p>A EcoVadis atribuiu \u00e0 Birla Carbon uma classifica\u00e7\u00e3o de n\u00edvel ouro por suas pr\u00e1ticas sustent\u00e1veis pelo terceiro ano consecutivo. <\/p><\/div><\/article><\/section><\/div><div class=\"fusion-clearfix\"><\/div><\/div><\/div><\/div><\/div><\/p>\n","protected":false},"excerpt":{"rendered":"","protected":false},"author":10,"featured_media":0,"parent":0,"menu_order":9,"comment_status":"closed","ping_status":"closed","template":"100-width.php","meta":{"_acf_changed":false,"_monsterinsights_skip_tracking":false,"_monsterinsights_sitenote_active":false,"_monsterinsights_sitenote_note":"","_monsterinsights_sitenote_category":0,"footnotes":""},"class_list":["post-6256","page","type-page","status-publish","hentry"],"acf":false,"yoast_head":"<!-- This site is optimized with the Yoast SEO plugin v27.3 - https:\/\/yoast.com\/product\/yoast-seo-wordpress\/ -->\n<title>NOT\u00cdCIAS E EVENTOS - Birla Carbon<\/title>\n<meta name=\"robots\" content=\"index, follow, max-snippet:-1, max-image-preview:large, max-video-preview:-1\" \/>\n<link rel=\"canonical\" href=\"https:\/\/www.birlacarbon.com\/pt-br\/noticias-e-eventos\/\" \/>\n<meta property=\"og:locale\" content=\"pt_BR\" \/>\n<meta property=\"og:type\" content=\"article\" \/>\n<meta property=\"og:title\" content=\"NOT\u00cdCIAS E EVENTOS - Birla Carbon\" \/>\n<meta property=\"og:url\" content=\"https:\/\/www.birlacarbon.com\/pt-br\/noticias-e-eventos\/\" \/>\n<meta property=\"og:site_name\" content=\"Birla Carbon\" \/>\n<meta property=\"article:modified_time\" content=\"2020-05-14T17:17:00+00:00\" \/>\n<meta name=\"twitter:card\" content=\"summary_large_image\" \/>\n<meta name=\"twitter:label1\" content=\"Est. tempo de leitura\" \/>\n\t<meta name=\"twitter:data1\" content=\"9 minutos\" \/>\n<!-- \/ Yoast SEO plugin. -->","yoast_head_json":{"title":"NOT\u00cdCIAS E EVENTOS - Birla Carbon","robots":{"index":"index","follow":"follow","max-snippet":"max-snippet:-1","max-image-preview":"max-image-preview:large","max-video-preview":"max-video-preview:-1"},"canonical":"https:\/\/www.birlacarbon.com\/pt-br\/noticias-e-eventos\/","og_locale":"pt_BR","og_type":"article","og_title":"NOT\u00cdCIAS E EVENTOS - Birla Carbon","og_url":"https:\/\/www.birlacarbon.com\/pt-br\/noticias-e-eventos\/","og_site_name":"Birla Carbon","article_modified_time":"2020-05-14T17:17:00+00:00","twitter_card":"summary_large_image","twitter_misc":{"Est. tempo de leitura":"9 minutos"},"schema":{"@context":"https:\/\/schema.org","@graph":[{"@type":"WebPage","@id":"https:\/\/www.birlacarbon.com\/pt-br\/noticias-e-eventos\/","url":"https:\/\/www.birlacarbon.com\/pt-br\/noticias-e-eventos\/","name":"NOT\u00cdCIAS E EVENTOS - Birla Carbon","isPartOf":{"@id":"https:\/\/www.birlacarbon.com\/pt-br\/#website"},"datePublished":"2017-01-18T17:41:28+00:00","dateModified":"2020-05-14T17:17:00+00:00","breadcrumb":{"@id":"https:\/\/www.birlacarbon.com\/pt-br\/noticias-e-eventos\/#breadcrumb"},"inLanguage":"pt-BR","potentialAction":[{"@type":"ReadAction","target":["https:\/\/www.birlacarbon.com\/pt-br\/noticias-e-eventos\/"]}]},{"@type":"BreadcrumbList","@id":"https:\/\/www.birlacarbon.com\/pt-br\/noticias-e-eventos\/#breadcrumb","itemListElement":[{"@type":"ListItem","position":1,"name":"Home","item":"https:\/\/www.birlacarbon.com\/pt-br\/"},{"@type":"ListItem","position":2,"name":"NOT\u00cdCIAS E EVENTOS"}]},{"@type":"WebSite","@id":"https:\/\/www.birlacarbon.com\/pt-br\/#website","url":"https:\/\/www.birlacarbon.com\/pt-br\/","name":"Birla Carbon","description":"Birla Carbon","publisher":{"@id":"https:\/\/www.birlacarbon.com\/pt-br\/#organization"},"potentialAction":[{"@type":"SearchAction","target":{"@type":"EntryPoint","urlTemplate":"https:\/\/www.birlacarbon.com\/pt-br\/?s={search_term_string}"},"query-input":{"@type":"PropertyValueSpecification","valueRequired":true,"valueName":"search_term_string"}}],"inLanguage":"pt-BR"},{"@type":"Organization","@id":"https:\/\/www.birlacarbon.com\/pt-br\/#organization","name":"Birla Carbon","url":"https:\/\/www.birlacarbon.com\/pt-br\/","logo":{"@type":"ImageObject","inLanguage":"pt-BR","@id":"https:\/\/www.birlacarbon.com\/pt-br\/#\/schema\/logo\/image\/","url":"https:\/\/www.birlacarbon.com\/wp-content\/uploads\/2017\/01\/aditya-birla-logo-retina.png","contentUrl":"https:\/\/www.birlacarbon.com\/wp-content\/uploads\/2017\/01\/aditya-birla-logo-retina.png","width":190,"height":182,"caption":"Birla Carbon"},"image":{"@id":"https:\/\/www.birlacarbon.com\/pt-br\/#\/schema\/logo\/image\/"}}]}},"_links":{"self":[{"href":"https:\/\/www.birlacarbon.com\/pt-br\/wp-json\/wp\/v2\/pages\/6256","targetHints":{"allow":["GET"]}}],"collection":[{"href":"https:\/\/www.birlacarbon.com\/pt-br\/wp-json\/wp\/v2\/pages"}],"about":[{"href":"https:\/\/www.birlacarbon.com\/pt-br\/wp-json\/wp\/v2\/types\/page"}],"author":[{"embeddable":true,"href":"https:\/\/www.birlacarbon.com\/pt-br\/wp-json\/wp\/v2\/users\/10"}],"replies":[{"embeddable":true,"href":"https:\/\/www.birlacarbon.com\/pt-br\/wp-json\/wp\/v2\/comments?post=6256"}],"version-history":[{"count":0,"href":"https:\/\/www.birlacarbon.com\/pt-br\/wp-json\/wp\/v2\/pages\/6256\/revisions"}],"wp:attachment":[{"href":"https:\/\/www.birlacarbon.com\/pt-br\/wp-json\/wp\/v2\/media?parent=6256"}],"curies":[{"name":"wp","href":"https:\/\/api.w.org\/{rel}","templated":true}]}}