{"id":6468,"date":"2017-06-12T16:15:52","date_gmt":"2017-06-12T16:15:52","guid":{"rendered":"https:\/\/birlastaging.wpengine.com\/?page_id=6468"},"modified":"2020-05-05T08:23:27","modified_gmt":"2020-05-05T08:23:27","slug":"atualizacoes-de-sustentabilidade","status":"publish","type":"page","link":"https:\/\/www.birlacarbon.com\/pt-br\/atualizacoes-de-sustentabilidade\/","title":{"rendered":"ATUALIZA\u00c7\u00d5ES DE SUSTENTABILIDADE"},"content":{"rendered":"<div class=\"fusion-fullwidth fullwidth-box fusion-builder-row-1 nonhundred-percent-fullwidth non-hundred-percent-height-scrolling cb-interior-main\" style=\"--awb-border-radius-top-left:0px;--awb-border-radius-top-right:0px;--awb-border-radius-bottom-right:0px;--awb-border-radius-bottom-left:0px;--awb-padding-top:5%;--awb-padding-right:5%;--awb-padding-bottom:2%;--awb-padding-left:5%;--awb-border-sizes-top:0px;--awb-border-sizes-bottom:0px;--awb-flex-wrap:wrap;\" ><div class=\"fusion-builder-row fusion-row\"><div class=\"fusion-layout-column fusion_builder_column fusion-builder-column-0 fusion_builder_column_2_3 2_3 fusion-two-third fusion-column-first\" style=\"--awb-padding-top:100px;--awb-padding-right:20px;--awb-padding-bottom:40px;--awb-padding-left:0px;--awb-bg-size:cover;width:65.3333%; margin-right: 4%;\"><div class=\"fusion-column-wrapper fusion-flex-column-wrapper-legacy\"><div class=\"fusion-title title fusion-title-1 fusion-sep-none fusion-title-text fusion-title-size-one\" style=\"--awb-margin-bottom:20px;--awb-margin-top-small:0px;--awb-margin-right-small:0px;--awb-margin-bottom-small:20px;--awb-margin-left-small:0px;\"><h1 class=\"fusion-title-heading title-heading-left fusion-responsive-typography-calculated\" style=\"margin:0;--fontSize:60;line-height:1.25;\">ATUALIZA\u00c7\u00d5ES DE<\/h1><\/div><div class=\"fusion-text fusion-text-1\"><div class=\"cb-super-text\">SUSTENTABILIDADE<\/div>\n<\/div><div class=\"fusion-clearfix\"><\/div><\/div><\/div><div class=\"fusion-layout-column fusion_builder_column fusion-builder-column-1 fusion_builder_column_1_1 1_1 fusion-one-full fusion-column-last press-col\" style=\"--awb-bg-size:cover;\"><div class=\"fusion-column-wrapper fusion-flex-column-wrapper-legacy\"><div class=\"fusion-blog-shortcode fusion-blog-shortcode-1 fusion-blog-archive fusion-blog-layout-medium-alternate fusion-blog-infinite sustain-blog-feed\"><div class=\"fusion-posts-container fusion-posts-container-infinite fusion-posts-container-load-more\" data-pages=\"2\"><article id=\"blog-1-post-6474\" class=\"fusion-post-medium-alternate post-6474 post type-post status-publish format-standard has-post-thumbnail hentry category-nao-categorizado category-atualizacoes-de-sustentabilidade\">\n<div class=\"fusion-date-and-formats\"><div class=\"fusion-date-box updated\"><span class=\"fusion-date\">19<\/span><span class=\"fusion-month-year\">mar 2019<\/span><\/div><div class=\"fusion-format-box\"><i class=\"awb-icon-pen\" aria-hidden=\"true\"><\/i><\/div><\/div>\t<style type=\"text\/css\">\n\t\t\n\t\t\n\t\t\n\t\t\n\t\t\t<\/style>\n\n\n\t\t\t<div class=\"fusion-flexslider flexslider fusion-flexslider-loading fusion-post-slideshow\" style=\"\">\n\t\t<ul class=\"slides\">\n\t\t\t\n\t\t\t\t\t\t\t\t\t\t\t\t\t\t<li><div  class=\"fusion-image-wrapper fusion-image-size-fixed\" aria-haspopup=\"true\">\n\t\t\t\t\t\t\t<a href=\"https:\/\/www.birlacarbon.com\/pt-br\/primeiro-simposio-de-compras-global-da-birla-carbon\/\" aria-label=\"Primeiro Simp\u00f3sio de Compras Global da Birla Carbon\">\n\t\t\t\t\t\t\t<img decoding=\"async\" width=\"320\" height=\"202\" src=\"https:\/\/www.birlacarbon.com\/wp-content\/uploads\/2019\/03\/birla-carbon-first-global-purchasing-symposium-320x202.jpg\" class=\"attachment-blog-medium size-blog-medium wp-post-image\" alt=\"Birla Carbon First Purchasing Symposium\" \/>\t\t\t<\/a>\n\t\t\t\t\t\t\t<\/div>\n<\/li>\n\t\t\t\n\t\t\t\n\t\t\t\t\t\t\t\t\t\t\t\t\t\t\t\t\t\t\t\t\t\t\t\t\t\t\t\t\t\t\t\t\t\t\t\t\t\t\t\t\t\t\t\t\t\t\t\t\t\t\t\t\t\t\t\t\t\t\t\t\t\t\t\t\t\t\t\t<\/ul>\n\t<\/div>\n\t<div class=\"fusion-post-content post-content\"><h2 class=\"blog-shortcode-post-title entry-title\"><a href=\"https:\/\/www.birlacarbon.com\/pt-br\/primeiro-simposio-de-compras-global-da-birla-carbon\/\">Primeiro Simp\u00f3sio de Compras Global da Birla Carbon<\/a><\/h2><span class=\"vcard\" style=\"display: none;\"><span class=\"fn\"><a href=\"https:\/\/www.birlacarbon.com\/pt-br\/author\/manoj\/\" title=\"Posts de Manoj Nair\" rel=\"author\">Manoj Nair<\/a><\/span><\/span><span class=\"updated\" style=\"display:none;\">2023-05-24T18:42:01+00:00<\/span><div class=\"fusion-post-content-container\"><p>Com o objetivo de alinhar os processos de compras da Birla Carbon a n\u00edvel global, foi realizado o primeiro Simp\u00f3sio de Compras Global da Birla Carbon de 26 de fevereiro a 28 de fevereiro de 2019, na Sede da Birla Carbon, em Marietta, Atlanta (EUA). [\u2026]<\/p><\/div><\/div><div class=\"fusion-clearfix\"><\/div><\/article>\n<article id=\"blog-1-post-6484\" class=\"fusion-post-medium-alternate post-6484 post type-post status-publish format-standard has-post-thumbnail hentry category-nao-categorizado category-atualizacoes-de-sustentabilidade\">\n<div class=\"fusion-date-and-formats\"><div class=\"fusion-date-box updated\"><span class=\"fusion-date\">15<\/span><span class=\"fusion-month-year\">jan 2019<\/span><\/div><div class=\"fusion-format-box\"><i class=\"awb-icon-pen\" aria-hidden=\"true\"><\/i><\/div><\/div>\t<style type=\"text\/css\">\n\t\t\n\t\t\n\t\t\n\t\t\n\t\t\t<\/style>\n\n\n\t\t\t<div class=\"fusion-flexslider flexslider fusion-flexslider-loading fusion-post-slideshow\" style=\"\">\n\t\t<ul class=\"slides\">\n\t\t\t\n\t\t\t\t\t\t\t\t\t\t\t\t\t\t<li><div  class=\"fusion-image-wrapper fusion-image-size-fixed\" aria-haspopup=\"true\">\n\t\t\t\t\t\t\t<a href=\"https:\/\/www.birlacarbon.com\/pt-br\/a-birla-carbon-egito-vence-o-premio-de-negocio-pioneiro-para-o-desenvolvimento-sustentavel-de-2018\/\" aria-label=\"A Birla Carbon Egito vence o pr\u00eamio de \u2018Neg\u00f3cio Pioneiro para o Desenvolvimento Sustent\u00e1vel de 2018\u2019\">\n\t\t\t\t\t\t\t<img decoding=\"async\" width=\"320\" height=\"202\" src=\"https:\/\/www.birlacarbon.com\/wp-content\/uploads\/2019\/01\/Birla_Carbon_New-Logo_LRa675x439-320x202.png\" class=\"attachment-blog-medium size-blog-medium wp-post-image\" alt=\"Birla Carbon Logo\" \/>\t\t\t<\/a>\n\t\t\t\t\t\t\t<\/div>\n<\/li>\n\t\t\t\n\t\t\t\n\t\t\t\t\t\t\t\t\t\t\t\t\t\t\t\t\t\t\t\t\t\t\t\t\t\t\t\t\t\t\t\t\t\t\t\t\t\t\t\t\t\t\t\t\t\t\t\t\t\t\t\t\t\t\t\t\t\t\t\t\t\t\t\t\t\t\t\t<\/ul>\n\t<\/div>\n\t<div class=\"fusion-post-content post-content\"><h2 class=\"blog-shortcode-post-title entry-title\"><a href=\"https:\/\/www.birlacarbon.com\/pt-br\/a-birla-carbon-egito-vence-o-premio-de-negocio-pioneiro-para-o-desenvolvimento-sustentavel-de-2018\/\">A Birla Carbon Egito vence o pr\u00eamio de \u2018Neg\u00f3cio Pioneiro para o Desenvolvimento Sustent\u00e1vel de 2018\u2019<\/a><\/h2><span class=\"vcard\" style=\"display: none;\"><span class=\"fn\"><a href=\"https:\/\/www.birlacarbon.com\/pt-br\/author\/manoj\/\" title=\"Posts de Manoj Nair\" rel=\"author\">Manoj Nair<\/a><\/span><\/span><span class=\"updated\" style=\"display:none;\">2023-05-24T18:36:37+00:00<\/span><div class=\"fusion-post-content-container\"><p>A Birla Carbon Egito venceu o pr\u00eamio de \u2018Neg\u00f3cio Pioneiro para o Desenvolvimento Sustent\u00e1vel de 2018\u2019 na confer\u00eancia de Metas de Desenvolvimento Sustent\u00e1vel e Oportunidades de Neg\u00f3cio para o Setor Privado da ONU, realizada de 15 a 16 de janeiro de 2019, no Cairo, Egito.  [\u2026]<\/p><\/div><\/div><div class=\"fusion-clearfix\"><\/div><\/article>\n<article id=\"blog-1-post-6485\" class=\"fusion-post-medium-alternate post-6485 post type-post status-publish format-standard has-post-thumbnail hentry category-nao-categorizado category-atualizacoes-de-sustentabilidade\">\n<div class=\"fusion-date-and-formats\"><div class=\"fusion-date-box updated\"><span class=\"fusion-date\">1<\/span><span class=\"fusion-month-year\">jan 2019<\/span><\/div><div class=\"fusion-format-box\"><i class=\"awb-icon-pen\" aria-hidden=\"true\"><\/i><\/div><\/div>\t<style type=\"text\/css\">\n\t\t\n\t\t\n\t\t\n\t\t\n\t\t\t<\/style>\n\n\n\t\t\t<div class=\"fusion-flexslider flexslider fusion-flexslider-loading fusion-post-slideshow\" style=\"\">\n\t\t<ul class=\"slides\">\n\t\t\t\n\t\t\t\t\t\t\t\t\t\t\t\t\t\t<li><div  class=\"fusion-image-wrapper fusion-image-size-fixed\" aria-haspopup=\"true\">\n\t\t\t\t\t\t\t<a href=\"https:\/\/www.birlacarbon.com\/pt-br\/a-ecovadis-da-a-terceira-classificacao-ouro-consecutiva-a-birla-carbon-por-praticas-sustentaveis\/\" aria-label=\"A EcoVadis d\u00e1 a terceira classifica\u00e7\u00e3o \u2018Ouro\u2019 consecutiva \u00e0 Birla Carbon por Pr\u00e1ticas Sustent\u00e1veis\">\n\t\t\t\t\t\t\t<img decoding=\"async\" width=\"320\" height=\"202\" src=\"https:\/\/www.birlacarbon.com\/wp-content\/uploads\/2019\/01\/birla-carbon-sustainability-award-featured2-320x202.png\" class=\"attachment-blog-medium size-blog-medium wp-post-image\" alt=\"Ecovadis 2018 Featured\" \/>\t\t\t<\/a>\n\t\t\t\t\t\t\t<\/div>\n<\/li>\n\t\t\t\n\t\t\t\n\t\t\t\t\t\t\t\t\t\t\t\t\t\t\t\t\t\t\t\t\t\t\t\t\t\t\t\t\t\t\t\t\t\t\t\t\t\t\t\t\t\t\t\t\t\t\t\t\t\t\t\t\t\t\t\t\t\t\t\t\t\t\t\t\t\t\t\t<\/ul>\n\t<\/div>\n\t<div class=\"fusion-post-content post-content\"><h2 class=\"blog-shortcode-post-title entry-title\"><a href=\"https:\/\/www.birlacarbon.com\/pt-br\/a-ecovadis-da-a-terceira-classificacao-ouro-consecutiva-a-birla-carbon-por-praticas-sustentaveis\/\">A EcoVadis d\u00e1 a terceira classifica\u00e7\u00e3o \u2018Ouro\u2019 consecutiva \u00e0 Birla Carbon por Pr\u00e1ticas Sustent\u00e1veis<\/a><\/h2><span class=\"vcard\" style=\"display: none;\"><span class=\"fn\"><a href=\"https:\/\/www.birlacarbon.com\/pt-br\/author\/manoj\/\" title=\"Posts de Manoj Nair\" rel=\"author\">Manoj Nair<\/a><\/span><\/span><span class=\"updated\" style=\"display:none;\">2023-05-24T18:40:35+00:00<\/span><div class=\"fusion-post-content-container\"><p>Revisada em uma base anual, a EcoVadis atribuiu, pelo terceiro ano consecutivo, uma classifica\u00e7\u00e3o de n\u00edvel Ouro \u00e0 Birla Carbon por pr\u00e1ticas sustent\u00e1veis.  [\u2026]<\/p><\/div><\/div><div class=\"fusion-clearfix\"><\/div><\/article>\n<article id=\"blog-1-post-6486\" class=\"fusion-post-medium-alternate post-6486 post type-post status-publish format-standard has-post-thumbnail hentry category-nao-categorizado category-atualizacoes-de-sustentabilidade\">\n<div class=\"fusion-date-and-formats\"><div class=\"fusion-date-box updated\"><span class=\"fusion-date\">1<\/span><span class=\"fusion-month-year\">nov 2018<\/span><\/div><div class=\"fusion-format-box\"><i class=\"awb-icon-pen\" aria-hidden=\"true\"><\/i><\/div><\/div>\t<style type=\"text\/css\">\n\t\t\n\t\t\n\t\t\n\t\t\n\t\t\t<\/style>\n\n\n\t\t\t<div class=\"fusion-flexslider flexslider fusion-flexslider-loading fusion-post-slideshow\" style=\"\">\n\t\t<ul class=\"slides\">\n\t\t\t\n\t\t\t\t\t\t\t\t\t\t\t\t\t\t<li><div  class=\"fusion-image-wrapper fusion-image-size-fixed\" aria-haspopup=\"true\">\n\t\t\t\t\t\t\t<a href=\"https:\/\/www.birlacarbon.com\/pt-br\/a-birla-carbon-egito-apresenta-o-discurso-de-abertura-na-conferencia-de-sustentabilidade-e-energia-na-pharos-university-em-alexandria\/\" aria-label=\"A Birla Carbon Egito apresenta o discurso de abertura na Confer\u00eancia de Sustentabilidade e Energia na Pharos University, em Alexandria\">\n\t\t\t\t\t\t\t<img decoding=\"async\" width=\"320\" height=\"202\" src=\"https:\/\/www.birlacarbon.com\/wp-content\/uploads\/2019\/08\/Keynote-Pharos-University-320x202.png\" class=\"attachment-blog-medium size-blog-medium wp-post-image\" alt=\"Keynote Pharos University\" \/>\t\t\t<\/a>\n\t\t\t\t\t\t\t<\/div>\n<\/li>\n\t\t\t\n\t\t\t\n\t\t\t\t\t\t\t\t\t\t\t\t\t\t\t\t\t\t\t\t\t\t\t\t\t\t\t\t\t\t\t\t\t\t\t\t\t\t\t\t\t\t\t\t\t\t\t\t\t\t\t\t\t\t\t\t\t\t\t\t\t\t\t\t\t\t\t\t<\/ul>\n\t<\/div>\n\t<div class=\"fusion-post-content post-content\"><h2 class=\"blog-shortcode-post-title entry-title\"><a href=\"https:\/\/www.birlacarbon.com\/pt-br\/a-birla-carbon-egito-apresenta-o-discurso-de-abertura-na-conferencia-de-sustentabilidade-e-energia-na-pharos-university-em-alexandria\/\">A Birla Carbon Egito apresenta o discurso de abertura na Confer\u00eancia de Sustentabilidade e Energia na Pharos University, em Alexandria<\/a><\/h2><span class=\"vcard\" style=\"display: none;\"><span class=\"fn\"><a href=\"https:\/\/www.birlacarbon.com\/pt-br\/author\/manoj\/\" title=\"Posts de Manoj Nair\" rel=\"author\">Manoj Nair<\/a><\/span><\/span><span class=\"updated\" style=\"display:none;\">2023-05-24T18:39:06+00:00<\/span><div class=\"fusion-post-content-container\"><p>A Birla Carbon Egito (BCE) foi convidada para a segunda Confer\u00eancia Internacional sobre Novas Tend\u00eancias para Energia Sustent\u00e1vel (ICNTSE) de 2018, organizada pela Pharos University em associa\u00e7\u00e3o com o Instituto de Tecnologia Real KTH Sueco, em 5 de novembro de 2018. [\u2026]<\/p><\/div><\/div><div class=\"fusion-clearfix\"><\/div><\/article>\n<article id=\"blog-1-post-6487\" class=\"fusion-post-medium-alternate post-6487 post type-post status-publish format-standard has-post-thumbnail hentry category-nao-categorizado category-atualizacoes-de-sustentabilidade\">\n<div class=\"fusion-date-and-formats\"><div class=\"fusion-date-box updated\"><span class=\"fusion-date\">1<\/span><span class=\"fusion-month-year\">jun 2018<\/span><\/div><div class=\"fusion-format-box\"><i class=\"awb-icon-pen\" aria-hidden=\"true\"><\/i><\/div><\/div>\t<style type=\"text\/css\">\n\t\t\n\t\t\n\t\t\n\t\t\n\t\t\t<\/style>\n\n\n\t\t\t<div class=\"fusion-flexslider flexslider fusion-flexslider-loading fusion-post-slideshow\" style=\"\">\n\t\t<ul class=\"slides\">\n\t\t\t\n\t\t\t\t\t\t\t\t\t\t\t\t\t\t<li><div  class=\"fusion-image-wrapper fusion-image-size-fixed\" aria-haspopup=\"true\">\n\t\t\t\t\t\t\t<a href=\"https:\/\/www.birlacarbon.com\/pt-br\/a-birla-carbon-egito-inicia-um-concurso-de-sustentabilidade-anual-na-pharos-university\/\" aria-label=\"A Birla Carbon Egito inicia um concurso de sustentabilidade anual na Pharos University\">\n\t\t\t\t\t\t\t<img decoding=\"async\" width=\"320\" height=\"202\" src=\"https:\/\/www.birlacarbon.com\/wp-content\/uploads\/2019\/08\/birla-carbon-annual-sustainability-competition-pharos-university-320x202.png\" class=\"attachment-blog-medium size-blog-medium wp-post-image\" alt=\"Birla Carbon Egypt initiates annual sustainability competition at Pharos University\" \/>\t\t\t<\/a>\n\t\t\t\t\t\t\t<\/div>\n<\/li>\n\t\t\t\n\t\t\t\n\t\t\t\t\t\t\t\t\t\t\t\t\t\t\t\t\t\t\t\t\t\t\t\t\t\t\t\t\t\t\t\t\t\t\t\t\t\t\t\t\t\t\t\t\t\t\t\t\t\t\t\t\t\t\t\t\t\t\t\t\t\t\t\t\t\t\t\t<\/ul>\n\t<\/div>\n\t<div class=\"fusion-post-content post-content\"><h2 class=\"blog-shortcode-post-title entry-title\"><a href=\"https:\/\/www.birlacarbon.com\/pt-br\/a-birla-carbon-egito-inicia-um-concurso-de-sustentabilidade-anual-na-pharos-university\/\">A Birla Carbon Egito inicia um concurso de sustentabilidade anual na Pharos University<\/a><\/h2><span class=\"vcard\" style=\"display: none;\"><span class=\"fn\"><a href=\"https:\/\/www.birlacarbon.com\/pt-br\/author\/manoj\/\" title=\"Posts de Manoj Nair\" rel=\"author\">Manoj Nair<\/a><\/span><\/span><span class=\"updated\" style=\"display:none;\">2023-05-24T18:43:11+00:00<\/span><div class=\"fusion-post-content-container\"><p>Com o prop\u00f3sito de reconhecer e premiar os alunos graduados cujos projetos suportam a ideia de sustentabilidade, a Birla Carbon Egito iniciou um concurso anual, intitulado - \u2018Rumo a um Amanh\u00e3 Sustent\u00e1vel\u2019  [\u2026]<\/p><\/div><\/div><div class=\"fusion-clearfix\"><\/div><\/article>\n<article id=\"blog-1-post-6488\" class=\"fusion-post-medium-alternate post-6488 post type-post status-publish format-standard has-post-thumbnail hentry category-nao-categorizado category-atualizacoes-de-sustentabilidade\">\n<div class=\"fusion-date-and-formats\"><div class=\"fusion-date-box updated\"><span class=\"fusion-date\">1<\/span><span class=\"fusion-month-year\">ago 2017<\/span><\/div><div class=\"fusion-format-box\"><i class=\"awb-icon-pen\" aria-hidden=\"true\"><\/i><\/div><\/div>\t<style type=\"text\/css\">\n\t\t\n\t\t\n\t\t\n\t\t\n\t\t\t<\/style>\n\n\n\t\t\t<div class=\"fusion-flexslider flexslider fusion-flexslider-loading fusion-post-slideshow\" style=\"\">\n\t\t<ul class=\"slides\">\n\t\t\t\n\t\t\t\t\t\t\t\t\t\t\t\t\t\t<li><div  class=\"fusion-image-wrapper fusion-image-size-fixed\" aria-haspopup=\"true\">\n\t\t\t\t\t\t\t<a href=\"https:\/\/www.birlacarbon.com\/pt-br\/a-ecovadis-reconhece-a-birla-carbon-com-outra-classificacao-ouro-pela-pratica-sustentavel-avancada\/\" aria-label=\"A EcoVadis reconhece a Birla Carbon com outra classifica\u00e7\u00e3o Ouro pela pr\u00e1tica Sustent\u00e1vel \u2018Avan\u00e7ada\u2019\">\n\t\t\t\t\t\t\t<img decoding=\"async\" width=\"320\" height=\"202\" src=\"https:\/\/www.birlacarbon.com\/wp-content\/uploads\/2017\/08\/birla-carbon-sustainability-award-2017-featured2-320x202.png\" class=\"attachment-blog-medium size-blog-medium wp-post-image\" alt=\"Ecovadis 2017 Featured\" \/>\t\t\t<\/a>\n\t\t\t\t\t\t\t<\/div>\n<\/li>\n\t\t\t\n\t\t\t\n\t\t\t\t\t\t\t\t\t\t\t\t\t\t\t\t\t\t\t\t\t\t\t\t\t\t\t\t\t\t\t\t\t\t\t\t\t\t\t\t\t\t\t\t\t\t\t\t\t\t\t\t\t\t\t\t\t\t\t\t\t\t\t\t\t\t\t\t<\/ul>\n\t<\/div>\n\t<div class=\"fusion-post-content post-content\"><h2 class=\"blog-shortcode-post-title entry-title\"><a href=\"https:\/\/www.birlacarbon.com\/pt-br\/a-ecovadis-reconhece-a-birla-carbon-com-outra-classificacao-ouro-pela-pratica-sustentavel-avancada\/\">A EcoVadis reconhece a Birla Carbon com outra classifica\u00e7\u00e3o Ouro pela pr\u00e1tica Sustent\u00e1vel \u2018Avan\u00e7ada\u2019<\/a><\/h2><span class=\"vcard\" style=\"display: none;\"><span class=\"fn\"><a href=\"https:\/\/www.birlacarbon.com\/pt-br\/author\/manoj\/\" title=\"Posts de Manoj Nair\" rel=\"author\">Manoj Nair<\/a><\/span><\/span><span class=\"updated\" style=\"display:none;\">2023-05-24T18:37:48+00:00<\/span><div class=\"fusion-post-content-container\"><p>Em sua avalia\u00e7\u00e3o anual, a EcoVadis concedeu mais uma vez \u00e0 Birla Carbon um n\u00edvel de reconhecimento Ouro confirmando que a empresa executa pr\u00e1ticas \u2018Avan\u00e7adas\u2019 de Sustentabilidade.  [\u2026]<\/p><\/div><\/div><div class=\"fusion-clearfix\"><\/div><\/article>\n<\/div><div class=\"fusion-infinite-scroll-trigger\"><\/div><div class=\"pagination infinite-scroll clearfix\" style=\"display:none;\"><span class=\"current\">1<\/span><a href=\"https:\/\/www.birlacarbon.com\/pt-br\/wp-json\/wp\/v2\/pages\/6468\/page\/2\/\" class=\"inactive\">2<\/a><a class=\"pagination-next\" rel=\"next\" href=\"https:\/\/www.birlacarbon.com\/pt-br\/wp-json\/wp\/v2\/pages\/6468\/page\/2\/\"><span class=\"page-text\">Next<\/span><span class=\"page-next\"><\/span><\/a><\/div><div class=\"fusion-clearfix\"><\/div><button class=\"fusion-load-more-button fusion-blog-button fusion-clearfix\">CARREGAR MAIS POSTS<\/button><\/div><div class=\"fusion-clearfix\"><\/div><\/div><\/div><\/div><\/div>\n","protected":false},"excerpt":{"rendered":"","protected":false},"author":10,"featured_media":0,"parent":0,"menu_order":2,"comment_status":"closed","ping_status":"closed","template":"","meta":{"_acf_changed":false,"_monsterinsights_skip_tracking":false,"_monsterinsights_sitenote_active":false,"_monsterinsights_sitenote_note":"","_monsterinsights_sitenote_category":0,"footnotes":""},"class_list":["post-6468","page","type-page","status-publish","hentry"],"acf":false,"yoast_head":"<!-- This site is optimized with the Yoast SEO plugin v27.3 - https:\/\/yoast.com\/product\/yoast-seo-wordpress\/ -->\n<title>ATUALIZA\u00c7\u00d5ES DE SUSTENTABILIDADE - Birla Carbon<\/title>\n<meta name=\"robots\" content=\"index, follow, max-snippet:-1, max-image-preview:large, max-video-preview:-1\" \/>\n<link rel=\"canonical\" href=\"https:\/\/www.birlacarbon.com\/pt-br\/atualizacoes-de-sustentabilidade\/\" \/>\n<meta property=\"og:locale\" content=\"pt_BR\" \/>\n<meta property=\"og:type\" content=\"article\" \/>\n<meta property=\"og:title\" content=\"ATUALIZA\u00c7\u00d5ES DE SUSTENTABILIDADE - Birla Carbon\" \/>\n<meta property=\"og:url\" content=\"https:\/\/www.birlacarbon.com\/pt-br\/atualizacoes-de-sustentabilidade\/\" \/>\n<meta property=\"og:site_name\" content=\"Birla Carbon\" \/>\n<meta property=\"article:modified_time\" content=\"2020-05-05T08:23:27+00:00\" \/>\n<meta name=\"twitter:card\" content=\"summary_large_image\" \/>\n<meta name=\"twitter:label1\" content=\"Est. tempo de leitura\" \/>\n\t<meta name=\"twitter:data1\" content=\"2 minutos\" \/>\n<!-- \/ Yoast SEO plugin. -->","yoast_head_json":{"title":"ATUALIZA\u00c7\u00d5ES DE SUSTENTABILIDADE - Birla Carbon","robots":{"index":"index","follow":"follow","max-snippet":"max-snippet:-1","max-image-preview":"max-image-preview:large","max-video-preview":"max-video-preview:-1"},"canonical":"https:\/\/www.birlacarbon.com\/pt-br\/atualizacoes-de-sustentabilidade\/","og_locale":"pt_BR","og_type":"article","og_title":"ATUALIZA\u00c7\u00d5ES DE SUSTENTABILIDADE - Birla Carbon","og_url":"https:\/\/www.birlacarbon.com\/pt-br\/atualizacoes-de-sustentabilidade\/","og_site_name":"Birla Carbon","article_modified_time":"2020-05-05T08:23:27+00:00","twitter_card":"summary_large_image","twitter_misc":{"Est. tempo de leitura":"2 minutos"},"schema":{"@context":"https:\/\/schema.org","@graph":[{"@type":"WebPage","@id":"https:\/\/www.birlacarbon.com\/pt-br\/atualizacoes-de-sustentabilidade\/","url":"https:\/\/www.birlacarbon.com\/pt-br\/atualizacoes-de-sustentabilidade\/","name":"ATUALIZA\u00c7\u00d5ES DE SUSTENTABILIDADE - Birla Carbon","isPartOf":{"@id":"https:\/\/www.birlacarbon.com\/pt-br\/#website"},"datePublished":"2017-06-12T16:15:52+00:00","dateModified":"2020-05-05T08:23:27+00:00","breadcrumb":{"@id":"https:\/\/www.birlacarbon.com\/pt-br\/atualizacoes-de-sustentabilidade\/#breadcrumb"},"inLanguage":"pt-BR","potentialAction":[{"@type":"ReadAction","target":["https:\/\/www.birlacarbon.com\/pt-br\/atualizacoes-de-sustentabilidade\/"]}]},{"@type":"BreadcrumbList","@id":"https:\/\/www.birlacarbon.com\/pt-br\/atualizacoes-de-sustentabilidade\/#breadcrumb","itemListElement":[{"@type":"ListItem","position":1,"name":"Home","item":"https:\/\/www.birlacarbon.com\/pt-br\/"},{"@type":"ListItem","position":2,"name":"ATUALIZA\u00c7\u00d5ES DE SUSTENTABILIDADE"}]},{"@type":"WebSite","@id":"https:\/\/www.birlacarbon.com\/pt-br\/#website","url":"https:\/\/www.birlacarbon.com\/pt-br\/","name":"Birla Carbon","description":"Birla Carbon","publisher":{"@id":"https:\/\/www.birlacarbon.com\/pt-br\/#organization"},"potentialAction":[{"@type":"SearchAction","target":{"@type":"EntryPoint","urlTemplate":"https:\/\/www.birlacarbon.com\/pt-br\/?s={search_term_string}"},"query-input":{"@type":"PropertyValueSpecification","valueRequired":true,"valueName":"search_term_string"}}],"inLanguage":"pt-BR"},{"@type":"Organization","@id":"https:\/\/www.birlacarbon.com\/pt-br\/#organization","name":"Birla Carbon","url":"https:\/\/www.birlacarbon.com\/pt-br\/","logo":{"@type":"ImageObject","inLanguage":"pt-BR","@id":"https:\/\/www.birlacarbon.com\/pt-br\/#\/schema\/logo\/image\/","url":"https:\/\/www.birlacarbon.com\/wp-content\/uploads\/2017\/01\/aditya-birla-logo-retina.png","contentUrl":"https:\/\/www.birlacarbon.com\/wp-content\/uploads\/2017\/01\/aditya-birla-logo-retina.png","width":190,"height":182,"caption":"Birla Carbon"},"image":{"@id":"https:\/\/www.birlacarbon.com\/pt-br\/#\/schema\/logo\/image\/"}}]}},"_links":{"self":[{"href":"https:\/\/www.birlacarbon.com\/pt-br\/wp-json\/wp\/v2\/pages\/6468","targetHints":{"allow":["GET"]}}],"collection":[{"href":"https:\/\/www.birlacarbon.com\/pt-br\/wp-json\/wp\/v2\/pages"}],"about":[{"href":"https:\/\/www.birlacarbon.com\/pt-br\/wp-json\/wp\/v2\/types\/page"}],"author":[{"embeddable":true,"href":"https:\/\/www.birlacarbon.com\/pt-br\/wp-json\/wp\/v2\/users\/10"}],"replies":[{"embeddable":true,"href":"https:\/\/www.birlacarbon.com\/pt-br\/wp-json\/wp\/v2\/comments?post=6468"}],"version-history":[{"count":0,"href":"https:\/\/www.birlacarbon.com\/pt-br\/wp-json\/wp\/v2\/pages\/6468\/revisions"}],"wp:attachment":[{"href":"https:\/\/www.birlacarbon.com\/pt-br\/wp-json\/wp\/v2\/media?parent=6468"}],"curies":[{"name":"wp","href":"https:\/\/api.w.org\/{rel}","templated":true}]}}