{"id":6558,"date":"2017-01-19T03:41:46","date_gmt":"2017-01-19T03:41:46","guid":{"rendered":"https:\/\/birlastaging.wpengine.com\/?page_id=6558"},"modified":"2020-05-06T14:49:00","modified_gmt":"2020-05-06T14:49:00","slug":"artigos","status":"publish","type":"page","link":"https:\/\/www.birlacarbon.com\/pt-br\/artigos\/","title":{"rendered":"ARTIGOS"},"content":{"rendered":"<p><div class=\"fusion-fullwidth fullwidth-box fusion-builder-row-1 nonhundred-percent-fullwidth non-hundred-percent-height-scrolling\" style=\"--awb-border-radius-top-left:0px;--awb-border-radius-top-right:0px;--awb-border-radius-bottom-right:0px;--awb-border-radius-bottom-left:0px;--awb-padding-top:5%;--awb-padding-right:5%;--awb-padding-bottom:2%;--awb-padding-left:5%;--awb-border-sizes-top:0px;--awb-border-sizes-bottom:0px;--awb-flex-wrap:wrap;\" ><div class=\"fusion-builder-row fusion-row\"><div class=\"fusion-layout-column fusion_builder_column fusion-builder-column-0 fusion_builder_column_2_3 2_3 fusion-two-third fusion-column-first\" style=\"--awb-padding-top:100px;--awb-padding-right:20px;--awb-bg-size:cover;--awb-margin-bottom:0px;width:65.3333%; margin-right: 4%;\"><div class=\"fusion-column-wrapper fusion-flex-column-wrapper-legacy\"><div class=\"fusion-title title fusion-title-1 fusion-sep-none fusion-title-text fusion-title-size-one\" style=\"--awb-margin-bottom:20px;--awb-margin-top-small:0px;--awb-margin-right-small:0px;--awb-margin-bottom-small:20px;--awb-margin-left-small:0px;\"><h1 class=\"fusion-title-heading title-heading-left fusion-responsive-typography-calculated\" style=\"margin:0;--fontSize:60;line-height:1.25;\">NOT\u00cdCIAS E EVENTOS<\/h1><\/div><div class=\"fusion-text fusion-text-1\"><div class=\"cb-super-text\">ARTIGOS<\/div>\n<\/div><div class=\"fusion-clearfix\"><\/div><\/div><\/div><\/div><\/div><div class=\"fusion-fullwidth fullwidth-box fusion-builder-row-2 nonhundred-percent-fullwidth non-hundred-percent-height-scrolling press-col\" style=\"--awb-border-radius-top-left:0px;--awb-border-radius-top-right:0px;--awb-border-radius-bottom-right:0px;--awb-border-radius-bottom-left:0px;--awb-padding-top:0px;--awb-padding-bottom:20px;--awb-flex-wrap:wrap;\" ><div class=\"fusion-builder-row fusion-row\"><div class=\"fusion-layout-column fusion_builder_column fusion-builder-column-1 fusion_builder_column_1_1 1_1 fusion-one-full fusion-column-first fusion-column-last press-col\" style=\"--awb-bg-size:cover;\"><div class=\"fusion-column-wrapper fusion-flex-column-wrapper-legacy\"><div class=\"fusion-recent-posts fusion-recent-posts-1 avada-container layout-default layout-columns-1 no-comments\"><section class=\"fusion-columns columns fusion-columns-1 columns-1\"><article class=\"post fusion-column column col col-lg-12 col-md-12 col-sm-12\"><div class=\"recent-posts-content\"><span class=\"vcard\" style=\"display: none;\"><span class=\"fn\"><a href=\"https:\/\/www.birlacarbon.com\/pt-br\/author\/manoj\/\" title=\"Posts de Manoj Nair\" rel=\"author\">Manoj Nair<\/a><\/span><\/span><span class=\"updated\" style=\"display:none;\">2021-05-28T17:58:37+00:00<\/span><h4 class=\"entry-title\"><a href=\"https:\/\/www.birlacarbon.com\/pt-br\/perspectiva-brilhante-para-o-negro-de-fumo\/\">Perspectiva Brilhante para o Negro de Fumo?<\/a><\/h4><p class=\"meta\"><span class=\"vcard\" style=\"display: none;\"><span class=\"fn\"><a href=\"https:\/\/www.birlacarbon.com\/pt-br\/author\/manoj\/\" title=\"Posts de Manoj Nair\" rel=\"author\">Manoj Nair<\/a><\/span><\/span><span class=\"updated\" style=\"display:none;\">2021-05-28T17:58:37+00:00<\/span><span>abril 1, 2019<\/span><span class=\"fusion-inline-sep\">|<\/span><\/p><\/div><\/article><article class=\"post fusion-column column col col-lg-12 col-md-12 col-sm-12\"><div class=\"recent-posts-content\"><span class=\"vcard\" style=\"display: none;\"><span class=\"fn\"><a href=\"https:\/\/www.birlacarbon.com\/pt-br\/author\/manoj\/\" title=\"Posts de Manoj Nair\" rel=\"author\">Manoj Nair<\/a><\/span><\/span><span class=\"updated\" style=\"display:none;\">2025-08-06T21:49:55+00:00<\/span><h4 class=\"entry-title\"><a href=\"https:\/\/www.birlacarbon.com\/pt-br\/charles-r-herd-vence-o-premio-fernley-h-banbury\/\">Charles R. Herd vence o Pr\u00eamio Fernley H. Banbury<\/a><\/h4><p class=\"meta\"><span class=\"vcard\" style=\"display: none;\"><span class=\"fn\"><a href=\"https:\/\/www.birlacarbon.com\/pt-br\/author\/manoj\/\" title=\"Posts de Manoj Nair\" rel=\"author\">Manoj Nair<\/a><\/span><\/span><span class=\"updated\" style=\"display:none;\">2025-08-06T21:49:55+00:00<\/span><span>janeiro 9, 2019<\/span><span class=\"fusion-inline-sep\">|<\/span><\/p><\/div><\/article><article class=\"post fusion-column column col col-lg-12 col-md-12 col-sm-12\"><div class=\"recent-posts-content\"><span class=\"vcard\" style=\"display: none;\"><span class=\"fn\"><a href=\"https:\/\/www.birlacarbon.com\/pt-br\/author\/manoj\/\" title=\"Posts de Manoj Nair\" rel=\"author\">Manoj Nair<\/a><\/span><\/span><span class=\"updated\" style=\"display:none;\">2021-05-28T18:04:49+00:00<\/span><h4 class=\"entry-title\"><a href=\"https:\/\/www.birlacarbon.com\/pt-br\/a-birla-carbon-recebe-o-terceiro-eco-vadis-ouro\/\">A Birla Carbon recebe o terceiro Eco Vadis Ouro<\/a><\/h4><p class=\"meta\"><span class=\"vcard\" style=\"display: none;\"><span class=\"fn\"><a href=\"https:\/\/www.birlacarbon.com\/pt-br\/author\/manoj\/\" title=\"Posts de Manoj Nair\" rel=\"author\">Manoj Nair<\/a><\/span><\/span><span class=\"updated\" style=\"display:none;\">2021-05-28T18:04:49+00:00<\/span><span>janeiro 3, 2019<\/span><span class=\"fusion-inline-sep\">|<\/span><\/p><\/div><\/article><article class=\"post fusion-column column col col-lg-12 col-md-12 col-sm-12\"><div class=\"recent-posts-content\"><span class=\"vcard\" style=\"display: none;\"><span class=\"fn\"><a href=\"https:\/\/www.birlacarbon.com\/pt-br\/author\/manoj\/\" title=\"Posts de Manoj Nair\" rel=\"author\">Manoj Nair<\/a><\/span><\/span><span class=\"updated\" style=\"display:none;\">2020-05-20T14:23:07+00:00<\/span><h4 class=\"entry-title\"><a href=\"https:\/\/www.birlacarbon.com\/pt-br\/e-por-isso-que-os-pneus-sao-pretos\/\">\u00c9 por isso que os pneus s\u00e3o pretos<\/a><\/h4><p class=\"meta\"><span class=\"vcard\" style=\"display: none;\"><span class=\"fn\"><a href=\"https:\/\/www.birlacarbon.com\/pt-br\/author\/manoj\/\" title=\"Posts de Manoj Nair\" rel=\"author\">Manoj Nair<\/a><\/span><\/span><span class=\"updated\" style=\"display:none;\">2020-05-20T14:23:07+00:00<\/span><span>novembro 15, 2018<\/span><span class=\"fusion-inline-sep\">|<\/span><\/p><\/div><\/article><article class=\"post fusion-column column col col-lg-12 col-md-12 col-sm-12\"><div class=\"recent-posts-content\"><span class=\"vcard\" style=\"display: none;\"><span class=\"fn\"><a href=\"https:\/\/www.birlacarbon.com\/pt-br\/author\/manoj\/\" title=\"Posts de Manoj Nair\" rel=\"author\">Manoj Nair<\/a><\/span><\/span><span class=\"updated\" style=\"display:none;\">2020-05-20T14:24:55+00:00<\/span><h4 class=\"entry-title\"><a href=\"https:\/\/www.birlacarbon.com\/pt-br\/a-birla-carbon-celebra-60-anos-no-brasil\/\">A Birla Carbon celebra 60 anos no Brasil<\/a><\/h4><p class=\"meta\"><span class=\"vcard\" style=\"display: none;\"><span class=\"fn\"><a href=\"https:\/\/www.birlacarbon.com\/pt-br\/author\/manoj\/\" title=\"Posts de Manoj Nair\" rel=\"author\">Manoj Nair<\/a><\/span><\/span><span class=\"updated\" style=\"display:none;\">2020-05-20T14:24:55+00:00<\/span><span>novembro 2, 2018<\/span><span class=\"fusion-inline-sep\">|<\/span><\/p><\/div><\/article><article class=\"post fusion-column column col col-lg-12 col-md-12 col-sm-12\"><div class=\"recent-posts-content\"><span class=\"vcard\" style=\"display: none;\"><span class=\"fn\"><a href=\"https:\/\/www.birlacarbon.com\/pt-br\/author\/manoj\/\" title=\"Posts de Manoj Nair\" rel=\"author\">Manoj Nair<\/a><\/span><\/span><span class=\"updated\" style=\"display:none;\">2020-05-20T14:26:34+00:00<\/span><h4 class=\"entry-title\"><a href=\"https:\/\/www.birlacarbon.com\/pt-br\/a-birla-carbon-define-seu-processo-em-praticas-sustentaveis\/\">A Birla Carbon define seu processo em pr\u00e1ticas sustent\u00e1veis<\/a><\/h4><p class=\"meta\"><span class=\"vcard\" style=\"display: none;\"><span class=\"fn\"><a href=\"https:\/\/www.birlacarbon.com\/pt-br\/author\/manoj\/\" title=\"Posts de Manoj Nair\" rel=\"author\">Manoj Nair<\/a><\/span><\/span><span class=\"updated\" style=\"display:none;\">2020-05-20T14:26:34+00:00<\/span><span>setembro 19, 2018<\/span><span class=\"fusion-inline-sep\">|<\/span><\/p><\/div><\/article><article class=\"post fusion-column column col col-lg-12 col-md-12 col-sm-12\"><div class=\"recent-posts-content\"><span class=\"vcard\" style=\"display: none;\"><span class=\"fn\"><a href=\"https:\/\/www.birlacarbon.com\/pt-br\/author\/manoj\/\" title=\"Posts de Manoj Nair\" rel=\"author\">Manoj Nair<\/a><\/span><\/span><span class=\"updated\" style=\"display:none;\">2020-05-21T04:12:04+00:00<\/span><h4 class=\"entry-title\"><a href=\"https:\/\/www.birlacarbon.com\/pt-br\/rumo-a-excelencia-operacional-sustentavel\/\">Rumo \u00e0 Excel\u00eancia Operacional Sustent\u00e1vel<\/a><\/h4><p class=\"meta\"><span class=\"vcard\" style=\"display: none;\"><span class=\"fn\"><a href=\"https:\/\/www.birlacarbon.com\/pt-br\/author\/manoj\/\" title=\"Posts de Manoj Nair\" rel=\"author\">Manoj Nair<\/a><\/span><\/span><span class=\"updated\" style=\"display:none;\">2020-05-21T04:12:04+00:00<\/span><span>dezembro 27, 2017<\/span><span class=\"fusion-inline-sep\">|<\/span><\/p><\/div><\/article><article class=\"post fusion-column column col col-lg-12 col-md-12 col-sm-12\"><div class=\"recent-posts-content\"><span class=\"vcard\" style=\"display: none;\"><span class=\"fn\"><a href=\"https:\/\/www.birlacarbon.com\/pt-br\/author\/manoj\/\" title=\"Posts de Manoj Nair\" rel=\"author\">Manoj Nair<\/a><\/span><\/span><span class=\"updated\" style=\"display:none;\">2020-05-21T04:18:10+00:00<\/span><h4 class=\"entry-title\"><a href=\"https:\/\/www.birlacarbon.com\/pt-br\/a-birla-carbon-inicializa-as-operacoes-na-china\/\">A Birla Carbon inicializa as Opera\u00e7\u00f5es na China<\/a><\/h4><p class=\"meta\"><span class=\"vcard\" style=\"display: none;\"><span class=\"fn\"><a href=\"https:\/\/www.birlacarbon.com\/pt-br\/author\/manoj\/\" title=\"Posts de Manoj Nair\" rel=\"author\">Manoj Nair<\/a><\/span><\/span><span class=\"updated\" style=\"display:none;\">2020-05-21T04:18:10+00:00<\/span><span>setembro 8, 2017<\/span><span class=\"fusion-inline-sep\">|<\/span><\/p><\/div><\/article><article class=\"post fusion-column column col col-lg-12 col-md-12 col-sm-12\"><div class=\"recent-posts-content\"><span class=\"vcard\" style=\"display: none;\"><span class=\"fn\"><a href=\"https:\/\/www.birlacarbon.com\/pt-br\/author\/manoj\/\" title=\"Posts de Manoj Nair\" rel=\"author\">Manoj Nair<\/a><\/span><\/span><span class=\"updated\" style=\"display:none;\">2020-05-21T04:21:41+00:00<\/span><h4 class=\"entry-title\"><a href=\"https:\/\/www.birlacarbon.com\/pt-br\/a-birla-carbon-recebe-a-classificacao-ouro-da-ecovadis\/\">A Birla Carbon recebe a classifica\u00e7\u00e3o Ouro da EcoVadis<\/a><\/h4><p class=\"meta\"><span class=\"vcard\" style=\"display: none;\"><span class=\"fn\"><a href=\"https:\/\/www.birlacarbon.com\/pt-br\/author\/manoj\/\" title=\"Posts de Manoj Nair\" rel=\"author\">Manoj Nair<\/a><\/span><\/span><span class=\"updated\" style=\"display:none;\">2020-05-21T04:21:41+00:00<\/span><span>agosto 30, 2017<\/span><span class=\"fusion-inline-sep\">|<\/span><\/p><\/div><\/article><article class=\"post fusion-column column col col-lg-12 col-md-12 col-sm-12\"><div class=\"recent-posts-content\"><span class=\"vcard\" style=\"display: none;\"><span class=\"fn\"><a href=\"https:\/\/www.birlacarbon.com\/pt-br\/author\/manoj\/\" title=\"Posts de Manoj Nair\" rel=\"author\">Manoj Nair<\/a><\/span><\/span><span class=\"updated\" style=\"display:none;\">2020-05-21T04:24:38+00:00<\/span><h4 class=\"entry-title\"><a href=\"https:\/\/www.birlacarbon.com\/pt-br\/a-birla-carbon-lanca-a-campanha-o-valor-social-do-negro-de-fumo\/\">A Birla Carbon lan\u00e7a a campanha \u2018O Valor Social do Negro de Fumo\u2019<\/a><\/h4><p class=\"meta\"><span class=\"vcard\" style=\"display: none;\"><span class=\"fn\"><a href=\"https:\/\/www.birlacarbon.com\/pt-br\/author\/manoj\/\" title=\"Posts de Manoj Nair\" rel=\"author\">Manoj Nair<\/a><\/span><\/span><span class=\"updated\" style=\"display:none;\">2020-05-21T04:24:38+00:00<\/span><span>agosto 18, 2017<\/span><span class=\"fusion-inline-sep\">|<\/span><\/p><\/div><\/article><article class=\"post fusion-column column col col-lg-12 col-md-12 col-sm-12\"><div class=\"recent-posts-content\"><span class=\"vcard\" style=\"display: none;\"><span class=\"fn\"><a href=\"https:\/\/www.birlacarbon.com\/pt-br\/author\/manoj\/\" title=\"Posts de Manoj Nair\" rel=\"author\">Manoj Nair<\/a><\/span><\/span><span class=\"updated\" style=\"display:none;\">2020-03-11T13:06:27+00:00<\/span><h4 class=\"entry-title\"><a href=\"https:\/\/www.birlacarbon.com\/pt-br\/a-birla-carbon-publica-seu-relatorio-de-sustentabilidade-de-2017\/\">A Birla Carbon publica seu Relat\u00f3rio de Sustentabilidade de 2017<\/a><\/h4><p class=\"meta\"><span class=\"vcard\" style=\"display: none;\"><span class=\"fn\"><a href=\"https:\/\/www.birlacarbon.com\/pt-br\/author\/manoj\/\" title=\"Posts de Manoj Nair\" rel=\"author\">Manoj Nair<\/a><\/span><\/span><span class=\"updated\" style=\"display:none;\">2020-03-11T13:06:27+00:00<\/span><span>junho 27, 2017<\/span><span class=\"fusion-inline-sep\">|<\/span><\/p><\/div><\/article><article class=\"post fusion-column column col col-lg-12 col-md-12 col-sm-12\"><div class=\"recent-posts-content\"><span class=\"vcard\" style=\"display: none;\"><span class=\"fn\"><a href=\"https:\/\/www.birlacarbon.com\/pt-br\/author\/manoj\/\" title=\"Posts de Manoj Nair\" rel=\"author\">Manoj Nair<\/a><\/span><\/span><span class=\"updated\" style=\"display:none;\">2020-05-21T04:33:21+00:00<\/span><h4 class=\"entry-title\"><a href=\"https:\/\/www.birlacarbon.com\/pt-br\/a-birla-carbon-faz-uma-parceria-com-a-american-process-para-melhorar-a-eficacia-do-combustivel-dos-pneus\/\">A Birla Carbon faz uma parceria com a American Process para melhorar a efic\u00e1cia do combust\u00edvel dos pneus<\/a><\/h4><p class=\"meta\"><span class=\"vcard\" style=\"display: none;\"><span class=\"fn\"><a href=\"https:\/\/www.birlacarbon.com\/pt-br\/author\/manoj\/\" title=\"Posts de Manoj Nair\" rel=\"author\">Manoj Nair<\/a><\/span><\/span><span class=\"updated\" style=\"display:none;\">2020-05-21T04:33:21+00:00<\/span><span>mar\u00e7o 8, 2017<\/span><span class=\"fusion-inline-sep\">|<\/span><\/p><\/div><\/article><\/section><\/div><div class=\"fusion-clearfix\"><\/div><\/div><\/div><\/div><\/div><\/p>\n","protected":false},"excerpt":{"rendered":"","protected":false},"author":10,"featured_media":0,"parent":0,"menu_order":9,"comment_status":"closed","ping_status":"closed","template":"100-width.php","meta":{"_acf_changed":false,"_monsterinsights_skip_tracking":false,"_monsterinsights_sitenote_active":false,"_monsterinsights_sitenote_note":"","_monsterinsights_sitenote_category":0,"footnotes":""},"class_list":["post-6558","page","type-page","status-publish","hentry"],"acf":false,"yoast_head":"<!-- This site is optimized with the Yoast SEO plugin v27.4 - https:\/\/yoast.com\/product\/yoast-seo-wordpress\/ -->\n<title>ARTIGOS - Birla Carbon<\/title>\n<meta name=\"robots\" content=\"index, follow, max-snippet:-1, max-image-preview:large, max-video-preview:-1\" \/>\n<link rel=\"canonical\" href=\"https:\/\/www.birlacarbon.com\/pt-br\/artigos\/\" \/>\n<meta property=\"og:locale\" content=\"pt_BR\" \/>\n<meta property=\"og:type\" content=\"article\" \/>\n<meta property=\"og:title\" content=\"ARTIGOS - Birla Carbon\" \/>\n<meta property=\"og:url\" content=\"https:\/\/www.birlacarbon.com\/pt-br\/artigos\/\" \/>\n<meta property=\"og:site_name\" content=\"Birla Carbon\" \/>\n<meta property=\"article:modified_time\" content=\"2020-05-06T14:49:00+00:00\" \/>\n<meta name=\"twitter:card\" content=\"summary_large_image\" \/>\n<meta name=\"twitter:label1\" content=\"Est. tempo de leitura\" \/>\n\t<meta name=\"twitter:data1\" content=\"2 minutos\" \/>\n<!-- \/ Yoast SEO plugin. -->","yoast_head_json":{"title":"ARTIGOS - Birla Carbon","robots":{"index":"index","follow":"follow","max-snippet":"max-snippet:-1","max-image-preview":"max-image-preview:large","max-video-preview":"max-video-preview:-1"},"canonical":"https:\/\/www.birlacarbon.com\/pt-br\/artigos\/","og_locale":"pt_BR","og_type":"article","og_title":"ARTIGOS - Birla Carbon","og_url":"https:\/\/www.birlacarbon.com\/pt-br\/artigos\/","og_site_name":"Birla Carbon","article_modified_time":"2020-05-06T14:49:00+00:00","twitter_card":"summary_large_image","twitter_misc":{"Est. tempo de leitura":"2 minutos"},"schema":{"@context":"https:\/\/schema.org","@graph":[{"@type":"WebPage","@id":"https:\/\/www.birlacarbon.com\/pt-br\/artigos\/","url":"https:\/\/www.birlacarbon.com\/pt-br\/artigos\/","name":"ARTIGOS - Birla Carbon","isPartOf":{"@id":"https:\/\/www.birlacarbon.com\/pt-br\/#website"},"datePublished":"2017-01-19T03:41:46+00:00","dateModified":"2020-05-06T14:49:00+00:00","breadcrumb":{"@id":"https:\/\/www.birlacarbon.com\/pt-br\/artigos\/#breadcrumb"},"inLanguage":"pt-BR","potentialAction":[{"@type":"ReadAction","target":["https:\/\/www.birlacarbon.com\/pt-br\/artigos\/"]}]},{"@type":"BreadcrumbList","@id":"https:\/\/www.birlacarbon.com\/pt-br\/artigos\/#breadcrumb","itemListElement":[{"@type":"ListItem","position":1,"name":"Home","item":"https:\/\/www.birlacarbon.com\/pt-br\/"},{"@type":"ListItem","position":2,"name":"ARTIGOS"}]},{"@type":"WebSite","@id":"https:\/\/www.birlacarbon.com\/pt-br\/#website","url":"https:\/\/www.birlacarbon.com\/pt-br\/","name":"Birla Carbon","description":"Birla Carbon","publisher":{"@id":"https:\/\/www.birlacarbon.com\/pt-br\/#organization"},"potentialAction":[{"@type":"SearchAction","target":{"@type":"EntryPoint","urlTemplate":"https:\/\/www.birlacarbon.com\/pt-br\/?s={search_term_string}"},"query-input":{"@type":"PropertyValueSpecification","valueRequired":true,"valueName":"search_term_string"}}],"inLanguage":"pt-BR"},{"@type":"Organization","@id":"https:\/\/www.birlacarbon.com\/pt-br\/#organization","name":"Birla Carbon","url":"https:\/\/www.birlacarbon.com\/pt-br\/","logo":{"@type":"ImageObject","inLanguage":"pt-BR","@id":"https:\/\/www.birlacarbon.com\/pt-br\/#\/schema\/logo\/image\/","url":"https:\/\/www.birlacarbon.com\/wp-content\/uploads\/2017\/01\/aditya-birla-logo-retina.png","contentUrl":"https:\/\/www.birlacarbon.com\/wp-content\/uploads\/2017\/01\/aditya-birla-logo-retina.png","width":190,"height":182,"caption":"Birla Carbon"},"image":{"@id":"https:\/\/www.birlacarbon.com\/pt-br\/#\/schema\/logo\/image\/"}}]}},"_links":{"self":[{"href":"https:\/\/www.birlacarbon.com\/pt-br\/wp-json\/wp\/v2\/pages\/6558","targetHints":{"allow":["GET"]}}],"collection":[{"href":"https:\/\/www.birlacarbon.com\/pt-br\/wp-json\/wp\/v2\/pages"}],"about":[{"href":"https:\/\/www.birlacarbon.com\/pt-br\/wp-json\/wp\/v2\/types\/page"}],"author":[{"embeddable":true,"href":"https:\/\/www.birlacarbon.com\/pt-br\/wp-json\/wp\/v2\/users\/10"}],"replies":[{"embeddable":true,"href":"https:\/\/www.birlacarbon.com\/pt-br\/wp-json\/wp\/v2\/comments?post=6558"}],"version-history":[{"count":0,"href":"https:\/\/www.birlacarbon.com\/pt-br\/wp-json\/wp\/v2\/pages\/6558\/revisions"}],"wp:attachment":[{"href":"https:\/\/www.birlacarbon.com\/pt-br\/wp-json\/wp\/v2\/media?parent=6558"}],"curies":[{"name":"wp","href":"https:\/\/api.w.org\/{rel}","templated":true}]}}