{"id":7051,"date":"2017-01-18T18:01:23","date_gmt":"2017-01-18T18:01:23","guid":{"rendered":"https:\/\/birlastaging.wpengine.com\/?page_id=7051"},"modified":"2021-03-02T14:19:44","modified_gmt":"2021-03-02T14:19:44","slug":"carreiras","status":"publish","type":"page","link":"https:\/\/www.birlacarbon.com\/pt-br\/carreiras\/","title":{"rendered":"CARREIRAS"},"content":{"rendered":"<p><div class=\"fusion-fullwidth fullwidth-box fusion-builder-row-1 fusion-parallax-none nonhundred-percent-fullwidth non-hundred-percent-height-scrolling cb-interior-main\" style=\"--awb-border-sizes-top:0px;--awb-border-sizes-bottom:0px;--awb-border-sizes-left:0px;--awb-border-sizes-right:0px;--awb-border-radius-top-left:0px;--awb-border-radius-top-right:0px;--awb-border-radius-bottom-right:0px;--awb-border-radius-bottom-left:0px;--awb-padding-top:5%;--awb-padding-right:5%;--awb-padding-bottom:2%;--awb-padding-left:5%;--awb-background-image:url(&quot;https:\/\/www.birlacarbon.com\/wp-content\/uploads\/2017\/01\/careers-3-1.jpg&quot;);--awb-background-size:cover;--awb-flex-wrap:wrap;\" ><div class=\"fusion-builder-row fusion-row\"><div class=\"fusion-layout-column fusion_builder_column fusion-builder-column-0 fusion_builder_column_2_3 2_3 fusion-two-third fusion-column-first\" style=\"--awb-padding-top:20px;--awb-padding-right:20px;--awb-padding-bottom:40px;--awb-padding-left:40px;--awb-bg-color:rgba(38,163,0,0.66);--awb-bg-color-hover:rgba(38,163,0,0.66);--awb-bg-size:cover;--awb-margin-top:50px;width:65.3333%; margin-right: 4%;\"><div class=\"fusion-column-wrapper fusion-flex-column-wrapper-legacy\"><div class=\"fusion-title title fusion-title-1 fusion-sep-none fusion-title-text fusion-title-size-one\" style=\"--awb-margin-bottom:20px;--awb-margin-top-small:0px;--awb-margin-right-small:0px;--awb-margin-bottom-small:20px;--awb-margin-left-small:0px;\"><h1 class=\"fusion-title-heading title-heading-left fusion-responsive-typography-calculated\" style=\"margin:0;--fontSize:60;line-height:1.25;\"><span style=\"color: #ffffff;\"><strong>CARREIRAS<\/strong><\/span><\/h1><\/div><div class=\"fusion-text fusion-text-1\"><div class=\"cb-main-text\">JUNTE-SE A NOSSA EQUIPE<\/div>\n<\/div><div class=\"fusion-clearfix\"><\/div><\/div><\/div><\/div><\/div><div class=\"fusion-fullwidth fullwidth-box fusion-builder-row-2 nonhundred-percent-fullwidth non-hundred-percent-height-scrolling\" style=\"--awb-border-sizes-top:0px;--awb-border-sizes-bottom:0px;--awb-border-sizes-left:0px;--awb-border-sizes-right:0px;--awb-border-radius-top-left:0px;--awb-border-radius-top-right:0px;--awb-border-radius-bottom-right:0px;--awb-border-radius-bottom-left:0px;--awb-padding-top:60px;--awb-padding-right:5%;--awb-padding-bottom:2%;--awb-padding-left:5%;--awb-flex-wrap:wrap;\" ><div class=\"fusion-builder-row fusion-row\"><div class=\"fusion-layout-column fusion_builder_column fusion-builder-column-1 fusion_builder_column_1_1 1_1 fusion-one-full fusion-column-first fusion-column-last\" style=\"--awb-bg-size:cover;\"><div class=\"fusion-column-wrapper fusion-flex-column-wrapper-legacy\"><div class=\"fusion-title title fusion-title-2 fusion-sep-none fusion-title-text fusion-title-size-two\" style=\"--awb-margin-top-small:0px;--awb-margin-right-small:0px;--awb-margin-bottom-small:20px;--awb-margin-left-small:0px;\"><h2 class=\"fusion-title-heading title-heading-left fusion-responsive-typography-calculated\" style=\"margin:0;--fontSize:46;line-height:1.25;\">TRABALHAR COM A BIRLA CARBON<\/h2><\/div><div class=\"fusion-text fusion-text-2\"><p>A rica diversidade de nossos empregados nos permite desenvolver solu\u00e7\u00f5es criativas e inovadoras que permitem que a Birla Carbon tenha um servi\u00e7o de apoio ao cliente de categoria mundial. \u00c0 medida que continuamos crescendo rapidamente e nos expandindo globalmente, a Birla Carbon oferece a voc\u00ea excelentes oportunidades, desafios din\u00e2micos e oportunidades infind\u00e1veis de crescimento profissional.<\/p>\n<p>Proporcionamos um ambiente que destina responsabilidades orientadas para o indiv\u00edduo e para a equipe, bem como projetos que s\u00e3o profissionalmente enriquecedores e recompensadores. Oferecemos uma compensa\u00e7\u00e3o abrangente e benef\u00edcios alinhados com os requisitos de uma equipe de trabalho em evolu\u00e7\u00e3o.*<\/p>\n<p>Todas as nossas f\u00e1bricas seguem o mais alto n\u00edvel de rigor em protocolos de seguran\u00e7a e pr\u00e1ticas para proporcionar um local de trabalho seguro e saud\u00e1vel. Tamb\u00e9m trabalhamos todos os dias para sermos bons guardi\u00f5es do meio ambiente e das comunidades nos locais em que operamos.<\/p>\n<p>Clique abaixo e d\u00ea o primeiro passo para uma carreira recompensadora na Birla Carbon, que o empodera, motiva e lhe d\u00e1 as ferramentas para fazer a diferen\u00e7a.<\/p>\n<p><span style=\"font-size: 14px;\">*Os benef\u00edcios oferecidos variam conforme a companhia e a regi\u00e3o.<\/span><\/p>\n<p>SAIBA MAIS SOBRE OPORTUNIDADES ATUAIS.<\/p>\n<\/div><div class=\"fusion-builder-row fusion-builder-row-inner fusion-row\"><div class=\"fusion-layout-column fusion_builder_column_inner fusion-builder-nested-column-0 fusion_builder_column_inner_1_3 1_3 fusion-one-third fusion-column-first\" style=\"--awb-bg-size:cover;width:33.3333333333%;width:calc(33.3333333333% - ( ( 4% + 4% ) * 0.333333333333 ) );margin-right: 4%;\"><div class=\"fusion-column-wrapper fusion-flex-column-wrapper-legacy\"><div class=\"fusion-align-block\"><a class=\"fusion-button button-flat button-xlarge button-custom fusion-button-default button-1 fusion-button-span-yes purp-btn\" style=\"--button_accent_color:#000000;--button_accent_hover_color:#000000;--button_border_hover_color:#000000;--button_border_width-top:0;--button_border_width-right:0;--button_border_width-bottom:0;--button_border_width-left:0;--button_gradient_top_color:#cede45;--button_gradient_bottom_color:#cede45;--button_gradient_top_color_hover:#f0e905;--button_gradient_bottom_color_hover:#f0e905;\" target=\"_blank\" rel=\"noopener noreferrer\" href=\"https:\/\/careers.adityabirla.com\/\"><span class=\"fusion-button-text awb-button__text awb-button__text--default\">BIRLA CARBON (\u00cdndia)<\/span><\/a><\/div><div class=\"fusion-clearfix\"><\/div><\/div><\/div><div class=\"fusion-layout-column fusion_builder_column_inner fusion-builder-nested-column-1 fusion_builder_column_inner_1_3 1_3 fusion-one-third\" style=\"--awb-bg-size:cover;width:33.3333333333%;width:calc(33.3333333333% - ( ( 4% + 4% ) * 0.333333333333 ) );margin-right: 4%;\"><div class=\"fusion-column-wrapper fusion-flex-column-wrapper-legacy\"><div class=\"fusion-align-block\"><a class=\"fusion-button button-flat button-xlarge button-custom fusion-button-default button-2 fusion-button-span-yes purp-btn\" style=\"--button_accent_color:#000000;--button_accent_hover_color:#000000;--button_border_hover_color:#000000;--button_border_width-top:0;--button_border_width-right:0;--button_border_width-bottom:0;--button_border_width-left:0;--button_gradient_top_color:#cede45;--button_gradient_bottom_color:#cede45;--button_gradient_top_color_hover:#f0e905;--button_gradient_bottom_color_hover:#f0e905;\" target=\"_blank\" rel=\"noopener noreferrer\" href=\"https:\/\/careers.adityabirla.com\/\"><span class=\"fusion-button-text awb-button__text awb-button__text--default\">BIRLA CARBON (GLOBAL)<\/span><\/a><\/div><div class=\"fusion-clearfix\"><\/div><\/div><\/div><div class=\"fusion-layout-column fusion_builder_column_inner fusion-builder-nested-column-2 fusion_builder_column_inner_1_3 1_3 fusion-one-third fusion-column-last\" style=\"--awb-bg-size:cover;width:33.3333333333%;width:calc(33.3333333333% - ( ( 4% + 4% ) * 0.333333333333 ) );\"><div class=\"fusion-column-wrapper fusion-flex-column-wrapper-legacy\"><div class=\"fusion-align-block\"><a class=\"fusion-button button-flat button-xlarge button-custom fusion-button-default button-3 fusion-button-span-yes purp-btn\" style=\"--button_accent_color:#000000;--button_accent_hover_color:#000000;--button_border_hover_color:#000000;--button_border_width-top:0;--button_border_width-right:0;--button_border_width-bottom:0;--button_border_width-left:0;--button_gradient_top_color:#cede45;--button_gradient_bottom_color:#cede45;--button_gradient_top_color_hover:#f0e905;--button_gradient_bottom_color_hover:#f0e905;\" target=\"_blank\" rel=\"noopener noreferrer\" href=\"https:\/\/careers.adityabirla.com\/partners\"><span class=\"fusion-button-text awb-button__text awb-button__text--default\">Conex\u00e3o para Consultores<\/span><\/a><\/div><div class=\"fusion-clearfix\"><\/div><\/div><\/div><\/div><div class=\"fusion-sep-clear\"><\/div><div class=\"fusion-separator fusion-full-width-sep\" style=\"margin-left: auto;margin-right: auto;margin-top:40px;width:100%;\"><\/div><div class=\"fusion-sep-clear\"><\/div><div class=\"fusion-title title fusion-title-3 fusion-sep-none fusion-title-text fusion-title-size-two\" style=\"--awb-margin-top-small:0px;--awb-margin-right-small:0px;--awb-margin-bottom-small:20px;--awb-margin-left-small:0px;\"><h2 class=\"fusion-title-heading title-heading-left fusion-responsive-typography-calculated\" style=\"margin:0;--fontSize:46;line-height:1.25;\">TRABALHAR COM O GRUPO ADITYA BIRLA<\/h2><\/div><div class=\"fusion-text fusion-text-3\"><p>O Grupo Aditya Birla Group proporciona um mundo de oportunidades, permitindo melhorar suas habilidades e fazer avan\u00e7ar sua carreira, j\u00e1 que reconhecemos o compromisso e recompensamos as contribui\u00e7\u00f5es. Trabalhar com o Grupo Aditya Birla oferece um enorme potencial para uma vida profissional enriquecedora e preenchida.<\/p>\n<p>O Grupo opera em mais de 36 pa\u00edses, com uma for\u00e7a de trabalho de mais de 136 mil empregados, representando 42 nacionalidades. \u00c9 essa diversidade que nos torna mais forte e as oportunidades de crescimento maiores. Nossa presen\u00e7a global lhe d\u00e1 in\u00fameras possibilidades de explorar muitas fun\u00e7\u00f5es em nossos diversos neg\u00f3cios e localiza\u00e7\u00f5es.<\/p>\n<p>Clique abaixo para descobrir mais sobre como o Grupo Aditya Birla pode lhe dar a carreira que sempre desejou.<\/p>\n<\/div><div class=\"fusion-align-block\"><a class=\"fusion-button button-flat button-xlarge button-custom fusion-button-default button-4 fusion-button-default-span purp-btn\" style=\"--button_accent_color:#000000;--button_accent_hover_color:#000000;--button_border_hover_color:#000000;--button_border_width-top:0;--button_border_width-right:0;--button_border_width-bottom:0;--button_border_width-left:0;--button_gradient_top_color:#f0e905;--button_gradient_bottom_color:#f0e905;--button_gradient_top_color_hover:#cede45;--button_gradient_bottom_color_hover:#cede45;width:calc(100%);\" target=\"_blank\" rel=\"noopener noreferrer\" href=\"https:\/\/careers.adityabirla.com\/\"><span class=\"fusion-button-text awb-button__text awb-button__text--default\">SAIBA MAIS SOBRE OPORTUNIDADES ATUAIS DISPON\u00cdVEIS COM O GRUPO ADITYA BIRLA.<\/span><\/a><\/div><div class=\"fusion-clearfix\"><\/div><\/div><\/div><\/div><\/div><\/p>\n","protected":false},"excerpt":{"rendered":"","protected":false},"author":10,"featured_media":0,"parent":0,"menu_order":9,"comment_status":"closed","ping_status":"closed","template":"100-width.php","meta":{"_acf_changed":false,"_monsterinsights_skip_tracking":false,"_monsterinsights_sitenote_active":false,"_monsterinsights_sitenote_note":"","_monsterinsights_sitenote_category":0,"footnotes":""},"class_list":["post-7051","page","type-page","status-publish","hentry"],"acf":false,"yoast_head":"<!-- This site is optimized with the Yoast SEO plugin v27.3 - https:\/\/yoast.com\/product\/yoast-seo-wordpress\/ -->\n<title>CARREIRAS - Birla Carbon<\/title>\n<meta name=\"robots\" content=\"index, follow, max-snippet:-1, max-image-preview:large, max-video-preview:-1\" \/>\n<link rel=\"canonical\" href=\"https:\/\/www.birlacarbon.com\/pt-br\/carreiras\/\" \/>\n<meta property=\"og:locale\" content=\"pt_BR\" \/>\n<meta property=\"og:type\" content=\"article\" \/>\n<meta property=\"og:title\" content=\"CARREIRAS - Birla Carbon\" \/>\n<meta property=\"og:url\" content=\"https:\/\/www.birlacarbon.com\/pt-br\/carreiras\/\" \/>\n<meta property=\"og:site_name\" content=\"Birla Carbon\" \/>\n<meta property=\"article:modified_time\" content=\"2021-03-02T14:19:44+00:00\" \/>\n<meta name=\"twitter:card\" content=\"summary_large_image\" \/>\n<meta name=\"twitter:label1\" content=\"Est. tempo de leitura\" \/>\n\t<meta name=\"twitter:data1\" content=\"4 minutos\" \/>\n<!-- \/ Yoast SEO plugin. -->","yoast_head_json":{"title":"CARREIRAS - Birla Carbon","robots":{"index":"index","follow":"follow","max-snippet":"max-snippet:-1","max-image-preview":"max-image-preview:large","max-video-preview":"max-video-preview:-1"},"canonical":"https:\/\/www.birlacarbon.com\/pt-br\/carreiras\/","og_locale":"pt_BR","og_type":"article","og_title":"CARREIRAS - Birla Carbon","og_url":"https:\/\/www.birlacarbon.com\/pt-br\/carreiras\/","og_site_name":"Birla Carbon","article_modified_time":"2021-03-02T14:19:44+00:00","twitter_card":"summary_large_image","twitter_misc":{"Est. tempo de leitura":"4 minutos"},"schema":{"@context":"https:\/\/schema.org","@graph":[{"@type":"WebPage","@id":"https:\/\/www.birlacarbon.com\/pt-br\/carreiras\/","url":"https:\/\/www.birlacarbon.com\/pt-br\/carreiras\/","name":"CARREIRAS - Birla Carbon","isPartOf":{"@id":"https:\/\/www.birlacarbon.com\/pt-br\/#website"},"datePublished":"2017-01-18T18:01:23+00:00","dateModified":"2021-03-02T14:19:44+00:00","breadcrumb":{"@id":"https:\/\/www.birlacarbon.com\/pt-br\/carreiras\/#breadcrumb"},"inLanguage":"pt-BR","potentialAction":[{"@type":"ReadAction","target":["https:\/\/www.birlacarbon.com\/pt-br\/carreiras\/"]}]},{"@type":"BreadcrumbList","@id":"https:\/\/www.birlacarbon.com\/pt-br\/carreiras\/#breadcrumb","itemListElement":[{"@type":"ListItem","position":1,"name":"Home","item":"https:\/\/www.birlacarbon.com\/pt-br\/"},{"@type":"ListItem","position":2,"name":"CARREIRAS"}]},{"@type":"WebSite","@id":"https:\/\/www.birlacarbon.com\/pt-br\/#website","url":"https:\/\/www.birlacarbon.com\/pt-br\/","name":"Birla Carbon","description":"Birla Carbon","publisher":{"@id":"https:\/\/www.birlacarbon.com\/pt-br\/#organization"},"potentialAction":[{"@type":"SearchAction","target":{"@type":"EntryPoint","urlTemplate":"https:\/\/www.birlacarbon.com\/pt-br\/?s={search_term_string}"},"query-input":{"@type":"PropertyValueSpecification","valueRequired":true,"valueName":"search_term_string"}}],"inLanguage":"pt-BR"},{"@type":"Organization","@id":"https:\/\/www.birlacarbon.com\/pt-br\/#organization","name":"Birla Carbon","url":"https:\/\/www.birlacarbon.com\/pt-br\/","logo":{"@type":"ImageObject","inLanguage":"pt-BR","@id":"https:\/\/www.birlacarbon.com\/pt-br\/#\/schema\/logo\/image\/","url":"https:\/\/www.birlacarbon.com\/wp-content\/uploads\/2017\/01\/aditya-birla-logo-retina.png","contentUrl":"https:\/\/www.birlacarbon.com\/wp-content\/uploads\/2017\/01\/aditya-birla-logo-retina.png","width":190,"height":182,"caption":"Birla Carbon"},"image":{"@id":"https:\/\/www.birlacarbon.com\/pt-br\/#\/schema\/logo\/image\/"}}]}},"_links":{"self":[{"href":"https:\/\/www.birlacarbon.com\/pt-br\/wp-json\/wp\/v2\/pages\/7051","targetHints":{"allow":["GET"]}}],"collection":[{"href":"https:\/\/www.birlacarbon.com\/pt-br\/wp-json\/wp\/v2\/pages"}],"about":[{"href":"https:\/\/www.birlacarbon.com\/pt-br\/wp-json\/wp\/v2\/types\/page"}],"author":[{"embeddable":true,"href":"https:\/\/www.birlacarbon.com\/pt-br\/wp-json\/wp\/v2\/users\/10"}],"replies":[{"embeddable":true,"href":"https:\/\/www.birlacarbon.com\/pt-br\/wp-json\/wp\/v2\/comments?post=7051"}],"version-history":[{"count":0,"href":"https:\/\/www.birlacarbon.com\/pt-br\/wp-json\/wp\/v2\/pages\/7051\/revisions"}],"wp:attachment":[{"href":"https:\/\/www.birlacarbon.com\/pt-br\/wp-json\/wp\/v2\/media?parent=7051"}],"curies":[{"name":"wp","href":"https:\/\/api.w.org\/{rel}","templated":true}]}}