{"id":7057,"date":"2017-02-23T16:54:28","date_gmt":"2017-02-23T16:54:28","guid":{"rendered":"https:\/\/birlastaging.wpengine.com\/?page_id=7057"},"modified":"2023-04-11T19:38:50","modified_gmt":"2023-04-11T19:38:50","slug":"privacidade","status":"publish","type":"page","link":"https:\/\/www.birlacarbon.com\/pt-br\/privacidade\/","title":{"rendered":"Terms &#038; Conditions"},"content":{"rendered":"<p><div class=\"fusion-fullwidth fullwidth-box fusion-builder-row-1 nonhundred-percent-fullwidth non-hundred-percent-height-scrolling cb-interior-main\" style=\"--awb-border-sizes-top:0px;--awb-border-sizes-bottom:0px;--awb-border-sizes-left:0px;--awb-border-sizes-right:0px;--awb-border-radius-top-left:0px;--awb-border-radius-top-right:0px;--awb-border-radius-bottom-right:0px;--awb-border-radius-bottom-left:0px;--awb-padding-top:5%;--awb-padding-right:5%;--awb-padding-bottom:2%;--awb-padding-left:5%;--awb-flex-wrap:wrap;\" ><div class=\"fusion-builder-row fusion-row\"><div class=\"fusion-layout-column fusion_builder_column fusion-builder-column-0 fusion_builder_column_2_3 2_3 fusion-two-third fusion-column-first\" style=\"--awb-padding-top:100px;--awb-padding-right:20px;--awb-padding-bottom:0px;--awb-padding-left:40px;--awb-bg-size:cover;--awb-margin-bottom:0px;width:65.3333%; margin-right: 4%;\"><div class=\"fusion-column-wrapper fusion-flex-column-wrapper-legacy\"><div class=\"fusion-title title fusion-title-1 fusion-sep-none fusion-title-text fusion-title-size-one\" style=\"--awb-margin-bottom:20px;--awb-margin-top-small:0px;--awb-margin-right-small:0px;--awb-margin-bottom-small:20px;--awb-margin-left-small:0px;\"><h1 class=\"fusion-title-heading title-heading-left fusion-responsive-typography-calculated\" style=\"margin:0;--fontSize:60;line-height:1.25;\"><h2><strong>TERMOS E CONDI\u00c7\u00d5ES DE USO DO SITE DA BIRLA CARBON<br \/>\nDIREITOS AUTORAIS E TEXTO DE EXCLUS\u00c3O DE RESPONSABILIDADE<br \/>\n<\/strong><\/h2><\/h1><\/div><div class=\"fusion-clearfix\"><\/div><\/div><\/div><div class=\"fusion-layout-column fusion_builder_column fusion-builder-column-1 fusion_builder_column_1_1 1_1 fusion-one-full fusion-column-last\" style=\"--awb-padding-top:40px;--awb-padding-right:40px;--awb-padding-bottom:70px;--awb-padding-left:40px;--awb-bg-size:cover;\"><div class=\"fusion-column-wrapper fusion-flex-column-wrapper-legacy\"><div class=\"fusion-text fusion-text-1\"><p>\u00a9 Direitos autorais 2004, 2023, Columbian Chemicals Company d\/b\/a Birla Carbon. Todos os direitos reservados.<\/p>\n<p>As companhias da Birla Carbon se encontram sob a propriedade do Grupo Aditya Birla. O site da Birla Carbon pode providenciar a voc\u00ea informa\u00e7\u00f5es detalhadas sobre o neg\u00f3cio da Birla Carbon e seus principais programas e iniciativas. Inclu\u00edmos informa\u00e7\u00f5es relacionadas com a hist\u00f3ria da companhia, nossos produtos e sua distribui\u00e7\u00e3o, nossas iniciativas para proteger o ambiente e nosso compromisso para com a comunidade e para com nossas pessoas.<\/p>\n<h2>TERMOS E CONDI\u00c7\u00d5ES DE USO DO SITE<\/h2>\n<p>Termos e condi\u00e7\u00f5es de uso do site da Birla Carbon<\/p>\n<h2>ACEITA\u00c7\u00c3O DOS TERMOS<\/h2>\n<p>Esses termos e condi\u00e7\u00f5es reger\u00e3o seu uso de nosso site. Ao navegar, visualizar, usar ou acessar esse site voc\u00ea reconhece e aceita que leu, compreendeu e concorda em agir em conformidade com a totalidade desses termos e condi\u00e7\u00f5es. Voc\u00ea tamb\u00e9m concorda com todas as leis e regulamentos aplic\u00e1veis, incluindo quaisquer leis e regulamentos de controle de exporta\u00e7\u00e3o e reexporta\u00e7\u00e3o dos Estados Unidos. Caso voc\u00ea n\u00e3o concorde com esses termos, voc\u00ea n\u00e3o deve usar esse site. A Birla Carbon poder\u00e1 revisar de forma unilateral esses Termos e Condi\u00e7\u00f5es de Uso periodicamente e, por esse meio, voc\u00ea renuncia a qualquer direito do qual poderia, de outro modo, ser notificado de, ou dar consentimento para, revis\u00f5es desses Termos e Condi\u00e7\u00f5es de Uso. De igual modo, por favor revise esses Termos e Condi\u00e7\u00f5es de Uso regularmente para assegurar que est\u00e1 familiarizado com a vers\u00e3o atual.<\/p>\n<h2>LICEN\u00c7A DE C\u00d3PIA \u00daNICA<\/h2>\n<p>O conte\u00fado desse site est\u00e1 protegido por direitos autorais ao abrigo da legisla\u00e7\u00e3o dos Estados Unidos e protegido por leis e disposi\u00e7\u00f5es de tratados de direitos autorais a n\u00edvel global. A Columbian Chemicals Company d\/b\/a Birla Carbon \u00e9 propriet\u00e1ria dos direitos de propriedade intelectual e do material nesse site. Sem a permiss\u00e3o escrita da Birla Carbon, voc\u00ea n\u00e3o modificar\u00e1, copiar\u00e1, distribuir\u00e1, transmitir\u00e1, exibir\u00e1, executar\u00e1, reproduzir\u00e1, publicar\u00e1, licenciar\u00e1, criar\u00e1 obras derivadas de, transferir\u00e1 ou vender\u00e1 ou de outra forma explorar\u00e1 para um fim comercial quaisquer informa\u00e7\u00f5es, software, produtos ou servi\u00e7os obtidos a partir desse site. Voc\u00ea poder\u00e1 baixar uma c\u00f3pia dos materiais no site para um \u00fanico computador, apenas para seu uso interno, n\u00e3o comercial e pessoal. Essa \u00e9 uma licen\u00e7a de uso e c\u00f3pia \u00fanicos, n\u00e3o uma transfer\u00eancia de t\u00edtulo, sendo que est\u00e1 sujeita \u00e0s restri\u00e7\u00f5es indicadas no escopo dos Termos e Condi\u00e7\u00f5es de Uso. Para al\u00e9m das restri\u00e7\u00f5es indicadas acima, voc\u00ea n\u00e3o poder\u00e1 modificar os materiais, usar os mesmos para qualquer fim comercial, exibi-los publicamente ou remover qualquer direito autoral ou outro aviso de propriedade dos mesmos. Voc\u00ea n\u00e3o poder\u00e1 interromper, modificar ou interferir com esse site ou seu software, hardware, ou servidores associados, ou impedir ou interferir com o uso do site por parte de outros. Para al\u00e9m disso, voc\u00ea n\u00e3o poder\u00e1 alterar ou corromper quaisquer informa\u00e7\u00f5es ou materiais em, ou associados com, o site, nem poder\u00e1 tentar copiar, adaptar, decifrar, descompilar, desmontar ou fazer engenharia reversa em qualquer do software contido em esse site ou seu c\u00f3digo HTML ou qualquer outro c\u00f3digo usado para gerar esse site ou executar qualquer a\u00e7\u00e3o que cause, ou possa causar, danos ao site ou prejudique o desempenho, disponibilidade ou acessibilidade do site. Todos os materiais em esse site s\u00e3o providenciados somente para fins legais e voc\u00ea n\u00e3o deve usar esse site de qualquer forma que seja ilegal, fraudulenta ou prejudicial, ou em conex\u00e3o com qualquer prop\u00f3sito ou atividade ilegal, fraudulento ou prejudicial. Voc\u00ea n\u00e3o deve usar esse site para copiar, armazenar, albergar, transmitir, enviar, usar, publicar ou distribuir qualquer material que seja composto (ou esteja ligado a) qualquer spyware, v\u00edrus inform\u00e1tico, Trojan horse, worm, registrador de teclado, rootkit ou outro software malicioso. Voc\u00ea n\u00e3o deve usar dados coletados do site para qualquer atividade de marketing direto (incluindo, sem limita\u00e7\u00f5es, marketing por e-mail, marketing por SMS, telemarketing ou mailing direto). Se voc\u00ea violar qualquer um dos Termos e Condi\u00e7\u00f5es de Uso, essa licen\u00e7a \u00e9 revogada automaticamente e a Birla Carbon poder\u00e1 pedir compensa\u00e7\u00e3o pelos danos. A Birla Carbon poder\u00e1 revogar essa licen\u00e7a em qualquer momento, sem aviso, por qualquer motivo. Voc\u00ea poder\u00e1 revogar esse acordo destruindo quaisquer materiais obtidos desse site. Aquando da revoga\u00e7\u00e3o dessa licen\u00e7a por qualquer motivo, voc\u00ea deve destruir imediatamente todos os materiais que voc\u00ea tiver baixado ou obtido desse site. O uso n\u00e3o autorizado do material desse site poder\u00e1 violar leis de direitos autorais, leis de marcas comerciais, as leis de privacidade e publicidade, regulamenta\u00e7\u00f5es e estatutos de comunica\u00e7\u00e3o ou outras leis, regras ou regulamenta\u00e7\u00f5es aplic\u00e1veis, podendo sujeitar voc\u00ea a san\u00e7\u00f5es penais e\/ou responsabilidade civil.<\/p>\n<h2>SITES ESPELHO<\/h2>\n<p>Sem a permiss\u00e3o por escrito da Birla Carbon, voc\u00ea n\u00e3o poder\u00e1 espelhar qualquer parte desse site ou qualquer material contido em esse site em qualquer servidor ou computador.<\/p>\n<h2>DIREITOS RESTRINGIDOS PELO GOVERNO DOS E.U.A.<\/h2>\n<p>O material desse site \u00e9 disponibilizado com \u201cDIREITOS RESTRINGIDOS\u201d. O uso, duplica\u00e7\u00e3o ou divulga\u00e7\u00e3o pelo Governo est\u00e3o sujeitos a restri\u00e7\u00f5es, conforme indicado em esses Termos e Condi\u00e7\u00f5es de Uso e em leis e regulamentos aplic\u00e1veis, incluindo FAR 52.227-14 and DFAR 252.227-7013, et seq. O uso desse site pelo Governo constitui o reconhecimento e aceita\u00e7\u00e3o dos direitos de propriedade da Birla Carbon em rela\u00e7\u00e3o ao material em esse site.<\/p>\n<h2>MARCAS COMERCIAIS<\/h2>\n<p>As marcas comerciais, marcas de servi\u00e7o e logotipos usados e exibidos nesse site s\u00e3o marcas comerciais registradas e n\u00e3o registradas da Birla Carbon e outros. O logotipo Aditya Birla \u2013 Birla Carbon \u00e9 uma marca comercial da Aditya Birla Management Corporation Pvt. Ltd. of India. As seguintes s\u00e3o marcas comerciais de uma das companhias afiliadas da Birla Carbon: Birla Carbon Conductex, Furnex, Statex, Raven e Ultra s\u00e3o registradas nos E.U.A. e em v\u00e1rios pa\u00edses estrangeiros. A Columbian Chemicals Canada Ltd., Columbian Tiszai Carbon Limited; Columbian Carbon Europa S.r.L.; Columbian Chemicals Korea Co., Ltd., Columbian Chemicals Company, Alexandria Carbon Black Company S.A.E., Thai Carbon Black Public Co. Ltd. e Indigold Carbon (Netherlands) B.V., cada uma registrou seu nome e logotipo em seus respetivos pa\u00edses de opera\u00e7\u00e3o. Outras marcas comerciais referenciadas em esse site s\u00e3o marcas comerciais registradas em um ou mais pa\u00edses estrangeiros. Sem a permiss\u00e3o por escrito expressa da Birla Carbon, n\u00e3o lhe \u00e9 concedido, expressamente, por implica\u00e7\u00e3o, preclus\u00e3o ou de outro modo, qualquer licen\u00e7a ou direito de uso de qualquer marca comercial, marca de servi\u00e7o ou logotipo exibido nesse site. Voc\u00ea concorda em indenizar, defender e manter a Birla Carbon e todos os seus funcion\u00e1rios, diretores, propriet\u00e1rios, empregados, agentes, prestadores de informa\u00e7\u00f5es, afiliados, parceiros e licenciantes indenes de e contra qualquer responsabilidade, perdas, custos e despesas (incluindo honor\u00e1rios de advogados e quaisquer montantes pagos por companhias da Birla Carbon a um terceiro em um acordo de uma reivindica\u00e7\u00e3o ou disputa, mediante conselho dos consultores da Birla Carbon), incorridos por qualquer parte em conex\u00e3o com qualquer reivindica\u00e7\u00e3o, incluindo reivindica\u00e7\u00f5es por infra\u00e7\u00e3o de direitos autorais ou infra\u00e7\u00e3o de marcas comerciais derivadas do seu uso desse site, derivadas de qualquer viola\u00e7\u00e3o ou qualquer reivindica\u00e7\u00e3o de viola\u00e7\u00e3o da sua parte de qualquer disposi\u00e7\u00e3o desses Termos e Condi\u00e7\u00f5es de Uso, ou sua viola\u00e7\u00e3o dos direitos de qualquer pessoa ou entidade. A Birla Carbon se reserva o direito, a expensas desta, de assumir a defesa e controle exclusivos de qualquer assunto para o qual voc\u00ea necessite de nos indenizar e voc\u00ea concorda em cooperar com nossa defesa dessas reivindica\u00e7\u00f5es.<\/p>\n<p>Todas as outras marcas comerciais s\u00e3o propriedade de seus propriet\u00e1rios respectivos.<\/p>\n<h2>SUBMISS\u00d5ES \u00c0 BIRLA CARBON<\/h2>\n<p>Quaisquer informa\u00e7\u00f5es comunicadas \u00e0 Birla Carbon atrav\u00e9s desse ou de outros sites se torna propriedade exclusiva da Birla Carbon, cuja entidade tem o direito de usar quaisquer informa\u00e7\u00f5es para qualquer prop\u00f3sito sem restri\u00e7\u00e3o ou compensa\u00e7\u00e3o para qualquer pessoa. Voc\u00ea concede \u00e0 Birla Carbon uma licen\u00e7a livre de royalties, n\u00e3o exclusiva, irrevog\u00e1vel e mundial para usar, reproduzir, adaptar, publicar, traduzir e distribuir os seus conte\u00fados de usu\u00e1rio em quaisquer meios existentes ou futuros. Voc\u00ea tamb\u00e9m concede \u00e0 Birla Carbon o direito de sublicenciar esses direitos, bem como o direito de interpor uma a\u00e7\u00e3o pela infra\u00e7\u00e3o desses direitos. Seu \u201cconte\u00fado de usu\u00e1rio\u201d significa material (incluindo, sem limita\u00e7\u00e3o, texto, imagens, material \u00e1udio, material v\u00eddeo e material audiovisual) que voc\u00ea submeter a esse site, para qualquer prop\u00f3sito.<\/p>\n<h2>TEXTO DE EXONERA\u00c7\u00c3O DE GARANTIA<\/h2>\n<p>Esse site e o material nesse site s\u00e3o proporcionados \u201ccomo s\u00e3o\u201d, sem quaisquer representa\u00e7\u00f5es ou garantias de qualquer esp\u00e9cie, expressas ou implicadas. Na medida do poss\u00edvel, sob a legisla\u00e7\u00e3o aplic\u00e1vel, a Birla Carbon exonera quaisquer garantias, expressas, implicadas ou estatut\u00e1rias, incluindo garantias implicadas de comercializa\u00e7\u00e3o, adequa\u00e7\u00e3o para um prop\u00f3sito particular, e n\u00e3o infra\u00e7\u00e3o ou outra viola\u00e7\u00e3o de direitos. A Birla Carbon n\u00e3o garante ou faz quaisquer representa\u00e7\u00f5es relativamente ao uso, validade, precis\u00e3o ou fiabilidade dos materiais nesse site. Sem limitar a generalidade do supracitado, a Birla Carbon n\u00e3o garante que: esse site estar\u00e1 constantemente dispon\u00edvel, ou dispon\u00edvel de todo; ou que as informa\u00e7\u00f5es nesse site sejam completas, verdadeiras, precisas ou n\u00e3o enganadoras. Nada nesse site constitui, ou se destina a constituir, conselhos de qualquer esp\u00e9cie. As declara\u00e7\u00f5es relativas ao poss\u00edvel uso de produtos da Birla Carbon n\u00e3o se destinam como recomenda\u00e7\u00f5es do uso desses produtos infringindo qualquer patente.<\/p>\n<h2>LIMITA\u00c7\u00c3O DE RESPONSABILIDADE<\/h2>\n<p>Sob nenhumas circunst\u00e2ncias a Birla Carbon ser\u00e1 respons\u00e1vel por quaisquer danos diretos, indiretos, especiais, adicionais, consequentes ou outros, incluindo perda de programas, perda de dados, perda de uso do computador ou outros sistemas, ou lucros perdidos, em rela\u00e7\u00e3o ou derivados com os conte\u00fados de seu uso ou incapacidade de usar, ou de outra forma em conex\u00e3o com esse site. Alguns estados n\u00e3o permitem a exclus\u00e3o ou limita\u00e7\u00e3o de danos adicionais ou consequentes, pelo que a limita\u00e7\u00e3o ou exclus\u00e3o acima poder\u00e1 n\u00e3o se aplicar a voc\u00ea.<\/p>\n<p>Ao usar esse site, voc\u00ea concorda que as exclus\u00f5es e limita\u00e7\u00f5es de responsabilidade dispostas em esses Termos e Condi\u00e7\u00f5es de Uso s\u00e3o razo\u00e1veis. Caso voc\u00ea n\u00e3o pense que s\u00e3o razo\u00e1veis, voc\u00ea n\u00e3o deve usar esse site.<\/p>\n<h2>ERROS<\/h2>\n<p>O material nesse site poder\u00e1 conter imprecis\u00f5es t\u00e9cnicas ou outras, omiss\u00f5es ou erros tipogr\u00e1ficos, pelos quais a Birla Carbon n\u00e3o assume qualquer responsabilidade. Use esse site por sua pr\u00f3pria conta e risco. O material poder\u00e1 ser alterado ou atualizado sem aviso.<\/p>\n<h2>OUTROS SITES<\/h2>\n<p>A Birla Carbon n\u00e3o faz quaisquer representa\u00e7\u00f5es sobre qualquer outro site ao qual voc\u00ea poder\u00e1 acessar atrav\u00e9s desse site. Quando voc\u00ea acessa um site que n\u00e3o \u00e9 da Birla Carbon, voc\u00ea est\u00e1 acessando um site independente, sobre o qual a Birla Carbon n\u00e3o tem controle ou responsabilidade e voc\u00ea o faz por sua conta e risco. A presen\u00e7a nesse site de links para sites que n\u00e3o s\u00e3o da Birla Carbon n\u00e3o significa que a Birla Carbon apoie ou aceite qualquer responsabilidade pelo conte\u00fado ou uso desses sites. A Birla Carbon est\u00e1 providenciando esses links para voc\u00ea apenas como uma conveni\u00eancia, sendo que a inclus\u00e3o de qualquer link n\u00e3o implica o endosso do site com link.<\/p>\n<h2>LOCALIZA\u00c7\u00c3O DA OPERA\u00c7\u00c3O<\/h2>\n<p>Esse site \u00e9 operado do Estado da Ge\u00f3rgia, Estados Unidos da Am\u00e9rica, sendo que a Birla Carbon n\u00e3o faz qualquer representa\u00e7\u00e3o de que os conte\u00fados providenciados s\u00e3o aplic\u00e1veis ou apropriados para uso em outras localiza\u00e7\u00f5es. Seu uso desse site n\u00e3o sujeita a Birla Carbon a um processo judicial em ou para a jurisdi\u00e7\u00e3o dos tribunais ou outros em sua jurisdi\u00e7\u00e3o ou localiza\u00e7\u00e3o.<\/p>\n<h2>APLICA\u00c7\u00c3O DOS TERMOS DE USO<\/h2>\n<p>Esses termos e condi\u00e7\u00f5es s\u00e3o regidos por e devem ser interpretados de acordo com as leis do Estado da Ge\u00f3rgia, Estados Unidos da Am\u00e9rica, n\u00e3o obstante quaisquer princ\u00edpios de conflitos da lei. A falha da Birla Carbon em aplicar qualquer direito concedido por esses Termos e Condi\u00e7\u00f5es de Uso ou por lei n\u00e3o poder\u00e1 ser considerada uma ren\u00fancia de seu direito em aplicar qualquer outro direito ou em tomar medidas em resposta a sua viola\u00e7\u00e3o futura desses Termos e Condi\u00e7\u00f5es ou sua viola\u00e7\u00e3o da lei. Nenhuma ren\u00fancia de qualquer direito concedido \u00e0 Birla Carbon ao abrigo desses Termos e Condi\u00e7\u00f5es de Uso \u00e9 efetiva, exceto se indicado por escrito e assinado por um representante autorizado da Birla Carbon. Se a disposi\u00e7\u00e3o desses Termos e Condi\u00e7\u00f5es de uso se considerar n\u00e3o aplic\u00e1vel, ent\u00e3o essa disposi\u00e7\u00e3o poder\u00e1 ser aplicada na medida m\u00e1xima permitida pela lei ou poder\u00e1 ser considerada como exclu\u00edda. Qualquer disposi\u00e7\u00e3o n\u00e3o aplic\u00e1vel n\u00e3o invalida qualquer outra disposi\u00e7\u00e3o desses Termos e Condi\u00e7\u00f5es de Uso.<\/p>\n<h2>EXCLUS\u00c3O<\/h2>\n<p>Se uma disposi\u00e7\u00e3o desses termos e condi\u00e7\u00f5es for determinada por qualquer tribunal ou outra autoridade competente como sendo ilegal e\/ou n\u00e3o aplic\u00e1vel, as outras disposi\u00e7\u00f5es continuar\u00e3o em efeito. Se qualquer disposi\u00e7\u00e3o ilegal e\/ou n\u00e3o aplic\u00e1vel for legal ou aplic\u00e1vel se parte da mesma for eliminada, essa parte ser\u00e1 julgada como sendo eliminada e o resto da disposi\u00e7\u00e3o continuar\u00e1 em vigor.<\/p>\n<\/div><div class=\"fusion-clearfix\"><\/div><\/div><\/div><\/div><\/div><\/p>\n","protected":false},"excerpt":{"rendered":"","protected":false},"author":10,"featured_media":0,"parent":0,"menu_order":9,"comment_status":"closed","ping_status":"closed","template":"100-width.php","meta":{"_acf_changed":false,"_monsterinsights_skip_tracking":false,"_monsterinsights_sitenote_active":false,"_monsterinsights_sitenote_note":"","_monsterinsights_sitenote_category":0,"footnotes":""},"class_list":["post-7057","page","type-page","status-publish","hentry"],"acf":false,"yoast_head":"<!-- This site is optimized with the Yoast SEO plugin v27.3 - https:\/\/yoast.com\/product\/yoast-seo-wordpress\/ -->\n<title>Terms &amp; Conditions - Birla Carbon<\/title>\n<meta name=\"robots\" content=\"index, follow, max-snippet:-1, max-image-preview:large, max-video-preview:-1\" \/>\n<link rel=\"canonical\" href=\"https:\/\/www.birlacarbon.com\/pt-br\/privacidade\/\" \/>\n<meta property=\"og:locale\" content=\"pt_BR\" \/>\n<meta property=\"og:type\" content=\"article\" \/>\n<meta property=\"og:title\" content=\"Terms &amp; Conditions - Birla Carbon\" \/>\n<meta property=\"og:url\" content=\"https:\/\/www.birlacarbon.com\/pt-br\/privacidade\/\" \/>\n<meta property=\"og:site_name\" content=\"Birla Carbon\" \/>\n<meta property=\"article:modified_time\" content=\"2023-04-11T19:38:50+00:00\" \/>\n<meta name=\"twitter:card\" content=\"summary_large_image\" \/>\n<meta name=\"twitter:label1\" content=\"Est. tempo de leitura\" \/>\n\t<meta name=\"twitter:data1\" content=\"23 minutos\" \/>\n<!-- \/ Yoast SEO plugin. -->","yoast_head_json":{"title":"Terms & Conditions - Birla Carbon","robots":{"index":"index","follow":"follow","max-snippet":"max-snippet:-1","max-image-preview":"max-image-preview:large","max-video-preview":"max-video-preview:-1"},"canonical":"https:\/\/www.birlacarbon.com\/pt-br\/privacidade\/","og_locale":"pt_BR","og_type":"article","og_title":"Terms & Conditions - Birla Carbon","og_url":"https:\/\/www.birlacarbon.com\/pt-br\/privacidade\/","og_site_name":"Birla Carbon","article_modified_time":"2023-04-11T19:38:50+00:00","twitter_card":"summary_large_image","twitter_misc":{"Est. tempo de leitura":"23 minutos"},"schema":{"@context":"https:\/\/schema.org","@graph":[{"@type":"WebPage","@id":"https:\/\/www.birlacarbon.com\/pt-br\/privacidade\/","url":"https:\/\/www.birlacarbon.com\/pt-br\/privacidade\/","name":"Terms & Conditions - Birla Carbon","isPartOf":{"@id":"https:\/\/www.birlacarbon.com\/pt-br\/#website"},"datePublished":"2017-02-23T16:54:28+00:00","dateModified":"2023-04-11T19:38:50+00:00","breadcrumb":{"@id":"https:\/\/www.birlacarbon.com\/pt-br\/privacidade\/#breadcrumb"},"inLanguage":"pt-BR","potentialAction":[{"@type":"ReadAction","target":["https:\/\/www.birlacarbon.com\/pt-br\/privacidade\/"]}]},{"@type":"BreadcrumbList","@id":"https:\/\/www.birlacarbon.com\/pt-br\/privacidade\/#breadcrumb","itemListElement":[{"@type":"ListItem","position":1,"name":"Home","item":"https:\/\/www.birlacarbon.com\/pt-br\/"},{"@type":"ListItem","position":2,"name":"Terms &#038; Conditions"}]},{"@type":"WebSite","@id":"https:\/\/www.birlacarbon.com\/pt-br\/#website","url":"https:\/\/www.birlacarbon.com\/pt-br\/","name":"Birla Carbon","description":"Birla Carbon","publisher":{"@id":"https:\/\/www.birlacarbon.com\/pt-br\/#organization"},"potentialAction":[{"@type":"SearchAction","target":{"@type":"EntryPoint","urlTemplate":"https:\/\/www.birlacarbon.com\/pt-br\/?s={search_term_string}"},"query-input":{"@type":"PropertyValueSpecification","valueRequired":true,"valueName":"search_term_string"}}],"inLanguage":"pt-BR"},{"@type":"Organization","@id":"https:\/\/www.birlacarbon.com\/pt-br\/#organization","name":"Birla Carbon","url":"https:\/\/www.birlacarbon.com\/pt-br\/","logo":{"@type":"ImageObject","inLanguage":"pt-BR","@id":"https:\/\/www.birlacarbon.com\/pt-br\/#\/schema\/logo\/image\/","url":"https:\/\/www.birlacarbon.com\/wp-content\/uploads\/2017\/01\/aditya-birla-logo-retina.png","contentUrl":"https:\/\/www.birlacarbon.com\/wp-content\/uploads\/2017\/01\/aditya-birla-logo-retina.png","width":190,"height":182,"caption":"Birla Carbon"},"image":{"@id":"https:\/\/www.birlacarbon.com\/pt-br\/#\/schema\/logo\/image\/"}}]}},"_links":{"self":[{"href":"https:\/\/www.birlacarbon.com\/pt-br\/wp-json\/wp\/v2\/pages\/7057","targetHints":{"allow":["GET"]}}],"collection":[{"href":"https:\/\/www.birlacarbon.com\/pt-br\/wp-json\/wp\/v2\/pages"}],"about":[{"href":"https:\/\/www.birlacarbon.com\/pt-br\/wp-json\/wp\/v2\/types\/page"}],"author":[{"embeddable":true,"href":"https:\/\/www.birlacarbon.com\/pt-br\/wp-json\/wp\/v2\/users\/10"}],"replies":[{"embeddable":true,"href":"https:\/\/www.birlacarbon.com\/pt-br\/wp-json\/wp\/v2\/comments?post=7057"}],"version-history":[{"count":0,"href":"https:\/\/www.birlacarbon.com\/pt-br\/wp-json\/wp\/v2\/pages\/7057\/revisions"}],"wp:attachment":[{"href":"https:\/\/www.birlacarbon.com\/pt-br\/wp-json\/wp\/v2\/media?parent=7057"}],"curies":[{"name":"wp","href":"https:\/\/api.w.org\/{rel}","templated":true}]}}