{"id":7254,"date":"2020-05-13T20:22:50","date_gmt":"2020-05-13T20:22:50","guid":{"rendered":"https:\/\/birlastaging.wpengine.com\/raven-blog\/"},"modified":"2024-05-23T14:52:43","modified_gmt":"2024-05-23T14:52:43","slug":"birla-carbon-blog","status":"publish","type":"page","link":"https:\/\/www.birlacarbon.com\/pt-br\/birla-carbon-blog\/","title":{"rendered":"Birla Carbon Blog"},"content":{"rendered":"<p><div class=\"fusion-fullwidth fullwidth-box fusion-builder-row-1 nonhundred-percent-fullwidth non-hundred-percent-height-scrolling\" style=\"--awb-background-position:left top;--awb-border-sizes-top:0px;--awb-border-sizes-bottom:0px;--awb-border-sizes-left:0px;--awb-border-sizes-right:0px;--awb-border-radius-top-left:0px;--awb-border-radius-top-right:0px;--awb-border-radius-bottom-right:0px;--awb-border-radius-bottom-left:0px;--awb-padding-top:30px;--awb-padding-bottom:30px;--awb-flex-wrap:wrap;\" ><div class=\"fusion-builder-row fusion-row\"><div class=\"fusion-layout-column fusion_builder_column fusion-builder-column-0 fusion_builder_column_1_1 1_1 fusion-one-full fusion-column-first fusion-column-last\" style=\"--awb-bg-size:cover;--awb-margin-bottom:0px;\"><div class=\"fusion-column-wrapper fusion-flex-column-wrapper-legacy\"><div style=\"margin-top:60px;\">\n\u00a0\n<\/div><div class=\"fusion-clearfix\"><\/div><\/div><\/div><\/div><\/div><div class=\"fusion-fullwidth fullwidth-box fusion-builder-row-2 fusion-parallax-none nonhundred-percent-fullwidth non-hundred-percent-height-scrolling blog-archive-container\" style=\"--awb-background-position:center bottom;--awb-background-blend-mode:lighten;--awb-border-sizes-top:0px;--awb-border-sizes-bottom:0px;--awb-border-sizes-left:0px;--awb-border-sizes-right:0px;--awb-border-radius-top-left:0px;--awb-border-radius-top-right:0px;--awb-border-radius-bottom-right:0px;--awb-border-radius-bottom-left:0px;--awb-padding-top:5%;--awb-padding-right:5%;--awb-padding-bottom:2%;--awb-padding-left:5%;--awb-background-image:url(&quot;https:\/\/www.birlacarbon.com\/wp-content\/uploads\/2020\/05\/hero_blog.jpg&quot;);--awb-background-size:cover;--awb-flex-wrap:wrap;\" ><div class=\"fusion-builder-row fusion-row\"><div class=\"fusion-layout-column fusion_builder_column fusion-builder-column-1 fusion_builder_column_1_2 1_2 fusion-one-half fusion-column-first m-t-30\" style=\"--awb-padding-top:20px;--awb-padding-right:20px;--awb-padding-bottom:40px;--awb-padding-left:40px;--awb-bg-color:rgba(0,144,180,0.66);--awb-bg-color-hover:rgba(0,144,180,0.66);--awb-bg-size:cover;width:48%; margin-right: 4%;\"><div class=\"fusion-column-wrapper fusion-column-has-shadow fusion-flex-column-wrapper-legacy\"><div class=\"fusion-title title fusion-title-1 fusion-sep-none fusion-title-text fusion-title-size-one\" style=\"--awb-margin-bottom:20px;--awb-margin-top-small:0px;--awb-margin-right-small:0px;--awb-margin-bottom-small:20px;--awb-margin-left-small:0px;\"><h1 class=\"fusion-title-heading title-heading-left fusion-responsive-typography-calculated\" style=\"margin:0;--fontSize:60;line-height:1.25;\"><span style=\"color: #ffffff;\"><strong>BIRLA CARBON BLOG<\/strong><\/span><\/h1><\/div><div class=\"fusion-text fusion-text-1\"><div class=\"cb-main-text\">\n<p>CONHECIMENTOS DOS ESPECIALISTAS PARA TUDO O QUE TENHA A VER COM NEGRO DE FUMO<\/p>\n<\/div>\n<\/div><div class=\"fusion-clearfix\"><\/div><\/div><\/div><\/div><\/div><div class=\"fusion-fullwidth fullwidth-box fusion-builder-row-3 nonhundred-percent-fullwidth non-hundred-percent-height-scrolling\" style=\"--awb-border-radius-top-left:0px;--awb-border-radius-top-right:0px;--awb-border-radius-bottom-right:0px;--awb-border-radius-bottom-left:0px;--awb-padding-top:0px;--awb-padding-bottom:0px;--awb-margin-top:25px;--awb-margin-bottom:25px;--awb-flex-wrap:wrap;\" ><div class=\"fusion-builder-row fusion-row\"><div class=\"fusion-layout-column fusion_builder_column fusion-builder-column-2 fusion_builder_column_1_1 1_1 fusion-one-full fusion-column-first fusion-column-last\" style=\"--awb-bg-size:cover;--awb-margin-bottom:0px;\"><div class=\"fusion-column-wrapper fusion-flex-column-wrapper-legacy\"><div class=\"fusion-title title fusion-title-2 fusion-sep-none fusion-title-text fusion-title-size-two\" style=\"--awb-margin-bottom:10px;--awb-margin-top-small:0px;--awb-margin-right-small:0px;--awb-margin-bottom-small:20px;--awb-margin-left-small:0px;\"><h2 class=\"fusion-title-heading title-heading-left fusion-responsive-typography-calculated\" style=\"margin:0;--fontSize:46;line-height:1.25;\">POST EM DESTAQUE<\/h2><\/div><div class=\"fusion-clearfix\"><\/div><\/div><\/div><\/div><\/div><div class=\"fusion-fullwidth fullwidth-box fusion-builder-row-4 fusion-parallax-none nonhundred-percent-fullwidth non-hundred-percent-height-scrolling\" style=\"--awb-border-radius-top-left:0px;--awb-border-radius-top-right:0px;--awb-border-radius-bottom-right:0px;--awb-border-radius-bottom-left:0px;--awb-padding-top:20px;--awb-padding-bottom:60px;--awb-margin-top:0px;--awb-margin-bottom:0px;--awb-background-image:url(&quot;https:\/\/www.birlacarbon.com\/wp-content\/uploads\/2018\/09\/Ensure-Your-Compound-Comes-Out-Right-Seven-Common-Mistakes-to-Avoid-1024x683.jpg&quot;);--awb-background-size:cover;--awb-flex-wrap:wrap;\" ><div class=\"fusion-builder-row fusion-row\"><div class=\"fusion-layout-column fusion_builder_column fusion-builder-column-3 fusion_builder_column_1_1 1_1 fusion-one-full fusion-column-first fusion-column-last\" style=\"--awb-bg-size:cover;--awb-margin-bottom:0px;\"><div class=\"fusion-column-wrapper fusion-column-has-shadow fusion-flex-column-wrapper-legacy\"><div class=\"fusion-blog-shortcode fusion-blog-shortcode-1 fusion-blog-archive fusion-blog-layout-grid-wrapper fusion-blog-no fusion-blog-no-images\"><style type=\"text\/css\">.fusion-blog-shortcode-1 .fusion-blog-layout-grid .fusion-post-grid{padding:20px;}.fusion-blog-shortcode-1 .fusion-posts-container{margin-left: -20px !important; margin-right:-20px !important;}<\/style><div class=\"fusion-posts-container fusion-posts-container-no fusion-no-meta-info fusion-blog-layout-grid fusion-blog-layout-grid-1 isotope\" data-pages=\"15\" data-grid-col-space=\"40\" style=\"margin: -20px -20px 0;min-height:500px;\"><article id=\"blog-1-post-10275\" class=\"fusion-post-grid post-10275 post type-post status-publish format-standard has-post-thumbnail hentry category-raven-blog-plastics-pt-br\">\n<div class=\"fusion-post-wrapper\" style=\"background-color:rgba(255,255,255,1);border:1px solid #ebeaea;border-bottom-width:3px;\"><div class=\"fusion-post-content-wrapper\" style=\"padding:30px 25px 20px 25px;\"><div class=\"fusion-post-content post-content\"><h2 class=\"blog-shortcode-post-title entry-title\"><a href=\"https:\/\/www.birlacarbon.com\/pt-br\/melhorando-o-desempenho-das-baterias-de-ion-de-litio-com-carbonos-condutores\/\">Melhorando o desempenho das baterias de \u00edon de l\u00edtio com carbonos condutores<\/a><\/h2><div class=\"fusion-post-content-container\"><p>Comercializadas pela primeira vez no in\u00edcio da d\u00e9cada de 1990, as baterias de \u00edon de l\u00edtio passaram a ser parte integrante da vida moderna. Dispositivos eletr\u00f4nicos port\u00e1teis, como telefones celulares, laptops e ferramentas el\u00e9tricas foram os primeiros a utilizar essa tecnologia. <\/p><\/div><\/div><\/div><div class=\"fusion-clearfix\"><\/div><\/div>\n<\/article>\n<div class=\"fusion-clearfix\"><\/div><\/div><\/div><div class=\"fusion-clearfix\"><\/div><\/div><\/div><\/div><\/div><div class=\"fusion-fullwidth fullwidth-box fusion-builder-row-5 nonhundred-percent-fullwidth non-hundred-percent-height-scrolling\" style=\"--awb-border-radius-top-left:0px;--awb-border-radius-top-right:0px;--awb-border-radius-bottom-right:0px;--awb-border-radius-bottom-left:0px;--awb-padding-top:0px;--awb-padding-bottom:0px;--awb-margin-top:15px;--awb-margin-bottom:40px;--awb-flex-wrap:wrap;\" ><div class=\"fusion-builder-row fusion-row\"><div class=\"fusion-layout-column fusion_builder_column fusion-builder-column-4 fusion_builder_column_1_1 1_1 fusion-one-full fusion-column-first fusion-column-last\" style=\"--awb-padding-top:40px;--awb-bg-size:cover;--awb-margin-bottom:0px;\"><div class=\"fusion-column-wrapper fusion-column-has-shadow fusion-flex-column-wrapper-legacy\"><div class=\"fusion-title title fusion-title-3 fusion-sep-none fusion-title-text fusion-title-size-two\" style=\"--awb-margin-top-small:0px;--awb-margin-right-small:0px;--awb-margin-bottom-small:20px;--awb-margin-left-small:0px;\"><h2 class=\"fusion-title-heading title-heading-left fusion-responsive-typography-calculated\" style=\"margin:0;--fontSize:46;line-height:1.25;\">\u00daLTIMOS POST<\/h2><\/div><div class=\"fusion-blog-shortcode fusion-blog-shortcode-2 fusion-blog-archive fusion-blog-layout-grid-wrapper fusion-blog-no fusion-blog-no-images\"><style type=\"text\/css\">.fusion-blog-shortcode-2 .fusion-blog-layout-grid .fusion-post-grid{padding:20px;}.fusion-blog-shortcode-2 .fusion-posts-container{margin-left: -20px !important; margin-right:-20px !important;}<\/style><div class=\"fusion-posts-container fusion-posts-container-no fusion-no-meta-info fusion-blog-layout-grid fusion-blog-layout-grid-1 isotope\" data-pages=\"2\" data-grid-col-space=\"40\" style=\"margin: -20px -20px 0;min-height:500px;\"><article id=\"blog-2-post-10275\" class=\"fusion-post-grid post-10275 post type-post status-publish format-standard has-post-thumbnail hentry category-raven-blog-plastics-pt-br\">\n<div class=\"fusion-post-wrapper\" style=\"background-color:rgba(255,255,255,1);border:1px solid #ebeaea;border-bottom-width:3px;\"><div class=\"fusion-post-content-wrapper\" style=\"padding:30px 25px 20px 25px;\"><div class=\"fusion-post-content post-content\"><h2 class=\"blog-shortcode-post-title entry-title\"><a href=\"https:\/\/www.birlacarbon.com\/pt-br\/melhorando-o-desempenho-das-baterias-de-ion-de-litio-com-carbonos-condutores\/\">Melhorando o desempenho das baterias de \u00edon de l\u00edtio com carbonos condutores<\/a><\/h2><div class=\"fusion-post-content-container\"><p>Comercializadas pela primeira vez no in\u00edcio da d\u00e9cada de 1990, as baterias de \u00edon de l\u00edtio passaram a ser parte integrante da vida moderna. Dispositivos eletr\u00f4nicos port\u00e1teis, como telefones celulares, laptops e ferramentas el\u00e9tricas foram os primeiros a utilizar essa tecnologia. <\/p><\/div><\/div><\/div><div class=\"fusion-clearfix\"><\/div><\/div>\n<\/article>\n<article id=\"blog-2-post-10007\" class=\"fusion-post-grid post-10007 post type-post status-publish format-standard has-post-thumbnail hentry category-raven-blog-plastics-pt-br\">\n<div class=\"fusion-post-wrapper\" style=\"background-color:rgba(255,255,255,1);border:1px solid #ebeaea;border-bottom-width:3px;\"><div class=\"fusion-post-content-wrapper\" style=\"padding:30px 25px 20px 25px;\"><div class=\"fusion-post-content post-content\"><h2 class=\"blog-shortcode-post-title entry-title\"><a href=\"https:\/\/www.birlacarbon.com\/pt-br\/6-precaucoes-ao-projetar-formulacoes-de-corantes-termoplasticos-de-pvc-e-poliuretano\/\">6 precau\u00e7\u00f5es ao projetar formula\u00e7\u00f5es de corantes termopl\u00e1sticos, de PVC e poliuretano<\/a><\/h2><div class=\"fusion-post-content-container\"><p>Existem muitas maneiras de adicionar cor e funcionalidade ao seu material pl\u00e1stico. M\u00e9todos de impress\u00e3o, revestimento e galvaniza\u00e7\u00e3o s\u00e3o usados para implementar cor e funcionalidade na superf\u00edcie dos pl\u00e1sticos. <\/p><\/div><\/div><\/div><div class=\"fusion-clearfix\"><\/div><\/div>\n<\/article>\n<article id=\"blog-2-post-10230\" class=\"fusion-post-grid post-10230 post type-post status-publish format-standard has-post-thumbnail hentry category-raven-blog-plastics-pt-br\">\n<div class=\"fusion-post-wrapper\" style=\"background-color:rgba(255,255,255,1);border:1px solid #ebeaea;border-bottom-width:3px;\"><div class=\"fusion-post-content-wrapper\" style=\"padding:30px 25px 20px 25px;\"><div class=\"fusion-post-content post-content\"><h2 class=\"blog-shortcode-post-title entry-title\"><a href=\"https:\/\/www.birlacarbon.com\/pt-br\/as-funcoes-do-negro-de-fumo-em-fios-e-cabos-condutores-aplicacoes-de-isolamento-e-revestimento\/\">As fun\u00e7\u00f5es do negro de fumo em fios e cabos condutores, aplica\u00e7\u00f5es de isolamento e revestimento<\/a><\/h2><div class=\"fusion-post-content-container\"><p>Os compostos pl\u00e1sticos condutores t\u00eam uma variedade de aplica\u00e7\u00f5es, incluindo condutor e blindagem de isolamento para fios e cabos, antiest\u00e1tico, dissipa\u00e7\u00e3o eletrost\u00e1tica (ESD), blindagem de interfer\u00eancia eletromagn\u00e9tica (EMI) e substitui\u00e7\u00e3o de metal. <\/p><\/div><\/div><\/div><div class=\"fusion-clearfix\"><\/div><\/div>\n<\/article>\n<article id=\"blog-2-post-9627\" class=\"fusion-post-grid post-9627 post type-post status-publish format-standard has-post-thumbnail hentry category-raven-blog-plastics-pt-br\">\n<div class=\"fusion-post-wrapper\" style=\"background-color:rgba(255,255,255,1);border:1px solid #ebeaea;border-bottom-width:3px;\"><div class=\"fusion-post-content-wrapper\" style=\"padding:30px 25px 20px 25px;\"><div class=\"fusion-post-content post-content\"><h2 class=\"blog-shortcode-post-title entry-title\"><a href=\"https:\/\/www.birlacarbon.com\/pt-br\/dispersao-de-composto-com-nanocelulose-ndc-uma-nova-alternativa-sustentavel-para-a-industria-da-borracha\/\">Dispers\u00e3o de composto com nanocelulose (NDC\u2122): Uma nova alternativa sustent\u00e1vel para a ind\u00fastria da borracha<\/a><\/h2><div class=\"fusion-post-content-container\"><p>\u00c9 uma ambi\u00e7\u00e3o clara da ind\u00fastria de pneus e borracha aumentar o uso de mat\u00e9rias-primas recicladas e renov\u00e1veis na busca por uma mobilidade mais sustent\u00e1vel. <\/p><\/div><\/div><\/div><div class=\"fusion-clearfix\"><\/div><\/div>\n<\/article>\n<article id=\"blog-2-post-9576\" class=\"fusion-post-grid post-9576 post type-post status-publish format-standard has-post-thumbnail hentry category-raven-blog-plastics-pt-br\">\n<div class=\"fusion-post-wrapper\" style=\"background-color:rgba(255,255,255,1);border:1px solid #ebeaea;border-bottom-width:3px;\"><div class=\"fusion-post-content-wrapper\" style=\"padding:30px 25px 20px 25px;\"><div class=\"fusion-post-content post-content\"><h2 class=\"blog-shortcode-post-title entry-title\"><a href=\"https:\/\/www.birlacarbon.com\/pt-br\/formulacao-de-negro-de-fumo-em-adesivos-e-selantes\/\">Formula\u00e7\u00e3o de negro de fumo em adesivos e selantes<\/a><\/h2><div class=\"fusion-post-content-container\"><p>O negro de fumo \u00e9 tipicamente um ingrediente chave em adesivos e selantes em todos os produtos qu\u00edmicos abrangendo PoliUretanos, Acr\u00edlicos, Ep\u00f3xis, Polissulfetos, But\u00edlicos, Silicones e H\u00edbridos.  <\/p><\/div><\/div><\/div><div class=\"fusion-clearfix\"><\/div><\/div>\n<\/article>\n<article id=\"blog-2-post-9108\" class=\"fusion-post-grid post-9108 post type-post status-publish format-standard has-post-thumbnail hentry category-raven-blog-plastics-pt-br\">\n<div class=\"fusion-post-wrapper\" style=\"background-color:rgba(255,255,255,1);border:1px solid #ebeaea;border-bottom-width:3px;\"><div class=\"fusion-post-content-wrapper\" style=\"padding:30px 25px 20px 25px;\"><div class=\"fusion-post-content post-content\"><h2 class=\"blog-shortcode-post-title entry-title\"><a href=\"https:\/\/www.birlacarbon.com\/pt-br\/desempenho-de-tinta-de-gravura-de-publicacao-e-a-funcao-do-negro-de-fumo\/\">Desempenho de Tinta de Gravura de Publica\u00e7\u00e3o e a Fun\u00e7\u00e3o do Negro de Fumo<\/a><\/h2><div class=\"fusion-post-content-container\"><p>A gravura de publica\u00e7\u00e3o \u00e9 a principal aplica\u00e7\u00e3o para produzir m\u00eddia impressa, como jornais e revistas, com um volume de impress\u00e3o de mais de 300 mil c\u00f3pias. Este processo de impress\u00e3o de alta velocidade \u00e9 um processo padr\u00e3o automatizado e muito eficiente, no qual as s\u00e9ries de impress\u00e3o s\u00e3o impressas a velocidades de 13-15 m\/seg., usando um sistema de cores CYMK adicionado ao substrato por um processo de gravura com l\u00e2mina raspadora.<\/p><\/div><\/div><\/div><div class=\"fusion-clearfix\"><\/div><\/div>\n<\/article>\n<article id=\"blog-2-post-9621\" class=\"fusion-post-grid post-9621 post type-post status-publish format-standard has-post-thumbnail hentry category-raven-blog-plastics-pt-br\">\n<div class=\"fusion-post-wrapper\" style=\"background-color:rgba(255,255,255,1);border:1px solid #ebeaea;border-bottom-width:3px;\"><div class=\"fusion-post-content-wrapper\" style=\"padding:30px 25px 20px 25px;\"><div class=\"fusion-post-content post-content\"><h2 class=\"blog-shortcode-post-title entry-title\"><a href=\"https:\/\/www.birlacarbon.com\/pt-br\/maximizando-o-desempenho-de-fadiga-de-componentes-de-borracha\/\">Maximizando o desempenho de fadiga de componentes de borracha<\/a><\/h2><div class=\"fusion-post-content-container\"><p>Em uma vasta gama de ind\u00fastrias, os componentes de borracha desempenham pap\u00e9is cr\u00edticos de seguran\u00e7a nas atividades todos os dias. Como tal, os componentes de borracha precisam ser dur\u00e1veis. Embora existam muitas maneiras pelas quais um componente de borracha pode falhar em servi\u00e7o, a fadiga mec\u00e2nica \u00e9 provavelmente o mecanismo de falha mais comum que afeta quase todos os componentes \u00e0 base de borracha. <\/p><\/div><\/div><\/div><div class=\"fusion-clearfix\"><\/div><\/div>\n<\/article>\n<article id=\"blog-2-post-8759\" class=\"fusion-post-grid post-8759 post type-post status-publish format-standard has-post-thumbnail hentry category-raven-blog-plastics-pt-br\">\n<div class=\"fusion-post-wrapper\" style=\"background-color:rgba(255,255,255,1);border:1px solid #ebeaea;border-bottom-width:3px;\"><div class=\"fusion-post-content-wrapper\" style=\"padding:30px 25px 20px 25px;\"><div class=\"fusion-post-content post-content\"><h2 class=\"blog-shortcode-post-title entry-title\"><a href=\"https:\/\/www.birlacarbon.com\/pt-br\/tintas-graficas-de-baixa-migracao-para-embalagens-sensiveis-negros-de-fumo-de-especialidades-da-birla-carbon\/\">Tintas Gr\u00e1ficas de baixa migra\u00e7\u00e3o para embalagens sens\u00edveis &#8211; Negros De Fumo de Especialidades da Birla Carbon<\/a><\/h2><div class=\"fusion-post-content-container\"><p>A mesma tinta que cria embalagens atraentes com desenhos lindos tamb\u00e9m pode penetrar e potencialmente tornar inseguro o interior dos alimentos. Mais de 97% de todos os alimentos vendidos nos mercados americano e europeu s\u00e3o embalados. <\/p><\/div><\/div><\/div><div class=\"fusion-clearfix\"><\/div><\/div>\n<\/article>\n<article id=\"blog-2-post-8702\" class=\"fusion-post-grid post-8702 post type-post status-publish format-standard has-post-thumbnail hentry category-raven-blog-plastics-pt-br\">\n<div class=\"fusion-post-wrapper\" style=\"background-color:rgba(255,255,255,1);border:1px solid #ebeaea;border-bottom-width:3px;\"><div class=\"fusion-post-content-wrapper\" style=\"padding:30px 25px 20px 25px;\"><div class=\"fusion-post-content post-content\"><h2 class=\"blog-shortcode-post-title entry-title\"><a href=\"https:\/\/www.birlacarbon.com\/pt-br\/negro-de-fumo-em-plasticos-de-engenharia-com-alta-cor-tres-parametros-a-considerar\/\">Negro de fumo em Pl\u00e1sticos de engenharia com alta cor &#8211; tr\u00eas par\u00e2metros a considerar<\/a><\/h2><div class=\"fusion-post-content-container\"><p>Specially engineered carbon blacks can deliver the high level of blackness targeted in many engineering plastics applications. Let's look at the parameters you should consider to realize the full performance benefits with these very special carbon black pigments.  <\/p><\/div><\/div><\/div><div class=\"fusion-clearfix\"><\/div><\/div>\n<\/article>\n<article id=\"blog-2-post-8409\" class=\"fusion-post-grid post-8409 post type-post status-publish format-standard has-post-thumbnail hentry category-raven-blog-plastics-pt-br\">\n<div class=\"fusion-post-wrapper\" style=\"background-color:rgba(255,255,255,1);border:1px solid #ebeaea;border-bottom-width:3px;\"><div class=\"fusion-post-content-wrapper\" style=\"padding:30px 25px 20px 25px;\"><div class=\"fusion-post-content post-content\"><h2 class=\"blog-shortcode-post-title entry-title\"><a href=\"https:\/\/www.birlacarbon.com\/pt-br\/definicao-de-padrao-de-cor-para-tintas-automotivas-de-alta-negrura\/\">Defini\u00e7\u00e3o de padr\u00e3o de cor para tintas automotivas de alta negrura<\/a><\/h2><div class=\"fusion-post-content-container\"><p>Definir o padr\u00e3o de cor pretendido \u00e9 um primeiro passo importante para ter discuss\u00f5es significativas sobre mudan\u00e7as nas formula\u00e7\u00f5es das tintas que atingir\u00e3o o resultado final desejado. <\/p><\/div><\/div><\/div><div class=\"fusion-clearfix\"><\/div><\/div>\n<\/article>\n<div class=\"fusion-clearfix\"><\/div><\/div><\/div><div class=\"fusion-clearfix\"><\/div><\/div><\/div><\/div><\/div><\/p>\n","protected":false},"excerpt":{"rendered":"","protected":false},"author":16,"featured_media":0,"parent":0,"menu_order":9,"comment_status":"closed","ping_status":"closed","template":"100-width.php","meta":{"_acf_changed":false,"_monsterinsights_skip_tracking":false,"_monsterinsights_sitenote_active":false,"_monsterinsights_sitenote_note":"","_monsterinsights_sitenote_category":0,"footnotes":""},"class_list":["post-7254","page","type-page","status-publish","hentry"],"acf":false,"yoast_head":"<!-- This site is optimized with the Yoast SEO plugin v27.3 - https:\/\/yoast.com\/product\/yoast-seo-wordpress\/ -->\n<title>Birla Carbon Blog | Birla Carbon - Portuguese<\/title>\n<meta name=\"description\" content=\"Discover insightful articles on carbon black technology, sustainability, and industry trends on the Birla Carbon Blog. Stay informed, stay ahead.\" \/>\n<meta name=\"robots\" content=\"index, follow, max-snippet:-1, max-image-preview:large, max-video-preview:-1\" \/>\n<link rel=\"canonical\" href=\"https:\/\/www.birlacarbon.com\/pt-br\/birla-carbon-blog\/\" \/>\n<meta property=\"og:locale\" content=\"pt_BR\" \/>\n<meta property=\"og:type\" content=\"article\" \/>\n<meta property=\"og:title\" content=\"Birla Carbon Blog | Birla Carbon - Portuguese\" \/>\n<meta property=\"og:description\" content=\"Discover insightful articles on carbon black technology, sustainability, and industry trends on the Birla Carbon Blog. Stay informed, stay ahead.\" \/>\n<meta property=\"og:url\" content=\"https:\/\/www.birlacarbon.com\/pt-br\/birla-carbon-blog\/\" \/>\n<meta property=\"og:site_name\" content=\"Birla Carbon\" \/>\n<meta property=\"article:modified_time\" content=\"2024-05-23T14:52:43+00:00\" \/>\n<meta name=\"twitter:card\" content=\"summary_large_image\" \/>\n<meta name=\"twitter:label1\" content=\"Est. tempo de leitura\" \/>\n\t<meta name=\"twitter:data1\" content=\"3 minutos\" \/>\n<!-- \/ Yoast SEO plugin. -->","yoast_head_json":{"title":"Birla Carbon Blog | Birla Carbon - Portuguese","description":"Discover insightful articles on carbon black technology, sustainability, and industry trends on the Birla Carbon Blog. Stay informed, stay ahead.","robots":{"index":"index","follow":"follow","max-snippet":"max-snippet:-1","max-image-preview":"max-image-preview:large","max-video-preview":"max-video-preview:-1"},"canonical":"https:\/\/www.birlacarbon.com\/pt-br\/birla-carbon-blog\/","og_locale":"pt_BR","og_type":"article","og_title":"Birla Carbon Blog | Birla Carbon - Portuguese","og_description":"Discover insightful articles on carbon black technology, sustainability, and industry trends on the Birla Carbon Blog. Stay informed, stay ahead.","og_url":"https:\/\/www.birlacarbon.com\/pt-br\/birla-carbon-blog\/","og_site_name":"Birla Carbon","article_modified_time":"2024-05-23T14:52:43+00:00","twitter_card":"summary_large_image","twitter_misc":{"Est. tempo de leitura":"3 minutos"},"schema":{"@context":"https:\/\/schema.org","@graph":[{"@type":"WebPage","@id":"https:\/\/www.birlacarbon.com\/pt-br\/birla-carbon-blog\/","url":"https:\/\/www.birlacarbon.com\/pt-br\/birla-carbon-blog\/","name":"Birla Carbon Blog | Birla Carbon - Portuguese","isPartOf":{"@id":"https:\/\/www.birlacarbon.com\/pt-br\/#website"},"datePublished":"2020-05-13T20:22:50+00:00","dateModified":"2024-05-23T14:52:43+00:00","description":"Discover insightful articles on carbon black technology, sustainability, and industry trends on the Birla Carbon Blog. Stay informed, stay ahead.","breadcrumb":{"@id":"https:\/\/www.birlacarbon.com\/pt-br\/birla-carbon-blog\/#breadcrumb"},"inLanguage":"pt-BR","potentialAction":[{"@type":"ReadAction","target":["https:\/\/www.birlacarbon.com\/pt-br\/birla-carbon-blog\/"]}]},{"@type":"BreadcrumbList","@id":"https:\/\/www.birlacarbon.com\/pt-br\/birla-carbon-blog\/#breadcrumb","itemListElement":[{"@type":"ListItem","position":1,"name":"Home","item":"https:\/\/www.birlacarbon.com\/pt-br\/"},{"@type":"ListItem","position":2,"name":"Birla Carbon Blog"}]},{"@type":"WebSite","@id":"https:\/\/www.birlacarbon.com\/pt-br\/#website","url":"https:\/\/www.birlacarbon.com\/pt-br\/","name":"Birla Carbon","description":"Birla Carbon","publisher":{"@id":"https:\/\/www.birlacarbon.com\/pt-br\/#organization"},"potentialAction":[{"@type":"SearchAction","target":{"@type":"EntryPoint","urlTemplate":"https:\/\/www.birlacarbon.com\/pt-br\/?s={search_term_string}"},"query-input":{"@type":"PropertyValueSpecification","valueRequired":true,"valueName":"search_term_string"}}],"inLanguage":"pt-BR"},{"@type":"Organization","@id":"https:\/\/www.birlacarbon.com\/pt-br\/#organization","name":"Birla Carbon","url":"https:\/\/www.birlacarbon.com\/pt-br\/","logo":{"@type":"ImageObject","inLanguage":"pt-BR","@id":"https:\/\/www.birlacarbon.com\/pt-br\/#\/schema\/logo\/image\/","url":"https:\/\/www.birlacarbon.com\/wp-content\/uploads\/2017\/01\/aditya-birla-logo-retina.png","contentUrl":"https:\/\/www.birlacarbon.com\/wp-content\/uploads\/2017\/01\/aditya-birla-logo-retina.png","width":190,"height":182,"caption":"Birla Carbon"},"image":{"@id":"https:\/\/www.birlacarbon.com\/pt-br\/#\/schema\/logo\/image\/"}}]}},"_links":{"self":[{"href":"https:\/\/www.birlacarbon.com\/pt-br\/wp-json\/wp\/v2\/pages\/7254","targetHints":{"allow":["GET"]}}],"collection":[{"href":"https:\/\/www.birlacarbon.com\/pt-br\/wp-json\/wp\/v2\/pages"}],"about":[{"href":"https:\/\/www.birlacarbon.com\/pt-br\/wp-json\/wp\/v2\/types\/page"}],"author":[{"embeddable":true,"href":"https:\/\/www.birlacarbon.com\/pt-br\/wp-json\/wp\/v2\/users\/16"}],"replies":[{"embeddable":true,"href":"https:\/\/www.birlacarbon.com\/pt-br\/wp-json\/wp\/v2\/comments?post=7254"}],"version-history":[{"count":0,"href":"https:\/\/www.birlacarbon.com\/pt-br\/wp-json\/wp\/v2\/pages\/7254\/revisions"}],"wp:attachment":[{"href":"https:\/\/www.birlacarbon.com\/pt-br\/wp-json\/wp\/v2\/media?parent=7254"}],"curies":[{"name":"wp","href":"https:\/\/api.w.org\/{rel}","templated":true}]}}