{"id":9578,"date":"2021-07-06T12:21:45","date_gmt":"2021-07-06T12:21:45","guid":{"rendered":"https:\/\/birlastaging.wpengine.com\/?page_id=9578"},"modified":"2022-12-29T18:11:42","modified_gmt":"2022-12-29T18:11:42","slug":"madhavi-kanumoory","status":"publish","type":"page","link":"https:\/\/www.birlacarbon.com\/pt-br\/sobre\/madhavi-kanumoory\/","title":{"rendered":"MADHAVI KANUMOORY"},"content":{"rendered":"<div class=\"fusion-fullwidth fullwidth-box fusion-builder-row-1 nonhundred-percent-fullwidth non-hundred-percent-height-scrolling cb-interior-main\" style=\"--awb-border-sizes-top:0px;--awb-border-sizes-bottom:0px;--awb-border-sizes-left:0px;--awb-border-sizes-right:0px;--awb-border-radius-top-left:0px;--awb-border-radius-top-right:0px;--awb-border-radius-bottom-right:0px;--awb-border-radius-bottom-left:0px;--awb-padding-top:5%;--awb-padding-right:5%;--awb-padding-bottom:2%;--awb-padding-left:5%;--awb-flex-wrap:wrap;\" ><div class=\"fusion-builder-row fusion-row\"><div class=\"fusion-layout-column fusion_builder_column fusion-builder-column-0 fusion_builder_column_2_3 2_3 fusion-two-third fusion-column-first\" style=\"--awb-padding-top:100px;--awb-padding-right:20px;--awb-padding-bottom:40px;--awb-padding-left:0px;--awb-bg-size:cover;width:65.3333%; margin-right: 4%;\"><div class=\"fusion-column-wrapper fusion-flex-column-wrapper-legacy\"><div class=\"fusion-title title fusion-title-1 fusion-sep-none fusion-title-text fusion-title-size-one\" style=\"--awb-margin-bottom:20px;--awb-margin-top-small:0px;--awb-margin-right-small:0px;--awb-margin-bottom-small:20px;--awb-margin-left-small:0px;\"><h1 class=\"fusion-title-heading title-heading-left fusion-responsive-typography-calculated\" style=\"margin:0;--fontSize:60;line-height:1.25;\"><h1><strong>A BIRLA CARBON<\/strong><\/h1><\/h1><\/div><div class=\"fusion-text fusion-text-1\"><div class=\"cb-super-text\">LIDERAN\u00c7A<\/div>\n<\/div><div class=\"fusion-clearfix\"><\/div><\/div><\/div><div class=\"fusion-layout-column fusion_builder_column fusion-builder-column-1 fusion_builder_column_1_1 1_1 fusion-one-full fusion-column-last\" style=\"--awb-bg-size:cover;\"><div class=\"fusion-column-wrapper fusion-flex-column-wrapper-legacy\"><div class=\"fusion-image-element in-legacy-container\" style=\"--awb-caption-title-font-family:var(--h2_typography-font-family);--awb-caption-title-font-weight:var(--h2_typography-font-weight);--awb-caption-title-font-style:var(--h2_typography-font-style);--awb-caption-title-size:var(--h2_typography-font-size);--awb-caption-title-transform:var(--h2_typography-text-transform);--awb-caption-title-line-height:var(--h2_typography-line-height);--awb-caption-title-letter-spacing:var(--h2_typography-letter-spacing);\"><span class=\" fusion-imageframe imageframe-none imageframe-1 hover-type-none\"><img decoding=\"async\" width=\"217\" height=\"226\" alt=\"Madhavi Kanumoory \" title=\"madhavi-kanumoory\" src=\"https:\/\/www.birlacarbon.com\/wp-content\/uploads\/2021\/07\/madhavi-kanumoory.jpg\" class=\"img-responsive wp-image-9506\" srcset=\"https:\/\/www.birlacarbon.com\/wp-content\/uploads\/2021\/07\/madhavi-kanumoory-200x208.jpg 200w, https:\/\/www.birlacarbon.com\/wp-content\/uploads\/2021\/07\/madhavi-kanumoory.jpg 217w\" sizes=\"(max-width: 800px) 100vw, 217px\" \/><\/span><\/div><div class=\"fusion-sep-clear\"><\/div><div class=\"fusion-separator fusion-full-width-sep\" style=\"margin-left: auto;margin-right: auto;margin-top:50px;width:100%;\"><\/div><div class=\"fusion-sep-clear\"><\/div><div class=\"fusion-title title fusion-title-2 fusion-sep-none fusion-title-text fusion-title-size-one\" style=\"--awb-margin-bottom:30px;--awb-margin-top-small:0px;--awb-margin-right-small:0px;--awb-margin-bottom-small:20px;--awb-margin-left-small:0px;\"><h1 class=\"fusion-title-heading title-heading-left fusion-responsive-typography-calculated\" style=\"margin:0;--fontSize:60;line-height:1.25;\"><h2>MADHAVI KANUMOORY<\/h2><\/h1><\/div><div class=\"fusion-text fusion-text-2\"><p><em>Diretora de Digital e de Informa\u00e7\u00f5es<br \/>\n<\/em><\/p>\n<p>Madhavi Kanumoory \u00e9 a Diretora de Digital e de Informa\u00e7\u00f5es da Birla Carbon, e trabalha no escrit\u00f3rio da Birla Carbon em Mumbai, \u00cdndia. \u00c9 respons\u00e1vel por todas as atribui\u00e7\u00f5es da estrat\u00e9gia digital e de tecnologia da informa\u00e7\u00e3o da companhia e lidera a transforma\u00e7\u00e3o digital, alavancando sistemas de informa\u00e7\u00e3o para criar valor para a Birla Carbon globalmente.<br \/>\nA Sra. Kanumoory tem mais de 20 anos de experi\u00eancia em fun\u00e7\u00f5es de lideran\u00e7a em TI e Tecnologia. Antes de ingressar na Birla Carbon, a Sra. Kanumoory atuou como Chief Information Officer (CIO) na Healthcare Global Enterprise com sede em Bangalore, \u00cdndia. Antes disso, ocupou v\u00e1rios cargos de lideran\u00e7a na General Electric Company, Bell Helicopter e Zeon Chemicals nos Estados Unidos e na \u00cdndia.<\/p>\n<p>A Sra. Kanumoory \u00e9 bacharel em Engenharia, com especializa\u00e7\u00e3o em Engenharia El\u00e9trica e Eletr\u00f4nica pelo Instituto Nacional de Engenharia de Mysore, \u00cdndia.<\/p>\n<\/div><div class=\"fusion-widget-area awb-widget-area-element fusion-widget-area-1 fusion-content-widget-area\" style=\"--awb-title-size:22px;--awb-title-color:#000000;--awb-padding:0px 0px 0px 0px;\"><div id=\"text-50\" class=\"widget widget_text\">\t\t\t<div class=\"textwidget\"> <p><a href=\"https:\/\/www.birlacarbon.com\/pt-br\/sobre\/#leadership\" class=\"leader-back\">\t&laquo;  Voltar para Lideran\u00e7a<\/a><\/p><\/div>\n\t\t<\/div><div class=\"fusion-additional-widget-content\"><\/div><\/div><div class=\"fusion-clearfix\"><\/div><\/div><\/div><\/div><\/div>\n","protected":false},"excerpt":{"rendered":"","protected":false},"author":10,"featured_media":0,"parent":6032,"menu_order":0,"comment_status":"closed","ping_status":"closed","template":"100-width.php","meta":{"_acf_changed":false,"_monsterinsights_skip_tracking":false,"_monsterinsights_sitenote_active":false,"_monsterinsights_sitenote_note":"","_monsterinsights_sitenote_category":0,"footnotes":""},"class_list":["post-9578","page","type-page","status-publish","hentry"],"acf":false,"yoast_head":"<!-- This site is optimized with the Yoast SEO plugin v27.3 - https:\/\/yoast.com\/product\/yoast-seo-wordpress\/ -->\n<title>MADHAVI KANUMOORY - Birla Carbon - Portuguese<\/title>\n<meta name=\"robots\" content=\"index, follow, max-snippet:-1, max-image-preview:large, max-video-preview:-1\" \/>\n<link rel=\"canonical\" href=\"https:\/\/www.birlacarbon.com\/pt-br\/sobre\/madhavi-kanumoory\/\" \/>\n<meta property=\"og:locale\" content=\"pt_BR\" \/>\n<meta property=\"og:type\" content=\"article\" \/>\n<meta property=\"og:title\" content=\"MADHAVI KANUMOORY - Birla Carbon - Portuguese\" \/>\n<meta property=\"og:url\" content=\"https:\/\/www.birlacarbon.com\/pt-br\/sobre\/madhavi-kanumoory\/\" \/>\n<meta property=\"og:site_name\" content=\"Birla Carbon\" \/>\n<meta property=\"article:modified_time\" content=\"2022-12-29T18:11:42+00:00\" \/>\n<meta name=\"twitter:card\" content=\"summary_large_image\" \/>\n<meta name=\"twitter:label1\" content=\"Est. tempo de leitura\" \/>\n\t<meta name=\"twitter:data1\" content=\"3 minutos\" \/>\n<!-- \/ Yoast SEO plugin. -->","yoast_head_json":{"title":"MADHAVI KANUMOORY - Birla Carbon - Portuguese","robots":{"index":"index","follow":"follow","max-snippet":"max-snippet:-1","max-image-preview":"max-image-preview:large","max-video-preview":"max-video-preview:-1"},"canonical":"https:\/\/www.birlacarbon.com\/pt-br\/sobre\/madhavi-kanumoory\/","og_locale":"pt_BR","og_type":"article","og_title":"MADHAVI KANUMOORY - Birla Carbon - Portuguese","og_url":"https:\/\/www.birlacarbon.com\/pt-br\/sobre\/madhavi-kanumoory\/","og_site_name":"Birla Carbon","article_modified_time":"2022-12-29T18:11:42+00:00","twitter_card":"summary_large_image","twitter_misc":{"Est. tempo de leitura":"3 minutos"},"schema":{"@context":"https:\/\/schema.org","@graph":[{"@type":"WebPage","@id":"https:\/\/www.birlacarbon.com\/pt-br\/sobre\/madhavi-kanumoory\/","url":"https:\/\/www.birlacarbon.com\/pt-br\/sobre\/madhavi-kanumoory\/","name":"MADHAVI KANUMOORY - Birla Carbon - Portuguese","isPartOf":{"@id":"https:\/\/www.birlacarbon.com\/pt-br\/#website"},"datePublished":"2021-07-06T12:21:45+00:00","dateModified":"2022-12-29T18:11:42+00:00","breadcrumb":{"@id":"https:\/\/www.birlacarbon.com\/pt-br\/sobre\/madhavi-kanumoory\/#breadcrumb"},"inLanguage":"pt-BR","potentialAction":[{"@type":"ReadAction","target":["https:\/\/www.birlacarbon.com\/pt-br\/sobre\/madhavi-kanumoory\/"]}]},{"@type":"BreadcrumbList","@id":"https:\/\/www.birlacarbon.com\/pt-br\/sobre\/madhavi-kanumoory\/#breadcrumb","itemListElement":[{"@type":"ListItem","position":1,"name":"Home","item":"https:\/\/www.birlacarbon.com\/pt-br\/"},{"@type":"ListItem","position":2,"name":"SOBRE","item":"https:\/\/www.birlacarbon.com\/pt-br\/sobre\/"},{"@type":"ListItem","position":3,"name":"MADHAVI KANUMOORY"}]},{"@type":"WebSite","@id":"https:\/\/www.birlacarbon.com\/pt-br\/#website","url":"https:\/\/www.birlacarbon.com\/pt-br\/","name":"Birla Carbon","description":"Birla Carbon","publisher":{"@id":"https:\/\/www.birlacarbon.com\/pt-br\/#organization"},"potentialAction":[{"@type":"SearchAction","target":{"@type":"EntryPoint","urlTemplate":"https:\/\/www.birlacarbon.com\/pt-br\/?s={search_term_string}"},"query-input":{"@type":"PropertyValueSpecification","valueRequired":true,"valueName":"search_term_string"}}],"inLanguage":"pt-BR"},{"@type":"Organization","@id":"https:\/\/www.birlacarbon.com\/pt-br\/#organization","name":"Birla Carbon","url":"https:\/\/www.birlacarbon.com\/pt-br\/","logo":{"@type":"ImageObject","inLanguage":"pt-BR","@id":"https:\/\/www.birlacarbon.com\/pt-br\/#\/schema\/logo\/image\/","url":"https:\/\/www.birlacarbon.com\/wp-content\/uploads\/2017\/01\/aditya-birla-logo-retina.png","contentUrl":"https:\/\/www.birlacarbon.com\/wp-content\/uploads\/2017\/01\/aditya-birla-logo-retina.png","width":190,"height":182,"caption":"Birla Carbon"},"image":{"@id":"https:\/\/www.birlacarbon.com\/pt-br\/#\/schema\/logo\/image\/"}}]}},"_links":{"self":[{"href":"https:\/\/www.birlacarbon.com\/pt-br\/wp-json\/wp\/v2\/pages\/9578","targetHints":{"allow":["GET"]}}],"collection":[{"href":"https:\/\/www.birlacarbon.com\/pt-br\/wp-json\/wp\/v2\/pages"}],"about":[{"href":"https:\/\/www.birlacarbon.com\/pt-br\/wp-json\/wp\/v2\/types\/page"}],"author":[{"embeddable":true,"href":"https:\/\/www.birlacarbon.com\/pt-br\/wp-json\/wp\/v2\/users\/10"}],"replies":[{"embeddable":true,"href":"https:\/\/www.birlacarbon.com\/pt-br\/wp-json\/wp\/v2\/comments?post=9578"}],"version-history":[{"count":0,"href":"https:\/\/www.birlacarbon.com\/pt-br\/wp-json\/wp\/v2\/pages\/9578\/revisions"}],"up":[{"embeddable":true,"href":"https:\/\/www.birlacarbon.com\/pt-br\/wp-json\/wp\/v2\/pages\/6032"}],"wp:attachment":[{"href":"https:\/\/www.birlacarbon.com\/pt-br\/wp-json\/wp\/v2\/media?parent=9578"}],"curies":[{"name":"wp","href":"https:\/\/api.w.org\/{rel}","templated":true}]}}